{"id":189,"date":"2015-08-12T00:00:00","date_gmt":"2015-08-12T03:00:00","guid":{"rendered":"https:\/\/www3.unicentro.br\/petfisica\/2014-2-2\/"},"modified":"2026-01-05T21:46:15","modified_gmt":"2026-01-06T00:46:15","slug":"2014-2-2","status":"publish","type":"page","link":"https:\/\/www3.unicentro.br\/petfisica\/atividades\/extensao\/2014-2-2\/","title":{"rendered":"Extens\u00e3o 2014"},"content":{"rendered":"<p style=\"text-align: justify\"><span style=\"text-decoration: underline\"><strong><span style=\"font-family: 'times new roman', times, serif;font-size: 12pt\">Oficina de mitos da f\u00edsica<\/span><\/strong><\/span><\/p>\n<p style=\"text-align: justify\"><span style=\"font-family: 'times new roman', times, serif;font-size: 12pt\">Apresentada durante a XII Semana de Estudos de F\u00edsica da UNICENTRO<\/span><\/p>\n<p style=\"text-align: justify\"><span style=\"font-family: 'times new roman', times, serif;font-size: 12pt\">Resumo: Nesta oficina foram apresentados conceitos b\u00e1sicos associados \u00e0 diversos fen\u00f4menos de f\u00edsica geral e f\u00edsica moderno, cujo p\u00fablico alvo concentrou-se em professores atuantes no ensino fundamental e m\u00e9dio. Foram entregues roteiros aos participantes para montagem e realiza\u00e7\u00e3o dos experimentos propostos.<\/span><\/p>\n<p style=\"text-align: justify\"><span style=\"font-family: 'times new roman', times, serif;font-size: 12pt\">Participantes: 30 pessoas, em sua maioria professores da rede p\u00fablica de ensino (professores de F\u00edsica e de Ci\u00eancias)<\/span><\/p>\n<hr \/>\n<p style=\"text-align: justify\"><span style=\"text-decoration: underline\"><span style=\"font-family: 'times new roman', times, serif;font-size: 12pt\">\u00a0<\/span><strong><span style=\"font-family: 'times new roman', times, serif;font-size: 12pt\">Feira das profiss\u00f5es 2014<\/span><\/strong><\/span><\/p>\n<p style=\"text-align: justify\"><span style=\"font-family: 'times new roman', times, serif;font-size: 12pt\">Dia 19\/09 de 2014, Gin\u00e1sio de esportes do campus CEDETEG.<\/span><\/p>\n<p style=\"text-align: justify\"><span style=\"font-family: 'times new roman', times, serif;font-size: 12pt\">Resumo: Nesta feira a UNICENTRO divulga seus cursos de gradua\u00e7\u00e3o para a comunidade em geral, visando atrair e motivar os estudantes de ensino m\u00e9dio a cursar a Universidade. S\u00e3o montados estandes de cada curso. O PET- F\u00edsica foi respons\u00e1vel pelo estande do Curso de F\u00edsica.<\/span><\/p>\n<p style=\"text-align: justify\"><span style=\"font-family: 'times new roman', times, serif;font-size: 12pt\">Participantes: Passaram pelo estande em torno de 1300 pessoas.<\/span><\/p>\n<hr \/>\n<p style=\"text-align: justify\"><span style=\"text-decoration: underline\"><strong><span style=\"font-family: 'times new roman', times, serif;font-size: 12pt\">Visita do col\u00e9gio Estadual Olavo Bilac do munic\u00edpio de Cantagalo<\/span><\/strong><\/span><\/p>\n<p style=\"text-align: justify\"><span style=\"font-family: 'times new roman', times, serif;font-size: 12pt\">Respons\u00e1vel: Prof. Ivonete Belinski<\/span><\/p>\n<p style=\"text-align: justify\"><span style=\"font-family: 'times new roman', times, serif;font-size: 12pt\">Visita realizada em 30\/09\/2014. Os participantes foram divididos em grupos e abordados 4 temas diferentes experimentos demonStrativos.<\/span><\/p>\n<p style=\"text-align: justify\"><span style=\"font-family: 'times new roman', times, serif;font-size: 12pt\">Participantes: Total de 38 pessoas entre alunos das 3 s\u00e9ries do ensino m\u00e9dio + 2 professores.<\/span><\/p>\n<hr \/>\n<p style=\"text-align: justify\"><span style=\"text-decoration: underline\"><strong><span style=\"font-family: 'times new roman', times, serif;font-size: 12pt\">Atividade solid\u00e1ria com as crian\u00e7as da Casa lar de Guarapuava<\/span><\/strong><\/span><\/p>\n<p style=\"text-align: justify\"><span style=\"font-family: 'times new roman', times, serif;font-size: 12pt\">No dia 04\/10\/2014 os petianos Paulo e Ala\u00edne participaram da recep\u00e7\u00e3o das crian\u00e7as da Casa lar de Guarapuava. Esta institui\u00e7\u00e3o cuida de \u00f3rf\u00e3os. Em fun\u00e7\u00e3o do dia das crian\u00e7as o PET Qu\u00edmica se mobilizou para fazer uma apresenta\u00e7\u00e3o de experimentos com as crian\u00e7as e convidou o PET-F\u00edsica, que atendeu prontamente.<\/span><\/p>\n<p style=\"text-align: justify\"><span style=\"font-family: 'times new roman', times, serif;font-size: 12pt\">Foram apresentadas m\u00e1gicas e experimentos de f\u00edsica.<\/span><\/p>\n<hr \/>\n<p style=\"text-align: justify\"><span style=\"text-decoration: underline\"><strong><span style=\"font-family: 'times new roman', times, serif;font-size: 12pt\">Semana Nacional de Ci\u00eancia e Tecnologia<\/span><\/strong><\/span><\/p>\n<p style=\"text-align: justify\"><span style=\"font-family: 'times new roman', times, serif;font-size: 12pt\">Evento anual realizado na UNICENTRO que neste ano tem como tema \u201cCi\u00eancia e Tecnologia para o Desenvolvimento Social\u201d. As discuss\u00f5es sobre a tem\u00e1tica s\u00e3o uma oportunidade para vincular a produ\u00e7\u00e3o cient\u00edfica aos desafios enfrentados pela sociedade. Por isso, de acordo com o diretor da NOVATEC, Paulo Rog\u00e9rio Pinto, o principal objetivo da semana \u00e9 divulgar a ci\u00eancia e mostrar como ela pode ser aplicada socialmente e ao ensino.<\/span><\/p>\n<p style=\"text-align: justify\"><span style=\"font-family: 'times new roman', times, serif;font-size: 12pt\">O Grupo PET-F\u00edsica participou apresentando experimentos relacionados com a luz e suas implica\u00e7\u00f5es tecnol\u00f3gicas.<\/span><\/p>\n<p style=\"text-align: justify\"><span style=\"font-family: 'times new roman', times, serif;font-size: 12pt\">Participantes: em torno de 600 estudantes da rede publica e privada de Guarapuava e regi\u00e3o.<\/span><\/p>\n<hr \/>\n<p style=\"text-align: justify\"><span style=\"text-decoration: underline\"><strong><span style=\"font-family: 'times new roman', times, serif;font-size: 12pt\">I Feira da Ci\u00eancia, Trabalho, Tecnologia e Cultura da UNICENTRO.<\/span><\/strong><\/span><\/p>\n<p style=\"text-align: justify\"><span style=\"font-family: 'times new roman', times, serif;font-size: 12pt\">Resumo: Visita de diversos alunos da rede publica de ensino durante a I Feira da Ci\u00eancia, Trabalho, Tecnologia e Cultura da UNICENTRO realizada no dia 21\/11\/2014. Nesta oportunidade foram apresentados experimentos com equipamentos de baixo custo e experimentos de demonstra\u00e7\u00e3o.<\/span><\/p>\n<p style=\"text-align: justify\"><span style=\"font-family: 'times new roman', times, serif;font-size: 12pt\">Participantes: Total de 40 pessoas entre alunos do ensino fundamental e m\u00e9dio + 4 professores de ci\u00eancias.<\/span><\/p>\n","protected":false},"excerpt":{"rendered":"<p>Oficina de mitos da f\u00edsica Apresentada durante a XII Semana de Estudos de F\u00edsica da UNICENTRO Resumo: Nesta oficina foram apresentados conceitos b\u00e1sicos associados \u00e0 diversos fen\u00f4menos de f\u00edsica geral e f\u00edsica moderno, cujo p\u00fablico alvo concentrou-se em professores atuantes no ensino fundamental e m\u00e9dio. Foram entregues roteiros aos participantes para montagem e realiza\u00e7\u00e3o dos [&hellip;]<\/p>\n","protected":false},"author":3,"featured_media":0,"parent":190,"menu_order":0,"comment_status":"open","ping_status":"open","template":"","meta":{"_exactmetrics_skip_tracking":false,"_exactmetrics_sitenote_active":false,"_exactmetrics_sitenote_note":"","_exactmetrics_sitenote_category":0,"footnotes":"","_links_to":"","_links_to_target":""},"class_list":["post-189","page","type-page","status-publish","hentry"],"_links":{"self":[{"href":"https:\/\/www3.unicentro.br\/petfisica\/wp-json\/wp\/v2\/pages\/189","targetHints":{"allow":["GET"]}}],"collection":[{"href":"https:\/\/www3.unicentro.br\/petfisica\/wp-json\/wp\/v2\/pages"}],"about":[{"href":"https:\/\/www3.unicentro.br\/petfisica\/wp-json\/wp\/v2\/types\/page"}],"author":[{"embeddable":true,"href":"https:\/\/www3.unicentro.br\/petfisica\/wp-json\/wp\/v2\/users\/3"}],"replies":[{"embeddable":true,"href":"https:\/\/www3.unicentro.br\/petfisica\/wp-json\/wp\/v2\/comments?post=189"}],"version-history":[{"count":1,"href":"https:\/\/www3.unicentro.br\/petfisica\/wp-json\/wp\/v2\/pages\/189\/revisions"}],"predecessor-version":[{"id":16436,"href":"https:\/\/www3.unicentro.br\/petfisica\/wp-json\/wp\/v2\/pages\/189\/revisions\/16436"}],"up":[{"embeddable":true,"href":"https:\/\/www3.unicentro.br\/petfisica\/wp-json\/wp\/v2\/pages\/190"}],"wp:attachment":[{"href":"https:\/\/www3.unicentro.br\/petfisica\/wp-json\/wp\/v2\/media?parent=189"}],"curies":[{"name":"wp","href":"https:\/\/api.w.org\/{rel}","templated":true}]}}