{"id":188,"date":"2016-08-17T00:00:00","date_gmt":"2016-08-17T03:00:00","guid":{"rendered":"https:\/\/www3.unicentro.br\/petfisica\/2011-2\/"},"modified":"2021-07-20T16:28:55","modified_gmt":"2021-07-20T19:28:55","slug":"2011-2","status":"publish","type":"page","link":"https:\/\/www3.unicentro.br\/petfisica\/atividades\/ciclo-de-seminarios-do-defis\/2011-2\/","title":{"rendered":"2011"},"content":{"rendered":"<p style=\"text-align: center\"><span style=\"font-size: 18pt\"><strong><span style=\"font-family: 'times new roman', times, serif\">III Ciclo de Semin\u00e1rios do DEFIS\u00a0<\/span><\/strong><\/span><\/p>\n<p style=\"text-align: center\"><span style=\"font-size: 14pt\"><strong><span style=\"font-family: 'times new roman', times, serif\">Organiza\u00e7\u00e3o: GPET\u2013F\u00edsica<\/span><\/strong><\/span><\/p>\n<p><span style=\"font-family: 'times new roman', times, serif;font-size: 12pt\">Data: 25\/08\/2011<\/span><br \/>\n<span style=\"font-family: 'times new roman', times, serif;font-size: 12pt\">T\u00edtulo: <strong>A \u00c1gua e sua Anomalias<\/strong><\/span><br \/>\n<span style=\"font-family: 'times new roman', times, serif;font-size: 12pt\">Palestrante: Prof. Dr. Ney Mar\u00e7al Barraz Jr. (DEFIS)<\/span><\/p>\n<p><span style=\"font-family: 'times new roman', times, serif;font-size: 12pt\">Data: 18\/08\/2011<\/span><br \/>\n<span style=\"font-family: 'times new roman', times, serif;font-size: 12pt\">T\u00edtulo:\u00a0<strong><a title=\"Semin\u00e1rio da Profa. Tania\" href=\"http:\/\/sites.unicentro.br\/wp\/petfisica\/files\/2011\/08\/Fotossensibilizadores.pdf\" target=\"_blank\" rel=\"noopener\">Caracteriza\u00e7\u00e3o F\u00edsica e Biol\u00f3gica de Novos Fotossensibilizadores Aplicados \u00e0 Terapia Fotodin\u00e2mica<\/a><\/strong><\/span><br \/>\n<span style=\"font-family: 'times new roman', times, serif;font-size: 12pt\">Palestrante: Profa. Dra. Tania Toyomi Tominaga (DEFIS)<\/span><\/p>\n<p><span style=\"font-family: 'times new roman', times, serif;font-size: 12pt\">Data: 07\/04\/2011<\/span><br \/>\n<span style=\"font-family: 'times new roman', times, serif;font-size: 12pt\">T\u00edtulo: <strong><a title=\"Energia Nuclear e Contamina\u00e7\u00e3o Radioativa\" href=\"http:\/\/sites.unicentro.br\/wp\/petfisica\/files\/2011\/08\/Energia-Nuclear-e-Radioatividade.pdf\" target=\"_blank\" rel=\"noopener\">Energia Nuclear e Contamina\u00e7\u00e3o Radioativa<\/a><\/strong><\/span><br \/>\n<span style=\"font-family: 'times new roman', times, serif;font-size: 12pt\">Palestrante: Prof. Dr. F\u00e1bio Luiz Melqu\u00edades (DEFIS)<\/span><\/p>\n<p><span style=\"font-family: 'times new roman', times, serif;font-size: 12pt\">Data: 24\/03\/2011<\/span><br \/>\n<span style=\"font-family: 'times new roman', times, serif;font-size: 12pt\">T\u00edtulo: <strong><a title=\"Transmiss\u00e3o de Impulsos Nervosos\" href=\"http:\/\/sites.unicentro.br\/wp\/petfisica\/files\/2011\/08\/Transmiss\u00e3o-de-impulso-nervoso.pdf\" target=\"_blank\" rel=\"noopener\">Transmiss\u00e3o de Impulsos Nervosos<\/a><\/strong><\/span><br \/>\n<span style=\"font-family: 'times new roman', times, serif;font-size: 12pt\">Palestrante: Prof. Dr. Ricardo Yoshimitsu Miyahara (DEFIS)<\/span><\/p>\n","protected":false},"excerpt":{"rendered":"<p>III Ciclo de Semin\u00e1rios do DEFIS\u00a0 Organiza\u00e7\u00e3o: GPET\u2013F\u00edsica Data: 25\/08\/2011 T\u00edtulo: A \u00c1gua e sua Anomalias Palestrante: Prof. Dr. Ney Mar\u00e7al Barraz Jr. (DEFIS) Data: 18\/08\/2011 T\u00edtulo:\u00a0Caracteriza\u00e7\u00e3o F\u00edsica e Biol\u00f3gica de Novos Fotossensibilizadores Aplicados \u00e0 Terapia Fotodin\u00e2mica Palestrante: Profa. Dra. Tania Toyomi Tominaga (DEFIS) Data: 07\/04\/2011 T\u00edtulo: Energia Nuclear e Contamina\u00e7\u00e3o Radioativa Palestrante: Prof. Dr. [&hellip;]<\/p>\n","protected":false},"author":3,"featured_media":0,"parent":151,"menu_order":9,"comment_status":"open","ping_status":"closed","template":"","meta":{"_exactmetrics_skip_tracking":false,"_exactmetrics_sitenote_active":false,"_exactmetrics_sitenote_note":"","_exactmetrics_sitenote_category":0,"footnotes":"","_links_to":"","_links_to_target":""},"class_list":["post-188","page","type-page","status-publish","hentry"],"_links":{"self":[{"href":"https:\/\/www3.unicentro.br\/petfisica\/wp-json\/wp\/v2\/pages\/188","targetHints":{"allow":["GET"]}}],"collection":[{"href":"https:\/\/www3.unicentro.br\/petfisica\/wp-json\/wp\/v2\/pages"}],"about":[{"href":"https:\/\/www3.unicentro.br\/petfisica\/wp-json\/wp\/v2\/types\/page"}],"author":[{"embeddable":true,"href":"https:\/\/www3.unicentro.br\/petfisica\/wp-json\/wp\/v2\/users\/3"}],"replies":[{"embeddable":true,"href":"https:\/\/www3.unicentro.br\/petfisica\/wp-json\/wp\/v2\/comments?post=188"}],"version-history":[{"count":0,"href":"https:\/\/www3.unicentro.br\/petfisica\/wp-json\/wp\/v2\/pages\/188\/revisions"}],"up":[{"embeddable":true,"href":"https:\/\/www3.unicentro.br\/petfisica\/wp-json\/wp\/v2\/pages\/151"}],"wp:attachment":[{"href":"https:\/\/www3.unicentro.br\/petfisica\/wp-json\/wp\/v2\/media?parent=188"}],"curies":[{"name":"wp","href":"https:\/\/api.w.org\/{rel}","templated":true}]}}