{"id":187,"date":"2016-08-17T00:00:00","date_gmt":"2016-08-17T03:00:00","guid":{"rendered":"https:\/\/www3.unicentro.br\/petfisica\/2012-2\/"},"modified":"2019-04-05T16:48:29","modified_gmt":"2019-04-05T19:48:29","slug":"2012-2","status":"publish","type":"page","link":"https:\/\/www3.unicentro.br\/petfisica\/atividades\/ciclo-de-seminarios-do-defis\/2012-2\/","title":{"rendered":"2012"},"content":{"rendered":"<p style=\"text-align: center\"><span style=\"font-family: 'times new roman', times, serif;font-size: 12pt\"><span style=\"font-size: 18pt\"><strong>IV Ciclo de Semin\u00e1rios do DEFIS<\/strong><\/span>\u00a0<\/span><\/p>\n<p style=\"text-align: center\"><span style=\"font-size: 14pt\"><strong><span style=\"font-family: 'times new roman', times, serif\">Organiza\u00e7\u00e3o: GPET \u2013 F\u00edsica<\/span><\/strong><\/span><\/p>\n<div><span style=\"font-family: 'times new roman', times, serif;font-size: 12pt\">Data: 19\/04\/2012<\/span><\/div>\n<div><span style=\"font-family: 'times new roman', times, serif;font-size: 12pt\">Hor\u00e1rio: 14 h<\/span><br \/>\n<span style=\"font-family: 'times new roman', times, serif;font-size: 12pt\">Local: LIDEC<\/span><\/div>\n<div><span style=\"font-family: 'times new roman', times, serif;font-size: 12pt\">T\u00edtulo: <strong>Relatividade duplamente especial com uma velocidade m\u00ednima invariante e suas implica\u00e7\u00f5es qu\u00e2nticas e cosmol\u00f3gicas<\/strong>\u00a0<\/span><\/div>\n<div><span style=\"font-family: 'times new roman', times, serif;font-size: 12pt\">Palestrante: Dr. Cl\u00e1udio Nassif da Cruz (CBPF)<\/span><\/div>\n<div style=\"text-align: justify\"><span style=\"font-family: 'times new roman', times, serif;font-size: 12pt\">Resumo:\u00a0O presente trabalho tem como objetivo procurar a implementa\u00e7\u00e3o\u00a0de uma nova simetria no espa\u00e7o-tempo, introduzindo a ideia de\u00a0uma velocidade m\u00ednima invariante. Tal limite inferior de velocidade,\u00a0que \u00e9 inating\u00edvel pelas part\u00edculas, representa um sistema de\u00a0refer\u00eancia fundamental e privilegiado relacionado a um campo de\u00a0fundo universal (a energia do v\u00e1cuo), o que quebra a simetria de Lorentz.\u00a0Surge da\u00ed um novo princ\u00edpio de simetria no espa\u00e7o- tempo no n\u00edvel subat\u00f4mico,\u00a0incluindo novos efeitos relativ\u00edsticos para energias muito baixas pr\u00f3ximas ao regime\u00a0de v\u00e1cuo, associado \u00e0 velocidade m\u00ednima invariante, proporcionando uma explica\u00e7\u00e3o\u00a0fundamental para a constante osmol\u00f3gica, o zero absoluto e os princ\u00edpios qu\u00e2nticos,\u00a0incluindo o Princ\u00edpio da Incerteza.<\/span><\/div>\n<p style=\"text-align: justify\">\n","protected":false},"excerpt":{"rendered":"<p>IV Ciclo de Semin\u00e1rios do DEFIS\u00a0 Organiza\u00e7\u00e3o: GPET \u2013 F\u00edsica Data: 19\/04\/2012 Hor\u00e1rio: 14 h Local: LIDEC T\u00edtulo: Relatividade duplamente especial com uma velocidade m\u00ednima invariante e suas implica\u00e7\u00f5es qu\u00e2nticas e cosmol\u00f3gicas\u00a0 Palestrante: Dr. Cl\u00e1udio Nassif da Cruz (CBPF) Resumo:\u00a0O presente trabalho tem como objetivo procurar a implementa\u00e7\u00e3o\u00a0de uma nova simetria no espa\u00e7o-tempo, introduzindo a [&hellip;]<\/p>\n","protected":false},"author":3,"featured_media":0,"parent":151,"menu_order":8,"comment_status":"open","ping_status":"open","template":"","meta":{"_exactmetrics_skip_tracking":false,"_exactmetrics_sitenote_active":false,"_exactmetrics_sitenote_note":"","_exactmetrics_sitenote_category":0,"footnotes":"","_links_to":"","_links_to_target":""},"class_list":["post-187","page","type-page","status-publish","hentry"],"_links":{"self":[{"href":"https:\/\/www3.unicentro.br\/petfisica\/wp-json\/wp\/v2\/pages\/187","targetHints":{"allow":["GET"]}}],"collection":[{"href":"https:\/\/www3.unicentro.br\/petfisica\/wp-json\/wp\/v2\/pages"}],"about":[{"href":"https:\/\/www3.unicentro.br\/petfisica\/wp-json\/wp\/v2\/types\/page"}],"author":[{"embeddable":true,"href":"https:\/\/www3.unicentro.br\/petfisica\/wp-json\/wp\/v2\/users\/3"}],"replies":[{"embeddable":true,"href":"https:\/\/www3.unicentro.br\/petfisica\/wp-json\/wp\/v2\/comments?post=187"}],"version-history":[{"count":0,"href":"https:\/\/www3.unicentro.br\/petfisica\/wp-json\/wp\/v2\/pages\/187\/revisions"}],"up":[{"embeddable":true,"href":"https:\/\/www3.unicentro.br\/petfisica\/wp-json\/wp\/v2\/pages\/151"}],"wp:attachment":[{"href":"https:\/\/www3.unicentro.br\/petfisica\/wp-json\/wp\/v2\/media?parent=187"}],"curies":[{"name":"wp","href":"https:\/\/api.w.org\/{rel}","templated":true}]}}