{"id":186,"date":"2016-08-17T00:00:00","date_gmt":"2016-08-17T03:00:00","guid":{"rendered":"https:\/\/www3.unicentro.br\/petfisica\/2013-2\/"},"modified":"2021-07-20T16:30:50","modified_gmt":"2021-07-20T19:30:50","slug":"2013-2","status":"publish","type":"page","link":"https:\/\/www3.unicentro.br\/petfisica\/atividades\/ciclo-de-seminarios-do-defis\/2013-2\/","title":{"rendered":"2013"},"content":{"rendered":"<p style=\"text-align: center\"><span style=\"font-family: 'times new roman', times, serif;font-size: 12pt\"><span style=\"font-size: 18pt\"><strong>V Ciclo de Semin\u00e1rios do DEFIS<\/strong><\/span>\u00a0<\/span><\/p>\n<p style=\"text-align: center\"><span style=\"font-size: 14pt\"><strong><span style=\"font-family: 'times new roman', times, serif\">Organiza\u00e7\u00e3o: GPET \u2013 F\u00edsica<\/span><\/strong><\/span><\/p>\n<p><span style=\"font-family: 'times new roman', times, serif;font-size: 12pt\">Data: 20\/06\/13<\/span><br \/>\n<span style=\"font-family: 'times new roman', times, serif;font-size: 12pt\">T\u00edtulo: <strong>Relatividade especial modificada com uma velocidade m\u00ednima invariante e suas implica\u00e7\u00f5es na mec\u00e2nica qu\u00e2ntica e cosmologia &#8211; Parte I<\/strong><\/span><br \/>\n<span style=\"font-family: 'times new roman', times, serif;font-size: 12pt\">Palestrante: Prof. Dr. Cl\u00e1udio Nassif (UFOP)<\/span><\/p>\n<p><span style=\"font-family: 'times new roman', times, serif;font-size: 12pt\">Data: 27\/06\/13<\/span><br \/>\n<span style=\"font-family: 'times new roman', times, serif;font-size: 12pt\">T\u00edtulo: <strong>Relatividade especial modificada com uma velocidade m\u00ednima invariante e suas implica\u00e7\u00f5es na mec\u00e2nica qu\u00e2ntica e cosmologia &#8211; Parte II<\/strong><\/span><br \/>\n<span style=\"font-family: 'times new roman', times, serif;font-size: 12pt\">Palestrante: Prof. Dr. Cl\u00e1udio Nassif (UFOP)<\/span><\/p>\n<p><span style=\"font-family: 'times new roman', times, serif;font-size: 12pt\">Data: 06\/08\/13<\/span><br \/>\n<span style=\"font-family: 'times new roman', times, serif;font-size: 12pt\">T\u00edtulo: <b>Monitoramento da m\u00e9dia <\/b><b>atmosf\u00e9rica<\/b><b>\u00a0atrav\u00e9s da luminesc\u00eancia atmosf\u00e9rica<\/b><\/span><br \/>\n<span style=\"font-family: 'times new roman', times, serif;font-size: 12pt\">Palestrante: Prof. Dr. Jos\u00e9 Valentin Bageston (UTFPR &#8211; Guarapuava)<\/span><\/p>\n<p><span style=\"font-family: 'times new roman', times, serif;font-size: 12pt\">Data: 26\/09\/13<\/span><br \/>\n<span style=\"font-family: 'times new roman', times, serif;font-size: 12pt\">T\u00edtulo: <strong>Aplica\u00e7\u00f5es de m\u00e9todos n\u00e3o destrutivos de an\u00e1lise de amostras ambientais e arqueol\u00f3gicas<\/strong><\/span><br \/>\n<span style=\"font-family: 'times new roman', times, serif;font-size: 12pt\">Palestrante: Prof. Dr. Carlos Roberto Appoloni (UEL)<\/span><\/p>\n","protected":false},"excerpt":{"rendered":"<p>V Ciclo de Semin\u00e1rios do DEFIS\u00a0 Organiza\u00e7\u00e3o: GPET \u2013 F\u00edsica Data: 20\/06\/13 T\u00edtulo: Relatividade especial modificada com uma velocidade m\u00ednima invariante e suas implica\u00e7\u00f5es na mec\u00e2nica qu\u00e2ntica e cosmologia &#8211; Parte I Palestrante: Prof. Dr. Cl\u00e1udio Nassif (UFOP) Data: 27\/06\/13 T\u00edtulo: Relatividade especial modificada com uma velocidade m\u00ednima invariante e suas implica\u00e7\u00f5es na mec\u00e2nica qu\u00e2ntica [&hellip;]<\/p>\n","protected":false},"author":3,"featured_media":0,"parent":151,"menu_order":7,"comment_status":"open","ping_status":"open","template":"","meta":{"_exactmetrics_skip_tracking":false,"_exactmetrics_sitenote_active":false,"_exactmetrics_sitenote_note":"","_exactmetrics_sitenote_category":0,"footnotes":"","_links_to":"","_links_to_target":""},"class_list":["post-186","page","type-page","status-publish","hentry"],"_links":{"self":[{"href":"https:\/\/www3.unicentro.br\/petfisica\/wp-json\/wp\/v2\/pages\/186","targetHints":{"allow":["GET"]}}],"collection":[{"href":"https:\/\/www3.unicentro.br\/petfisica\/wp-json\/wp\/v2\/pages"}],"about":[{"href":"https:\/\/www3.unicentro.br\/petfisica\/wp-json\/wp\/v2\/types\/page"}],"author":[{"embeddable":true,"href":"https:\/\/www3.unicentro.br\/petfisica\/wp-json\/wp\/v2\/users\/3"}],"replies":[{"embeddable":true,"href":"https:\/\/www3.unicentro.br\/petfisica\/wp-json\/wp\/v2\/comments?post=186"}],"version-history":[{"count":0,"href":"https:\/\/www3.unicentro.br\/petfisica\/wp-json\/wp\/v2\/pages\/186\/revisions"}],"up":[{"embeddable":true,"href":"https:\/\/www3.unicentro.br\/petfisica\/wp-json\/wp\/v2\/pages\/151"}],"wp:attachment":[{"href":"https:\/\/www3.unicentro.br\/petfisica\/wp-json\/wp\/v2\/media?parent=186"}],"curies":[{"name":"wp","href":"https:\/\/api.w.org\/{rel}","templated":true}]}}