{"id":185,"date":"2016-08-17T00:00:00","date_gmt":"2016-08-17T03:00:00","guid":{"rendered":"https:\/\/www3.unicentro.br\/petfisica\/2014-2\/"},"modified":"2021-07-20T16:30:26","modified_gmt":"2021-07-20T19:30:26","slug":"2014-2","status":"publish","type":"page","link":"https:\/\/www3.unicentro.br\/petfisica\/atividades\/ciclo-de-seminarios-do-defis\/2014-2\/","title":{"rendered":"2014"},"content":{"rendered":"<p style=\"text-align: center\"><span style=\"font-size: 18pt\"><strong><span style=\"font-family: 'times new roman', times, serif\">VI Ciclo de Semin\u00e1rios do DEFIS\u00a0<\/span><\/strong><\/span><\/p>\n<p style=\"text-align: center\"><span style=\"font-size: 14pt\"><strong><span style=\"font-family: 'times new roman', times, serif\">Organiza\u00e7\u00e3o: GPET \u2013 F\u00edsica<\/span><\/strong><\/span><\/p>\n<div><span style=\"font-family: 'times new roman', times, serif;font-size: 12pt\">Data: 03\/07\/2014<\/span><br \/>\n<span style=\"font-family: 'times new roman', times, serif;font-size: 12pt\">T\u00edtulo: <strong>Estudo das velocidades de rota\u00e7\u00e3o das estrelas tipo Be<\/strong><\/span><br \/>\n<span style=\"font-family: 'times new roman', times, serif;font-size: 12pt\">Palestrante: Prof. Msc. Camila Maria Sitko Meira dos Santos\u00a0(DEFIS &#8211; UNICENTRO)<\/span><\/div>\n<p>&nbsp;<\/p>\n<div><span style=\"font-family: 'times new roman', times, serif;font-size: 12pt\">Data: 02\/09\/2014<\/span><\/div>\n<div><span style=\"font-family: 'times new roman', times, serif;font-size: 12pt\">T\u00edtulo: <strong>Estudo da luminesc\u00eancia de vidros dopados com \u00edons terras-raras<\/strong><\/span><\/div>\n<div><span style=\"font-family: 'times new roman', times, serif;font-size: 12pt\">Palestrante: Prof. Dra. Aline Milan Farias\u00a0(UTFPR &#8211; Guarapuava)<\/span><\/div>\n<p>&nbsp;<\/p>\n<div><span style=\"font-family: 'times new roman', times, serif;font-size: 12pt\">Data: 06\/08\/2014<\/span><\/div>\n<div><span style=\"font-family: 'times new roman', times, serif;font-size: 12pt\">T\u00edtulo: <strong>Detec\u00e7\u00e3o de horm\u00f4nios sexuais em \u00e1gua subterr\u00e2nea utilizando cromatografia a g\u00e1s acoplada a espectrometria de massas (GC\/MS)<\/strong><\/span><\/div>\n<div><span style=\"font-family: 'times new roman', times, serif;font-size: 12pt\">Palestrante: Prof. Msc. Graciele Gonschorowski\u00a0(DEMAT &#8211; UNICENTRO)<\/span><\/div>\n<p>&nbsp;<\/p>\n<div><span style=\"font-family: 'times new roman', times, serif;font-size: 12pt\">Data: 09\/10\/2014<\/span><\/div>\n<div><span style=\"font-family: 'times new roman', times, serif;font-size: 12pt\">T\u00edtulo: <strong>Linhas de Pesquisa do Programa de P\u00f3s-Gradua\u00e7\u00e3o em Ci\u00eancias (F\u00edsica) da UEPG<\/strong><\/span><\/div>\n<div><span style=\"font-family: 'times new roman', times, serif;font-size: 12pt\">Palestrante: Prof. Dr. S\u00e9rgio Saab\u00a0(DEFIS &#8211; UEPG)<\/span><\/div>\n","protected":false},"excerpt":{"rendered":"<p>VI Ciclo de Semin\u00e1rios do DEFIS\u00a0 Organiza\u00e7\u00e3o: GPET \u2013 F\u00edsica Data: 03\/07\/2014 T\u00edtulo: Estudo das velocidades de rota\u00e7\u00e3o das estrelas tipo Be Palestrante: Prof. Msc. Camila Maria Sitko Meira dos Santos\u00a0(DEFIS &#8211; UNICENTRO) &nbsp; Data: 02\/09\/2014 T\u00edtulo: Estudo da luminesc\u00eancia de vidros dopados com \u00edons terras-raras Palestrante: Prof. Dra. Aline Milan Farias\u00a0(UTFPR &#8211; Guarapuava) &nbsp; [&hellip;]<\/p>\n","protected":false},"author":3,"featured_media":0,"parent":151,"menu_order":6,"comment_status":"open","ping_status":"open","template":"","meta":{"_exactmetrics_skip_tracking":false,"_exactmetrics_sitenote_active":false,"_exactmetrics_sitenote_note":"","_exactmetrics_sitenote_category":0,"footnotes":"","_links_to":"","_links_to_target":""},"class_list":["post-185","page","type-page","status-publish","hentry"],"_links":{"self":[{"href":"https:\/\/www3.unicentro.br\/petfisica\/wp-json\/wp\/v2\/pages\/185","targetHints":{"allow":["GET"]}}],"collection":[{"href":"https:\/\/www3.unicentro.br\/petfisica\/wp-json\/wp\/v2\/pages"}],"about":[{"href":"https:\/\/www3.unicentro.br\/petfisica\/wp-json\/wp\/v2\/types\/page"}],"author":[{"embeddable":true,"href":"https:\/\/www3.unicentro.br\/petfisica\/wp-json\/wp\/v2\/users\/3"}],"replies":[{"embeddable":true,"href":"https:\/\/www3.unicentro.br\/petfisica\/wp-json\/wp\/v2\/comments?post=185"}],"version-history":[{"count":0,"href":"https:\/\/www3.unicentro.br\/petfisica\/wp-json\/wp\/v2\/pages\/185\/revisions"}],"up":[{"embeddable":true,"href":"https:\/\/www3.unicentro.br\/petfisica\/wp-json\/wp\/v2\/pages\/151"}],"wp:attachment":[{"href":"https:\/\/www3.unicentro.br\/petfisica\/wp-json\/wp\/v2\/media?parent=185"}],"curies":[{"name":"wp","href":"https:\/\/api.w.org\/{rel}","templated":true}]}}