{"id":183,"date":"2019-08-14T15:50:00","date_gmt":"2019-08-14T18:50:00","guid":{"rendered":"https:\/\/www3.unicentro.br\/petfisica\/apresentacao-3\/"},"modified":"2025-07-08T15:11:12","modified_gmt":"2025-07-08T18:11:12","slug":"apresentacao","status":"publish","type":"page","link":"https:\/\/www3.unicentro.br\/petfisica\/atividades\/ciclo-de-seminarios-do-defis\/apresentacao\/","title":{"rendered":"O que \u00e9 a atividade &#8220;Ciclo de Semin\u00e1rios do DEFIS&#8221;?"},"content":{"rendered":"<div class=\"wpb-content-wrapper\"><p>[vc_row][vc_column][vc_single_image image=&#8221;9069&#8243; img_size=&#8221;large&#8221; alignment=&#8221;center&#8221; style=&#8221;vc_box_rounded&#8221;][vc_column_text]<\/p>\n<p style=\"text-align: justify\"><span style=\"font-family: 'times new roman', times, serif;font-size: 12pt\">\u00a0 \u00a0Desde a sua primeira edi\u00e7\u00e3o, o Grupo PET-F\u00edsica tem sido respons\u00e1vel pela organiza\u00e7\u00e3o dos Ciclos de Semin\u00e1rios do Departamento de F\u00edsica. Entende-se que o processo de divulga\u00e7\u00e3o \u00e9 uma importante etapa do trabalho de um professor\/pesquisador, na apresenta\u00e7\u00e3o de seus novos resultados ou na divulga\u00e7\u00e3o de conhecimentos relevantes na sua \u00e1rea de estudo. Mais do que uma atividade acad\u00eamica, os semin\u00e1rios podem se tornar um instrumento eficiente de divulga\u00e7\u00e3o e populariza\u00e7\u00e3o da Ci\u00eancia. Assim, espera-se que os petianos, com a organiza\u00e7\u00e3o e participa\u00e7\u00e3o nesta atividade, compreendam o valor dessa imprescind\u00edvel etapa em sua forma\u00e7\u00e3o profissional e que possam contribuir para criar o h\u00e1bito de semin\u00e1rios frequentes no Departamento. Assim, professores, demais acad\u00eamicos e a comunidade em geral s\u00e3o convidados para a atividade.<\/span><\/p>\n<p>[\/vc_column_text][\/vc_column][\/vc_row][vc_row][vc_column][vc_facebook][\/vc_column][\/vc_row]<\/p>\n<\/div>","protected":false},"excerpt":{"rendered":"<p>[vc_row][vc_column][vc_single_image image=&#8221;9069&#8243; img_size=&#8221;large&#8221; alignment=&#8221;center&#8221; style=&#8221;vc_box_rounded&#8221;][vc_column_text] \u00a0 \u00a0Desde a sua primeira edi\u00e7\u00e3o, o Grupo PET-F\u00edsica tem sido respons\u00e1vel pela organiza\u00e7\u00e3o dos Ciclos de Semin\u00e1rios do Departamento de F\u00edsica. Entende-se que o processo de divulga\u00e7\u00e3o \u00e9 uma importante etapa do trabalho de um professor\/pesquisador, na apresenta\u00e7\u00e3o de seus novos resultados ou na divulga\u00e7\u00e3o de conhecimentos relevantes na [&hellip;]<\/p>\n","protected":false},"author":3,"featured_media":15794,"parent":151,"menu_order":0,"comment_status":"open","ping_status":"closed","template":"","meta":{"_exactmetrics_skip_tracking":false,"_exactmetrics_sitenote_active":false,"_exactmetrics_sitenote_note":"","_exactmetrics_sitenote_category":0,"footnotes":"","_links_to":"","_links_to_target":""},"class_list":["post-183","page","type-page","status-publish","has-post-thumbnail","hentry"],"_links":{"self":[{"href":"https:\/\/www3.unicentro.br\/petfisica\/wp-json\/wp\/v2\/pages\/183","targetHints":{"allow":["GET"]}}],"collection":[{"href":"https:\/\/www3.unicentro.br\/petfisica\/wp-json\/wp\/v2\/pages"}],"about":[{"href":"https:\/\/www3.unicentro.br\/petfisica\/wp-json\/wp\/v2\/types\/page"}],"author":[{"embeddable":true,"href":"https:\/\/www3.unicentro.br\/petfisica\/wp-json\/wp\/v2\/users\/3"}],"replies":[{"embeddable":true,"href":"https:\/\/www3.unicentro.br\/petfisica\/wp-json\/wp\/v2\/comments?post=183"}],"version-history":[{"count":1,"href":"https:\/\/www3.unicentro.br\/petfisica\/wp-json\/wp\/v2\/pages\/183\/revisions"}],"predecessor-version":[{"id":15795,"href":"https:\/\/www3.unicentro.br\/petfisica\/wp-json\/wp\/v2\/pages\/183\/revisions\/15795"}],"up":[{"embeddable":true,"href":"https:\/\/www3.unicentro.br\/petfisica\/wp-json\/wp\/v2\/pages\/151"}],"wp:featuredmedia":[{"embeddable":true,"href":"https:\/\/www3.unicentro.br\/petfisica\/wp-json\/wp\/v2\/media\/15794"}],"wp:attachment":[{"href":"https:\/\/www3.unicentro.br\/petfisica\/wp-json\/wp\/v2\/media?parent=183"}],"curies":[{"name":"wp","href":"https:\/\/api.w.org\/{rel}","templated":true}]}}