{"id":182,"date":"2015-08-07T00:00:00","date_gmt":"2015-08-07T03:00:00","guid":{"rendered":"https:\/\/www3.unicentro.br\/petfisica\/em-2009\/"},"modified":"2018-09-13T11:55:40","modified_gmt":"2018-09-13T14:55:40","slug":"em-2009","status":"publish","type":"page","link":"https:\/\/www3.unicentro.br\/petfisica\/producao\/em-2009\/","title":{"rendered":"Em 2009"},"content":{"rendered":"<ol>\n<li style=\"text-align: justify\"><strong>Marcia da Costa<\/strong> ; Eduardo Vicentini . <a title=\"Reumo Marcia EAIC 2009\" href=\"http:\/\/sites.unicentro.br\/wp\/petfisica\/files\/2011\/08\/resumo_EAIC_Marcia_2009.pdf\" target=\"_blank\" rel=\"noopener\">Organiza\u00e7\u00e3o de fam\u00edlias de trajet\u00f3rias em bilhares fracamente abertos<\/a>. In: XVIII Encontro Anual de Inicia\u00e7\u00e3o Cient\u00edfica, 2009, Londrina PR. Anais do XVIII EAIC, 2009.<\/li>\n<li style=\"text-align: justify\"><strong>Hudison Loch Haskel<\/strong> ; Eduardo Vicentini . <a title=\"Resumo Hudison EAIC 2009\" href=\"http:\/\/sites.unicentro.br\/wp\/petfisica\/files\/2011\/09\/Resumo_EAIC_Hudison_2009.pdf\" target=\"_blank\" rel=\"noopener\">An\u00e1lise de m\u00e9todos de determina\u00e7\u00e3o de autovalores de energia em bilhares qu\u00e2nticos<\/a>. In: XVIII Encontro Anual de Inicia\u00e7\u00e3o Cient\u00edfica, 2009, Londrina PR. Anais do XVIII EAIC, 2009.<\/li>\n<li style=\"text-align: justify\"><strong>Ederson Pauletti<\/strong> ; Pedro Pablo Gonz\u00e1lez-Borrero ; Eduardo Vicentini .<a title=\"Resumo Ederson EAIC 2009\" href=\"http:\/\/sites.unicentro.br\/wp\/petfisica\/files\/2011\/09\/Resumo_EAIC_Ederson_2009.pdf\" target=\"_blank\" rel=\"noopener\">&nbsp;Condu\u00e7\u00e3o de Calor em um Sistema Unidimensional pelo M\u00e9todo do Caminho rand\u00f4mico de Tempo Cont\u00ednuo<\/a>.&nbsp;In: XVIII Encontro Anual de Inicia\u00e7\u00e3o Cient\u00edfica, 2009, Londrina PR. Anais do XVIII EAIC, 2009.<\/li>\n<li style=\"text-align: justify\"><strong>Ederson Pauletti<\/strong> ; Eduardo Vicentini . <a title=\"Resumo Ederson SIEPE 2009\" href=\"http:\/\/sites.unicentro.br\/wp\/petfisica\/files\/2011\/09\/resumo_460_SIEPE2009_Ederson.pdf\" target=\"_blank\" rel=\"noopener\">Ensino de F\u00edsica: Placas Volt\u00e1icas<\/a>. In: Semana de Integra\u00e7\u00e3o Ensino Pesquisa e Extens\u00e3o, 2009, Guarapuava PR. Anais da SIEPE, 2009.<\/li>\n<li style=\"text-align: justify\"><strong>Hudison Loch Haskel<\/strong> ; Eduardo Vicentini . Lei de Bragg e a estrutura microsc\u00f3pica dos materiais. In: Semana de Integra\u00e7\u00e3o Ensino Pesquisa e Extens\u00e3o, 2009, Guarapuava PR. Anais da SIEPE, 2009.<\/li>\n<li style=\"text-align: justify\"><strong>Marcia da Costa<\/strong> ; Eduardo Vicentini . <a title=\"Resumo M\u00e1rcia SIEPE 2009\" href=\"http:\/\/sites.unicentro.br\/wp\/petfisica\/files\/2011\/09\/resumo_SIEPE_Marcia_2009.pdf\" target=\"_blank\" rel=\"noopener\">Ensinando filmes finos no ensino m\u00e9dio<\/a>. In: Semana de Integra\u00e7\u00e3o Ensino Pesquisa e Extens\u00e3o, 2009, Guarapuava. Anais da SIEPE, 2009.<\/li>\n<li style=\"text-align: justify\"><strong>Luana Cristina Wouk<\/strong> ; Eduardo Vicentini . <a title=\"Resumo Luana SIEPE 2009\" href=\"http:\/\/sites.unicentro.br\/wp\/petfisica\/files\/2011\/09\/resumo_464_SIEPE2009_Luana.pdf\" target=\"_blank\" rel=\"noopener\">Nanotecnologia no Ensino Fundamental e M\u00e9dio<\/a>. In: Semana de Integra\u00e7\u00e3o Ensino Pesquisa e Extens\u00e3o, 2009, Guarapuava. Anais da SIEPE, 2009.<\/li>\n<li style=\"text-align: justify\"><strong>Marcia da Costa<\/strong> ; Eduardo Vicentini . <a title=\"Resumo Marcia SBF 2009\" href=\"http:\/\/sites.unicentro.br\/wp\/petfisica\/files\/2011\/09\/R0675-1_Resumo_ENFMC_2009_Marcia.pdf\" target=\"_blank\" rel=\"noopener\">Organization of trajectories in families in weakly open billiards<\/a>. In: XXXII Encontro Nacional de F\u00edsica da Mat\u00e9ria Condensada, 2009, \u00c1guas de Lind\u00f3ia SP. Anais da XXXII Encontro Nacional de F\u00edsica da Mat\u00e9ria Condensada. S\u00e3o Paulo SP : Sociedade Brasileira de F\u00edsica, 2009.<\/li>\n<li style=\"text-align: justify\"><strong>Hudison Loch Haskel<\/strong> ; Eduardo Vicentini . <a title=\"Resumo Hudison SBF 2009\" href=\"http:\/\/sites.unicentro.br\/wp\/petfisica\/files\/2011\/09\/R0690_Resumo_ENFMC_2009_Hudison.pdf\" target=\"_blank\" rel=\"noopener\">Comparision between the methods of determination of eigenvalues of energy in billiards<\/a>. In: XXXII Encontro Nacional de F\u00edsica da Mat\u00e9ria Condensada, 2009, \u00c1guas de Lind\u00f3ia SP. Anais do XXXII Encontro Nacional de F\u00edsica da Mat\u00e9ria Condensada. \u00c1guas de Lind\u00f3ia SP : Sociedade Brasileira de F\u00edsica, 2009.<\/li>\n<li style=\"text-align: justify\"><strong>Ederson Pauletti<\/strong> ; Pedro Pablo Gonz\u00e1lez Borrero ; Eduardo Vicentini . <a title=\"Resumo Ederson SBF 2009\" href=\"http:\/\/sites.unicentro.br\/wp\/petfisica\/files\/2011\/09\/R0927-1_Resumo_ENFMC_2009_Ederson.pdf\" target=\"_blank\" rel=\"noopener\">Heat conduction in an one-dimensional system by the continous time random walk method<\/a>. In: XXXII Encontro Nacional de F\u00edsica da Mat\u00e9ria Condensada, 2009, \u00c1guas de Lind\u00f3ia. Anais da XXXII Encontro Nacional de F\u00edsica da Mat\u00e9ria Condensada. S\u00e3o Paulo SP : Sociedade Brasileira de F\u00edsica, 2009.2011<\/li>\n<\/ol>\n","protected":false},"excerpt":{"rendered":"<p>Marcia da Costa ; Eduardo Vicentini . Organiza\u00e7\u00e3o de fam\u00edlias de trajet\u00f3rias em bilhares fracamente abertos. In: XVIII Encontro Anual de Inicia\u00e7\u00e3o Cient\u00edfica, 2009, Londrina PR. Anais do XVIII EAIC, 2009. Hudison Loch Haskel ; Eduardo Vicentini . An\u00e1lise de m\u00e9todos de determina\u00e7\u00e3o de autovalores de energia em bilhares qu\u00e2nticos. In: XVIII Encontro Anual de [&hellip;]<\/p>\n","protected":false},"author":3,"featured_media":0,"parent":155,"menu_order":0,"comment_status":"open","ping_status":"open","template":"","meta":{"_exactmetrics_skip_tracking":false,"_exactmetrics_sitenote_active":false,"_exactmetrics_sitenote_note":"","_exactmetrics_sitenote_category":0,"footnotes":"","_links_to":"","_links_to_target":""},"class_list":["post-182","page","type-page","status-publish","hentry"],"_links":{"self":[{"href":"https:\/\/www3.unicentro.br\/petfisica\/wp-json\/wp\/v2\/pages\/182","targetHints":{"allow":["GET"]}}],"collection":[{"href":"https:\/\/www3.unicentro.br\/petfisica\/wp-json\/wp\/v2\/pages"}],"about":[{"href":"https:\/\/www3.unicentro.br\/petfisica\/wp-json\/wp\/v2\/types\/page"}],"author":[{"embeddable":true,"href":"https:\/\/www3.unicentro.br\/petfisica\/wp-json\/wp\/v2\/users\/3"}],"replies":[{"embeddable":true,"href":"https:\/\/www3.unicentro.br\/petfisica\/wp-json\/wp\/v2\/comments?post=182"}],"version-history":[{"count":0,"href":"https:\/\/www3.unicentro.br\/petfisica\/wp-json\/wp\/v2\/pages\/182\/revisions"}],"up":[{"embeddable":true,"href":"https:\/\/www3.unicentro.br\/petfisica\/wp-json\/wp\/v2\/pages\/155"}],"wp:attachment":[{"href":"https:\/\/www3.unicentro.br\/petfisica\/wp-json\/wp\/v2\/media?parent=182"}],"curies":[{"name":"wp","href":"https:\/\/api.w.org\/{rel}","templated":true}]}}