{"id":181,"date":"2015-08-07T00:00:00","date_gmt":"2015-08-07T03:00:00","guid":{"rendered":"https:\/\/www3.unicentro.br\/petfisica\/em-2010\/"},"modified":"2018-09-13T11:55:40","modified_gmt":"2018-09-13T14:55:40","slug":"em-2010","status":"publish","type":"page","link":"https:\/\/www3.unicentro.br\/petfisica\/producao\/em-2010\/","title":{"rendered":"Em 2010"},"content":{"rendered":"<ol style=\"text-align: justify\">\n<li><strong>Marcia da Costa<\/strong> ; Eduardo Vicentini .&nbsp;<a title=\"Resumo Marcia EAIC 2010\" href=\"http:\/\/sites.unicentro.br\/wp\/petfisica\/files\/2011\/09\/Resumo_EAIC2010_Marcia.pdf\" target=\"_blank\" rel=\"noopener\">An\u00e1lise de Complexidade em um Bilhar de Sinai<\/a>.&nbsp;In: XIX Encontro Anual de Inicia\u00e7\u00e3o Cient\u00edfica, 2010, Unicentro PR. Anais do XIX EAIC, 2010.<\/li>\n<li><strong>Hudison Loch Haskel<\/strong> ; Eduardo Vicentini .&nbsp;<a title=\"Resumo Semana de Estudos 2010 Hudison\" href=\"http:\/\/sites.unicentro.br\/wp\/petfisica\/files\/2012\/05\/Resumos_SEFIS2010_Hudison.pdf\" target=\"_blank\" rel=\"noopener\">Estado Ressonantes em Bilhares Qu\u00e2nticos Triangulares<\/a>.&nbsp;In: VIII Semana de Estudos de F\u00edsica, 2010, Unicentro PR. Anais da VIII SEFIS, 2010.<\/li>\n<li><strong>Hudison Loch Haskel<\/strong> ; Eduardo Vicentini .&nbsp;<a title=\"Resumo Hudison EAIC 2010\" href=\"http:\/\/sites.unicentro.br\/wp\/petfisica\/files\/2011\/09\/Resumo_EAIC2010_Hudison.pdf\" target=\"_blank\" rel=\"noopener\">Estado Ressonantes em Bilhares Qu\u00e2nticos Triangulares<\/a>.&nbsp;In: XIX Encontro Anual de Inicia\u00e7\u00e3o Cient\u00edfica, 2010, Unicentro PR. Anais do XIX EAIC, 2010.<\/li>\n<li><strong>Ederson Pauletti<\/strong> ; Pedro Pablo Gonz\u00e1lez-Borrero ;&nbsp;Eduardo Vicentini. <a title=\"Resumo Semana de Estudos 2010 Ederson\" href=\"http:\/\/sites.unicentro.br\/wp\/petfisica\/files\/2012\/05\/Resumos_SEFIS2010_Ederson.pdf\" target=\"_blank\" rel=\"noopener\">An\u00e1lise Te\u00f3rica da Espectroscopia Fotoac\u00fastica<\/a>.&nbsp;In: VII Semana de Estudos de F\u00edsica, 2010, Unicentro PR. Anais da&nbsp;VIII SEFIS, 2010.<\/li>\n<li><strong>Ederson Pauletti<\/strong> ; Eduardo Vicentini ; Pedro Pablo Gonz\u00e1lez-Borrero&nbsp;.&nbsp;<a title=\"Resumo ederson EAIC 2010\" href=\"http:\/\/sites.unicentro.br\/wp\/petfisica\/files\/2011\/09\/Resumo_EAIC2010_Ederson.pdf\" target=\"_blank\" rel=\"noopener\">An\u00e1lise Unidimensional da Condu\u00e7\u00e3o Atrav\u00e9s do M\u00e9todo do Caminho Rand\u00f4mico de Tempo Cont\u00ednuo<\/a>.&nbsp;In: XIX Encontro Anual de Inicia\u00e7\u00e3o Cient\u00edfica, 2010, Unicentro PR. Anais do XIX EAIC, 2010<\/li>\n<li><strong>Luana Cristina Wouk<\/strong> ; Gabriel E. V. de Biase ; Jayme A. Peres ; Osmar R. Antunes Junior ; F\u00e1bio Luiz Melqu\u00edades .&nbsp;<a title=\"Resumo Luana EAIC 2010\" href=\"http:\/\/sites.unicentro.br\/wp\/petfisica\/files\/2011\/09\/Resumo_EAIC2010_Luana.pdf\" target=\"_blank\" rel=\"noopener\">Identifica\u00e7\u00e3o de Metais em Propriedades Criadoras de Bovinos Utilizando um Equipamento Port\u00e1til de EDXRF<\/a>.&nbsp;In: XIX Encontro Anual de Inicia\u00e7\u00e3o Cient\u00edfica, 2010, Unicentro PR. Anais do XIX EAIC, 2010.<\/li>\n<li><strong>Luana Cristina Wouk&nbsp;<\/strong>; F\u00e1bio Luiz Melqu\u00edades&nbsp;; Jayme A. Peres ; Gabriel E. V. de Biase ; Osmar R. Antunes Junior.<a title=\"Resumo Semana de F\u00edsica 2010 Luana\" href=\"http:\/\/sites.unicentro.br\/wp\/petfisica\/files\/2012\/05\/Resumo_SEFIS2010_Luana.pdf\" target=\"_blank\" rel=\"noopener\"> Identifica\u00e7\u00e3o de Metais em Propriedades Criadora de Bovinos pro Fluoresc\u00eancia de Raios X por dispers\u00e3o em Energia<\/a>.&nbsp;In: VII Semana de Estudos de F\u00edsica, 2010, Unicentro PR. Anais da&nbsp;VIII SEFIS, 2010.<\/li>\n<li><strong>SMYKALUK, J. P.<\/strong>; <strong>CHIMANSKI, E. V.<\/strong>; VICENTINI, E.<a title=\"Resumo 3 sal\u00e3o Jo\u00e3o Paulo e Emanuel\" href=\"http:\/\/sites.unicentro.br\/wp\/petfisica\/files\/2011\/11\/3-Salao-de-Extansao_Joao_Emanuel.pdf\" target=\"_blank\" rel=\"noopener\"> Novas tecnologias e Rela\u00e7\u00f5es de Trabalho em Filmes de Fic\u00e7\u00e3o Cient\u00edfica<\/a>. In 3<sup>o<\/sup>&nbsp;Sal\u00e3o de Extens\u00e3o e Cultura da UNICENTRO, Guarapuava PR. Anais do&nbsp;3<sup>o<\/sup>&nbsp;Sal\u00e3o de Extens\u00e3o e Cultura da UNICENTRO, 2010.<\/li>\n<li><strong>SITKO, C. M.<\/strong>; <strong>PEREIRA, L. A.<\/strong>; VICENTINI, E. <a title=\"Resumo Extens\u00e3o Lucas e Camila\" href=\"http:\/\/sites.unicentro.br\/wp\/petfisica\/files\/2011\/11\/Resumo_Extensao_Lucas_Camila.pdf\" target=\"_blank\" rel=\"noopener\">Instrumenta\u00e7\u00e3o para o Ensino de F\u00edsica.<\/a> In&nbsp;3<sup>o<\/sup>&nbsp;Sal\u00e3o de Extens\u00e3o e Cultura da UNICENTRO, Guarapuava PR. Anais do&nbsp;3<sup>o<\/sup>&nbsp;Sal\u00e3o de Extens\u00e3o e Cultura da UNICENTRO, 2010.<\/li>\n<li><strong>SITKO, C. M.<\/strong> ; MIYAHARA, R. Y. . <a title=\"Resumo Sal\u00e3o de Extens\u00e3o e Cultura 2010 Camila\" href=\"http:\/\/sites.unicentro.br\/wp\/petfisica\/files\/2012\/03\/Extansao_Camila_2010.pdf\" target=\"_blank\" rel=\"noopener\">ASTRONOMIA: CONHECENDO O C\u00c9U DE GUARAPUAVA 2\u00ba EDI\u00c7\u00c3O<\/a>. In: 3\u00ba Sal\u00e3o de Extens\u00e3o e Cultura, 2010, Guarapuava.<\/li>\n<li><strong>SITKO, C. M.<\/strong> ; MIYAHARA, R. Y. . <a title=\"Resumo Semana de F\u00edsica 2010 Camila\" href=\"http:\/\/sites.unicentro.br\/wp\/petfisica\/files\/2012\/05\/Resumo_SEFIS2010_Camila.pdf\" target=\"_blank\" rel=\"noopener\">Estudo Preliminar sobre Relatividade Geral e Teoria de Campos<\/a>. In: VII Semana de Estudos de F\u00edsica, 2010, Unicentro PR. Anais da&nbsp;VIII SEFIS, 2010.<\/li>\n<li><strong>Lucas Antoniassi Pereira<\/strong> ; Rodrigo Oliveira Bastos. <a title=\"resumo Semana de F\u00edsica 2010 Lucas\" href=\"http:\/\/sites.unicentro.br\/wp\/petfisica\/files\/2012\/05\/Resumo_SEFIS2010_Lucas.pdf\" target=\"_blank\" rel=\"noopener\">Instrumenta\u00e7\u00e3o para o Ensino de F\u00edsica Moderna: Montagem de Baixo Custo para a Determina\u00e7\u00e3o da Concentra\u00e7\u00e3o de Corantes em Solu\u00e7\u00f5es Atrav\u00e9s da Atenua\u00e7\u00e3o de Feixe Laser<\/a>.&nbsp;In: VII Semana de Estudos de F\u00edsica, 2010, Unicentro PR. Anais da&nbsp;VIII SEFIS, 2010.<\/li>\n<\/ol>\n","protected":false},"excerpt":{"rendered":"<p>Marcia da Costa ; Eduardo Vicentini .&nbsp;An\u00e1lise de Complexidade em um Bilhar de Sinai.&nbsp;In: XIX Encontro Anual de Inicia\u00e7\u00e3o Cient\u00edfica, 2010, Unicentro PR. Anais do XIX EAIC, 2010. Hudison Loch Haskel ; Eduardo Vicentini .&nbsp;Estado Ressonantes em Bilhares Qu\u00e2nticos Triangulares.&nbsp;In: VIII Semana de Estudos de F\u00edsica, 2010, Unicentro PR. Anais da VIII SEFIS, 2010. Hudison [&hellip;]<\/p>\n","protected":false},"author":3,"featured_media":0,"parent":155,"menu_order":0,"comment_status":"open","ping_status":"open","template":"","meta":{"_exactmetrics_skip_tracking":false,"_exactmetrics_sitenote_active":false,"_exactmetrics_sitenote_note":"","_exactmetrics_sitenote_category":0,"footnotes":"","_links_to":"","_links_to_target":""},"class_list":["post-181","page","type-page","status-publish","hentry"],"_links":{"self":[{"href":"https:\/\/www3.unicentro.br\/petfisica\/wp-json\/wp\/v2\/pages\/181","targetHints":{"allow":["GET"]}}],"collection":[{"href":"https:\/\/www3.unicentro.br\/petfisica\/wp-json\/wp\/v2\/pages"}],"about":[{"href":"https:\/\/www3.unicentro.br\/petfisica\/wp-json\/wp\/v2\/types\/page"}],"author":[{"embeddable":true,"href":"https:\/\/www3.unicentro.br\/petfisica\/wp-json\/wp\/v2\/users\/3"}],"replies":[{"embeddable":true,"href":"https:\/\/www3.unicentro.br\/petfisica\/wp-json\/wp\/v2\/comments?post=181"}],"version-history":[{"count":0,"href":"https:\/\/www3.unicentro.br\/petfisica\/wp-json\/wp\/v2\/pages\/181\/revisions"}],"up":[{"embeddable":true,"href":"https:\/\/www3.unicentro.br\/petfisica\/wp-json\/wp\/v2\/pages\/155"}],"wp:attachment":[{"href":"https:\/\/www3.unicentro.br\/petfisica\/wp-json\/wp\/v2\/media?parent=181"}],"curies":[{"name":"wp","href":"https:\/\/api.w.org\/{rel}","templated":true}]}}