{"id":180,"date":"2015-08-07T00:00:00","date_gmt":"2015-08-07T03:00:00","guid":{"rendered":"https:\/\/www3.unicentro.br\/petfisica\/em-2011\/"},"modified":"2018-09-13T11:55:41","modified_gmt":"2018-09-13T14:55:41","slug":"em-2011","status":"publish","type":"page","link":"https:\/\/www3.unicentro.br\/petfisica\/producao\/em-2011\/","title":{"rendered":"Em 2011"},"content":{"rendered":"<div>\n<ol>\n<li style=\"text-align: justify\"><strong>FAROU, M. H. E.<\/strong> ; MIYAHARA, R. Y. . <a title=\"Resumo Mahamud Encontro de F\u00edsica \" href=\"http:\/\/sites.unicentro.br\/wp\/petfisica\/files\/2011\/09\/EncontroF%C3%ADsica_Maha_2011.pdf\" target=\"_blank\" rel=\"noopener\">Synthesis of cobalt based magnetic nanoparticles using a modified Pechini Method<\/a>. In: Encontro de F\u00edsica 2011, 2011, Foz do Igua\u00e7u. Anais do Encontro de F\u00edsica 2011, 2011.<\/li>\n<li style=\"text-align: justify\"><strong>FAROU, M. H. E.<\/strong> ; MIYAHARA, R. Y. .<a title=\"Resumo Mahamud Semana de F\u00edsica\" href=\"http:\/\/sites.unicentro.br\/wp\/petfisica\/files\/2011\/09\/SEFIS_Maha_2011.pdf\" target=\"_blank\" rel=\"noopener\"> M\u00e9todo Pechini para Prepara\u00e7\u00e3o de Nanopart\u00edculas.<\/a> In: IX Semana de Estudos de F\u00edsica, 2011, Guarapuava. Anais da IX Semana de Estudos de F\u00edsica, 2011.<\/li>\n<li style=\"text-align: justify\"><strong>FAROU, M. H. E.<\/strong>; C\u00d3TICA, L. F. ; MIYAHARA, R. Y.. <a title=\"Resumo II SIEPE Mahmud pesquisa\" href=\"http:\/\/sites.unicentro.br\/wp\/petfisica\/files\/2011\/11\/SIEPE_Maha_2011_1.pdf\" target=\"_blank\" rel=\"noopener\">S\u00edntese de nanopart\u00edculas de \u00f3xido de cobalto atrav\u00e9s do M\u00e9todo Pechini.<\/a> In II SIEPE &#8211; Semana de Integra\u00e7\u00e3o Ensino, Pesquisa e Extens\u00e3o, Guarapuava PR. Anais da&nbsp;II SIEPE &#8211; Semana de Integra\u00e7\u00e3o Ensino, Pesquisa e Extens\u00e3o, 2011.<\/li>\n<li style=\"text-align: justify\"><strong>FAROU, M. H. E.<\/strong>; VICENTINI, E.&nbsp;<a title=\"Resumo II SIEPE. Mahmud Ensino\" href=\"http:\/\/sites.unicentro.br\/wp\/petfisica\/files\/2011\/11\/SIEPE_Maha_2011_2.pdf\" target=\"_blank\" rel=\"noopener\">O futuro da energia: a antimat\u00e9ria. In II SIEPE<\/a> &#8211; Semana de Integra\u00e7\u00e3o Ensino, Pesquisa e Extens\u00e3o, Guarapuava PR. Anais da&nbsp;II SIEPE &#8211; Semana de Integra\u00e7\u00e3o Ensino, Pesquisa e Extens\u00e3o, 2011.<\/li>\n<li style=\"text-align: justify\"><strong>FAROU, M. H. E.<\/strong> ; MIYAHARA, R. Y. ; C\u00d3TICA, L. F. . <a title=\"Resumo EAIC Mahmud\" href=\"http:\/\/sites.unicentro.br\/wp\/petfisica\/files\/2011\/11\/EAIC_Maha_2011.pdf\" target=\"_blank\" rel=\"noopener\">Obten\u00e7\u00e3o e caracteriza\u00e7\u00e3o de nanopart\u00edculas magn\u00e9ticas de \u00f3xido de cobalto pelo M\u00e9todo Pechini<\/a>. In: XX EAIC &#8211; Encontro Anual de Inicia\u00e7\u00e3o Cient\u00edfica, 2011, Ponta Grossa. Anais do XX EAIC, 2011.<\/li>\n<li style=\"text-align: justify\">F<strong>ELICZAKI, R. M.<\/strong>; VICENTINI, E. <a title=\"Resumo C\u00e9lulas de Combust\u00edveis Rafael\" href=\"http:\/\/sites.unicentro.br\/wp\/petfisica\/files\/2011\/11\/SIEPE_Rafael_2011.pdf\" target=\"_blank\" rel=\"noopener\">Ensino de F\u00edsica: C\u00e9lulas de Combust\u00edveis<\/a>. In: II&nbsp;Semana de Integra\u00e7\u00e3o Ensino, Pesquisa e Extens\u00e3o, Guarapuava PR. Anais da&nbsp;II SIEPE &#8211; Semana de Integra\u00e7\u00e3o Ensino, Pesquisa e Extens\u00e3o, 2011.<\/li>\n<li style=\"text-align: justify\"><strong>LYRA, J. F.<\/strong> ; MIYAHARA, R. Y. <a title=\"Projeto de Pesquisa Jacieli\" href=\"http:\/\/sites.unicentro.br\/wp\/petfisica\/files\/2011\/11\/SIEPE_Jacieli_2011_1.pdf\" target=\"_blank\" rel=\"noopener\">Estudo do Aux\u00edlio de Experimentos de Baixo Custo no Processo de Ensino-Aprendizagem na Disciplina de F\u00edsica<\/a>.&nbsp;In: II&nbsp;Semana de Integra\u00e7\u00e3o Ensino, Pesquisa e Extens\u00e3o, Guarapuava PR. Anais da&nbsp;II SIEPE &#8211; Semana de Integra\u00e7\u00e3o Ensino, Pesquisa e Extens\u00e3o, 2011.<\/li>\n<li style=\"text-align: justify\"><strong>LYRA, J. F.<\/strong> ; VICENTINI, E. <a title=\"Resumo SIEPE Projeto de Ensino Jacieli\" href=\"http:\/\/sites.unicentro.br\/wp\/petfisica\/files\/2011\/11\/SIEPE_Jacieli_2011_2.pdf\" target=\"_blank\" rel=\"noopener\">Aplica\u00e7\u00e3o de Circuitos El\u00e9tricos no Funcionamento de Diferentes Tipos de Teclado de Computador<\/a>.&nbsp;&nbsp;In: II&nbsp;Semana de Integra\u00e7\u00e3o Ensino, Pesquisa e Extens\u00e3o, Guarapuava PR. Anais da&nbsp;II SIEPE &#8211; Semana de Integra\u00e7\u00e3o Ensino, Pesquisa e Extens\u00e3o, 2011.<\/li>\n<li style=\"text-align: justify\"><strong>OLIVEIRA, E. R. C.<\/strong> ; <strong>GETELINA, J. C. A<\/strong>. ; BASTOS, R. O. ; <strong>SMYKALUK, J. P.<\/strong> . <a title=\"Resumo Encontr\u00e3o 2011 Edson e outros\" href=\"http:\/\/sites.unicentro.br\/wp\/petfisica\/files\/2012\/04\/EncontroF\u00edsica_Edson_etal_2011.pdf\" target=\"_blank\" rel=\"noopener\">Opini\u00f5es de Universit\u00e1rios da UNICENTRO Relacionadas aos Altos Investimentos em Pesquisa em F\u00edsica. <\/a>In: Encontro de F\u00edsica, 2011, Foz do Igua\u00e7u. Anais do Encontro de F\u00edsica 2011, 2011.<\/li>\n<li style=\"text-align: justify\"><strong>GETELINA, J. C. A.<\/strong> ; Miyahara, R. Y. ; MATSUDA, C. K. . <a title=\"Resumo Expandido II SIEPE 2011 Jo\u00e3o Carlos\" href=\"http:\/\/sites.unicentro.br\/wp\/petfisica\/files\/2012\/03\/SIEPE_JoaoCarlos_2011_2.pdf\" target=\"_blank\" rel=\"noopener\">AN\u00c1LISE DE DIFRATOGRAMAS ATRAV\u00c9S DO M\u00c9TODO DE REFINAMENTO ESTRUTURAL<\/a>. In: II Semana de Integra\u00e7\u00e3o Ensino, Pesquisa e Extens\u00e3o &#8211; SIEPE, 2011, Guarapuava. Anais da II SIEPE Semana de Integra\u00e7\u00e3o Ensino, Pesquisa e Extens\u00e3o, 2011, 2011.<\/li>\n<li style=\"text-align: justify\"><strong>GETELINA, J. C. A.<\/strong> ; <strong>CHIMANSKI, E. V.<\/strong> ; VICENTINI, E. . <a title=\"Resumo Expandido II SIEPE 2011 Jo\u00e3o Carlos\" href=\"http:\/\/sites.unicentro.br\/wp\/petfisica\/files\/2012\/03\/SIEPE_JoaoCarlos_Emanuel_2011.pdf\" target=\"_blank\" rel=\"noopener\">F\u00edsica e Cultura: A Utiliza\u00e7\u00e3o de Livros na Rela\u00e7\u00e3o Entre Sociedade e C\u00eancia<\/a>. In: II Semana de Integra\u00e7\u00e3o Ensino, Pesquisa e Extens\u00e3o &#8211; SIEPE, 2011, Guarapuava. Anais da II SIEPE Semana de Integra\u00e7\u00e3o Ensino, Pesquisa e Extens\u00e3o, 2011.<\/li>\n<li style=\"text-align: justify\"><strong>GETELINA, J. C. A.<\/strong> ; VICENTINI, E. . <a title=\"Resumo II SIEPE Jo\u00e3o Carlos\" href=\"http:\/\/sites.unicentro.br\/wp\/petfisica\/files\/2012\/03\/SIEPE_JoaoCarlos_2011_1.pdf\" target=\"_blank\" rel=\"noopener\">O Ensino da F\u00edsica Moderna Para o Ensino M\u00e9dio: Uma Abordagem Simplificada Envolvendo o Cotidiano<\/a>. In: II Semana de Integra\u00e7\u00e3o Ensino, Pesquisa e Extens\u00e3o &#8211; SIEPE, 2011, Guarapuava. Anais da II SIEPE Semana de Integra\u00e7\u00e3o Ensino, Pesquisa e Extens\u00e3o, 2011.<\/li>\n<li style=\"text-align: justify\"><strong>GETELINA, J. C. A.<\/strong> ; Miyahara, R. Y. ; COTICA, L. F. . <a title=\"Resumo EAIC 2011 Getelina\" href=\"http:\/\/sites.unicentro.br\/wp\/petfisica\/files\/2012\/03\/EAIC_Getelina_2011.pdf\" target=\"_blank\" rel=\"noopener\">Caracteriza\u00e7\u00e3o das Fases Cristalinas da Porcelana de Ossos Bovinos Atrav\u00e9s do M\u00e9todo do Refinamento Estrutural<\/a>. In: XX Encontro Anual de Inicia\u00e7\u00e3o Cient\u00edfica, 2011, Ponta Grossa. XX Encontro Anual de Inicia\u00e7\u00e3o Cient\u00edfica, 2011.<\/li>\n<li style=\"text-align: justify\"><strong>GETELINA, J. C. A.<\/strong> ; Miyahara, R. Y. . Identifica\u00e7\u00e3o da fase cristalina da hidroxiapatita atrav\u00e9s do m\u00e9todo de Rietveld. In: IX Semana de Estudos de F\u00edsica &#8211; UNICENTRO, 2011, Guarapuava. Anais da IX Semana de Estudos de F\u00edsica, 2011.<\/li>\n<li style=\"text-align: justify\"><strong>GETELINA, J. C. A.<\/strong> ; Miyahara, R. Y. .<a title=\"Resumo Encontr\u00e3o 2011 Jo\u00e3o Carlos\" href=\"http:\/\/sites.unicentro.br\/wp\/petfisica\/files\/2012\/04\/EncontroF\u00edsica_Getelina_2011_1.pdf\" target=\"_blank\" rel=\"noopener\"> Structure refnement of hydroxyapatite from bone ash<\/a>. In: Encontro de F\u00edsica, 2011, Foz do Igua\u00e7u. Anais do Encontro de F\u00edsica 2011, 2011.<\/li>\n<li style=\"text-align: justify\"><strong>GETELINA, J. C. A.<\/strong> ; <strong>OLIVEIRA, E. R. C.<\/strong> ; <strong>SMYKALUK, J. P.<\/strong> ; BASTOS, R. O. . Opini\u00e3o de Alunos de Gradua\u00e7\u00e3o da UNICENTRO Sobre os Altos Investimentos na Pesquisa em F\u00edsica. In: IX Semana de Estudos de F\u00edsica &#8211; UNICENTRO, 2011, Guarapuava. Anais da IX Semana de Estudos de F\u00edsica, 2011.<\/li>\n<li style=\"text-align: justify\"><strong>CHIMANSKI, E. V.<\/strong> ; VICENTINI, E. . <a title=\"EAIC 2011 Emanuel\" href=\"http:\/\/sites.unicentro.br\/wp\/petfisica\/files\/2012\/03\/EAIC_Emanuel_2011.pdf\" target=\"_blank\" rel=\"noopener\">Bilhares Qu\u00e2nticos Triangulares<\/a>. In: XX Encontro Anual de Inicia\u00e7\u00e3o Cient\u00edfica, 2011, Ponta Grossa. Anais do XX EAIC, 2011.<\/li>\n<li style=\"text-align: justify\"><strong>CHIMANSKI, E. V.<\/strong> ; VICENTINI, E. . <a title=\"Resumo Expandido II SIEPE 2011 Emanuel\" href=\"http:\/\/sites.unicentro.br\/wp\/petfisica\/files\/2012\/03\/SIEPE_Emanuel_2011.pdf\" target=\"_blank\" rel=\"noopener\">Ensino de F\u00edsica: Fulerenos Uma Bela Geometria Molecular<\/a>. In: II SIEPE Semana de Integra\u00e7\u00e3o Ensino, Pesquisa e Extens\u00e3o, 2011, Guarapuava. Anais da II SIEPE Semana de Integra\u00e7\u00e3o Ensino, Pesquisa e Extens\u00e3o, 2011.<\/li>\n<li style=\"text-align: justify\"><strong>CHIMANSKI, E. V.<\/strong> ; E.VICENTINI . Statistics of energy levels in obtuse triangular quantum billiards. In: Encontro de F\u00edsica 2011, 2011, Foz do Igua\u00e7u. Anais do Encontro de F\u00edsica 2011, 2011.<\/li>\n<li style=\"text-align: justify\"><strong>CHIMANSKI, E. V.<\/strong> ; VICENTINI, E. . Estat\u00edstica de N\u00edveis de Energia em Bilhares Triangulares Qu\u00e2nticos Obtusos. In: IX Semana de Estudos de F\u00edsica, 2011, Gurapuava. Anais da IX Semana de Estudos de F\u00edsica, 2011.<\/li>\n<li style=\"text-align: justify\"><strong>CHIMANSKI, E. V.<\/strong> ; PADILHA, J. X. . An\u00e1lise da Viabilidade da Utiliza\u00e7\u00e3o de Geradores de Energia E\u00f3lica em Guarapuava: Caracteriza\u00e7\u00e3o de Motores de Pequeno Porte, Utilizados Como Geradores Alternativos. In: IX Semana de Estudos de F\u00edsica, 2011, Guarapuava. Anais da IX Semana de Estudos de F\u00edsica, 2011.<\/li>\n<li style=\"text-align: justify\"><strong>WOUK, L. C.<\/strong> ;&nbsp;MELQUIADES, F. L<a href=\"http:\/\/lattes.cnpq.br\/8539939787669526\" target=\"blank\">.<\/a>&nbsp;. <a title=\"EAIC 2011 Luana\" href=\"http:\/\/sites.unicentro.br\/wp\/petfisica\/files\/2012\/03\/EAIC_Luana_2011.pdf\" target=\"_blank\" rel=\"noopener\">CARACTERIZA\u00c7\u00c3O DE ELEMENTOS INORG\u00c2NICOS EM BATONS E SOMBRAS PARA O OLHO POR EDXRF<\/a>. In: XX EAIC, 2011, Ponta Grossa. Anais do XX EAIC, 2011, 2011.<\/li>\n<li style=\"text-align: justify\"><strong>WOUK, L. C.<\/strong> ;&nbsp;MELQUIADES, F. L.&nbsp;. <a title=\"SEFIS 2011 Luana\" href=\"http:\/\/sites.unicentro.br\/wp\/petfisica\/files\/2012\/03\/SIEPE_Luana_2011.pdf\" target=\"_blank\" rel=\"noopener\">IDENTIFICA\u00c7\u00c3O DE METAIS EM SOMBRAS PARA OS OLHOS POR EDXRF<\/a>. In: II SIEPE &#8211; Semana de integra\u00e7\u00e3o ensino, pesquisa e extens\u00e3o, 2011, Guarapuava. Anais do II Siepe, 2011.<\/li>\n<li style=\"text-align: justify\"><strong>WOUK, L. C<\/strong>. ;&nbsp;MELQUIADES, F. L.&nbsp;. <a title=\"SEFIS 2011 Luana\" href=\"http:\/\/sites.unicentro.br\/wp\/petfisica\/files\/2012\/03\/SEFIS_Luana_2011.pdf\" target=\"_blank\" rel=\"noopener\">AN\u00c1LISE DE METAIS EM BATONS E PROTETORES LABIAIS, UTILIZANDO UM EQUIPAMENTO PORT\u00c1TIL DE EDXRF<\/a>. In: IX Semana de Estudos de F\u00edsica, 2011, Guarapuava. Anais da IX Semana de Estudos de F\u00edsica, 2011.<\/li>\n<li style=\"text-align: justify\"><strong>WOUK, L. C.<\/strong> ;&nbsp;MELQUIADES, F. L.&nbsp;. <a title=\"Resumo Encontro de F\u00edsica 2011 Luana\" href=\"http:\/\/sites.unicentro.br\/wp\/petfisica\/files\/2012\/03\/EncontroFisica_Luana.pdf\" target=\"_blank\" rel=\"noopener\">Quantification of metals in lipstick by Energy Dispersive X-ray Fluorescence<\/a>. In: Encontro de F\u00edsica de 2011, 2011, Foz do Igua\u00e7u. resumos do encontro de F\u00edsica 2011, 2011.<\/li>\n<li style=\"text-align: justify\"><strong>SITKO, C. M.<\/strong> ; MIYAHARA, R. Y. . <a title=\"Resumo SIEPE 2011 Camila 1\" href=\"http:\/\/sites.unicentro.br\/wp\/petfisica\/files\/2012\/03\/SIEPE_Camila_2011_1.pdf\" target=\"_blank\" rel=\"noopener\">BURACO NEGRO DE SCHWARZSCHILD<\/a>. In: II SIEPE, 2011, Guarapuava. BURACO NEGRO DE SCHWARZSCHILD, 2011.<\/li>\n<li style=\"text-align: justify\"><strong>SITKO, C. M.<\/strong> ; VICENTINI, E. . <a title=\"Resumo SIEPE 2011 Camila 2\" href=\"http:\/\/sites.unicentro.br\/wp\/petfisica\/files\/2012\/03\/SIEPE_Camila_2011_2.pdf\" target=\"_blank\" rel=\"noopener\">PROGRAMA ESPACIAL BRASILEIRO.<\/a> In: II SIEPE, 2011, Guarapuava.<\/li>\n<li style=\"text-align: justify\"><strong>SITKO, C. M.<\/strong> ; MIYAHARA, R. Y. . <a title=\"Resmo SEFIS 2011 Camila\" href=\"http:\/\/sites.unicentro.br\/wp\/petfisica\/files\/2012\/03\/SEFIS_Camila_2011.pdf\" target=\"_blank\" rel=\"noopener\">INCOMPATIBILIDADE ENTRE RELATIVIDADE GERAL, TEORIA DE CAMPOS E MODELO PADR\u00c3O DE PART\u00cdCULAS ELEMENTARES- UMA ABORDAGEM SIMPLIFICADA<\/a>. In: IX Semana de Estudos em F\u00edsica, 2011, Guarapuava.<\/li>\n<li style=\"text-align: justify\"><strong>SITKO, C. M.<\/strong> ; MIYAHARA, R. Y. . <a title=\"Resumo Encontr\u00e3o 2001 Camila\" href=\"http:\/\/sites.unicentro.br\/wp\/petfisica\/files\/2012\/04\/EncontroFisica_Camila_2011.pdf\" target=\"_blank\" rel=\"noopener\">Study about the Uni cation of forces as a problem in Modern Cosmology: Inconsistency between General Relativity and Quantum Field Theor<\/a>. In:&nbsp;Encontro de F\u00edsica de 2011, 2011, Foz do Igua\u00e7u. Resumos do encontro de F\u00edsica 2011, 2011.<\/li>\n<li style=\"text-align: justify\"><strong>JULIATTO, V. F. S.<\/strong> ; VICENTINI, E. . <a title=\"Resumo Encontr\u00e3o 2011 Vilson\" href=\"http:\/\/sites.unicentro.br\/wp\/petfisica\/files\/2012\/04\/EncontroFisica_Vilson.pdf\" target=\"_blank\" rel=\"noopener\">Diffusion in a Cantor Set<\/a>. In: Encontro de F\u00edsica de 2011, 2011, Foz do Igua\u00e7u. Resumos do encontro de F\u00edsica 2011, 2011..<\/li>\n<li style=\"text-align: justify\"><strong>PEREIRA, L. A.<\/strong> ; BASTOS, R. O. .<a title=\"Resumo Encontr\u00e3o 2011 Lucas\" href=\"http:\/\/sites.unicentro.br\/wp\/petfisica\/files\/2012\/04\/EncontroFisica_Lucas.pdf\" target=\"_blank\" rel=\"noopener\">Radioactive Contamination Measurements of Environmental Air by Radon-222 and Daughters&nbsp;inside dwellings of Guarpuava-PR, Brazil<\/a>. In:&nbsp;Encontro de F\u00edsica de 2011, 2011, Foz do Igua\u00e7u. Resumos do encontro de F\u00edsica 2011, 2011.<\/li>\n<li style=\"text-align: justify\"><strong>SMYKALUK, E. V.<\/strong>; VICENTINI, E. . <a title=\"Resumo II SIEPE Smykaluk\" href=\"http:\/\/sites.unicentro.br\/wp\/petfisica\/files\/2012\/04\/SIEPE_Smykaluk_2011.pdf\" target=\"_blank\" rel=\"noopener\">Ensino de F\u00edsica: Nanotubos de Carbono<\/a>. In: II SIEPE Semana de Integra\u00e7\u00e3o Ensino, Pesquisa e Extens\u00e3o, 2011, Guarapuava. Anais da II SIEPE Semana de Integra\u00e7\u00e3o Ensino, Pesquisa e Extens\u00e3o, 2011.<\/li>\n<li style=\"text-align: justify\"><strong>KLOSOWSKI, A<\/strong>.; VICENTINI, E. <a title=\"resumo SIEPE Allison 2011\" href=\"http:\/\/sites.unicentro.br\/wp\/petfisica\/files\/2012\/04\/SIEPE_Allison_2011.pdf\" target=\"_blank\" rel=\"noopener\">Ensino de F\u00edsica: Placas Fotovoltaicas<\/a>.&nbsp;In: II SIEPE Semana de Integra\u00e7\u00e3o Ensino, Pesquisa e Extens\u00e3o, 2011, Guarapuava. Anais da II SIEPE Semana de Integra\u00e7\u00e3o Ensino, Pesquisa e Extens\u00e3o, 2011.<\/li>\n<\/ol>\n<\/div>\n","protected":false},"excerpt":{"rendered":"<p>FAROU, M. H. E. ; MIYAHARA, R. Y. . Synthesis of cobalt based magnetic nanoparticles using a modified Pechini Method. In: Encontro de F\u00edsica 2011, 2011, Foz do Igua\u00e7u. Anais do Encontro de F\u00edsica 2011, 2011. FAROU, M. H. E. ; MIYAHARA, R. Y. . M\u00e9todo Pechini para Prepara\u00e7\u00e3o de Nanopart\u00edculas. In: IX Semana de [&hellip;]<\/p>\n","protected":false},"author":3,"featured_media":0,"parent":155,"menu_order":0,"comment_status":"open","ping_status":"open","template":"","meta":{"_exactmetrics_skip_tracking":false,"_exactmetrics_sitenote_active":false,"_exactmetrics_sitenote_note":"","_exactmetrics_sitenote_category":0,"footnotes":"","_links_to":"","_links_to_target":""},"class_list":["post-180","page","type-page","status-publish","hentry"],"_links":{"self":[{"href":"https:\/\/www3.unicentro.br\/petfisica\/wp-json\/wp\/v2\/pages\/180","targetHints":{"allow":["GET"]}}],"collection":[{"href":"https:\/\/www3.unicentro.br\/petfisica\/wp-json\/wp\/v2\/pages"}],"about":[{"href":"https:\/\/www3.unicentro.br\/petfisica\/wp-json\/wp\/v2\/types\/page"}],"author":[{"embeddable":true,"href":"https:\/\/www3.unicentro.br\/petfisica\/wp-json\/wp\/v2\/users\/3"}],"replies":[{"embeddable":true,"href":"https:\/\/www3.unicentro.br\/petfisica\/wp-json\/wp\/v2\/comments?post=180"}],"version-history":[{"count":0,"href":"https:\/\/www3.unicentro.br\/petfisica\/wp-json\/wp\/v2\/pages\/180\/revisions"}],"up":[{"embeddable":true,"href":"https:\/\/www3.unicentro.br\/petfisica\/wp-json\/wp\/v2\/pages\/155"}],"wp:attachment":[{"href":"https:\/\/www3.unicentro.br\/petfisica\/wp-json\/wp\/v2\/media?parent=180"}],"curies":[{"name":"wp","href":"https:\/\/api.w.org\/{rel}","templated":true}]}}