{"id":179,"date":"2015-08-07T00:00:00","date_gmt":"2015-08-07T03:00:00","guid":{"rendered":"https:\/\/www3.unicentro.br\/petfisica\/em-2012\/"},"modified":"2018-09-13T11:55:41","modified_gmt":"2018-09-13T14:55:41","slug":"em-2012","status":"publish","type":"page","link":"https:\/\/www3.unicentro.br\/petfisica\/producao\/em-2012\/","title":{"rendered":"Em 2012"},"content":{"rendered":"<ol>\n<li><strong>OLIVEIRA, F. M.<\/strong>&nbsp;; <strong>OLIVEIRA, E. R. C<\/strong>. ; MAINARDES, R. M. ; GONZ\u00c1LEZ-BORRERO, P. P. . Estudo Preliminar Do F\u00e1rmaco Curcumina Via Espectroscopia Fotoac\u00fastica. In: I Simp\u00f3sio de F\u00edsica da UNICENTRO, 2012, Guarapuava-PR. Anais do I Simp\u00f3sio de F\u00edsica da Unicentro, 2012.<\/li>\n<li><strong>FELICZAKI, R. M.<\/strong>; VICENTINI, E. Coeficiente de difus\u00e3o e din\u00e2mica ca\u00f3tica. In: I Simp\u00f3sio de F\u00edsica da UNICENTRO, 2012, Guarapuava-PR. Anais do I Simp\u00f3sio de F\u00edsica da UNICENTRO, 2012.<\/li>\n<li><strong>FELICZAKI, R. M.<\/strong>; VICENTINI, E. Comportamento do coeficiente de difus\u00e3o em um g\u00e1s de Lorentz peri\u00f3dico. In: XVII Semana de Inicia\u00e7\u00e3o Cient\u00edfica, 2012, Guarapuava Pr. Anais da XVII Semana de Inicia\u00e7\u00e3o Cient\u00edfica, 2012.<\/li>\n<li><strong>FELICZAKI, R. M.<\/strong>; VICENTINI, E. Coeficiente de difus\u00e3o em um g\u00e1s de Lorentz peri\u00f3dico. In: XXI Encontro anual de inicia\u00e7\u00e3o cient\u00edfica, 2012, Maring\u00e1 Pr. Anais do XXI Encontro anual de inicia\u00e7\u00e3o cient\u00edfica, 2012.<\/li>\n<li><strong>JULIATTO, V. F.<\/strong>; FAROU, M. H. E.; FELICZAKI, R. M. An\u00e1lise hist\u00f3rica da Teoria da Relatividade Especial sob a \u00f3tica lakatosiana. In: I Simp\u00f3sio de F\u00edsica da UNICENTRO, 2012, Guarapuava Pr. Anais do I Simp\u00f3sio de F\u00edsica da UNICENTRO, 2012.<\/li>\n<li><strong>FAROU, M. H. E.<\/strong> ; MIYAHARA, R. Y. . Obten\u00e7\u00e3o, caracteriza\u00e7\u00e3o e aplica\u00e7\u00f5es de nanopart\u00edculas magn\u00e9ticas com cobalto em sua composi\u00e7\u00e3o atrav\u00e9s do M\u00e9todo Pechini. In: XVII Semana de Inicia\u00e7\u00e3o Cient\u00edfica, 2012, Guarapuava. Anais da Semana de Inicia\u00e7\u00e3o Cient\u00edfica, 2012.<\/li>\n<li><strong>FAROU, M. H. E.<\/strong> ; MIYAHARA, R. Y. . An\u00e1lise do Tamanho de Cristalito de \u00d3xido de Cobalto atrav\u00e9s da Equa\u00e7\u00e3o de Scherrer. In: I Simp\u00f3sio de F\u00edsica e X Semana de Estudos de F\u00edsica, 2012, Guarapuava. Anais do I Simp\u00f3sio de F\u00edsica e X Semana de Estudos de F\u00edsica, 2012.<\/li>\n<li><strong>JULIATTO, V. F. S.<\/strong> ; FAROU, M. H. E. ; FELICZAKI, R. M. ; BASTOS, R. O. . An\u00e1lise hist\u00f3rica da Teoria da Relatividade Especial sob a \u00f3tica Lakatosiana. In: I Simp\u00f3sio de F\u00edsica e X Semana de Estudos de F\u00edsica, 2012, Guarapuava. Anais do I Simp\u00f3sio de F\u00edsica e X Semana de Estudos de F\u00edsica, 2012.<\/li>\n<li><strong>GETELINA, J. C. A.<\/strong> ; FAROU, M. H. E. ; MIYAHARA, R. Y. . Rietveld analysis of Cobalt Oxide. In: XXXV Encontro Nacional de F\u00edsica da Mat\u00e9ria Condensada, 2012, \u00c1guas de Lind\u00f3ia. Anais do XXXV Encontro Nacional de F\u00edsica da Mat\u00e9ria Condensada, 2012.<\/li>\n<li><strong>JULIATTO, V. F. S.<\/strong> ; VICENTINI, E. Difus\u00e3o An\u00f4mala no Conjunto de Cantor. IX Semana de Estudos de F\u00edsica, 2012<\/li>\n<li><strong>JULIATTO, V. F. S.<\/strong> ; VICENTINI, E. Modelagem de processos difusivos an\u00f4malos atrav\u00e9s de fractais. XVII Semana de Inicia\u00e7\u00e3o Cient\u00edfica, 2012<\/li>\n<\/ol>\n","protected":false},"excerpt":{"rendered":"<p>OLIVEIRA, F. M.&nbsp;; OLIVEIRA, E. R. C. ; MAINARDES, R. M. ; GONZ\u00c1LEZ-BORRERO, P. P. . Estudo Preliminar Do F\u00e1rmaco Curcumina Via Espectroscopia Fotoac\u00fastica. In: I Simp\u00f3sio de F\u00edsica da UNICENTRO, 2012, Guarapuava-PR. Anais do I Simp\u00f3sio de F\u00edsica da Unicentro, 2012. FELICZAKI, R. M.; VICENTINI, E. Coeficiente de difus\u00e3o e din\u00e2mica ca\u00f3tica. In: I [&hellip;]<\/p>\n","protected":false},"author":3,"featured_media":0,"parent":155,"menu_order":0,"comment_status":"open","ping_status":"open","template":"","meta":{"_exactmetrics_skip_tracking":false,"_exactmetrics_sitenote_active":false,"_exactmetrics_sitenote_note":"","_exactmetrics_sitenote_category":0,"footnotes":"","_links_to":"","_links_to_target":""},"class_list":["post-179","page","type-page","status-publish","hentry"],"_links":{"self":[{"href":"https:\/\/www3.unicentro.br\/petfisica\/wp-json\/wp\/v2\/pages\/179","targetHints":{"allow":["GET"]}}],"collection":[{"href":"https:\/\/www3.unicentro.br\/petfisica\/wp-json\/wp\/v2\/pages"}],"about":[{"href":"https:\/\/www3.unicentro.br\/petfisica\/wp-json\/wp\/v2\/types\/page"}],"author":[{"embeddable":true,"href":"https:\/\/www3.unicentro.br\/petfisica\/wp-json\/wp\/v2\/users\/3"}],"replies":[{"embeddable":true,"href":"https:\/\/www3.unicentro.br\/petfisica\/wp-json\/wp\/v2\/comments?post=179"}],"version-history":[{"count":0,"href":"https:\/\/www3.unicentro.br\/petfisica\/wp-json\/wp\/v2\/pages\/179\/revisions"}],"up":[{"embeddable":true,"href":"https:\/\/www3.unicentro.br\/petfisica\/wp-json\/wp\/v2\/pages\/155"}],"wp:attachment":[{"href":"https:\/\/www3.unicentro.br\/petfisica\/wp-json\/wp\/v2\/media?parent=179"}],"curies":[{"name":"wp","href":"https:\/\/api.w.org\/{rel}","templated":true}]}}