{"id":178,"date":"2015-08-07T00:00:00","date_gmt":"2015-08-07T03:00:00","guid":{"rendered":"https:\/\/www3.unicentro.br\/petfisica\/em-2013\/"},"modified":"2018-09-13T11:55:41","modified_gmt":"2018-09-13T14:55:41","slug":"em-2013","status":"publish","type":"page","link":"https:\/\/www3.unicentro.br\/petfisica\/producao\/em-2013\/","title":{"rendered":"Em 2013"},"content":{"rendered":"<ul>\n<li><strong>OLIVEIRA, F. M.<\/strong>&nbsp;; MIYAHARA, R. Y. ; GONZ\u00c1LEZ-BORRERO, P. P. . Determina\u00e7\u00e3o de transi\u00e7\u00f5es eletr\u00f4nicas de \u00edons de Ferro (II) e (III) em argilas por Espectroscopia Fotoac\u00fastica. In: XI Semana de Estudos de F\u00edsica da UNICENTRO, 2013, Guarapuava &#8211; PR. Anais da XI Semana de Estudos de F\u00edsica da UNICENTRO, 2013.<\/li>\n<li>BASTOS, R. O. ;&nbsp;<strong>OLIVEIRA, F. M.<\/strong>&nbsp;; SENK, M. V. ; DEUS, W. E. D. . Estimativa da radioatividade m\u00ednima de camisas de lampi\u00e3o por Espectrometria de Raios Gama. In: XI Semana de Estudos de F\u00edsica da UNICENTRO, 2013, Guarapuava &#8211; PR. Anais da XI Semana de Estudos de F\u00edsica da UNICENTRO, 2013.<\/li>\n<li><strong>OLIVEIRA, F. M.<\/strong>&nbsp;; MAINARDES, R. M. ; GONZ\u00c1LEZ-BORRERO, P. P. . Application of photoacoustic spectroscopy in the study of the optical absorption spectrum of curcumin. In: XXXVI Encontro Nacional de F\u00edsica da Mat\u00e9ria Condensada, 2013, \u00c1guas de Lindoia &#8211; SP. Anais do XXXVI Encontro Nacional de F\u00edsica da Mat\u00e9ria Condensada, 2013.<strong>OLIVEIRA, F. M.<\/strong>&nbsp;; MAINARDES, R. M. ; GONZ\u00c1LEZ-BORRERO, P. P. . Curcumina encapsulada em nanopart\u00edculas polim\u00e9ricas: Um estudo fotoac\u00fastico. In: III SIEPE &#8211; Semana de Integra\u00e7\u00e3o Ensino, Pesquisa e Extens\u00e3o, 2013, Guarapuava &#8211; PR. Anais do III SIEPE &#8211; Semana de Integra\u00e7\u00e3o Ensino, Pesquisa e Extens\u00e3o, 2013.FELICZAKI, R. M. ; MELQUIADES, F. L. . SIMULA\u00c7\u00c3O DA INFLU\u00caNCIA DA UMIDADE NO ESPECTRO DE RAIOS X POR MEIO DO C\u00d3DIGO MCSHAPE. In: XI Semana de F\u00edsica da UNICENTRO, 2013, Guarapuava. Anais da XI Semana de F\u00edsica da UNICENTRO, 2013. v. 1.<strong>FAROU, M. H. E.<\/strong> ; MIYAHARA, R. Y. . S\u00edntese e Caracteriza\u00e7\u00e3o F\u00edsica de Nanopart\u00edculas Magn\u00e9ticas de Compostos de Cobalto. In: III SIEPE &#8211; Semana de Integra\u00e7\u00e3o Ensino, Pesquisa e Extens\u00e3o, 2013, Guarapuava. Anais da Semana de Integra\u00e7\u00e3o Ensino, Pesquisa e Extens\u00e3o, 2013.<\/li>\n<li>MORAES, A., TECH, L., BASTOS, R. O., <strong>F.L. Melquiades. <\/strong>Multi-element analysis of a rock pro\u00afle from a coal mine using EDXRF technique In: XXXVI Reuniao de Trabalho sobre F\u00edsica Nuclear no Brasil, 2013, Maresias. <strong>Anais do XXXVI Reuni\u00e3o de Trabalho sobre F\u00edsica Nuclear no Brasil<\/strong>, 2013.FAROU, M. H. E. ; MIYAHARA, R. Y. . S\u00edntese e Caracteriza\u00e7\u00e3o F\u00edsica de Nanopart\u00edculas Magn\u00e9ticas de Compostos de Cobalto. In: III SIEPE &#8211; Semana de Integra\u00e7\u00e3o Ensino, Pesquisa e Extens\u00e3o, 2013, Guarapuava. Anais da Semana de Integra\u00e7\u00e3o Ensino, Pesquisa e Extens\u00e3o, 2013.<\/li>\n<li><strong>SCHARDOSIN, J.<\/strong>&nbsp;; SANDRINO, B. ; DALMOLIN, F. L. ; MAINARDES, M. R. ; KHALIL, M. N. ; WOHNRATH, K. ; TOMINAGA, T. T. Prepara\u00e7\u00e3o de nanopart\u00edculas PLGA, PLGA-PEG do composto antitumoral&nbsp;mer-[RuCl3(dppb)(VPy)](VPy=4vinilpiridina), RuVPy. XI Semana de F\u00edsica, 2013, UNICENTRO, Guarapuava- PR.<strong>&nbsp;<\/strong><\/li>\n<li><strong>SCHARDOSIN, J.<\/strong>&nbsp;; SANDRINO, B. ;&nbsp;&nbsp;WOHNRATH, K. ;&nbsp;DALMOLIN, F. L. ;&nbsp;&nbsp;KHALIL, M. N. ;&nbsp;MAINARDES, M. R. ;&nbsp;TOMINAGA, T. T. Avalia\u00e7\u00e3o da atividade antitumoral das nanopart\u00edculas do composto&nbsp;mer-[RuCl3(dppb)(VPy)](VPy=4vinilpiridina), RuVPy. III Siepe- Semana de Integra\u00e7\u00e3o ensino, pesquisa e extens\u00e3o, 2013, UNICENTRO, Guarapuava-PR.<\/li>\n<li><strong>SCHARDOSIN, J.<\/strong>&nbsp;;&nbsp;&nbsp;DALMOLIN, F. L. ;&nbsp;SANDRINO, B. ;&nbsp;&nbsp;KHALIL, M. N. ;&nbsp;&nbsp;MAINARDES, M. R.;&nbsp;&nbsp;WOHNRATH, K. ; TOMINAGA, T. T.&nbsp;Estudo espectrosc\u00f3pico do composto antitumoral&nbsp;&nbsp;mer-[RuCl3(dppb)(VPy)](VPy=4vinilpiridina), RuVPy para prepara\u00e7\u00e3o de nanopart\u00edculas do tipo PLGA. XVIII Congresso Brasileiro de F\u00edsicia M\u00e9dica &#8211; VI simp\u00f3sio de instrumenta\u00e7\u00e3o e Imagens M\u00e9dicas &#8211; IX Congresso de F\u00edsica Aplicada a Medicina, 2013, S\u00e3o Pedro- SP.<\/li>\n<li><strong>SANTOS, S. S.<\/strong> ; BASTOS, R. O. . MEDIDA DA DISTRIBUI\u00c7\u00c3O DE K, ETH E EU EM PERFIL DE ROCHA DA FORMA\u00c7\u00c3O RIO BONITO. In: III SIEPE SEMANA DE INTEGRA\u00c7\u00c3O ENSINO, PESQUISA E EXTENS\u00c3O, 2013, Guarapuava. Anais da III Semana de Integra\u00e7\u00e3o Ensino, Pesquisa e Extens\u00e3o, 2013. v. 2.<\/li>\n<li><strong>JULIATTO, V. F. S.<\/strong> ; MASSA, L. S. Hipersuperf\u00edcies de Curvatura M\u00e9dia Constante e a Harmonicidade da Aplica\u00e7\u00e3o de Gauss. III Semana de Integra\u00e7\u00e3o Ensino, Pesquisa, Extens\u00e3o, 2013<\/li>\n<li><strong>JULIATTO, V. F. S<\/strong>. ; BORRERO, P. P. G. Monitoria na disciplina de mec\u00e2nica cl\u00e1ssica. III Semana de Integra\u00e7\u00e3o Ensino, Pesquisa, Extens\u00e3o, 2013<\/li>\n<\/ul>\n","protected":false},"excerpt":{"rendered":"<p>OLIVEIRA, F. M.&nbsp;; MIYAHARA, R. Y. ; GONZ\u00c1LEZ-BORRERO, P. P. . Determina\u00e7\u00e3o de transi\u00e7\u00f5es eletr\u00f4nicas de \u00edons de Ferro (II) e (III) em argilas por Espectroscopia Fotoac\u00fastica. In: XI Semana de Estudos de F\u00edsica da UNICENTRO, 2013, Guarapuava &#8211; PR. Anais da XI Semana de Estudos de F\u00edsica da UNICENTRO, 2013. BASTOS, R. O. ;&nbsp;OLIVEIRA, [&hellip;]<\/p>\n","protected":false},"author":3,"featured_media":0,"parent":155,"menu_order":0,"comment_status":"open","ping_status":"open","template":"","meta":{"_exactmetrics_skip_tracking":false,"_exactmetrics_sitenote_active":false,"_exactmetrics_sitenote_note":"","_exactmetrics_sitenote_category":0,"footnotes":"","_links_to":"","_links_to_target":""},"class_list":["post-178","page","type-page","status-publish","hentry"],"_links":{"self":[{"href":"https:\/\/www3.unicentro.br\/petfisica\/wp-json\/wp\/v2\/pages\/178","targetHints":{"allow":["GET"]}}],"collection":[{"href":"https:\/\/www3.unicentro.br\/petfisica\/wp-json\/wp\/v2\/pages"}],"about":[{"href":"https:\/\/www3.unicentro.br\/petfisica\/wp-json\/wp\/v2\/types\/page"}],"author":[{"embeddable":true,"href":"https:\/\/www3.unicentro.br\/petfisica\/wp-json\/wp\/v2\/users\/3"}],"replies":[{"embeddable":true,"href":"https:\/\/www3.unicentro.br\/petfisica\/wp-json\/wp\/v2\/comments?post=178"}],"version-history":[{"count":0,"href":"https:\/\/www3.unicentro.br\/petfisica\/wp-json\/wp\/v2\/pages\/178\/revisions"}],"up":[{"embeddable":true,"href":"https:\/\/www3.unicentro.br\/petfisica\/wp-json\/wp\/v2\/pages\/155"}],"wp:attachment":[{"href":"https:\/\/www3.unicentro.br\/petfisica\/wp-json\/wp\/v2\/media?parent=178"}],"curies":[{"name":"wp","href":"https:\/\/api.w.org\/{rel}","templated":true}]}}