{"id":177,"date":"2015-08-07T00:00:00","date_gmt":"2015-08-07T03:00:00","guid":{"rendered":"https:\/\/www3.unicentro.br\/petfisica\/em-2014\/"},"modified":"2018-09-13T11:55:41","modified_gmt":"2018-09-13T14:55:41","slug":"em-2014","status":"publish","type":"page","link":"https:\/\/www3.unicentro.br\/petfisica\/producao\/em-2014\/","title":{"rendered":"Em 2014"},"content":{"rendered":"<p><b>OLIVEIRA, F. M.<\/b>; MIYAHARA, R. Y.; MELQUIADES, F. L.; GONZ\u00c1LEZ-BORRERO, P. P. Caracteriza\u00e7\u00e3o \u00f3ptica e t\u00e9rmica da argila vermelha bentonita. In: XII Semana de Estudos de F\u00edsica e II Simp\u00f3sio de F\u00edsica da Unicentro, 2014, Guarapuava &#8211; PR. Anais da XII Semana de Estudos de F\u00edsica e II Simp\u00f3sio de F\u00edsica da Unicentro, 2014.<\/p>\n<p><span style=\"color: #000000\"><span style=\"text-decoration: underline\">T\u00edtulo:<\/span><\/span> Caracteriza\u00e7\u00e3o \u00f3ptica e t\u00e9rmica da argila vermelha bentonita.<\/p>\n<p align=\"JUSTIFY\"><span style=\"color: #000000\"><span style=\"text-decoration: underline\">Resumo:<\/span><\/span><span style=\"color: #000000\"> Neste trabalho foram investigadas as propriedades \u00f3pticas e t\u00e9rmicas de amostras de argila vermelha bentonita proveniente da regi\u00e3o de Prudent\u00f3polis\/PR, em fun\u00e7\u00e3o da temperatura de sinteriza\u00e7\u00e3o. Para a caracteriza\u00e7\u00e3o do comportamento t\u00e9rmico da argila bentonita foram empregadas simultaneamente tr\u00eas t\u00e9cnicas termoanal\u00edticas: Termogravimetria, Calorimetria Explorat\u00f3ria Diferencial e An\u00e1lise T\u00e9rmica Diferencial, no intervalo de 25\u00b0C a 1200\u00b0C em atmosfera de nitrog\u00eanio.<\/span> <span style=\"color: #000000\">As propriedades \u00f3pticas de absor\u00e7\u00f5es eletr\u00f4nicas das amostras tratadas termicamente foram estudadas por meio da t\u00e9cnica de Espectroscopia Fotoac\u00fastica, na regi\u00e3o do ultravioleta ao infravermelho pr\u00f3ximo. Visando correlacionar os resultados obtidos entre a temperatura de sinteriza\u00e7\u00e3o e o sinal fotoac\u00fastico foi empregada a t\u00e9cnica de An\u00e1lise Multivariada por meio da an\u00e1lise de componentes principais.<\/span><\/p>\n<p class=\"western\"><b>OLIVEIRA, F. M.<\/b>; MIYAHARA, R. Y.; GONZ\u00c1LEZ-BORRERO, P. P. Determina\u00e7\u00e3o das transi\u00e7\u00f5es eletr\u00f4nicas de \u00edons de Fe (II) e Fe (III) em argilas utilizando a Espectroscopia Fotoac\u00fastica e a Teoria do Campo Ligante Cristalino. In: XIX Semana de Inicia\u00e7\u00e3o Cient\u00edfica da Unicentro, 2014, Guarapuava &#8211; PR. Anais da XIX Semana de Inicia\u00e7\u00e3o Cient\u00edfica da Unicentro, 2014.<\/p>\n<p class=\"western\"><span style=\"text-decoration: underline\">T\u00edtulo:<\/span> Determina\u00e7\u00e3o das transi\u00e7\u00f5es eletr\u00f4nicas de \u00edons de Fe (II) e Fe (III) em argilas utilizando a Espectroscopia Fotoac\u00fastica e a Teoria do Campo Ligante Cristalino.<\/p>\n<p class=\"western\"><span style=\"text-decoration: underline\">Resumo:<\/span> Neste trabalho, a t\u00e9cnica de Espectroscopia Fotoac\u00fastica (PAS) foi empregada no estudo de amostras de argila de regi\u00f5es do estado da Para\u00edba e da cidade de Prudent\u00f3polis &#8211; PR. A partir da deconvolu\u00e7\u00e3o por gaussianas do espectro fotoac\u00fastico foram obtidas as correspondentes bandas de absor\u00e7\u00e3o. As bandas foram associadas \u00e0s transi\u00e7\u00f5es eletr\u00f4nicas dos \u00edons de Ferro (II) e Ferro (III), pertencentes aos complexos tetra\u00e9dricos e octa\u00e9dricos que comp\u00f5em a estrutura molecular das argilas. Estas associa\u00e7\u00f5es foram confirmadas utilizando-se a Teoria do Campo Ligante Cristalino (TCLC), por meio dos diagramas de energia para as configura\u00e7\u00f5es eletr\u00f4nicas 3d<sup>5<\/sup> para os \u00edons de Fe (III), e 3d<sup>6<\/sup> para os \u00edons de Fe (II).<\/p>\n<ul>\n<li><span style=\"font-size: xx-large;color: #3366ff\">2013<\/span><\/li>\n<\/ul>\n","protected":false},"excerpt":{"rendered":"<p>OLIVEIRA, F. M.; MIYAHARA, R. Y.; MELQUIADES, F. L.; GONZ\u00c1LEZ-BORRERO, P. P. Caracteriza\u00e7\u00e3o \u00f3ptica e t\u00e9rmica da argila vermelha bentonita. In: XII Semana de Estudos de F\u00edsica e II Simp\u00f3sio de F\u00edsica da Unicentro, 2014, Guarapuava &#8211; PR. Anais da XII Semana de Estudos de F\u00edsica e II Simp\u00f3sio de F\u00edsica da Unicentro, 2014. T\u00edtulo: [&hellip;]<\/p>\n","protected":false},"author":3,"featured_media":0,"parent":155,"menu_order":0,"comment_status":"open","ping_status":"open","template":"","meta":{"_exactmetrics_skip_tracking":false,"_exactmetrics_sitenote_active":false,"_exactmetrics_sitenote_note":"","_exactmetrics_sitenote_category":0,"footnotes":"","_links_to":"","_links_to_target":""},"class_list":["post-177","page","type-page","status-publish","hentry"],"_links":{"self":[{"href":"https:\/\/www3.unicentro.br\/petfisica\/wp-json\/wp\/v2\/pages\/177","targetHints":{"allow":["GET"]}}],"collection":[{"href":"https:\/\/www3.unicentro.br\/petfisica\/wp-json\/wp\/v2\/pages"}],"about":[{"href":"https:\/\/www3.unicentro.br\/petfisica\/wp-json\/wp\/v2\/types\/page"}],"author":[{"embeddable":true,"href":"https:\/\/www3.unicentro.br\/petfisica\/wp-json\/wp\/v2\/users\/3"}],"replies":[{"embeddable":true,"href":"https:\/\/www3.unicentro.br\/petfisica\/wp-json\/wp\/v2\/comments?post=177"}],"version-history":[{"count":0,"href":"https:\/\/www3.unicentro.br\/petfisica\/wp-json\/wp\/v2\/pages\/177\/revisions"}],"up":[{"embeddable":true,"href":"https:\/\/www3.unicentro.br\/petfisica\/wp-json\/wp\/v2\/pages\/155"}],"wp:attachment":[{"href":"https:\/\/www3.unicentro.br\/petfisica\/wp-json\/wp\/v2\/media?parent=177"}],"curies":[{"name":"wp","href":"https:\/\/api.w.org\/{rel}","templated":true}]}}