{"id":175,"date":"2015-05-08T00:00:00","date_gmt":"2015-05-08T03:00:00","guid":{"rendered":"https:\/\/www3.unicentro.br\/petfisica\/projetos-desenvolvidos-em-periodos-anteriores\/"},"modified":"2019-03-22T15:38:06","modified_gmt":"2019-03-22T18:38:06","slug":"projetos-desenvolvidos-em-periodos-anteriores","status":"publish","type":"page","link":"https:\/\/www3.unicentro.br\/petfisica\/atividades\/pesquisa\/projetos-desenvolvidos-em-periodos-anteriores\/","title":{"rendered":"Projetos 2009 &#8211; 2012"},"content":{"rendered":"<p style=\"text-align: justify\"><span style=\"text-decoration: underline\"><span style=\"font-family: 'times new roman', times, serif;font-size: 12pt\">Caracteriza\u00e7\u00e3o de Elementos Inorg\u00e2nicos em Protetores Labiais e Batons por EDXRF<\/span><\/span><br \/>\n<span style=\"font-family: 'times new roman', times, serif;font-size: 12pt\"><strong>Petiana:<\/strong> Luana Cristina Wouk.<\/span><br \/>\n<span style=\"font-family: 'times new roman', times, serif;font-size: 12pt\"><strong>Orientador:<\/strong> Prof. Dr. F\u00e1bio Luiz Melqu\u00edades.<\/span><br \/>\n<span style=\"font-family: 'times new roman', times, serif;font-size: 12pt\">Resumo: O objetivo deste trabalho de pesquisa \u00e9 identificar e quantificar os metais indesej\u00e1veis em formula\u00e7\u00f5es cosm\u00e9ticas e\/ou farmac\u00eauticas, especificamente protetores labiais e batons, bem como desenvolver uma metodologia para quantificar estes elementos com uso de amostras em natura.<\/span><\/p>\n<hr \/>\n<p style=\"text-align: justify\"><span style=\"text-decoration: underline\"><span style=\"font-family: 'times new roman', times, serif;font-size: 12pt\">Estudo de Bilhares Qu\u00e2nticos<\/span><\/span><br \/>\n<span style=\"font-family: 'times new roman', times, serif;font-size: 12pt\"><strong>Petiano:<\/strong> Emanuel Chimanski.<\/span><br \/>\n<span style=\"font-family: 'times new roman', times, serif;font-size: 12pt\"><strong>Orientador:<\/strong> Prof. Dr. Eduardo Vicentini.<\/span><br \/>\n<span style=\"font-family: 'times new roman', times, serif;font-size: 12pt\">Resumo: O objetivo deste trabalho \u00e9 investigar propriedades de bilhares qu\u00e2nticos, manifestas na chamada Estat\u00edstica de N\u00edveis, utilizando\u00a0t\u00e9cnicas modernas de determina\u00e7\u00e3o de n\u00edveis qu\u00e2nticos.<\/span><\/p>\n<hr \/>\n<p style=\"text-align: justify\"><span style=\"text-decoration: underline\"><span style=\"font-family: 'times new roman', times, serif;font-size: 12pt\">Introdu\u00e7\u00e3o \u00e0 Teoria de Supercordas<\/span><\/span><br \/>\n<span style=\"font-family: 'times new roman', times, serif;font-size: 12pt\"><strong>Petiano:<\/strong> Jo\u00e3o Paulo Smykaluk.<\/span><br \/>\n<span style=\"font-family: 'times new roman', times, serif;font-size: 12pt\"><strong>Orientador:<\/strong> Prof. Dr. Eduardo Vicentini.<\/span><br \/>\n<span style=\"font-family: 'times new roman', times, serif;font-size: 12pt\">Resumo: O objetivo deste trabalho \u00e9 introduzir o acad\u00eamico nos principais conceitos e ferramentas matem\u00e1ticas relacionados com a Teoria de Supercordas. Tamb\u00e9m visa desenvolver material de divulga\u00e7\u00e3o sobre o tema para professores do Ensino M\u00e9dio.<\/span><\/p>\n","protected":false},"excerpt":{"rendered":"<p>Caracteriza\u00e7\u00e3o de Elementos Inorg\u00e2nicos em Protetores Labiais e Batons por EDXRF Petiana: Luana Cristina Wouk. Orientador: Prof. Dr. F\u00e1bio Luiz Melqu\u00edades. Resumo: O objetivo deste trabalho de pesquisa \u00e9 identificar e quantificar os metais indesej\u00e1veis em formula\u00e7\u00f5es cosm\u00e9ticas e\/ou farmac\u00eauticas, especificamente protetores labiais e batons, bem como desenvolver uma metodologia para quantificar estes elementos com [&hellip;]<\/p>\n","protected":false},"author":3,"featured_media":0,"parent":150,"menu_order":0,"comment_status":"open","ping_status":"open","template":"","meta":{"_exactmetrics_skip_tracking":false,"_exactmetrics_sitenote_active":false,"_exactmetrics_sitenote_note":"","_exactmetrics_sitenote_category":0,"footnotes":"","_links_to":"","_links_to_target":""},"class_list":["post-175","page","type-page","status-publish","hentry"],"_links":{"self":[{"href":"https:\/\/www3.unicentro.br\/petfisica\/wp-json\/wp\/v2\/pages\/175","targetHints":{"allow":["GET"]}}],"collection":[{"href":"https:\/\/www3.unicentro.br\/petfisica\/wp-json\/wp\/v2\/pages"}],"about":[{"href":"https:\/\/www3.unicentro.br\/petfisica\/wp-json\/wp\/v2\/types\/page"}],"author":[{"embeddable":true,"href":"https:\/\/www3.unicentro.br\/petfisica\/wp-json\/wp\/v2\/users\/3"}],"replies":[{"embeddable":true,"href":"https:\/\/www3.unicentro.br\/petfisica\/wp-json\/wp\/v2\/comments?post=175"}],"version-history":[{"count":0,"href":"https:\/\/www3.unicentro.br\/petfisica\/wp-json\/wp\/v2\/pages\/175\/revisions"}],"up":[{"embeddable":true,"href":"https:\/\/www3.unicentro.br\/petfisica\/wp-json\/wp\/v2\/pages\/150"}],"wp:attachment":[{"href":"https:\/\/www3.unicentro.br\/petfisica\/wp-json\/wp\/v2\/media?parent=175"}],"curies":[{"name":"wp","href":"https:\/\/api.w.org\/{rel}","templated":true}]}}