{"id":174,"date":"2015-05-08T00:00:00","date_gmt":"2015-05-08T03:00:00","guid":{"rendered":"https:\/\/www3.unicentro.br\/petfisica\/projetos-2012-2013\/"},"modified":"2019-03-22T15:31:16","modified_gmt":"2019-03-22T18:31:16","slug":"projetos-2012-2013","status":"publish","type":"page","link":"https:\/\/www3.unicentro.br\/petfisica\/atividades\/pesquisa\/projetos-2012-2013\/","title":{"rendered":"Projetos 2012 &#8211; 2013"},"content":{"rendered":"<p style=\"text-align: justify\"><span style=\"text-decoration: underline\"><span style=\"font-family: 'times new roman', times, serif;font-size: 12pt\">Hipersuperf\u00edcies de curvatura m\u00e9dia constante e a harmonicidade da aplica\u00e7\u00e3o de Gauss<\/span><\/span><br \/>\n<span style=\"font-family: 'times new roman', times, serif;font-size: 12pt\"><strong>Petiano:<\/strong> Vilson Fabricio Juliatto<\/span><br \/>\n<span style=\"font-family: 'times new roman', times, serif;font-size: 12pt\"><strong>Orientador:<\/strong> Prof. Ms. Lindemberg Sousa Massa<\/span><br \/>\n<span style=\"font-family: 'times new roman', times, serif;font-size: 12pt\">Resumo: O trabalho consistiu, num primeiro momento, em um estudo introdut\u00f3rio de Geometria Diferencial e Geometria Riemanniana, disciplinas de fundamental import\u00e2ncia para a Matem\u00e1tica e F\u00edsica Te\u00f3rica modernas, mas raramente abordadas na gradua\u00e7\u00e3o. Em seguida procedeu-se ao estudo de t\u00f3picos mais avan\u00e7ados, em particular resultados publicados recentemente que estendem a grupos de Lie e variedades homog\u00eaneas certos teoremas ligando a const\u00e2ncia da curvatura m\u00e9dia de uma hipersuperf\u00edcie \u00e0 sua aplica\u00e7\u00e3o de Gauss, anteriormente v\u00e1lidos somente no espa\u00e7o euclidiano.<\/span><\/p>\n<hr \/>\n<p style=\"text-align: justify\"><span style=\"text-decoration: underline\"><span style=\"font-family: 'times new roman', times, serif;font-size: 12pt\">S\u00edntese, Caracteriza\u00e7\u00e3o f\u00edsica e ensaios citol\u00f3gicos de nanopart\u00edculas magn\u00e9ticas de \u00d3xido de Cobalto e Ferrita de Cobalto<\/span><\/span><br \/>\n<span style=\"font-family: 'times new roman', times, serif;font-size: 12pt\"><strong>Petiano:<\/strong> Mahamud Hussein El Farou<\/span><br \/>\n<span style=\"font-family: 'times new roman', times, serif;font-size: 12pt\"><strong>Orientador:<\/strong> Dr. Ricardo Y. Miyahara (DEFIS)<\/span><br \/>\n<span style=\"font-family: 'times new roman', times, serif;font-size: 12pt\">Resumo: Materiais com propriedades magn\u00e9ticas podem oferecer uma grande quantidade de aplica\u00e7\u00f5es, e fazem parte de um dos campos mais f\u00e9rteis e ativos de pesquisa em F\u00edsica da Mat\u00e9ria Condensada. S\u00e3o amplamente aplicados na busca por tecnologias, desde o emprego de im\u00e3s permanentes em dispositivos eletromagn\u00e9ticos (computadores, motores el\u00e9tricos) at\u00e9 sensores ultra-sens\u00edveis com poss\u00edveis aplica\u00e7\u00f5es na medicina. Hoje, existem diversos estudos baseados nas aplica\u00e7\u00f5es de nanopart\u00edculas magn\u00e9ticas. A ferrita de cobalto, por exemplo, tem despertado um grande interesse, visto a sua biocompatibilidade em alguns casos. Essa biocompatibilidade proporciona sua aplica\u00e7\u00e3o no tratamento de c\u00e2ncer, isoladamente ou na presen\u00e7a de f\u00e1rmacos espec\u00edficos. Sendo assim, s\u00e3o propostos os seguintes objetivos: (1) Produzir nanopart\u00edculas de \u00f3xido de cobalto e ferrita de cobalto, via M\u00e9todo de Pechini; (2) Caracterizar o material produzido atrav\u00e9s de diferentes t\u00e9cnicas de caracteriza\u00e7\u00e3o (Difra\u00e7\u00e3o de Raios X, Magnetometria de Amostra Vibrante e Microscopia Eletr\u00f4nica de Varredura); (3)Realizar ensaios citot\u00f3xicos com o material obtido.<\/span><\/p>\n<hr \/>\n<p style=\"text-align: justify\"><span style=\"text-decoration: underline\"><span style=\"font-family: 'times new roman', times, serif;font-size: 12pt\">Avalia\u00e7\u00e3o da atividade antitumoral das nanopart\u00edculas dos compostos mer-[RuCl3(dppq)(Vpy)] (Vpy=4 Vinilpiridina) RuVPy<\/span><\/span><br \/>\n<span style=\"font-family: 'times new roman', times, serif;font-size: 12pt\"><strong>Petiana:<\/strong> Janaina Schardosin<\/span><br \/>\n<span style=\"font-family: 'times new roman', times, serif;font-size: 12pt\"><strong>Orientadora:<\/strong> Dr. Tania T. Tominaga (DEFIS)<\/span><br \/>\n<span style=\"font-family: 'times new roman', times, serif;font-size: 12pt\">Resumo: Com intu\u00edto de diminuir a citotoxidade do complexo de Rut\u00eanio na forma mer-[RuCl3(dppq)(VPy)] (VPY=4-Vinilpiridina) RuVPy foram desenvolvidas duas formula\u00e7\u00f5es de nanopart\u00edculas, PLA-PVA e PLA-Polisserbato, pela t\u00e9cnica de emuls\u00e3o-evapora\u00e7\u00e3o do solvente. Notou-se que a formula\u00e7\u00e3o que melhor formou as part\u00edculas foi a de PLA-PVA, resultando em part\u00edculas de tamanho m\u00e9dio de 287nm e com percentual de nanocapsula\u00e7\u00e3o de praticamente 100%. No entanto, para que fosse poss\u00edvel o preparo destas, foi necess\u00e1rio fazer a caracteriza\u00e7\u00e3o qu\u00edmica do complexo RuVPy, o que levou a obter um coeficiente de extin\u00e7\u00e3o molar para cada solventes org\u00e2nicos utilizado, diclorometano (2000 M-1cm-1) e acetato de etila (2500 M-1cm-1). Com essa caracteriza\u00e7\u00e3o tamb\u00e9m foi poss\u00edvel determinar a estabilidade do complexo RuVPy em fun\u00e7\u00e3o do tempo, o que mostrou que este se mant\u00e9m est\u00e1vel por 48 horas. Com o preparo das nanopart\u00edculas foi observado que este complexo se transforma quando exposto a energias ultra-s\u00f4nicas mudando sua colora\u00e7\u00e3o de vermelho para verde-azulado, o que levou a iniciar um novo estudo do complexo formado.<\/span><\/p>\n<hr \/>\n<p style=\"text-align: justify\"><span style=\"text-decoration: underline\"><span style=\"font-family: 'times new roman', times, serif;font-size: 12pt\">Simula\u00e7\u00e3o de Influ\u00eancia de Espalhamentos Multiplos no Background de Espectros de Fluoresc\u00eancia de Raios X<\/span><\/span><br \/>\n<span style=\"font-family: 'times new roman', times, serif;font-size: 12pt\"><strong>Petiano:<\/strong> Rafael Mateus Feliczaki<\/span><br \/>\n<span style=\"font-family: 'times new roman', times, serif;font-size: 12pt\"><strong>Orientador:<\/strong> Prof. Dr. F\u00e1bio Luiz Melquiades<\/span><br \/>\n<span style=\"font-family: 'times new roman', times, serif;font-size: 12pt\">Resumo: Trata-se de simula\u00e7\u00f5es computacionais de fluoresc\u00eancia de raios X (XRF) com o objetivo de estudar a influencia da umidade na amostra nos espectros. A XRF \u00e9 uma t\u00e9cnica anal\u00edtica fundamentada na intera\u00e7\u00e3o da radia\u00e7\u00e3o com a mat\u00e9ria. Entre suas vantagens est\u00e3o a portabilidade, an\u00e1lise n\u00e3o destrutiva, rapidez e baixo custo. A umidade da amostra \u00e9 um grande fator de erro, especialmente para an\u00e1lises em campo, assim t\u00e9cnicas de corre\u00e7\u00e3o do espectro s\u00e3o necess\u00e1rias para a obten\u00e7\u00e3o de resultados mais precisos. Simula\u00e7\u00f5es computacionais de XRF podem fornecer informa\u00e7\u00f5es sobre a t\u00e9cnica de diversas maneiras, como a previs\u00e3o r\u00e1pida de espectros para diversas composi\u00e7\u00f5es de amostra.<\/span><\/p>\n<hr \/>\n<p style=\"text-align: justify\"><span style=\"text-decoration: underline\"><span style=\"font-family: 'times new roman', times, serif;font-size: 12pt\">Avalia\u00e7\u00e3o do Processo Ensino-Aprendizagem de F\u00edsica sob Perspectiva dos Alunos, Professores e Equipe Pedag\u00f3gica de Escolas de Guarapuava, PR.<\/span><\/span><br \/>\n<span style=\"font-family: 'times new roman', times, serif;font-size: 12pt\"><strong>Petiana:<\/strong> Jacieli Fatima Lyra<\/span><br \/>\n<span style=\"font-family: 'times new roman', times, serif;font-size: 12pt\"><strong>Orientador:<\/strong> Prof. Dr. Ricardo Y. Miyahara<\/span><br \/>\n<span style=\"font-family: 'times new roman', times, serif;font-size: 12pt\">Resumo: (N\u00e3o informado)<\/span><\/p>\n<hr \/>\n<p style=\"text-align: justify\"><span style=\"text-decoration: underline\"><span style=\"font-family: 'times new roman', times, serif;font-size: 12pt\">Caracteriza\u00e7\u00e3o por Fluoresc\u00eancia de Raios X de Perfis de Rocha do Rio Bonito<\/span><\/span><br \/>\n<span style=\"font-family: 'times new roman', times, serif;font-size: 12pt\"><strong>Petiana:<\/strong> Lohane Tech<\/span><br \/>\n<span style=\"font-family: 'times new roman', times, serif;font-size: 12pt\"><strong>Orientador:<\/strong> Prof. Dr. F\u00e1bio Luiz Melqu\u00edades.<\/span><br \/>\n<span style=\"font-family: 'times new roman', times, serif;font-size: 12pt\">Resumo: A distribui\u00e7\u00e3o dos elementos qu\u00edmicos na superf\u00edcie terrestre tem sido alvo de diversos estudos com diferentes motiva\u00e7\u00f5es: mapeamento de rochas, regolitos e solos; explora\u00e7\u00e3o mineral; entendimento do comportamento dos elementos nos diversos processos naturais e\/ou antr\u00f3picos; entendimento da natureza e dos impactos causados pelo homem atrav\u00e9s do conhecimento da din\u00e2mica dos elementos; procura por aplica\u00e7\u00f5es em ci\u00eancias ambientais; al\u00e9m de outras. O objetivo geral do projeto foi caracterizar e classificar um perfil de rocha da forma\u00e7\u00e3o Rio Bonito segundo a an\u00e1lise geoqu\u00edmica, fazendo uso da t\u00e9cnica de fluoresc\u00eancia de raios X. Do ponto de vista geol\u00f3gico, pretende-se analisar as poss\u00edveis rela\u00e7\u00f5es entre as distribui\u00e7\u00f5es de concentra\u00e7\u00f5es e os processos formadores das rochas em quest\u00e3o.<\/span><\/p>\n<hr \/>\n<p style=\"text-align: justify\"><span style=\"text-decoration: underline\"><span style=\"font-family: 'times new roman', times, serif;font-size: 12pt\">\u00a0Medida de distribui\u00e7\u00e3o de K, Th e U em um perfil de rocha da forma\u00e7\u00e3o Rio Bonito<\/span><\/span><br \/>\n<span style=\"font-family: 'times new roman', times, serif;font-size: 12pt\"><strong>Petiano:<\/strong> Sandro da Silva Santos<\/span><br \/>\n<span style=\"font-family: 'times new roman', times, serif;font-size: 12pt\"><strong>Orientador:<\/strong> Dr. Rodrigo O. Bastos<\/span><br \/>\n<span style=\"font-family: 'times new roman', times, serif;font-size: 12pt\">Resumo: (N\u00e3o informado)<\/span><\/p>\n","protected":false},"excerpt":{"rendered":"<p>Hipersuperf\u00edcies de curvatura m\u00e9dia constante e a harmonicidade da aplica\u00e7\u00e3o de Gauss Petiano: Vilson Fabricio Juliatto Orientador: Prof. Ms. Lindemberg Sousa Massa Resumo: O trabalho consistiu, num primeiro momento, em um estudo introdut\u00f3rio de Geometria Diferencial e Geometria Riemanniana, disciplinas de fundamental import\u00e2ncia para a Matem\u00e1tica e F\u00edsica Te\u00f3rica modernas, mas raramente abordadas na gradua\u00e7\u00e3o. [&hellip;]<\/p>\n","protected":false},"author":3,"featured_media":0,"parent":150,"menu_order":0,"comment_status":"open","ping_status":"open","template":"","meta":{"_exactmetrics_skip_tracking":false,"_exactmetrics_sitenote_active":false,"_exactmetrics_sitenote_note":"","_exactmetrics_sitenote_category":0,"footnotes":"","_links_to":"","_links_to_target":""},"class_list":["post-174","page","type-page","status-publish","hentry"],"_links":{"self":[{"href":"https:\/\/www3.unicentro.br\/petfisica\/wp-json\/wp\/v2\/pages\/174","targetHints":{"allow":["GET"]}}],"collection":[{"href":"https:\/\/www3.unicentro.br\/petfisica\/wp-json\/wp\/v2\/pages"}],"about":[{"href":"https:\/\/www3.unicentro.br\/petfisica\/wp-json\/wp\/v2\/types\/page"}],"author":[{"embeddable":true,"href":"https:\/\/www3.unicentro.br\/petfisica\/wp-json\/wp\/v2\/users\/3"}],"replies":[{"embeddable":true,"href":"https:\/\/www3.unicentro.br\/petfisica\/wp-json\/wp\/v2\/comments?post=174"}],"version-history":[{"count":0,"href":"https:\/\/www3.unicentro.br\/petfisica\/wp-json\/wp\/v2\/pages\/174\/revisions"}],"up":[{"embeddable":true,"href":"https:\/\/www3.unicentro.br\/petfisica\/wp-json\/wp\/v2\/pages\/150"}],"wp:attachment":[{"href":"https:\/\/www3.unicentro.br\/petfisica\/wp-json\/wp\/v2\/media?parent=174"}],"curies":[{"name":"wp","href":"https:\/\/api.w.org\/{rel}","templated":true}]}}