{"id":173,"date":"2017-05-08T00:00:00","date_gmt":"2017-05-08T03:00:00","guid":{"rendered":"https:\/\/www3.unicentro.br\/petfisica\/projetos-2013-2014\/"},"modified":"2019-03-22T15:26:09","modified_gmt":"2019-03-22T18:26:09","slug":"projetos-2013-2014","status":"publish","type":"page","link":"https:\/\/www3.unicentro.br\/petfisica\/atividades\/pesquisa\/projetos-2013-2014\/","title":{"rendered":"Projetos 2013 &#8211; 2014"},"content":{"rendered":"<p style=\"text-align: justify\"><span style=\"font-family: 'times new roman', times, serif;font-size: 12pt\"><span style=\"text-decoration: underline\">Avalia\u00e7\u00e3o de Caracter\u00edsticas de Estrelas Novas e Supernova<\/span>.<\/span><br \/>\n<span style=\"font-family: 'times new roman', times, serif;font-size: 12pt\"><strong>Petiana:<\/strong> Alaine Gomes<\/span><br \/>\n<span style=\"font-family: 'times new roman', times, serif;font-size: 12pt\"><strong>Orientador:<\/strong> Prof. Dr. Ricardo Y. Miyahara<\/span><br \/>\n<span style=\"font-family: 'times new roman', times, serif;font-size: 12pt\">Resumo: Este projeto tem por objetivo fazer uma revis\u00e3o bibliogr\u00e1fica, nacional e internacional, da Astronomia no que se refere \u00e0s estrelas novas e supernovas. Para tanto, ser\u00e1 feita a leitura e discuss\u00e3o do conceito de Estrelas Supernovas. Al\u00e9m de, conhecer as novas tecnologias utilizadas no estudo de Supernovas. Este projeto tem por objetivo fazer uma revis\u00e3o bibliogr\u00e1fica, nacional e internacional, da Astronomia no que se refere \u00e0s estrelas novas e supernovas. Para tanto, ser\u00e1 feita a leitura e discuss\u00e3o do conceito de Estrelas Supernovas. Al\u00e9m de, conhecer as novas tecnologias utilizadas no estudo de Supernovas.<\/span><\/p>\n<hr \/>\n<p style=\"text-align: justify\"><span style=\"text-decoration: underline\"><span style=\"font-family: 'times new roman', times, serif;font-size: 12pt\">Avalia\u00e7\u00e3o de Precessos de Biorremedia\u00e7\u00e3o por Fluoresc\u00eancia de Raios X<\/span><\/span><br \/>\n<span style=\"font-family: 'times new roman', times, serif;font-size: 12pt\"><strong>Petiano:<\/strong> Bruno Vieira Almeida<\/span><br \/>\n<span style=\"font-family: 'times new roman', times, serif;font-size: 12pt\"><strong>Orientador:<\/strong> Prof. Dr. F\u00e1bio Luiz Melquiades<\/span><br \/>\n<span style=\"font-family: 'times new roman', times, serif;font-size: 12pt\">Resumo: Por meio de trabalhos anteriores, obteve-se o isolado bacteriano 01, que apresenta capacidade biorremediadora do chumbo. De modo a melhorar o processo de biorremedia\u00e7\u00e3o do Pb em meio l\u00edquido, ent\u00e3o, \u00e9 proposta a otimiza\u00e7\u00e3o das condi\u00e7\u00f5es de sobreviv\u00eancia da bact\u00e9ria, utilizando-se de planejamento fatorial para quantificar os nutrientes do meio e utilizando a metodologia de EDXRF para quantifica\u00e7\u00e3o do metal.<\/span><\/p>\n<hr \/>\n<p style=\"text-align: justify\"><span style=\"text-decoration: underline\"><span style=\"font-family: 'times new roman', times, serif;font-size: 12pt\">Otimiza\u00e7\u00e3o de um Sistema de LED para Potencial Utiliza\u00e7\u00e3o em Terapia Fotodin\u00e2mica<\/span><\/span><br \/>\n<span style=\"font-family: 'times new roman', times, serif;font-size: 12pt\"><strong>Petiano:<\/strong> Diogo Alexandre Wavgenhak<\/span><br \/>\n<span style=\"font-family: 'times new roman', times, serif;font-size: 12pt\"><strong>Orientador:<\/strong> Prof. Dr. Tania Toyomi Tominaga<\/span><br \/>\n<span style=\"font-family: 'times new roman', times, serif;font-size: 12pt\">Resumo: No presente trabalho ser\u00e1 desenvolvido um sistema, em conjunto com pesquisadores da UEM, de um equipamento \u00f3ptico utilizando-se um sistema de LED que irradia luz com intensidade e amplitude crom\u00e1tica e ser\u00e1 calibrado e otimizado para ser utilizado na Terapia Fotodin\u00e2mica. Al\u00e9m disto, o desenvolvimento deste equipamento permite o estudo em c\u00e9lulas.<\/span><\/p>\n<hr \/>\n<p style=\"text-align: justify\"><span style=\"text-decoration: underline\"><span style=\"font-family: 'times new roman', times, serif;font-size: 12pt\">Estudo de F\u00e1rmacos via Espectroscopia Fotoac\u00fastica<\/span><\/span><br \/>\n<span style=\"font-family: 'times new roman', times, serif;font-size: 12pt\"><strong>Petiano:<\/strong> Fernando Maia de Oliveira<\/span><br \/>\n<span style=\"font-family: 'times new roman', times, serif;font-size: 12pt\"><strong>Orientador:<\/strong> Prof. Dr. Pedro Pablo Gonzalez Borrero<\/span><br \/>\n<span style=\"font-family: 'times new roman', times, serif;font-size: 12pt\">Resumo: A curcumina [1,7-bis(4-hidroxi-3-metoxifenil)-1,6-heptadieno-3,5-diona] \u00e9 um pigmento amarelo-alaranjado extra\u00eddo da planta Curcuma longa, conhecida no Brasil como a\u00e7afr\u00e3o-da-\u00cdndia, ou gengibre-amarelo, sendo utilizada comumente como tempero. Apesar de seus usos not\u00e1veis na preven\u00e7\u00e3o, tratamento e cura de doen\u00e7as, a curcumina apresenta baixa biodisponibilidade ao organismo, sendo rapidamente absorvida pelo trato gastrointestinal, n\u00e3o realizando toda a sua atividade metab\u00f3lica antes de ser excretada pela urina. Assim, tem-se estudado seu uso em conjunto de pol\u00edmeros, sob a forma de nanopart\u00edculas biodegrad\u00e1veis, processo o qual, aumenta sua absor\u00e7\u00e3o, seu transporte por membranas e tecidos, e sua metaboliza\u00e7\u00e3o. Neste trabalho, foram analisadas amostras do f\u00e1rmaco curcumina na sua forma pura e encapsulada. Para o encapsulamento foram utilizados pol\u00edmeros nanometricos. Estas nanopart\u00edculas foram obtidas pelo m\u00e9todo da emulsifica\u00e7\u00e3o, utilizando sonica\u00e7\u00e3o como energia para forma\u00e7\u00e3o dos gl\u00f3bulos nanom\u00e9tricos seguida pela evapora\u00e7\u00e3o do solvente org\u00e2nico. O estudo experimental do espectro de absor\u00e7\u00e3o dos f\u00e1rmacos foi realizado por meio da t\u00e9cnica de Espectroscopia Fotoac\u00fastica. Os resultados indicam que a curcumina pura absorve na regi\u00e3o espectral entre 250 e 800 nm e sua forma encapsulada mostra uma pequena redu\u00e7\u00e3o na intensidade da absor\u00e7\u00e3o, mas continua absorvendo na mesma faixa espectral.<\/span><\/p>\n<hr \/>\n<p style=\"text-align: justify\"><span style=\"text-decoration: underline\"><span style=\"font-family: 'times new roman', times, serif;font-size: 12pt\">Influ\u00eancia do tratamento t\u00e9rmico na obten\u00e7\u00e3o de nanopart\u00edculas magn\u00e9ticas contendo cobalto<\/span><\/span><br \/>\n<span style=\"font-family: 'times new roman', times, serif;font-size: 12pt\"><strong>Petiano:<\/strong> Paulo Henrique Gonsalves<\/span><br \/>\n<span style=\"font-family: 'times new roman', times, serif;font-size: 12pt\"><strong>Orientador:<\/strong> Prof. Dr. Ricardo Y. Miyahara.<\/span><br \/>\n<span style=\"font-family: 'times new roman', times, serif;font-size: 12pt\">Resumo: (N\u00e3o informado)<\/span><\/p>\n<hr \/>\n<p style=\"text-align: justify\"><span style=\"text-decoration: underline\"><span style=\"font-family: 'times new roman', times, serif;font-size: 12pt\">Caracteriza\u00e7\u00e3o do efeito do efeito magn\u00e9tico no composto BiFeO 3-PbTiO 3 por meio de medidas de resistividade<\/span><\/span><br \/>\n<span style=\"font-family: 'times new roman', times, serif;font-size: 12pt\"><strong>Petiano:<\/strong> Maycol Szpunar<\/span><br \/>\n<span style=\"font-family: 'times new roman', times, serif;font-size: 12pt\"><strong>Orientador:<\/strong> Prof. Dr. Valdirlei Fernandes Freitas<\/span><br \/>\n<span style=\"font-family: 'times new roman', times, serif;font-size: 12pt\">Resumo: (N\u00e3o informado)<\/span><\/p>\n<hr \/>\n<p style=\"text-align: justify\"><span style=\"text-decoration: underline\"><span style=\"font-family: 'times new roman', times, serif;font-size: 12pt\">Avalia\u00e7\u00e3o do potencial de microorganismos para biorremedia\u00e7\u00e3o de Ars\u00eanio via EDXRF <\/span><\/span><br \/>\n<span style=\"font-family: 'times new roman', times, serif;font-size: 12pt\"><strong>Petiano:<\/strong> Maur\u00edcio Cherpinski<\/span><br \/>\n<span style=\"font-family: 'times new roman', times, serif;font-size: 12pt\"><strong>Orientador:<\/strong> Prof. Dr. F\u00e1bio Luiz Melquiades<\/span><br \/>\n<span style=\"font-family: 'times new roman', times, serif;font-size: 12pt\">Resumo: O objetivo desse projeto \u00e9 a avalia\u00e7\u00e3o e otimiza\u00e7\u00e3o de processos de bioremedia\u00e7\u00e3o de As por uma cepa de bact\u00e9ria com potencial biotecnol\u00f3gico, denominado \u00e0 priori, isolando bacteriano 1, utilizando a metodologia da fluoresc\u00eancia de raios X por dispers\u00e3o de energia (EDXRF).<\/span><\/p>\n","protected":false},"excerpt":{"rendered":"<p>Avalia\u00e7\u00e3o de Caracter\u00edsticas de Estrelas Novas e Supernova. Petiana: Alaine Gomes Orientador: Prof. Dr. Ricardo Y. Miyahara Resumo: Este projeto tem por objetivo fazer uma revis\u00e3o bibliogr\u00e1fica, nacional e internacional, da Astronomia no que se refere \u00e0s estrelas novas e supernovas. Para tanto, ser\u00e1 feita a leitura e discuss\u00e3o do conceito de Estrelas Supernovas. Al\u00e9m [&hellip;]<\/p>\n","protected":false},"author":3,"featured_media":0,"parent":150,"menu_order":0,"comment_status":"open","ping_status":"open","template":"","meta":{"_exactmetrics_skip_tracking":false,"_exactmetrics_sitenote_active":false,"_exactmetrics_sitenote_note":"","_exactmetrics_sitenote_category":0,"footnotes":"","_links_to":"","_links_to_target":""},"class_list":["post-173","page","type-page","status-publish","hentry"],"_links":{"self":[{"href":"https:\/\/www3.unicentro.br\/petfisica\/wp-json\/wp\/v2\/pages\/173","targetHints":{"allow":["GET"]}}],"collection":[{"href":"https:\/\/www3.unicentro.br\/petfisica\/wp-json\/wp\/v2\/pages"}],"about":[{"href":"https:\/\/www3.unicentro.br\/petfisica\/wp-json\/wp\/v2\/types\/page"}],"author":[{"embeddable":true,"href":"https:\/\/www3.unicentro.br\/petfisica\/wp-json\/wp\/v2\/users\/3"}],"replies":[{"embeddable":true,"href":"https:\/\/www3.unicentro.br\/petfisica\/wp-json\/wp\/v2\/comments?post=173"}],"version-history":[{"count":0,"href":"https:\/\/www3.unicentro.br\/petfisica\/wp-json\/wp\/v2\/pages\/173\/revisions"}],"up":[{"embeddable":true,"href":"https:\/\/www3.unicentro.br\/petfisica\/wp-json\/wp\/v2\/pages\/150"}],"wp:attachment":[{"href":"https:\/\/www3.unicentro.br\/petfisica\/wp-json\/wp\/v2\/media?parent=173"}],"curies":[{"name":"wp","href":"https:\/\/api.w.org\/{rel}","templated":true}]}}