{"id":172,"date":"2017-05-08T00:00:00","date_gmt":"2017-05-08T03:00:00","guid":{"rendered":"https:\/\/www3.unicentro.br\/petfisica\/projetos-2014-2015\/"},"modified":"2019-03-22T15:20:41","modified_gmt":"2019-03-22T18:20:41","slug":"projetos-2014-2015","status":"publish","type":"page","link":"https:\/\/www3.unicentro.br\/petfisica\/atividades\/pesquisa\/projetos-2014-2015\/","title":{"rendered":"Projetos 2014 &#8211; 2015"},"content":{"rendered":"<p style=\"text-align: justify\"><span style=\"text-decoration: underline\"><span style=\"font-family: 'times new roman', times, serif;font-size: 12pt\">Relaxamentos n\u00e3o-exponenciais na degrada\u00e7\u00e3o de nanopart\u00edculas transportadoras de f\u00e1rmacos<\/span><\/span><br \/>\n<span style=\"font-family: 'times new roman', times, serif;font-size: 12pt\"><strong>Petiano:<\/strong> Alex Silva de Moraes<\/span><br \/>\n<span style=\"font-family: 'times new roman', times, serif;font-size: 12pt\"><strong>Orientador:<\/strong> Prof. Dr. Eduardo Vicentini<\/span><br \/>\n<span style=\"font-family: 'times new roman', times, serif;font-size: 12pt\">Resumo: O interesse no estudo de sistemas complexos tem aumentado muito dentro das ci\u00eancias exatas e da vida nos \u00faltimos anos. Dessa forma, o objetivo deste trabalho foi estudar como acontece a evolu\u00e7\u00e3o temporal desses sistemas. Comparando a an\u00e1lise feita com mais fre-qu\u00eancia atualmente, atrav\u00e9s de uma combina\u00e7\u00e3o linear de exponenciais cl\u00e1ssicas, e um ti-po de an\u00e1lise pouco utilizada, atrav\u00e9s de exponenciais estendidas, percebeu-se que os sis-temas estudados s\u00e3o descritos mais eficientemente atrav\u00e9s de exponenciais estendidas. Al\u00e9m disso, este tipo de an\u00e1lise nos permite entender melhor como a degrada\u00e7\u00e3o das na-nopart\u00edculas ocorre em sistemas biol\u00f3gicos, uma vez que ela nos fornece um par\u00e2metro a mais.<\/span><\/p>\n<hr \/>\n<p style=\"text-align: justify\"><span style=\"text-decoration: underline\"><span style=\"font-family: 'times new roman', times, serif;font-size: 12pt\">Caracteriza\u00e7\u00e3o do efeito magnetoel\u00e9trico do composto BiFeO3-PbTiO3 pelo m\u00e9todo da resistividade<\/span><\/span><br \/>\n<span style=\"font-family: 'times new roman', times, serif;font-size: 12pt\"><strong>Petiano:<\/strong> Maycol Willian Grudysz Szpunar<\/span><br \/>\n<span style=\"font-family: 'times new roman', times, serif;font-size: 12pt\"><strong>Orientador:<\/strong> Prof. Dr. Valdirlei Fernandes Freitas<\/span><br \/>\n<span style=\"font-family: 'times new roman', times, serif;font-size: 12pt\">Resumo: Neste trabalho buscou-se caracterizar as curvas de resistividade do composto BiFeO3-PbTiO3 com diferentes percentuais de dopagem com La, variando-se a temperatura com o passar do tempo. Assim \u00e9 poss\u00edvel verificar pontos de mudan\u00e7a de estrutura pois o cristal ao modificar sua estrutura, modifica consideravelmente a sua resistividade. A mudan\u00e7a em sua estrutura tamb\u00e9m proporciona a modifica\u00e7\u00e3o das propriedades magn\u00e9ticas do material, em que, este passa do tipo ferroel\u00e9trico para paramagn\u00e9tico numa temperatura especifica denominada temperatura de transi\u00e7\u00e3o de fase. Adiciona-se tamb\u00e9m um campo magn\u00e9tico permanente de 0,7 T para verificar alguma poss\u00edvel modifica\u00e7\u00e3o dessa temperatura. Das in\u00fameras aplica\u00e7\u00f5es que este estudo pode proporcionar, uma delas seria a confec\u00e7\u00e3o de dispositivos eletr\u00f4nicos de armazenamento tais como, mem\u00f3rias, processadores, transistores de aplica\u00e7\u00e3o de campo (FETs), entre outros. Estas, s\u00e3o algumas das aplica\u00e7\u00f5es que este material pode proporcionar devido a sua propriedade multifuncional e por se tratar de um material multiferr\u00f3ico.<\/span><\/p>\n<hr \/>\n<p style=\"text-align: justify\"><span style=\"text-decoration: underline\"><span style=\"font-family: 'times new roman', times, serif;font-size: 12pt\">S\u00edntese de Nanopart\u00edculas de \u00d3xido de Cobalto pelo m\u00e9todo hidrot\u00e9rmico<\/span><\/span><br \/>\n<span style=\"font-family: 'times new roman', times, serif;font-size: 12pt\"><strong>Petiana:<\/strong> Ala\u00edne Gomes<\/span><br \/>\n<span style=\"font-family: 'times new roman', times, serif;font-size: 12pt\"><strong>Orientador:<\/strong> Prof. Dr. Ricardo Yoshimitsu Miyahara<\/span><br \/>\n<span style=\"font-family: 'times new roman', times, serif;font-size: 12pt\">Resumo: Na busca de novos materiais e m\u00e9todos que possam melhorar as tecnologias existentes, percebemos no panorama atual uma crescente \u00eanfase no estudo da nanotecnologia e suas possibilidades como campo de pesquisa. Nesta pesquisa, o m\u00e9todo utilizado foi o M\u00e9todo Hidrot\u00e9rmico que \u00e9 uma s\u00edntese qu\u00edmica, conhecido tamb\u00e9m como o m\u00e9todo verde, pois consome menos energia, produzindo pouco ou nenhum dejeto s\u00f3lido ou gasoso. A s\u00edntese realizada pelo processo hidrot\u00e9rmico vem sendo utilizada em larga escala, por se tratar de um processo relativamente simples, de baixo custo e que permite o controle do tamanho e forma da part\u00edcula obtida. O processo ocorre em um sistema fechado, geralmente usando a \u00e1gua como solvente, enquanto outros utilizam \u00e1cidos. Para otimiza\u00e7\u00e3o do processo, as nanopart\u00edculas ser\u00e3o sintetizadas variando a temperatura, concentra\u00e7\u00e3o da solu\u00e7\u00e3o, concentra\u00e7\u00e3o do reagente e tempo de rea\u00e7\u00e3o. A s\u00edntese ser\u00e1 realizada utilizando uma solu\u00e7\u00e3o de Nitrato de Cobalto e \u00e1gua destilada sob agita\u00e7\u00e3o constante, com outra solu\u00e7\u00e3o de Hidr\u00f3xido de S\u00f3dio e \u00e1gua destilada, tamb\u00e9m, sob agita\u00e7\u00e3o constante.<\/span><\/p>\n<hr \/>\n<p style=\"text-align: justify\"><span style=\"text-decoration: underline\"><span style=\"font-family: 'times new roman', times, serif;font-size: 12pt\">Calibra\u00e7\u00e3o de sistema de espectroscopia gama para medidas de radiois\u00f3topos naturais em rochas e solos<\/span><\/span><br \/>\n<span style=\"font-family: 'times new roman', times, serif;font-size: 12pt\"><strong>Petiana:<\/strong> Layara Baltokoski Boch<\/span><br \/>\n<span style=\"font-family: 'times new roman', times, serif;font-size: 12pt\"><strong>Orientador:<\/strong> Prof. Dr. Rodrigo Oliveira Bastos<\/span><br \/>\n<span style=\"font-family: 'times new roman', times, serif;font-size: 12pt\">Resumo:\u00a0A distribui\u00e7\u00e3o dos radiois\u00f3topos na superf\u00edcie terrestre tem sido alvo de diversos estudos com diferentes motiva\u00e7\u00f5es: mapeamento de rochas, regolitos e solos; explora\u00e7\u00e3o mineral; estudo do calor radiog\u00eanico; geocronologia; avalia\u00e7\u00e3o de quantidades radiom\u00e9tricas e dosim\u00e9tricas; entendimento do comportamento dos radionucl\u00eddeos nos diversos processos naturais e\/ou antr\u00f3picos; entendimento da natureza e dos impactos causados pelo homem atrav\u00e9s do conhecimento da din\u00e2mica dos radionucl\u00eddeos; procura por aplica\u00e7\u00f5es em ci\u00eancias ambientais; al\u00e9m de outras. Uma das t\u00e9cnicas empregadas nas medidas dos radiois\u00f3topos mais abundantes (U-238, Th-232 e K-40) \u00e9 a espectrometria gama. Como qualquer t\u00e9cnica anal\u00edtica, a espectrometria gama demanda um procedimento de calibra\u00e7\u00e3o. As amostras devem ser medidas com arranjo experimental bem definido, onde existe controle da geometria amostra-detector. Neste trabalho ser\u00e1 executada a calibra\u00e7\u00e3o da efici\u00eancia de um detector cintilador de NaI(Tl), para medidas de K, eTh e eU realizadas em campo.<\/span><\/p>\n<hr \/>\n<p style=\"text-align: justify\"><span style=\"text-decoration: underline\"><span style=\"font-family: 'times new roman', times, serif;font-size: 12pt\">Estudo da caracteriza\u00e7\u00e3o de filtros solares a base do agente natural argila na composi\u00e7\u00e3o de protetores solares via espectrocopia fotoac\u00fastica<\/span><\/span><br \/>\n<span style=\"font-family: 'times new roman', times, serif;font-size: 12pt\"><strong>Petiana:<\/strong> Nicole Gabrielle de Moura<\/span><br \/>\n<span style=\"font-family: 'times new roman', times, serif;font-size: 12pt\"><strong>Orientador:<\/strong> Prof. Dr. Pedro Pablo Gonz\u00e1lez Borrero.<\/span><br \/>\n<span style=\"font-family: 'times new roman', times, serif;font-size: 12pt\">Resumo: Existem v\u00e1rias formas de proteger a pele a exposi\u00e7\u00e3o direta aos raios UV, como o uso de chap\u00e9us, \u00f3culos escuros, roupas, entre outros. Outra forma \u00e9 a utiliza\u00e7\u00e3o de protetores solares que ir\u00e3o auxiliar na prote\u00e7\u00e3o. Protetores solares s\u00e3o produtos cosm\u00e9ticos compostos por um filtro solar que \u00e9 o agente que refletir\u00e1 a radia\u00e7\u00e3o ou a absorver\u00e1 e por um creme-base, que facilitar\u00e1 o espalhamento. Hoje est\u00e3o surgindo novos estudos significativos para a utiliza\u00e7\u00e3o de agentes naturais de prote\u00e7\u00e3o UV em protetores solares. Esses estudos incluem argilas e sais minerais de argila, que devido aos seus muitos benef\u00edcios para a sa\u00fade humana s\u00e3o agora utilizados em v\u00e1rios tipos de produtos farmac\u00eauticos e cosm\u00e9ticos. Neste projeto o principal estudo foi investigar a argila incorporada como um filtro em um protetor solar, atrav\u00e9s da t\u00e9cnica de espectroscopia fotoac\u00fastica que permite a obten\u00e7\u00e3o de espectros de absor\u00e7\u00e3o \u00f3ptica de s\u00f3lidos, semiss\u00f3lidos, l\u00edquidos e gases. Isso possibilitou obter uma rela\u00e7\u00e3o da porcentagem de filtro com a absor\u00e7\u00e3o \u00f3ptica da amostra. O potencial para tal caracter\u00edstica foi o principal objeto de estudo deste trabalho.<\/span><\/p>\n<hr \/>\n<p style=\"text-align: justify\"><span style=\"text-decoration: underline\"><span style=\"font-family: 'times new roman', times, serif;font-size: 12pt\">Influ\u00eancia do tratamento t\u00e9rmico na obten\u00e7\u00e3o de nanopart\u00edculas magn\u00e9ticas contendo cobalto<\/span><\/span><br \/>\n<span style=\"font-family: 'times new roman', times, serif;font-size: 12pt\"><strong>Petiano:<\/strong> Paulo Henrique Gonsalves<\/span><br \/>\n<span style=\"font-family: 'times new roman', times, serif;font-size: 12pt\"><strong>Orientador:<\/strong> Prof. Dr. Ricardo Yoshimitsu Miyahara<\/span><br \/>\n<span style=\"font-family: 'times new roman', times, serif;font-size: 12pt\">Resumo: As nanopart\u00edculas s\u00e3o estudadas por possu\u00edrem propriedades f\u00edsicas, qu\u00edmicas e mec\u00e2nicas diferentes dos materiais que as originaram e s\u00e3o vistas como um meio de ampliar aplica\u00e7\u00f5es de materiais. Essa pesquisa tem como objetivo produzir tais part\u00edculas nanom\u00e9tricas por um m\u00e9todo variante do m\u00e9todo sol-gel e utilizando de alguns m\u00e9todos de caracteriza\u00e7\u00e3o entender e analisar a influ\u00eancia que as diferentes rotas de tratamento t\u00e9rmico no final do processo e nas propriedades magn\u00e9ticas apresentadas pelo nanomaterial.<\/span><\/p>\n","protected":false},"excerpt":{"rendered":"<p>Relaxamentos n\u00e3o-exponenciais na degrada\u00e7\u00e3o de nanopart\u00edculas transportadoras de f\u00e1rmacos Petiano: Alex Silva de Moraes Orientador: Prof. Dr. Eduardo Vicentini Resumo: O interesse no estudo de sistemas complexos tem aumentado muito dentro das ci\u00eancias exatas e da vida nos \u00faltimos anos. Dessa forma, o objetivo deste trabalho foi estudar como acontece a evolu\u00e7\u00e3o temporal desses sistemas. [&hellip;]<\/p>\n","protected":false},"author":3,"featured_media":0,"parent":150,"menu_order":0,"comment_status":"open","ping_status":"open","template":"","meta":{"_exactmetrics_skip_tracking":false,"_exactmetrics_sitenote_active":false,"_exactmetrics_sitenote_note":"","_exactmetrics_sitenote_category":0,"footnotes":"","_links_to":"","_links_to_target":""},"class_list":["post-172","page","type-page","status-publish","hentry"],"_links":{"self":[{"href":"https:\/\/www3.unicentro.br\/petfisica\/wp-json\/wp\/v2\/pages\/172","targetHints":{"allow":["GET"]}}],"collection":[{"href":"https:\/\/www3.unicentro.br\/petfisica\/wp-json\/wp\/v2\/pages"}],"about":[{"href":"https:\/\/www3.unicentro.br\/petfisica\/wp-json\/wp\/v2\/types\/page"}],"author":[{"embeddable":true,"href":"https:\/\/www3.unicentro.br\/petfisica\/wp-json\/wp\/v2\/users\/3"}],"replies":[{"embeddable":true,"href":"https:\/\/www3.unicentro.br\/petfisica\/wp-json\/wp\/v2\/comments?post=172"}],"version-history":[{"count":0,"href":"https:\/\/www3.unicentro.br\/petfisica\/wp-json\/wp\/v2\/pages\/172\/revisions"}],"up":[{"embeddable":true,"href":"https:\/\/www3.unicentro.br\/petfisica\/wp-json\/wp\/v2\/pages\/150"}],"wp:attachment":[{"href":"https:\/\/www3.unicentro.br\/petfisica\/wp-json\/wp\/v2\/media?parent=172"}],"curies":[{"name":"wp","href":"https:\/\/api.w.org\/{rel}","templated":true}]}}