{"id":171,"date":"2019-08-14T16:03:00","date_gmt":"2019-08-14T19:03:00","guid":{"rendered":"https:\/\/www3.unicentro.br\/petfisica\/apresentacao-2\/"},"modified":"2022-06-05T01:26:56","modified_gmt":"2022-06-05T04:26:56","slug":"apresentacao","status":"publish","type":"page","link":"https:\/\/www3.unicentro.br\/petfisica\/atividades\/pesquisa\/apresentacao\/","title":{"rendered":"O que \u00e9 a atividade &#8220;Pesquisa&#8221;?"},"content":{"rendered":"<p style=\"text-align: justify\">\u00a0 <span style=\"font-family: 'times new roman', times, serif;font-size: 12pt\">\u00a0Todos os petianos devem desenvolver um projeto de investiga\u00e7\u00e3o cient\u00edfica sob orienta\u00e7\u00e3o de um professor do Departamento de F\u00edsica. Os novos petianos ser\u00e3o auxiliados a escolher seu tema de pesquisa, de acordo com as linhas de pesquisa do Departamento, e iniciar seu projeto ainda no primeiro semestre de ingresso no PET. Todos os professores do Departamento de F\u00edsica est\u00e3o dispon\u00edveis para orientar os petianos. Al\u00e9m disso, o PET incentiva a apresenta\u00e7\u00e3o dos resultados das pesquisas realizadas em eventos e congressos cient\u00edficos, como o Encontro Anual de Inicia\u00e7\u00e3o Cient\u00edfica (EAIC), e motiva os petianos a participarem como ouvintes de eventos cient\u00edficos.<\/span><\/p>\n","protected":false},"excerpt":{"rendered":"<p>\u00a0 \u00a0Todos os petianos devem desenvolver um projeto de investiga\u00e7\u00e3o cient\u00edfica sob orienta\u00e7\u00e3o de um professor do Departamento de F\u00edsica. Os novos petianos ser\u00e3o auxiliados a escolher seu tema de pesquisa, de acordo com as linhas de pesquisa do Departamento, e iniciar seu projeto ainda no primeiro semestre de ingresso no PET. Todos os professores [&hellip;]<\/p>\n","protected":false},"author":3,"featured_media":0,"parent":150,"menu_order":0,"comment_status":"open","ping_status":"closed","template":"","meta":{"_exactmetrics_skip_tracking":false,"_exactmetrics_sitenote_active":false,"_exactmetrics_sitenote_note":"","_exactmetrics_sitenote_category":0,"footnotes":"","_links_to":"","_links_to_target":""},"class_list":["post-171","page","type-page","status-publish","hentry"],"_links":{"self":[{"href":"https:\/\/www3.unicentro.br\/petfisica\/wp-json\/wp\/v2\/pages\/171","targetHints":{"allow":["GET"]}}],"collection":[{"href":"https:\/\/www3.unicentro.br\/petfisica\/wp-json\/wp\/v2\/pages"}],"about":[{"href":"https:\/\/www3.unicentro.br\/petfisica\/wp-json\/wp\/v2\/types\/page"}],"author":[{"embeddable":true,"href":"https:\/\/www3.unicentro.br\/petfisica\/wp-json\/wp\/v2\/users\/3"}],"replies":[{"embeddable":true,"href":"https:\/\/www3.unicentro.br\/petfisica\/wp-json\/wp\/v2\/comments?post=171"}],"version-history":[{"count":0,"href":"https:\/\/www3.unicentro.br\/petfisica\/wp-json\/wp\/v2\/pages\/171\/revisions"}],"up":[{"embeddable":true,"href":"https:\/\/www3.unicentro.br\/petfisica\/wp-json\/wp\/v2\/pages\/150"}],"wp:attachment":[{"href":"https:\/\/www3.unicentro.br\/petfisica\/wp-json\/wp\/v2\/media?parent=171"}],"curies":[{"name":"wp","href":"https:\/\/api.w.org\/{rel}","templated":true}]}}