{"id":167,"date":"2015-07-31T00:00:00","date_gmt":"2015-07-31T03:00:00","guid":{"rendered":"https:\/\/www3.unicentro.br\/petfisica\/apresentacao\/"},"modified":"2020-02-12T15:06:23","modified_gmt":"2020-02-12T18:06:23","slug":"apresentacao","status":"publish","type":"page","link":"https:\/\/www3.unicentro.br\/petfisica\/publicacoes\/resenha-livros\/apresentacao\/","title":{"rendered":"O que \u00e9 a atividade &#8220;Resenha de Livros&#8221;?"},"content":{"rendered":"<div class=\"wpb-content-wrapper\"><p>[vc_row][vc_column][vc_column_text]<\/p>\n<p style=\"text-align: justify\"><span style=\"font-family: times new roman,times,serif;font-size: 12pt\">Visando favorecer sua forma\u00e7\u00e3o universal, os petianos s\u00e3o estimulados a efetuar leituras de livros e artigos de revistas, que enfoquem as mudan\u00e7as de comportamento da sociedade, destacando o papel da Ci\u00eancia e da Tecnologia, ou do Ensino de Ci\u00eancias. As leituras n\u00e3o precisam se restringir a textos ligados diretamente \u00e0 F\u00edsica, podendo ser trazidos outros temas e livros como alguns cl\u00e1ssicos da literatura universal. Ser\u00e1 criado um momento, em uma reuni\u00e3o mensal, em que os petianos possam discutir, de forma descontra\u00edda e prazerosa, suas leituras. Esta atividade ter\u00e1 como objetivo tamb\u00e9m a integra\u00e7\u00e3o de acad\u00eamicos da gradua\u00e7\u00e3o n\u00e3o-petianos. A partir do ano 2019 a atividade F\u00edsica e Cultura passou a denominar-se Resenha do livros.<\/span><\/p>\n<p>[\/vc_column_text][\/vc_column][\/vc_row][vc_row][vc_column][vc_facebook][\/vc_column][\/vc_row]<\/p>\n<\/div>","protected":false},"excerpt":{"rendered":"<p>[vc_row][vc_column][vc_column_text] Visando favorecer sua forma\u00e7\u00e3o universal, os petianos s\u00e3o estimulados a efetuar leituras de livros e artigos de revistas, que enfoquem as mudan\u00e7as de comportamento da sociedade, destacando o papel da Ci\u00eancia e da Tecnologia, ou do Ensino de Ci\u00eancias. As leituras n\u00e3o precisam se restringir a textos ligados diretamente \u00e0 F\u00edsica, podendo ser trazidos [&hellip;]<\/p>\n","protected":false},"author":3,"featured_media":0,"parent":149,"menu_order":0,"comment_status":"open","ping_status":"closed","template":"","meta":{"_exactmetrics_skip_tracking":false,"_exactmetrics_sitenote_active":false,"_exactmetrics_sitenote_note":"","_exactmetrics_sitenote_category":0,"footnotes":"","_links_to":"","_links_to_target":""},"class_list":["post-167","page","type-page","status-publish","hentry"],"_links":{"self":[{"href":"https:\/\/www3.unicentro.br\/petfisica\/wp-json\/wp\/v2\/pages\/167","targetHints":{"allow":["GET"]}}],"collection":[{"href":"https:\/\/www3.unicentro.br\/petfisica\/wp-json\/wp\/v2\/pages"}],"about":[{"href":"https:\/\/www3.unicentro.br\/petfisica\/wp-json\/wp\/v2\/types\/page"}],"author":[{"embeddable":true,"href":"https:\/\/www3.unicentro.br\/petfisica\/wp-json\/wp\/v2\/users\/3"}],"replies":[{"embeddable":true,"href":"https:\/\/www3.unicentro.br\/petfisica\/wp-json\/wp\/v2\/comments?post=167"}],"version-history":[{"count":0,"href":"https:\/\/www3.unicentro.br\/petfisica\/wp-json\/wp\/v2\/pages\/167\/revisions"}],"up":[{"embeddable":true,"href":"https:\/\/www3.unicentro.br\/petfisica\/wp-json\/wp\/v2\/pages\/149"}],"wp:attachment":[{"href":"https:\/\/www3.unicentro.br\/petfisica\/wp-json\/wp\/v2\/media?parent=167"}],"curies":[{"name":"wp","href":"https:\/\/api.w.org\/{rel}","templated":true}]}}