{"id":16606,"date":"2026-02-19T22:29:24","date_gmt":"2026-02-20T01:29:24","guid":{"rendered":"https:\/\/www3.unicentro.br\/petfisica\/?page_id=16606"},"modified":"2026-03-16T20:55:08","modified_gmt":"2026-03-16T23:55:08","slug":"2025-2029","status":"publish","type":"page","link":"https:\/\/www3.unicentro.br\/petfisica\/2025-2029\/","title":{"rendered":"2025 &#8211; 2029"},"content":{"rendered":"<div class=\"wpb-content-wrapper\"><p>[vc_row][vc_column][vc_tta_tabs color=&#8221;juicy-pink&#8221; active_section=&#8221;1&#8243;][vc_tta_section title=&#8221;2025&#8243; tab_id=&#8221;1656343253175-373e2c6f-d445&#8243;][vc_column_text css=&#8221;.vc_custom_1710365702118{margin-top: 10px !important;margin-bottom: 10px !important;border-top-width: 10px !important;border-bottom-width: 10px !important;padding-top: 10px !important;padding-right: 20px !important;padding-bottom: 10px !important;padding-left: 20px !important;background-color: #dbdbdb !important;border-radius: 5px !important;}&#8221;]<\/p>\n<p><span style=\"font-family: 'times new roman', times, serif;font-size: 16px\"><strong>NOME:<\/strong><span style=\"font-family: 'times new roman', times, serif\"> <a href=\"http:\/\/lattes.cnpq.br\/1480387932356818\">Cassandra Trentin<\/a>.\u00a0<\/span><\/span><\/p>\n<p><span style=\"font-family: 'times new roman', times, serif;font-size: 16px\"><strong>FORMA\u00c7\u00c3O<\/strong><\/span><\/p>\n<ul>\n<li><span style=\"font-family: 'times new roman', times, serif;font-size: 16px\">Licenciatura em F\u00edsica pela Universidade Estadual do Centro-Oeste &#8211; Unicentro (2020);<\/span><\/li>\n<li><span style=\"font-family: 'times new roman', times, serif;font-size: 16px\">Mestranda pela Universidade Estadual de S\u00e3o Paulo &#8211; USP (2025).<\/span><\/li>\n<\/ul>\n<p style=\"text-align: right\"><span style=\"font-family: 'times new roman', times, serif;font-size: 16px\">Fonte: Plataforma Lattes e pr\u00f3prio egresso.<\/span><br \/>\n<span style=\"font-family: 'times new roman', times, serif;font-size: 16px\">Ultima atualiza\u00e7\u00e3o: Plataforma Lattes (02\/2025) e pr\u00f3prio egresso (02\/2025).<\/span><\/p>\n<p>[\/vc_column_text][vc_column_text css=&#8221;.vc_custom_1773705298316{margin-top: 10px !important;margin-bottom: 10px !important;border-top-width: 10px !important;border-bottom-width: 10px !important;padding-top: 10px !important;padding-right: 20px !important;padding-bottom: 10px !important;padding-left: 20px !important;border-radius: 5px !important;}&#8221;]<span style=\"font-family: 'times new roman', times, serif;font-size: 12pt\"><strong>NOME: <\/strong><span style=\"font-family: 'times new roman', times, serif;font-size: 16px\"><a href=\"http:\/\/lattes.cnpq.br\/2435459032322653\" target=\"_blank\" rel=\"noopener\">Gabriel Vinicius Mufatto.<\/a><\/span><\/span><\/p>\n<p><span style=\"font-family: 'times new roman', times, serif;font-size: 16px\"><strong>FORMA\u00c7\u00c3O<\/strong><\/span><\/p>\n<ul>\n<li><span style=\"font-family: 'times new roman', times, serif;font-size: 16px\">Licenciatura em F\u00edsica pela Universidade Estadual do Centro-Oeste &#8211; Unicentro (2020);<\/span><\/li>\n<li><span style=\"font-family: 'times new roman', times, serif;font-size: 16px\">Mestrando pela Universidade Estadual de S\u00e3o Paulo &#8211; USP (2025).<\/span><\/li>\n<\/ul>\n<p style=\"text-align: right\"><span style=\"font-family: 'times new roman', times, serif;font-size: 16px\">Fonte: Plataforma Lattes e pr\u00f3prio egresso.<\/span><br \/>\n<span style=\"font-family: 'times new roman', times, serif;font-size: 16px\">Ultima atualiza\u00e7\u00e3o: Plataforma Lattes (02\/2025) e pr\u00f3prio egresso (02\/2025).<\/span><\/p>\n<p>[\/vc_column_text][vc_column_text css=&#8221;.vc_custom_1710365702118{margin-top: 10px !important;margin-bottom: 10px !important;border-top-width: 10px !important;border-bottom-width: 10px !important;padding-top: 10px !important;padding-right: 20px !important;padding-bottom: 10px !important;padding-left: 20px !important;background-color: #dbdbdb !important;border-radius: 5px !important;}&#8221;]<\/p>\n<p><span style=\"font-family: 'times new roman', times, serif;font-size: 12pt\"><span style=\"font-size: 16px\"><strong>NOME:<\/strong> <a href=\"http:\/\/lattes.cnpq.br\/6943600102535585\">Eduardo Matos do Nascimento.<\/a><\/span><\/span><\/p>\n<p><span style=\"font-family: 'times new roman', times, serif;font-size: 16px\"><strong>FORMA\u00c7\u00c3O:<\/strong><\/span><\/p>\n<ul>\n<li><span style=\"font-weight: 400;font-family: 'times new roman', times, serif;font-size: 16px\">Licenciatura em F\u00edsica pela Universidade Estadual do Centro-Oeste &#8211; Unicentro (2025);<\/span><\/li>\n<li><span style=\"font-family: 'times new roman', times, serif;font-size: 16px\">Mestrado pelo Programa de P\u00f3s-Gradua\u00e7\u00e3o em Ensino de Ci\u00eancias Naturais e matem\u00e1tica, Unicentro (2026)<\/span><\/li>\n<\/ul>\n<p><span style=\"font-family: 'times new roman', times, serif;font-size: 16px\"><strong>ATUA\u00c7\u00c3O PROFISSIONAL:<\/strong><\/span><\/p>\n<ul>\n<li><span style=\"font-weight: 400;font-family: 'times new roman', times, serif;font-size: 16px\">Atualmente atua como professor de f\u00edsica da rede publica.\u00a0<\/span><\/li>\n<\/ul>\n<p style=\"text-align: right\"><span style=\"font-family: 'times new roman', times, serif;font-size: 16px\">Fonte: pr\u00f3prio egresso.<\/span><\/p>\n<p style=\"text-align: right\"><span style=\"font-family: 'times new roman', times, serif;font-size: 16px\">\u00daltima atualiza\u00e7\u00e3o: pr\u00f3prio egresso (02\/2026).<\/span><\/p>\n<p>[\/vc_column_text][\/vc_tta_section][\/vc_tta_tabs][\/vc_column][\/vc_row]<\/p>\n<\/div>","protected":false},"excerpt":{"rendered":"<p>[vc_row][vc_column][vc_tta_tabs color=&#8221;juicy-pink&#8221; active_section=&#8221;1&#8243;][vc_tta_section title=&#8221;2025&#8243; tab_id=&#8221;1656343253175-373e2c6f-d445&#8243;][vc_column_text css=&#8221;.vc_custom_1710365702118{margin-top: 10px !important;margin-bottom: 10px !important;border-top-width: 10px !important;border-bottom-width: 10px !important;padding-top: 10px !important;padding-right: 20px !important;padding-bottom: 10px !important;padding-left: 20px !important;background-color: #dbdbdb !important;border-radius: 5px !important;}&#8221;] NOME: Cassandra Trentin.\u00a0 FORMA\u00c7\u00c3O Licenciatura em F\u00edsica pela Universidade Estadual do Centro-Oeste &#8211; Unicentro (2020); Mestranda pela Universidade Estadual de S\u00e3o Paulo &#8211; USP (2025). Fonte: Plataforma Lattes e [&hellip;]<\/p>\n","protected":false},"author":550,"featured_media":0,"parent":0,"menu_order":0,"comment_status":"closed","ping_status":"closed","template":"","meta":{"_exactmetrics_skip_tracking":false,"_exactmetrics_sitenote_active":false,"_exactmetrics_sitenote_note":"","_exactmetrics_sitenote_category":0,"footnotes":"","_links_to":"","_links_to_target":""},"class_list":["post-16606","page","type-page","status-publish","hentry"],"_links":{"self":[{"href":"https:\/\/www3.unicentro.br\/petfisica\/wp-json\/wp\/v2\/pages\/16606","targetHints":{"allow":["GET"]}}],"collection":[{"href":"https:\/\/www3.unicentro.br\/petfisica\/wp-json\/wp\/v2\/pages"}],"about":[{"href":"https:\/\/www3.unicentro.br\/petfisica\/wp-json\/wp\/v2\/types\/page"}],"author":[{"embeddable":true,"href":"https:\/\/www3.unicentro.br\/petfisica\/wp-json\/wp\/v2\/users\/550"}],"replies":[{"embeddable":true,"href":"https:\/\/www3.unicentro.br\/petfisica\/wp-json\/wp\/v2\/comments?post=16606"}],"version-history":[{"count":3,"href":"https:\/\/www3.unicentro.br\/petfisica\/wp-json\/wp\/v2\/pages\/16606\/revisions"}],"predecessor-version":[{"id":16760,"href":"https:\/\/www3.unicentro.br\/petfisica\/wp-json\/wp\/v2\/pages\/16606\/revisions\/16760"}],"wp:attachment":[{"href":"https:\/\/www3.unicentro.br\/petfisica\/wp-json\/wp\/v2\/media?parent=16606"}],"curies":[{"name":"wp","href":"https:\/\/api.w.org\/{rel}","templated":true}]}}