{"id":16443,"date":"2026-01-05T22:24:46","date_gmt":"2026-01-06T01:24:46","guid":{"rendered":"https:\/\/www3.unicentro.br\/petfisica\/?page_id=16443"},"modified":"2026-01-05T22:32:21","modified_gmt":"2026-01-06T01:32:21","slug":"ciclo-de-seminarios-2026","status":"publish","type":"page","link":"https:\/\/www3.unicentro.br\/petfisica\/ciclo-de-seminarios-2026\/","title":{"rendered":"Ciclo de Semin\u00e1rios 2026"},"content":{"rendered":"<div class=\"wpb-content-wrapper\"><p><span style=\"font-size: 12pt;font-family: 'times new roman', times, serif\">[vc_row][vc_column][vc_custom_heading text=&#8221;XVII Ciclo de Semin\u00e1rios do DEFIS&#8221; font_container=&#8221;tag:h1|text_align:center|color:%230a0a0a&#8221; google_fonts=&#8221;font_family:Alegreya%20SC%3Aregular%2Citalic%2C700%2C700italic%2C900%2C900italic|font_style:700%20bold%20regular%3A700%3Anormal&#8221;][vc_custom_heading text=&#8221;Organiza\u00e7\u00e3o: GPET-F\u00edsica&#8221; font_container=&#8221;tag:h3|text_align:center|color:%23000000&#8243; google_fonts=&#8221;font_family:Alegreya%20SC%3Aregular%2Citalic%2C700%2C700italic%2C900%2C900italic|font_style:700%20bold%20italic%3A700%3Aitalic&#8221;][vc_column_text]<\/span><\/p>\n<\/div>","protected":false},"excerpt":{"rendered":"<p>[vc_row][vc_column][vc_custom_heading text=&#8221;XVII Ciclo de Semin\u00e1rios do DEFIS&#8221; font_container=&#8221;tag:h1|text_align:center|color:%230a0a0a&#8221; google_fonts=&#8221;font_family:Alegreya%20SC%3Aregular%2Citalic%2C700%2C700italic%2C900%2C900italic|font_style:700%20bold%20regular%3A700%3Anormal&#8221;][vc_custom_heading text=&#8221;Organiza\u00e7\u00e3o: GPET-F\u00edsica&#8221; font_container=&#8221;tag:h3|text_align:center|color:%23000000&#8243; google_fonts=&#8221;font_family:Alegreya%20SC%3Aregular%2Citalic%2C700%2C700italic%2C900%2C900italic|font_style:700%20bold%20italic%3A700%3Aitalic&#8221;][vc_column_text]<\/p>\n","protected":false},"author":550,"featured_media":0,"parent":0,"menu_order":0,"comment_status":"closed","ping_status":"closed","template":"","meta":{"_exactmetrics_skip_tracking":false,"_exactmetrics_sitenote_active":false,"_exactmetrics_sitenote_note":"","_exactmetrics_sitenote_category":0,"footnotes":"","_links_to":"","_links_to_target":""},"class_list":["post-16443","page","type-page","status-publish","hentry"],"_links":{"self":[{"href":"https:\/\/www3.unicentro.br\/petfisica\/wp-json\/wp\/v2\/pages\/16443","targetHints":{"allow":["GET"]}}],"collection":[{"href":"https:\/\/www3.unicentro.br\/petfisica\/wp-json\/wp\/v2\/pages"}],"about":[{"href":"https:\/\/www3.unicentro.br\/petfisica\/wp-json\/wp\/v2\/types\/page"}],"author":[{"embeddable":true,"href":"https:\/\/www3.unicentro.br\/petfisica\/wp-json\/wp\/v2\/users\/550"}],"replies":[{"embeddable":true,"href":"https:\/\/www3.unicentro.br\/petfisica\/wp-json\/wp\/v2\/comments?post=16443"}],"version-history":[{"count":1,"href":"https:\/\/www3.unicentro.br\/petfisica\/wp-json\/wp\/v2\/pages\/16443\/revisions"}],"predecessor-version":[{"id":16447,"href":"https:\/\/www3.unicentro.br\/petfisica\/wp-json\/wp\/v2\/pages\/16443\/revisions\/16447"}],"wp:attachment":[{"href":"https:\/\/www3.unicentro.br\/petfisica\/wp-json\/wp\/v2\/media?parent=16443"}],"curies":[{"name":"wp","href":"https:\/\/api.w.org\/{rel}","templated":true}]}}