{"id":16375,"date":"2025-12-10T13:02:36","date_gmt":"2025-12-10T16:02:36","guid":{"rendered":"https:\/\/www3.unicentro.br\/petfisica\/?page_id=16375"},"modified":"2026-05-02T18:01:54","modified_gmt":"2026-05-02T21:01:54","slug":"extensao-2026","status":"publish","type":"page","link":"https:\/\/www3.unicentro.br\/petfisica\/extensao-2026\/","title":{"rendered":"Extens\u00e3o 2026"},"content":{"rendered":"<p><strong><a href=\"https:\/\/www3.unicentro.br\/petfisica\/galeria-2026\/\"><span style=\"font-family: 'times new roman', times, serif\"><span style=\"font-family: 'times new roman', times, serif;font-size: 16px\">Minicurso: Calculadora Cient\u00edfica (19\/03\/2026)<\/span><\/span><\/a><\/strong><\/p>\n<p><span style=\"font-weight: 400;font-family: 'times new roman', times, serif;font-size: 16px\">No dia 19 de mar\u00e7o de 2026, o GPET-F\u00edsica realizou um minicurso abordando a tem\u00e1tica fun\u00e7\u00f5es de uma calculadora cient\u00edfica. Durante o minicurso, os participantes aprenderam a usar as mais diversas e \u00fateis fun\u00e7\u00f5es de suas calculadoras, obviamente voltadas para o aux\u00edlio durante a gradua\u00e7\u00e3o. Al\u00e9m da introdu\u00e7\u00e3o te\u00f3rica, os ouvintes eram estimulados a resolver exerc\u00edcios envolvendo as fun\u00e7\u00f5es trabalhadas. Todos os participantes demonstraram grande interesse e participatividade durante a atividade proposta, permitindo que o tema fosse exposto com grande produtividade.<\/span><\/p>\n<hr \/>\n<p><a href=\"https:\/\/www3.unicentro.br\/petfisica\/galeria-2026\/\"><strong><span style=\"font-family: 'times new roman', times, serif;font-size: 16px\">Dia da Ci\u00eancia (07\/04\/2026)<\/span><\/strong><\/a><\/p>\n<p><span style=\"font-weight: 400;font-family: 'times new roman', times, serif;font-size: 16px\">No dia 7 de abril de 2026, o GPET-F\u00edsica realizou uma exposi\u00e7\u00e3o interativa na sala da primeira s\u00e9rie do curso de f\u00edsica, apresentando experimentos de baixo custo sobre mec\u00e2nica. Entre as demonstra\u00e7\u00f5es, destacaram-se as montagens pr\u00e1ticas voltadas para ilustrar conceitos fundamentais, como a resson\u00e2ncia e a conserva\u00e7\u00e3o do momento angular. A atividade permitiu que os estudantes vivenciassem a investiga\u00e7\u00e3o cient\u00edfica na pr\u00e1tica, conectando conceitos f\u00edsicos a situa\u00e7\u00f5es do cotidiano de forma din\u00e2mica e acess\u00edvel, estimulando a curiosidade e o aprendizado.<\/span><\/p>\n<hr \/>\n<p>&nbsp;<\/p>\n","protected":false},"excerpt":{"rendered":"<p>Minicurso: Calculadora Cient\u00edfica (19\/03\/2026) No dia 19 de mar\u00e7o de 2026, o GPET-F\u00edsica realizou um minicurso abordando a tem\u00e1tica fun\u00e7\u00f5es de uma calculadora cient\u00edfica. Durante o minicurso, os participantes aprenderam a usar as mais diversas e \u00fateis fun\u00e7\u00f5es de suas calculadoras, obviamente voltadas para o aux\u00edlio durante a gradua\u00e7\u00e3o. Al\u00e9m da introdu\u00e7\u00e3o te\u00f3rica, os ouvintes [&hellip;]<\/p>\n","protected":false},"author":550,"featured_media":0,"parent":0,"menu_order":0,"comment_status":"closed","ping_status":"closed","template":"","meta":{"_exactmetrics_skip_tracking":false,"_exactmetrics_sitenote_active":false,"_exactmetrics_sitenote_note":"","_exactmetrics_sitenote_category":0,"footnotes":"","_links_to":"","_links_to_target":""},"class_list":["post-16375","page","type-page","status-publish","hentry"],"_links":{"self":[{"href":"https:\/\/www3.unicentro.br\/petfisica\/wp-json\/wp\/v2\/pages\/16375","targetHints":{"allow":["GET"]}}],"collection":[{"href":"https:\/\/www3.unicentro.br\/petfisica\/wp-json\/wp\/v2\/pages"}],"about":[{"href":"https:\/\/www3.unicentro.br\/petfisica\/wp-json\/wp\/v2\/types\/page"}],"author":[{"embeddable":true,"href":"https:\/\/www3.unicentro.br\/petfisica\/wp-json\/wp\/v2\/users\/550"}],"replies":[{"embeddable":true,"href":"https:\/\/www3.unicentro.br\/petfisica\/wp-json\/wp\/v2\/comments?post=16375"}],"version-history":[{"count":3,"href":"https:\/\/www3.unicentro.br\/petfisica\/wp-json\/wp\/v2\/pages\/16375\/revisions"}],"predecessor-version":[{"id":16882,"href":"https:\/\/www3.unicentro.br\/petfisica\/wp-json\/wp\/v2\/pages\/16375\/revisions\/16882"}],"wp:attachment":[{"href":"https:\/\/www3.unicentro.br\/petfisica\/wp-json\/wp\/v2\/media?parent=16375"}],"curies":[{"name":"wp","href":"https:\/\/api.w.org\/{rel}","templated":true}]}}