{"id":16309,"date":"2025-11-20T21:57:56","date_gmt":"2025-11-21T00:57:56","guid":{"rendered":"https:\/\/www3.unicentro.br\/petfisica\/?page_id=16309"},"modified":"2025-11-20T21:57:56","modified_gmt":"2025-11-21T00:57:56","slug":"resumos-publicados-em-eventos-em-2025","status":"publish","type":"page","link":"https:\/\/www3.unicentro.br\/petfisica\/resumos-publicados-em-eventos-em-2025\/","title":{"rendered":"Resumos publicados em eventos em 2025"},"content":{"rendered":"<div class=\"wpb-content-wrapper\"><p>[vc_row][vc_column][vc_column_text]<\/p>\n<ol>\n<li style=\"text-align: justify\"><span style=\"font-family: 'times new roman', times, serif;font-size: 16px\">TRENTIN, C.; VICENTINI, E. Escape e Difus\u00e3o em Sistemas Fractais. Em XXXIV Encontro Anual de Inicia\u00e7\u00e3o Cient\u00edfica (EAIC) 2025, Guarapuava \u2013 PR.<\/span><\/li>\n<li style=\"text-align: justify\"><span style=\"font-family: 'times new roman', times, serif;font-size: 16px\">MUFATTO, G. V.; VICENTINI. E. Difus\u00e3o fractal e movimento difusivo em tr\u00eas dimens\u00f5es. Em XXXIV Encontro Anual de Inicia\u00e7\u00e3o Cient\u00edfica (EAIC) 2025, Guarapuava \u2013 PR.<\/span><\/li>\n<li style=\"text-align: justify\"><span style=\"font-family: 'times new roman', times, serif;font-size: 16px\">ZANONA NETO, A.; BASTOS, R. O.; RAMPIM, L. Medida de Be-7 em amostras de solo. Em XXXIV Encontro Anual de Inicia\u00e7\u00e3o Cient\u00edfica (EAIC) 2025, Guarapuava \u2013 PR.<\/span><\/li>\n<\/ol>\n<p><span style=\"font-family: 'times new roman', times, serif\">[\/vc_column_text][\/vc_column][\/vc_row]<\/span><\/p>\n<\/div>","protected":false},"excerpt":{"rendered":"<p>[vc_row][vc_column][vc_column_text] TRENTIN, C.; VICENTINI, E. Escape e Difus\u00e3o em Sistemas Fractais. Em XXXIV Encontro Anual de Inicia\u00e7\u00e3o Cient\u00edfica (EAIC) 2025, Guarapuava \u2013 PR. MUFATTO, G. V.; VICENTINI. E. Difus\u00e3o fractal e movimento difusivo em tr\u00eas dimens\u00f5es. Em XXXIV Encontro Anual de Inicia\u00e7\u00e3o Cient\u00edfica (EAIC) 2025, Guarapuava \u2013 PR. ZANONA NETO, A.; BASTOS, R. O.; RAMPIM, [&hellip;]<\/p>\n","protected":false},"author":550,"featured_media":0,"parent":0,"menu_order":0,"comment_status":"closed","ping_status":"closed","template":"","meta":{"_exactmetrics_skip_tracking":false,"_exactmetrics_sitenote_active":false,"_exactmetrics_sitenote_note":"","_exactmetrics_sitenote_category":0,"footnotes":"","_links_to":"","_links_to_target":""},"class_list":["post-16309","page","type-page","status-publish","hentry"],"_links":{"self":[{"href":"https:\/\/www3.unicentro.br\/petfisica\/wp-json\/wp\/v2\/pages\/16309","targetHints":{"allow":["GET"]}}],"collection":[{"href":"https:\/\/www3.unicentro.br\/petfisica\/wp-json\/wp\/v2\/pages"}],"about":[{"href":"https:\/\/www3.unicentro.br\/petfisica\/wp-json\/wp\/v2\/types\/page"}],"author":[{"embeddable":true,"href":"https:\/\/www3.unicentro.br\/petfisica\/wp-json\/wp\/v2\/users\/550"}],"replies":[{"embeddable":true,"href":"https:\/\/www3.unicentro.br\/petfisica\/wp-json\/wp\/v2\/comments?post=16309"}],"version-history":[{"count":1,"href":"https:\/\/www3.unicentro.br\/petfisica\/wp-json\/wp\/v2\/pages\/16309\/revisions"}],"predecessor-version":[{"id":16310,"href":"https:\/\/www3.unicentro.br\/petfisica\/wp-json\/wp\/v2\/pages\/16309\/revisions\/16310"}],"wp:attachment":[{"href":"https:\/\/www3.unicentro.br\/petfisica\/wp-json\/wp\/v2\/media?parent=16309"}],"curies":[{"name":"wp","href":"https:\/\/api.w.org\/{rel}","templated":true}]}}