{"id":163,"date":"2015-06-25T00:00:00","date_gmt":"2015-06-25T03:00:00","guid":{"rendered":"https:\/\/www3.unicentro.br\/petfisica\/grupos-de-estudos-2\/"},"modified":"2021-08-03T19:05:06","modified_gmt":"2021-08-03T22:05:06","slug":"grupos-de-estudos-2","status":"publish","type":"page","link":"https:\/\/www3.unicentro.br\/petfisica\/atividades\/grupos-de-estudos-2\/","title":{"rendered":"Grupos de Estudos"},"content":{"rendered":"<div class=\"wpb-content-wrapper\"><p><span style=\"font-family: 'times new roman', times, serif;font-size: 12pt\">[vc_row][vc_column][vc_column_text]<\/span><\/p>\n<p><span style=\"font-family: 'times new roman', times, serif;font-size: 12pt\">Visa aprofundar, ou mesmo expandir, temas tradicionais do curso de F\u00edsica, ou temas mais diretamente ligados \u00e0 Ci\u00eancia dos Materiais, que podem ampliar o conhecimento dos alunos e auxiliar em seus trabalhos de pesquisa individuais e que sejam de interesse comum do grupo. Os temas j\u00e1 abordados foram: F\u00edsica do Estado S\u00f3lido, Sistema Operacional Linux, Linguagem de Programa\u00e7\u00e3o C, Equa\u00e7\u00f5es Diferenciais, Mec\u00e2nica Cl\u00e1ssica, Mec\u00e2nica Qu\u00e2ntica. A partir de sugest\u00f5es dos pr\u00f3prios petianos, outros temas poder\u00e3o ser acrescentados. Como metodologia para o desenvolvimento da atividade, utilizaremos semin\u00e1rios e discuss\u00e3o de problemas. Professores e outros acad\u00eamicos interessados poder\u00e3o participar dos estudos.<\/span><\/p>\n<p><span style=\"font-family: 'times new roman', times, serif;font-size: 12pt\">Temas em desenvolvimento em 2021:<\/span><\/p>\n<ul>\n<li><strong><span style=\"font-family: 'times new roman', times, serif;font-size: 12pt\">F\u00edsica Moderna<\/span><\/strong><\/li>\n<\/ul>\n<p><span style=\"font-family: 'times new roman', times, serif;font-size: 12pt\">Reuni\u00f5es \u00e0s quartas-feiras, \u00e0s 13 h 30 min.<\/span><\/p>\n<ul>\n<li><strong><span style=\"font-family: 'times new roman', times, serif;font-size: 12pt\">Mec\u00e2nica Cl\u00e1ssica<\/span><\/strong><\/li>\n<\/ul>\n<p><span style=\"font-family: 'times new roman', times, serif;font-size: 12pt\">Reuni\u00f5es aos s\u00e1bados, \u00e0s 13 h 30 min.<\/span><\/p>\n<p><span style=\"font-family: 'times new roman', times, serif;font-size: 12pt\">[\/vc_column_text][\/vc_column][\/vc_row]<\/span><\/p>\n<\/div>","protected":false},"excerpt":{"rendered":"<p>[vc_row][vc_column][vc_column_text] Visa aprofundar, ou mesmo expandir, temas tradicionais do curso de F\u00edsica, ou temas mais diretamente ligados \u00e0 Ci\u00eancia dos Materiais, que podem ampliar o conhecimento dos alunos e auxiliar em seus trabalhos de pesquisa individuais e que sejam de interesse comum do grupo. Os temas j\u00e1 abordados foram: F\u00edsica do Estado S\u00f3lido, Sistema Operacional [&hellip;]<\/p>\n","protected":false},"author":3,"featured_media":0,"parent":144,"menu_order":0,"comment_status":"closed","ping_status":"open","template":"","meta":{"_exactmetrics_skip_tracking":false,"_exactmetrics_sitenote_active":false,"_exactmetrics_sitenote_note":"","_exactmetrics_sitenote_category":0,"footnotes":"","_links_to":"","_links_to_target":""},"class_list":["post-163","page","type-page","status-publish","hentry"],"_links":{"self":[{"href":"https:\/\/www3.unicentro.br\/petfisica\/wp-json\/wp\/v2\/pages\/163","targetHints":{"allow":["GET"]}}],"collection":[{"href":"https:\/\/www3.unicentro.br\/petfisica\/wp-json\/wp\/v2\/pages"}],"about":[{"href":"https:\/\/www3.unicentro.br\/petfisica\/wp-json\/wp\/v2\/types\/page"}],"author":[{"embeddable":true,"href":"https:\/\/www3.unicentro.br\/petfisica\/wp-json\/wp\/v2\/users\/3"}],"replies":[{"embeddable":true,"href":"https:\/\/www3.unicentro.br\/petfisica\/wp-json\/wp\/v2\/comments?post=163"}],"version-history":[{"count":0,"href":"https:\/\/www3.unicentro.br\/petfisica\/wp-json\/wp\/v2\/pages\/163\/revisions"}],"up":[{"embeddable":true,"href":"https:\/\/www3.unicentro.br\/petfisica\/wp-json\/wp\/v2\/pages\/144"}],"wp:attachment":[{"href":"https:\/\/www3.unicentro.br\/petfisica\/wp-json\/wp\/v2\/media?parent=163"}],"curies":[{"name":"wp","href":"https:\/\/api.w.org\/{rel}","templated":true}]}}