{"id":161,"date":"2015-06-29T00:00:00","date_gmt":"2015-06-29T03:00:00","guid":{"rendered":"https:\/\/www3.unicentro.br\/petfisica\/artigos-publicados\/"},"modified":"2021-08-17T13:39:22","modified_gmt":"2021-08-17T16:39:22","slug":"artigos-publicados","status":"publish","type":"page","link":"https:\/\/www3.unicentro.br\/petfisica\/producao\/artigos-publicados\/","title":{"rendered":"Artigos Publicados"},"content":{"rendered":"<div class=\"wpb-content-wrapper\"><p>[vc_row][vc_column][vc_column_text]Artigos publicados em peri\u00f3dicos cient\u00edficos:<\/p>\n<ul>\n<li><span style=\"font-size: xx-large;color: #3366ff\">2021<\/span><\/li>\n<\/ul>\n<p><span style=\"font-family: 'times new roman', times, serif;font-size: 12pt\">&#8211; Dias, L.C.; Freitas; V.F., Astrath; E.A.C.; <em>et al<\/em><i>.<\/i>\u00a0<a href=\"https:\/\/link.springer.com\/article\/10.1007\/s13538-021-00925-4\" target=\"_blank\" rel=\"noopener\">On the Characteristics of Perovskite Structured BiFeO<sub>3<\/sub>-PbTiO<sub>3<\/sub> Thin Films: Their Potential to Multifunctional Photovoltaic Applications<\/a>. Brazilian Journal Physics, v. 51<b>, <\/b>p. 1215\u20131223, 2021.<\/span><\/p>\n<p><span style=\"font-family: 'times new roman', times, serif;font-size: 12pt\">&#8211; DIAS, L. C. ; RAMOS, M. V. C. ; OLIVEIRA, V. A. ; GONZ\u00c1LEZ-BORRERO, P.P. . <a href=\"https:\/\/www.brazilianjournals.com\/index.php\/BRJD\/article\/view\/27944\/22112\" target=\"_blank\" rel=\"noopener\">Investiga\u00e7\u00e3o da evas\u00e3o no curso de F\u00edsica-Licenciatura da Unicentro<\/a>. Brazilian Journal of Development, v. 7, n. 4, p. 36628-36641, 2021.<\/span><\/p>\n<p><span style=\"font-family: 'times new roman', times, serif;font-size: 12pt\">&#8211; DOS SANTOS, G. G.; RODRIGUES, R. G.; GONZ\u00c1LEZ-BORRERO, P.P.. <a href=\"https:\/\/www.brazilianjournals.com\/index.php\/BRJD\/article\/view\/28533\/22544\" target=\"_blank\" rel=\"noopener\">Instrumenta\u00e7\u00e3o de baixo custo para o ensino<\/a>. Brazilian Journal of Development, v. 7, n. 4, p. 40469-40481, 2021.<\/span><\/p>\n<ul>\n<li><span style=\"font-size: xx-large;color: #3366ff\">2013<\/span><\/li>\n<\/ul>\n<p><span style=\"font-family: 'times new roman', times, serif;font-size: 12pt\">&#8211; FELICZAKI, R. M. ; <strong>MELQUIADES, F. L.<\/strong> .<a href=\"https:\/\/www.researchgate.net\/profile\/Fabio-Melquiades\/publication\/271183015_Simulacao_de_fluorescencias_de_raios_X_em_amostras_de_solo_com_influencia_de_umidade\/links\/55a576ea08aef604aa0451cb\/Simulacao-de-fluorescencias-de-raios-X-em-amostras-de-solo-com-influencia-de-umidade.pdf\" target=\"_blank\" rel=\"noopener\"> Simula\u00e7\u00e3o de fluoresc\u00eancias de raios X em amostras de solo com influ\u00eancia de umidade<\/a>. Revista Brasileira de F\u00edsica Tecnol\u00f3gica Aplicada, v. 1, p. 1-8, 2014.<\/span><\/p>\n<ul>\n<li><span style=\"font-size: xx-large;color: #3366ff\">2011<\/span><\/li>\n<\/ul>\n<p><span style=\"font-family: 'times new roman', times, serif;font-size: 12pt\">&#8211; MELQUIADES, F. L. ; ALMEIDA, E. ; PERES, J. A. ; SMUCZEK, B. ; <strong>WOUK, L. C.<\/strong> . <a title=\"artigo Luana\" href=\"http:\/\/web01.unicentro.br\/revistas\/index.php\/RECEN\/article\/view\/1308\" target=\"_blank\" rel=\"noopener\">An\u00e1lise de metais em sangue de bovinos e no ambiente de cria\u00e7\u00e3o de bovinos por EDXRF<\/a>. Revista Ci\u00eancias Exatas e Naturais (Impresso), 2011.<\/span>[\/vc_column_text][\/vc_column][\/vc_row]<\/p>\n<\/div>","protected":false},"excerpt":{"rendered":"<p>[vc_row][vc_column][vc_column_text]Artigos publicados em peri\u00f3dicos cient\u00edficos: 2021 &#8211; Dias, L.C.; Freitas; V.F., Astrath; E.A.C.; et al.\u00a0On the Characteristics of Perovskite Structured BiFeO3-PbTiO3 Thin Films: Their Potential to Multifunctional Photovoltaic Applications. Brazilian Journal Physics, v. 51, p. 1215\u20131223, 2021. &#8211; DIAS, L. C. ; RAMOS, M. V. C. ; OLIVEIRA, V. A. ; GONZ\u00c1LEZ-BORRERO, P.P. . Investiga\u00e7\u00e3o [&hellip;]<\/p>\n","protected":false},"author":3,"featured_media":0,"parent":155,"menu_order":0,"comment_status":"closed","ping_status":"open","template":"","meta":{"_exactmetrics_skip_tracking":false,"_exactmetrics_sitenote_active":false,"_exactmetrics_sitenote_note":"","_exactmetrics_sitenote_category":0,"footnotes":"","_links_to":"","_links_to_target":""},"class_list":["post-161","page","type-page","status-publish","hentry"],"_links":{"self":[{"href":"https:\/\/www3.unicentro.br\/petfisica\/wp-json\/wp\/v2\/pages\/161","targetHints":{"allow":["GET"]}}],"collection":[{"href":"https:\/\/www3.unicentro.br\/petfisica\/wp-json\/wp\/v2\/pages"}],"about":[{"href":"https:\/\/www3.unicentro.br\/petfisica\/wp-json\/wp\/v2\/types\/page"}],"author":[{"embeddable":true,"href":"https:\/\/www3.unicentro.br\/petfisica\/wp-json\/wp\/v2\/users\/3"}],"replies":[{"embeddable":true,"href":"https:\/\/www3.unicentro.br\/petfisica\/wp-json\/wp\/v2\/comments?post=161"}],"version-history":[{"count":0,"href":"https:\/\/www3.unicentro.br\/petfisica\/wp-json\/wp\/v2\/pages\/161\/revisions"}],"up":[{"embeddable":true,"href":"https:\/\/www3.unicentro.br\/petfisica\/wp-json\/wp\/v2\/pages\/155"}],"wp:attachment":[{"href":"https:\/\/www3.unicentro.br\/petfisica\/wp-json\/wp\/v2\/media?parent=161"}],"curies":[{"name":"wp","href":"https:\/\/api.w.org\/{rel}","templated":true}]}}