{"id":1607,"date":"2018-12-18T15:49:35","date_gmt":"2018-12-18T17:49:35","guid":{"rendered":"https:\/\/www3.unicentro.br\/petfisica\/?page_id=1607"},"modified":"2023-07-18T11:33:09","modified_gmt":"2023-07-18T14:33:09","slug":"2019-2","status":"publish","type":"page","link":"https:\/\/www3.unicentro.br\/petfisica\/atividades\/extensao\/2019-2\/","title":{"rendered":"Extens\u00e3o 2019"},"content":{"rendered":"<p style=\"text-align: center\"><strong><span style=\"text-decoration: underline\"><span style=\"font-family: 'times new roman', times, serif;font-size: 12pt\">Visita T\u00e9cnica &#8211; GRT \u00d3leo Vegetal<\/span><\/span><\/strong><\/p>\n<p style=\"text-align: justify\"><span style=\"font-family: 'times new roman', times, serif;font-size: 12pt\">No dia 18 de Novembro de 2019, o GPET-F\u00edsica realizou uma visita t\u00e9cnica \u00e0 GRT \u00d3leo Vegetal. Os petianos foram recebidos pela representante Chayanne que explicou um pouco da origem e do trabalho realizado pela empresa, al\u00e9m de explicar todo o processo e tirando d\u00favidas<\/span><\/p>\n<p style=\"text-align: justify\"><span style=\"font-family: 'times new roman', times, serif;font-size: 12pt\">A GRT \u00d3leo Vegetal foi fundada em 2011 com o objetivo de reciclagem e conscientiza\u00e7\u00e3o no descarte do \u00f3leo e gordura vegetal.<\/span><\/p>\n<p style=\"text-align: justify\"><span style=\"font-family: 'times new roman', times, serif;font-size: 12pt\">Tendo em vista de que h\u00e1 diversos males relacionados com o descarte indevido do \u00f3leo vegetal, a empresa desenvolveu diversos projetos para incentivar a pr\u00e1tica da reciclagem, entre esses projetos h\u00e1 o <em>\u00f3leoc\u00e3o<\/em>, que conta com a parceria de diversos pet shops da cidade, o projeto feira solid\u00e1ria, entre outros. Al\u00e9m de desenvolver palestras e programas relacionados com a sua atua\u00e7\u00e3o.<\/span><\/p>\n<p style=\"text-align: justify\"><span style=\"font-family: 'times new roman', times, serif;font-size: 12pt\">Entre esses males h\u00e1 a contamina\u00e7\u00e3o da \u00e1gua, estima-se que 1 litro de \u00f3leo pode contaminar 25 mil litros de \u00e1gua, o que causa um descontrole no oxig\u00eanio do local ocasionando na morte de diversos seres vivos. um processo similar acontece quando o \u00f3leo \u00e9 despejado em terra. Al\u00e9m de que o \u00f3leo quando descartado na pia ou sanit\u00e1rio se torna um aglutinante, fazendo com que fios de cabelo, resto de comida, entre outros, se depositem no cano fazendo com que ele fique entupido.<\/span><\/p>\n<p style=\"text-align: justify\"><span style=\"font-family: 'times new roman', times, serif;font-size: 12pt\">Devido a esses males h\u00e1 a lei estadual N\u00ba 19.260, de 5 de Dezembro de 2017 (do paran\u00e1), e a lei N\u00ba 12.305, de 2 de Agosto de 2010, as quais obrigam os estabelecimentos comerciais a agir de forma consciente com os res\u00edduos gerados, o que \u00e9 conhecido como gest\u00e3o de res\u00edduos.<\/span><\/p>\n<p style=\"text-align: justify\"><span style=\"font-family: 'times new roman', times, serif;font-size: 12pt\">E ent\u00e3o foi explicado o processo de reciclagem do \u00f3leo, o que foi interessante para a forma\u00e7\u00e3o individual dos petianos, tendo em vista que \u00e9 uma alternativa biosustent\u00e1vel, um tema muito discutido atualmente na comunidade cient\u00edfica.<\/span><\/p>\n<hr \/>\n<p style=\"text-align: center\"><span style=\"text-decoration: underline\"><strong><span style=\"font-family: 'times new roman', times, serif;font-size: 12pt\">Participa\u00e7\u00e3o na SIEPE<\/span><\/strong><\/span><\/p>\n<p style=\"text-align: justify\"><span style=\"font-family: 'times new roman', times, serif;font-size: 12pt\">\u00a0Dos dias 28 outubro a 01 de novembro de 2019 ocorreu a VI Semana de Integra\u00e7\u00e3o Ensino, Pesquisa e Extens\u00e3o (SIEPE). Durante esse evento, foram realizadas diversas atividades. Dentre elas, o InterPET e o minicurso de instrumenta\u00e7\u00e3o de F\u00edsica. A<\/span><span style=\"font-family: 'times new roman', times, serif;font-size: 12pt\">\u00a0SIEPE teve in\u00edcio no dia 28 de outubro e foi bastante enriquecedora para todos os participantes do Grupo PET-F\u00edsica. O InterPET deu in\u00edcio \u00e0s atividades, em que ocorreu a participa\u00e7\u00e3o de todos membros de grupos PET da Unicentro. Ocorreram duas palestras durante o per\u00edodo da manh\u00e3 e pela tarde os alunos desenvolveram atividades de intera\u00e7\u00e3o com os demais membros.<\/span><\/p>\n<p style=\"text-align: justify\"><span style=\"font-family: 'times new roman', times, serif;font-size: 12pt\">\u00a0Entretanto, a participa\u00e7\u00e3o do GPET-F\u00edsica durante essa semana n\u00e3o ocorreu apenas no InterPET. Foi realizado um mini-curso de Instrumenta\u00e7\u00e3o de F\u00edsica. Utilizando roteiros e planos de aula do programa, os membros propuseram a constru\u00e7\u00e3o dos experimentos com os participantes do mini-curso. Essa atividade foi avaliada positivamente pelos participantes. <\/span><span style=\"font-family: 'times new roman', times, serif;font-size: 12pt\">Al\u00e9m de proporcionar conhecimento para os participantes, ajudou a divulgar parte das atividades realizadas ao longo do ano.<\/span><\/p>\n<p style=\"text-align: justify\"><span style=\"font-family: 'times new roman', times, serif;font-size: 12pt\">\u00a0Foram realizadas apresenta\u00e7\u00f5es, em que divulgou-se resultados das monitorias cedidas durante os \u00faltimos tr\u00eas anos e sobre as atividades de extens\u00e3o que foram realizadas durante os \u00faltimos anos e a an\u00e1lise do perfil dos alunos do curso de F\u00edsica &#8211; Licenciatura, que ocorreu atrav\u00e9s da aplica\u00e7\u00e3o de question\u00e1rios. <\/span><\/p>\n<p style=\"text-align: justify\"><span style=\"font-family: 'times new roman', times, serif;font-size: 12pt\">\u00a0Ainda durante essa semana, o GPET-F\u00edsica teve a participa\u00e7\u00e3o nas ilhas do conhecimento que aconteceu durante os dias 30 e 31 de outubro, nos per\u00edodos da tarde e noite. Houveram tamb\u00e9m as apresenta\u00e7\u00f5es relacionada \u00e0s inicia\u00e7\u00f5es cient\u00edficas dos participantes (EAIC), onde foram finalizadas as pesquisas de 2018\/2019. <\/span><\/p>\n<p style=\"text-align: justify\"><span style=\"font-family: 'times new roman', times, serif;font-size: 12pt\">\u00a0O evento findou-se com uma magn\u00edfica apresenta\u00e7\u00e3o, com o tema &#8220;mulheres na ci\u00eancia&#8221;. Essa palestra foi ministrada pela Doutora M\u00e1rcia Cristina Bernardes Barbosa e os integrantes do Grupo PET-F\u00edsica compareceram. <\/span><br \/>\n<span style=\"font-family: 'times new roman', times, serif;font-size: 12pt\">Desse modo, a semana foi produtiva, a SIEPE proporcionou \u00f3timas oportunidades para os participantes do grupo neste ano.<\/span><\/p>\n<hr \/>\n<p style=\"text-align: center\"><span style=\"text-decoration: underline\"><strong><span style=\"font-family: 'times new roman', times, serif;font-size: 12pt\">Visita do Cursinho Integra\u00a0<\/span><\/strong><\/span><\/p>\n<p style=\"text-align: justify\"><span style=\"font-family: 'times new roman', times, serif;font-size: 12pt\">No dia 21 de outubro de 2019, no per\u00edodo da tarde, o Grupo PET-F\u00edsica recebeu nas depend\u00eancias do Bloco da F\u00edsica &#8211; Campus CEDETEG, 17 alunos do cursinho Integra, o qual \u00e9 fornecido pela UNICENTRO a fim de preparar alunos do ensino m\u00e9dio para processos seletivos destinados ao ingresso no ensino superior, como exames vestibulares e o ENEM.<\/span><\/p>\n<p style=\"text-align: justify\"><span style=\"font-family: 'times new roman', times, serif;font-size: 12pt\">A atividade desenvolvida com os alunos presentes, baseou-se na realiza\u00e7\u00e3o de demonstra\u00e7\u00f5es experimentais, juntamente com a explica\u00e7\u00e3o dos fen\u00f4menos f\u00edsicos observados em cada um dos experimentos. Os experimentos foram separados em tr\u00eas grupos principais, a saber, <em>mec\u00e2nica<\/em>, <em>\u00f3ptica<\/em> e <em>eletromagnetismo<\/em>. Assim, cada aluno p\u00f4de ter contato com experi\u00eancias simples, que n\u00e3o s\u00f3 podem ser cobradas no vestibular, mas que tamb\u00e9m nos ajudam a entender um pouco do nosso mundo.<\/span><\/p>\n<hr \/>\n<p style=\"text-align: center\"><span style=\"font-family: times new roman,times,serif;font-size: 12pt;text-decoration: underline\"><strong>2\u1d43 Edi\u00e7\u00e3o da Atividade Ci\u00eancia no Campus<\/strong><\/span><\/p>\n<p style=\"text-align: justify\"><span style=\"font-family: times new roman,times,serif;font-size: 12pt\">O Campus CEDETEG da UNICENTRO esteve contemplando a 2\u1d43 edi\u00e7\u00e3o da atividade \u2018Ci\u00eancia no Campus\u2019 organizada pelo Grupo PET-F\u00edsica, a qual foi efetivada no Diret\u00f3rio Central dos Estudantes (D.C.E) nos dias 10 de Setembro e 08 de Outubro, do ano de 2019, entre os hor\u00e1rios de 12 horas e 20 minutos \u2013 13 horas e 20 minutos. A atividade consistiu em expor experimentos elaborados pelos petianos do grupo, os quais s\u00e3o produzidos com materiais de baixo custo e utilizados para demonstra\u00e7\u00f5es em sala de aula ou exposi\u00e7\u00f5es, de conceitos essenciais da F\u00edsica, tratando a mesma de forma mais instrucional e motivadora.<\/span><\/p>\n<p style=\"text-align: justify\"><span style=\"font-family: times new roman,times,serif;font-size: 12pt\">No dia 10 de Setembro, a atividade foi realizada juntamente com o Grupo PET-Qu\u00edmica, os quais tamb\u00e9m apresentaram alguns de seus experimentos no local. A interdisciplinariedade gerada entre os petianos dos grupos instigou os graduandos do Campus CEDETEG, a participarem da exposi\u00e7\u00e3o e se encantarem com as amostras experimentais que proporcionaram fasc\u00ednio aos participantes e satisfa\u00e7\u00e3o aos apresentadores por poderem expor a beleza que \u00e9 a Ci\u00eancia.<\/span><\/p>\n<p style=\"text-align: justify\"><span style=\"font-family: times new roman,times,serif;font-size: 12pt\">O Grupo PET-F\u00edsica agradece a todos os participantes, colaboradores e envolvidos por se fazerem presentes neste segundo momento de transi\u00e7\u00e3o de conhecimentos, que a 2\u1d43 edi\u00e7\u00e3o da atividade \u2018Ci\u00eancia no Campus\u2019 proporcionou.<\/span><\/p>\n<p style=\"text-align: justify\"><a href=\"https:\/\/www3.unicentro.br\/petfisica\/galeria\/2019galeria\/#1569336915918-8bc2d2eb-3289\"><span style=\"font-family: times new roman,times,serif;font-size: 12pt\">Galeria de Fotos (10 de Setembro)<\/span><\/a><\/p>\n<p style=\"text-align: justify\"><a href=\"https:\/\/www3.unicentro.br\/petfisica\/galeria\/2019galeria\/#1570569675505-88749dba-facf\"><span style=\"font-family: times new roman,times,serif;font-size: 12pt\">Galeria de Fotos (08 de Outubro)<\/span><\/a><\/p>\n<hr \/>\n<p style=\"text-align: center\"><span style=\"font-family: times new roman,times,serif;font-size: 12pt;text-decoration: underline\"><strong>Manh\u00e3 da Ci\u00eancia: CEDETEG 2019<\/strong><\/span><\/p>\n<p style=\"text-align: justify\"><span style=\"font-family: times new roman,times,serif;font-size: 12pt\">No dia 22 de agosto de 2019 aconteceu no Campus CEDETEG a Manh\u00e3 de Ci\u00eancias, um encontro no qual professores, acad\u00eamicos e alunos do ensino m\u00e9dio da regi\u00e3o puderam conhecer um pouco sobre a estrutura e os cursos ofertados pela institui\u00e7\u00e3o.<\/span><\/p>\n<p style=\"text-align: justify\"><span style=\"font-family: times new roman,times,serif;font-size: 12pt\">Para integrar a programa\u00e7\u00e3o do evento, a Prefeitura de Pato Branco, por meio da Secretaria Municipal de Ci\u00eancia, Tecnologia e Inova\u00e7\u00e3o, promoveu uma mostra da Corrida Maluca, com alguns carros que participaram da disputa na Inventum 2017.\u00a0<\/span><\/p>\n<p style=\"text-align: justify\"><span style=\"font-family: times new roman,times,serif;font-size: 12pt\">O GPET-F\u00edsica participou do encontro apresentando alguns experimentos do grupo e do curso de F\u00edsica-Licenciatura. Essa intera\u00e7\u00e3o do grupo com a comunidade e alunos em geral proporcionou que todos os lados sa\u00edssem ganhando, tendo em vista que onde t\u00eam uma explica\u00e7\u00e3o da ci\u00eancia h\u00e1 tamb\u00e9m conhecimento sendo passado e de certo modo, sendo adquirido por parte dos interessados em compreender o quanto a natureza \u00e9 maravilhosa. O GPET-F\u00edsica agradece a participa\u00e7\u00e3o de todos e esperamos v\u00ea-los novamente, quem sabe disseminando a ci\u00eancia para outras pessoas, por que quanto mais voc\u00ea aprende e ensina mais voc\u00ea tem interesse em continuar aprendendo e ensinando.<\/span><\/p>\n<hr \/>\n<p style=\"text-align: center\"><span style=\"font-family: times new roman,times,serif;font-size: 12pt;text-decoration: underline\"><strong>Agasalha PET (2\u00aa Doa\u00e7\u00e3o)<\/strong><\/span><\/p>\n<p style=\"text-align: justify\"><span style=\"font-family: times new roman,times,serif;font-size: 12pt\">Numa quarta-feira, dia 31\/07\/2019, foi realizada pelo GPET-F\u00edsica a doa\u00e7\u00e3o dos agasalhos, todos arrecadados por meio da campanha \u201cAgasalha PET\u201d, esta que foi finalizada dia 26\/06\/2019. Assim como a primeira doa\u00e7\u00e3o do ano de 2019, essa doa\u00e7\u00e3o aconteceu na Associa\u00e7\u00e3o de Catadores de Guarapuava. L\u00e1, conversamos sobre a repercuss\u00e3o da primeira doa\u00e7\u00e3o e tamb\u00e9m sobre o alcance desta.\u00a0<\/span><\/p>\n<p style=\"text-align: justify\"><span style=\"font-family: times new roman,times,serif;font-size: 12pt\">Agradecemos a todos que puderam contribuir com mais um ano da campanha, e pedimos para que contribuam com as doa\u00e7\u00f5es que ser\u00e3o realizadas no pr\u00f3ximo ano.<\/span><\/p>\n<hr \/>\n<p style=\"text-align: center\"><span style=\"font-family: times new roman,times,serif;font-size: 12pt\"><strong><span style=\"text-decoration: underline\">PET na Comunidade<\/span>\u00a0<\/strong><\/span><\/p>\n<p style=\"text-align: justify\"><span style=\"font-family: times new roman,times,serif;font-size: 12pt\">Nos dias 15 e 26 de junho de 2019, o GPET-F\u00edsica participou de um projeto realizado pela UNICENTRO, denominado como \u201cUNICENTRO na Comunidade\u201d. Utilizando alguns experimentos de baixo custo produzidos pelos integrantes do grupo, buscou-se atrair a aten\u00e7\u00e3o da sociedade, a fim de mostrar os projetos que s\u00e3o realizados. Essa atividade resultou em mais uma experi\u00eancia importante para os petianos, pois conseguiram, por meio de algumas demonstra\u00e7\u00f5es e explica\u00e7\u00f5es, cativar o interesse do p\u00fablico que passava pelo local naquele dia.<\/span><\/p>\n<p style=\"text-align: justify\"><span style=\"font-family: times new roman,times,serif;font-size: 12pt\">Nesse projeto, v\u00e1rios cursos deslocaram-se at\u00e9 a comunidade para apresentar seus projetos. Al\u00e9m do GPET-F\u00edsica, o curso de F\u00edsica contou com a participa\u00e7\u00e3o de alguns professores e integrantes dos grupos do PIBID e da Resid\u00eancia Pedag\u00f3gica.<\/span><\/p>\n<hr \/>\n<p style=\"text-align: center\"><span style=\"font-family: times new roman,times,serif;font-size: 12pt;text-decoration: underline\"><strong>Agasalha PET (1\u00aa Doa\u00e7\u00e3o)<\/strong><\/span><\/p>\n<p style=\"text-align: justify\"><span style=\"font-family: times new roman,times,serif;font-size: 12pt\">Na quinta-feira, dia 13\/06\/2019, foi realizado pelo GPET-F\u00cdSICA a doa\u00e7\u00e3o dos agasalhos arrecadados atrav\u00e9s da campanha \u201cAgasalha PET\u201d que iniciou no dia 30\/04\/2019. Nesse ano foram arrecadadas diversas pe\u00e7as de roupas e essas foram doadas diretamente para a associa\u00e7\u00e3o de catadores de papel de Guarapuava. Durante a doa\u00e7\u00e3o, foi poss\u00edvel visitar e conhecer mais sobre o processo da coleta, separa\u00e7\u00e3o, compress\u00e3o e venda do lixo que chega atrav\u00e9s dos catadores. A doa\u00e7\u00e3o foi bem-sucedida e alcan\u00e7ar\u00e1 os trabalhadores e tamb\u00e9m familiares. Ainda ser\u00e3o aceitas doa\u00e7\u00f5es para a campanha, que finaliza no dia 26\/06\/2019, contamos com a participa\u00e7\u00e3o de todos e tamb\u00e9m agradecemos a aqueles que j\u00e1 fizeram suas doa\u00e7\u00f5es.<\/span><\/p>\n<hr \/>\n<p style=\"text-align: center\"><span style=\"font-family: times new roman,times,serif;font-size: 12pt;text-decoration: underline\"><strong>PET pelos Pets<\/strong><\/span><\/p>\n<p style=\"text-align: justify\" align=\"justify\"><span style=\"font-family: times new roman,times,serif;font-size: 12pt\"> Este ano, a doa\u00e7\u00e3o referente ao projeto PET pelos pets foi realizada no dia 04 de Maio, \u00e0s 10 horas, em frente a Pra\u00e7a 9 de Dezembro, na cidade de Guarapuava \u2013 PR. A doa\u00e7\u00e3o de mais de 50 kg de ra\u00e7\u00e3o, foi feita para os organizadores de uma feira destinada a doa\u00e7\u00f5es de animais, que por sua vez, ficaram respons\u00e1veis de repassar a ra\u00e7\u00e3o para protetores ou pessoas carentes que se preocupam com a causa.<\/span><\/p>\n<p style=\"text-align: justify\" align=\"justify\"><span style=\"font-family: times new roman,times,serif;font-size: 12pt\"> O Grupo PET \u2013 F\u00edsica agradece a todos que doaram, em especial aos professores do Departamento de F\u00edsica da UNICENTRO (DEFIS) que apoiaram a campanha. Este ano a campanha est\u00e1 oficialmente encerrada. Por\u00e9m, nas pr\u00f3ximas edi\u00e7\u00f5es esperamos poder contar novamente com vossas doa\u00e7\u00f5es, que por mais simples que sejam, s\u00e3o de grande ajuda. <\/span><\/p>\n<hr \/>\n<p style=\"text-align: center\"><span style=\"font-family: times new roman,times,serif;font-size: 12pt;text-decoration: underline\"><strong>Trote Solid\u00e1rio<\/strong><\/span><\/p>\n<p style=\"text-align: justify\"><span style=\"font-family: times new roman,times,serif;font-size: 12pt\">No dia 27 de mar\u00e7o o grupo PET-F\u00edsica junto ao PET-Geografia realizou o trote solid\u00e1rio. Esse \u00e9 uma ideia alternativa para a recep\u00e7\u00e3o dos calouros e consiste em uma doa\u00e7\u00e3o de sangue, de forma volunt\u00e1ria, para o hemocentro da cidade. A atividade ocorreu no per\u00edodo da tarde e contou com a participa\u00e7\u00e3o de acad\u00eamicos dos cursos de Geografia e F\u00edsica da UNICENTRO. Al\u00e9m de ajudar as pessoas que necessitam de sangue nos hospitais, o trote solid\u00e1rio \u00e9 uma forma alternativa de promover a intera\u00e7\u00e3o entre os integrantes dos cursos. O acad\u00eamico tamb\u00e9m recebe alguns benef\u00edcios por se tornar um doador de sangue, caso ele j\u00e1 n\u00e3o seja, como descontos em programas culturais em alguns estados. O trote solid\u00e1rio \u00e9 uma atividade que acontece anualmente, por isso o GPET-F\u00edsica convida a todos a participar das pr\u00f3ximas doa\u00e7\u00f5es.<\/span><\/p>\n","protected":false},"excerpt":{"rendered":"<p>Visita T\u00e9cnica &#8211; GRT \u00d3leo Vegetal No dia 18 de Novembro de 2019, o GPET-F\u00edsica realizou uma visita t\u00e9cnica \u00e0 GRT \u00d3leo Vegetal. Os petianos foram recebidos pela representante Chayanne que explicou um pouco da origem e do trabalho realizado pela empresa, al\u00e9m de explicar todo o processo e tirando d\u00favidas A GRT \u00d3leo Vegetal [&hellip;]<\/p>\n","protected":false},"author":135,"featured_media":0,"parent":190,"menu_order":0,"comment_status":"closed","ping_status":"closed","template":"","meta":{"_exactmetrics_skip_tracking":false,"_exactmetrics_sitenote_active":false,"_exactmetrics_sitenote_note":"","_exactmetrics_sitenote_category":0,"footnotes":"","_links_to":"","_links_to_target":""},"class_list":["post-1607","page","type-page","status-publish","hentry"],"_links":{"self":[{"href":"https:\/\/www3.unicentro.br\/petfisica\/wp-json\/wp\/v2\/pages\/1607","targetHints":{"allow":["GET"]}}],"collection":[{"href":"https:\/\/www3.unicentro.br\/petfisica\/wp-json\/wp\/v2\/pages"}],"about":[{"href":"https:\/\/www3.unicentro.br\/petfisica\/wp-json\/wp\/v2\/types\/page"}],"author":[{"embeddable":true,"href":"https:\/\/www3.unicentro.br\/petfisica\/wp-json\/wp\/v2\/users\/135"}],"replies":[{"embeddable":true,"href":"https:\/\/www3.unicentro.br\/petfisica\/wp-json\/wp\/v2\/comments?post=1607"}],"version-history":[{"count":0,"href":"https:\/\/www3.unicentro.br\/petfisica\/wp-json\/wp\/v2\/pages\/1607\/revisions"}],"up":[{"embeddable":true,"href":"https:\/\/www3.unicentro.br\/petfisica\/wp-json\/wp\/v2\/pages\/190"}],"wp:attachment":[{"href":"https:\/\/www3.unicentro.br\/petfisica\/wp-json\/wp\/v2\/media?parent=1607"}],"curies":[{"name":"wp","href":"https:\/\/api.w.org\/{rel}","templated":true}]}}