{"id":16048,"date":"2025-09-02T17:57:03","date_gmt":"2025-09-02T20:57:03","guid":{"rendered":"https:\/\/www3.unicentro.br\/petfisica\/?page_id=16048"},"modified":"2025-09-09T22:13:57","modified_gmt":"2025-09-10T01:13:57","slug":"projetos-2025-2026","status":"publish","type":"page","link":"https:\/\/www3.unicentro.br\/petfisica\/projetos-2025-2026\/","title":{"rendered":"Projetos 2025 &#8211; 2026"},"content":{"rendered":"<div class=\"wpb-content-wrapper\"><p><span style=\"font-family: 'times new roman', times, serif;font-size: 12pt\">[vc_row][vc_column][vc_column_text]<\/span><\/p>\n<p style=\"text-align: center\"><span style=\"text-decoration: underline;font-family: 'times new roman', times, serif;font-size: 16px\"><strong>Planet\u00e1rio m\u00f3vel como ferramenta na divulga\u00e7\u00e3o de conceitos f\u00edsicos da astronomia<\/strong><\/span><\/p>\n<p style=\"text-align: justify\"><span style=\"font-family: 'times new roman', times, serif;font-size: 16px\"><strong>Orientanda:<\/strong> Ana Julia Maximowski;<\/span><\/p>\n<p style=\"text-align: justify\"><span style=\"font-family: 'times new roman', times, serif;font-size: 16px\"><strong>Orientador:<\/strong> Prof. Dr. Ricardo Yoshimitsu Miyahara;<\/span><\/p>\n<p style=\"text-align: justify\"><strong><span style=\"font-family: 'times new roman', times, serif;font-size: 16px\">Resumo:<\/span><\/strong><\/p>\n<p style=\"text-align: justify\"><span style=\"font-family: 'times new roman', times, serif;font-size: 16px\">Sabemos que os objetos mais misteriosos do nosso cosmos t\u00eam nome: Buracos Negros. S\u00e3o estrelas que chegaram ao fim da sua vida, queimando todo o hidrog\u00eanio em seu n\u00facleo. Esses objetos supermassivos possuem uma gravidade capaz de dilatar o espa\u00e7o-tempo e desafiar todas as leis da f\u00edsica conhecidas at\u00e9 hoje. Partindo disso, essa pesquisa visa deixar esse objeto complexo mais simples de ser explicado, transformando um conte\u00fado complicado em um v\u00eddeo para planet\u00e1rio, que ser\u00e1 apresentado na comunidade, especialmente nas escolas, descomplicando a f\u00edsica extrema e tornando algo simples, para que pessoas leigas tamb\u00e9m possam ter a oportunidade de conhecer e aprender a f\u00edsica presente nesses objetos.<\/span><\/p>\n<hr \/>\n<p style=\"text-align: center\"><span style=\"text-decoration: underline\"><strong><span style=\"font-family: 'times new roman', times, serif;font-size: 16px\">\u00a0Mapeamento de radionucl\u00eddeos em solos<\/span><\/strong><\/span><\/p>\n<p style=\"text-align: justify\"><span style=\"font-family: 'times new roman', times, serif;font-size: 16px\"><strong>Orientando:<\/strong> Angelo Zanona Neto<\/span><\/p>\n<p style=\"text-align: justify\"><span style=\"font-family: 'times new roman', times, serif;font-size: 16px\"><strong>Orientador:<\/strong> Prof. Dr. Rodrigo Oliveira Bastos<\/span><\/p>\n<p style=\"text-align: justify\"><strong><span style=\"font-family: 'times new roman', times, serif;font-size: 16px\">Resumo:<\/span><\/strong><\/p>\n<p style=\"text-align: justify\"><span style=\"font-family: 'times new roman', times, serif;font-size: 16px\">A radioatividade natural \u00e9 um fen\u00f4meno originado pela desintegra\u00e7\u00e3o de radionucl\u00eddeos primordiais encontrados em solos e rochas, como os das s\u00e9ries do Ur\u00e2nio-238 e T\u00f3rio-232, al\u00e9m do Pot\u00e1ssio-40. O mapeamento da distribui\u00e7\u00e3o e concentra\u00e7\u00e3o desses elementos \u00e9 uma ferramenta importante para a caracteriza\u00e7\u00e3o de solos, porque fornece informa\u00e7\u00f5es sobre o material geol\u00f3gico de origem e os processos de forma\u00e7\u00e3o do solo. A composi\u00e7\u00e3o mineral\u00f3gica influencia diretamente atributos como a fertilidade e a disponibilidade de nutrientes. Este projeto de inicia\u00e7\u00e3o cient\u00edfica tem como objetivo principal realizar o mapeamento de radionucl\u00eddeos em solos para fins de caracteriza\u00e7\u00e3o agron\u00f4mica. A metodologia consistir\u00e1 na realiza\u00e7\u00e3o de medidas de espectrometria gama <em>in situ<\/em>, utilizando um detector de cintila\u00e7\u00e3o de Iodeto de S\u00f3dio ativado com T\u00e1lio, NaI(Tl).<\/span><\/p>\n<hr \/>\n<p style=\"text-align: center\"><span style=\"text-decoration: underline;font-size: 16px\"><span style=\"font-family: 'times new roman', times, serif\"><strong>Caracteriza\u00e7\u00e3o de alimentos nutrac\u00eauticos e solos por meio de t\u00e9cnicas espectrosc\u00f3picas como a fluoresc\u00eancia de raios X por dispers\u00e3o em energia (EDXRF), a espectroscopia fotoac\u00fastica (PAS) e a espectroscopia de absor\u00e7\u00e3o eletr\u00f4nica<\/strong><\/span><\/span><\/p>\n<p style=\"text-align: justify\"><span style=\"font-size: 16px;font-family: 'times new roman', times, serif\"><strong>Orientando: <\/strong>Juan Rattes de Brito<strong><span style=\"text-decoration: underline\">;<\/span><\/strong><\/span><\/p>\n<p style=\"text-align: justify\"><span style=\"font-size: 16px;font-family: 'times new roman', times, serif\"><strong>Orientador:<\/strong> Prof. Dr. Pedro Pablo Gonz\u00e1les Borrero.<\/span><\/p>\n<p style=\"text-align: justify\"><span style=\"font-family: 'times new roman', times, serif;font-size: 16px\"><strong>Resumo:<\/strong><\/span><\/p>\n<p style=\"text-align: justify\"><span style=\"font-size: 16px;font-family: 'times new roman', times, serif\">O projeto de Inicia\u00e7\u00e3o Cient\u00edfica em que trabalho usa de t\u00e9cnicas de espectroscopia como a fluoresc\u00eancia em raios X por dispers\u00e3o em energia (EDFRX) em amostras de farinha de casca de jabuticaba, basicamente consiste em estimar a composi\u00e7\u00e3o mineral da amostragem em quest\u00e3o. De modo objetivo, o EDXRF funciona gerando e emitindo raios X cont\u00ednuos que s\u00e3o colimados at\u00e9 uma amostra, quando incidem podem ionizar el\u00e9trons de elementos qu\u00edmicos, o vazio deixado por esses el\u00e9trons ionizados \u00e9 preenchido por um el\u00e9tron de uma camada superior, esse salto energ\u00e9tico \u00e9 convertido em raios x de fluoresc\u00eancia, que por sua vez, s\u00e3o caracter\u00edsticos de cada elemento.<\/span><\/p>\n<p>[\/vc_column_text][\/vc_column][\/vc_row]<\/p>\n<\/div>","protected":false},"excerpt":{"rendered":"<p>[vc_row][vc_column][vc_column_text] Planet\u00e1rio m\u00f3vel como ferramenta na divulga\u00e7\u00e3o de conceitos f\u00edsicos da astronomia Orientanda: Ana Julia Maximowski; Orientador: Prof. Dr. Ricardo Yoshimitsu Miyahara; Resumo: Sabemos que os objetos mais misteriosos do nosso cosmos t\u00eam nome: Buracos Negros. S\u00e3o estrelas que chegaram ao fim da sua vida, queimando todo o hidrog\u00eanio em seu n\u00facleo. Esses objetos supermassivos [&hellip;]<\/p>\n","protected":false},"author":550,"featured_media":0,"parent":0,"menu_order":0,"comment_status":"closed","ping_status":"closed","template":"","meta":{"_exactmetrics_skip_tracking":false,"_exactmetrics_sitenote_active":false,"_exactmetrics_sitenote_note":"","_exactmetrics_sitenote_category":0,"footnotes":"","_links_to":"","_links_to_target":""},"class_list":["post-16048","page","type-page","status-publish","hentry"],"_links":{"self":[{"href":"https:\/\/www3.unicentro.br\/petfisica\/wp-json\/wp\/v2\/pages\/16048","targetHints":{"allow":["GET"]}}],"collection":[{"href":"https:\/\/www3.unicentro.br\/petfisica\/wp-json\/wp\/v2\/pages"}],"about":[{"href":"https:\/\/www3.unicentro.br\/petfisica\/wp-json\/wp\/v2\/types\/page"}],"author":[{"embeddable":true,"href":"https:\/\/www3.unicentro.br\/petfisica\/wp-json\/wp\/v2\/users\/550"}],"replies":[{"embeddable":true,"href":"https:\/\/www3.unicentro.br\/petfisica\/wp-json\/wp\/v2\/comments?post=16048"}],"version-history":[{"count":2,"href":"https:\/\/www3.unicentro.br\/petfisica\/wp-json\/wp\/v2\/pages\/16048\/revisions"}],"predecessor-version":[{"id":16072,"href":"https:\/\/www3.unicentro.br\/petfisica\/wp-json\/wp\/v2\/pages\/16048\/revisions\/16072"}],"wp:attachment":[{"href":"https:\/\/www3.unicentro.br\/petfisica\/wp-json\/wp\/v2\/media?parent=16048"}],"curies":[{"name":"wp","href":"https:\/\/api.w.org\/{rel}","templated":true}]}}