{"id":1602,"date":"2018-12-18T15:33:57","date_gmt":"2018-12-18T17:33:57","guid":{"rendered":"https:\/\/www3.unicentro.br\/petfisica\/?page_id=1602"},"modified":"2024-10-11T10:42:18","modified_gmt":"2024-10-11T13:42:18","slug":"2019-2","status":"publish","type":"page","link":"https:\/\/www3.unicentro.br\/petfisica\/atividades\/cinepet\/2019-2\/","title":{"rendered":"2019"},"content":{"rendered":"<div class=\"wpb-content-wrapper\"><p>[vc_row][vc_column][vc_hoverbox image=&#8221;8662&#8243; primary_title=&#8221;O Vision\u00e1rio da Eletricidade&#8221; hover_title=&#8221;10\u00aa Sess\u00e3o Cine PET: O Vision\u00e1rio da Eletricidade&#8221; shape=&#8221;round&#8221;]<\/p>\n<p style=\"text-align: justify\"><span style=\"font-family: times new roman,times,serif;font-size: 12pt\"><strong>S\u00e9rie:<\/strong> Cosmos: Uma Odisseia no Espa\u00e7o-Tempo, epis\u00f3dio 10, \u201cO Vision\u00e1rio da Eletricidade\u201d.<\/span><\/p>\n<p style=\"text-align: justify\"><span style=\"font-family: times new roman,times,serif;font-size: 12pt\"><strong>N\u00famero de Participantes:<\/strong> 16 (Contando com o petiano moderador e debatedores)<\/span><\/p>\n<p style=\"text-align: justify\"><span style=\"font-family: times new roman,times,serif;font-size: 12pt\"><strong>Petiano Moderador:<\/strong> Mariana Carachinski<\/span><\/p>\n<p style=\"text-align: justify\"><span style=\"font-family: times new roman,times,serif;font-size: 12pt\"><strong>Petiano Debatedor:<\/strong> Matheus Meoquior da Fonseca<\/span><\/p>\n<p style=\"text-align: justify\"><span style=\"font-family: times new roman,times,serif;font-size: 12pt\"><strong>Petiano Debatedor:<\/strong> Felipe Leria Stefenon<\/span><\/p>\n<p style=\"text-align: justify\"><span style=\"font-family: times new roman,times,serif;font-size: 12pt\"><strong>Data em que foi realizada a sess\u00e3o:<\/strong> 22 de novembro de 2019, a partir das 13h00.<\/span><\/p>\n<p style=\"text-align: justify\"><span style=\"font-family: times new roman,times,serif;font-size: 12pt\"><strong>Local:<\/strong> Mini-audit\u00f3rio de Geografia<\/span><\/p>\n<p style=\"text-align: justify\"><span style=\"font-family: times new roman,times,serif;font-size: 12pt\"><strong>Sinopse: <\/strong>A fim tratar das solu\u00e7\u00f5es dadas por Michael Faraday <small>(1791-1867)<\/small> e James Clerk Maxwell <small>(1831-1879)<\/small>, o epis\u00f3dio se inicia com os questionamentos de Isaac Newton <small>(1642-1727)<\/small> e do ainda jovem Albert Einstein, que indagaram, respectivamente, como o Sol exercia sua for\u00e7a gravitacional e de como os \u00edm\u00e3s sua atra\u00e7\u00e3o magn\u00e9tica. Assim, a hist\u00f3ria de Faraday \u00e9 apresentada, retratando-o como um aluno com dificuldades durante a inf\u00e2ncia, <sup id=\"cite_ref-2\" class=\"reference\"><\/sup>e que teria at\u00e9 mesmo abandonado a escola.<\/span><\/p>\n<p style=\"text-align: justify\"><span style=\"font-family: times new roman,times,serif;font-size: 12pt\">Nessa decima sess\u00e3o do Cine PET e \u00faltima do ano de 2019, foi realizada a apresenta\u00e7\u00e3o do epis\u00f3dio 10 de Cosmos: Uma Odisseia no Espa\u00e7o-Tempo, a segunda temporada de Cosmos.\u00a0 Nesse epis\u00f3dio que leva o nome de \u201cO Vision\u00e1rio da Eletricidade\u201d, somos apresentados a hist\u00f3ria de vida de Michael Faraday. Por meio da realiza\u00e7\u00e3o desse Cine PET foi poss\u00edvel discutir sobre os experimentos desenvolvidos por Faraday e tamb\u00e9m toda a trajet\u00f3ria de nosso protagonista. Essa s\u00e9rie inspirou nossos participantes, e se mostrou muito enriquecedora.\u00a0<\/span><\/p>\n<p>[\/vc_hoverbox][vc_hoverbox image=&#8221;8662&#8243; primary_title=&#8221;Capit\u00e3o Fant\u00e1stico&#8221; hover_title=&#8221;9\u00aa Sess\u00e3o Cine PET: Capit\u00e3o Fant\u00e1stico&#8221; shape=&#8221;round&#8221;]<\/p>\n<p style=\"text-align: justify\"><span style=\"font-family: times new roman,times,serif;font-size: 12pt\"><strong>Filme:<\/strong> Capit\u00e3o Fant\u00e1stico (2016)<\/span><\/p>\n<p style=\"text-align: justify\"><span style=\"font-family: times new roman,times,serif;font-size: 12pt\"><strong>N\u00famero de Participantes:<\/strong> 14 (Contando com o petiano moderador e debatedores)<\/span><\/p>\n<p style=\"text-align: justify\"><span style=\"font-family: times new roman,times,serif;font-size: 12pt\"><strong>Petiano Moderador:<\/strong> Mariana Carachinski<\/span><\/p>\n<p style=\"text-align: justify\"><span style=\"font-family: times new roman,times,serif;font-size: 12pt\"><strong>Petiano Debatedor:<\/strong> Bruno Henrique Lisenko Ribeiro<\/span><\/p>\n<p style=\"text-align: justify\"><span style=\"font-family: times new roman,times,serif;font-size: 12pt\"><strong>Petiano Debatedor:<\/strong> Gabriel Grube dos Santos<\/span><\/p>\n<p style=\"text-align: justify\"><span style=\"font-family: times new roman,times,serif;font-size: 12pt\"><strong>Data em que foi realizada a sess\u00e3o:<\/strong> 27 de setembro de 2019, a partir das 13h00.<\/span><\/p>\n<p style=\"text-align: justify\"><span style=\"font-family: times new roman,times,serif;font-size: 12pt\"><strong>Local:<\/strong> Mini audit\u00f3rio de Geografia<\/span><\/p>\n<p style=\"text-align: justify\"><span style=\"font-family: times new roman,times,serif;font-size: 12pt\"><strong>Sinopse:<\/strong> Nas florestas do estado de Washington, um pai cria seus seis filhos longe da civiliza\u00e7\u00e3o, em uma r\u00edgida rotina de aventuras. Ele \u00e9 for\u00e7ado a deixar o isolamento e leva sua fam\u00edlia para encarar o mundo, desafiando sua ideia do que significa ser pai. <\/span><\/p>\n<p style=\"text-align: justify\"><span style=\"font-family: times new roman,times,serif;font-size: 12pt\">Nessa nona sess\u00e3o do Cine PET, foi realizada a apresenta\u00e7\u00e3o do filme Capit\u00e3o Fant\u00e1stico, com ele fomos apresentados para uma nova rotina e modo de viver. Essa nova cultura vivida pela fam\u00edlia gera discuss\u00f5es que se estendem desde quest\u00f5es de sobreviv\u00eancia, como a forma com qual eles se alimentam, at\u00e9 quest\u00f5es \u00e9ticas envolvendo a cria\u00e7\u00e3o dos filhos por Ben (Viggo Mortensen). Foi poss\u00edvel desenvolver um longo debate acerca dos assuntos que envolviam o filme e a discuss\u00e3o proporcionou uma diferente vis\u00e3o sobre o filme.<\/span><\/p>\n<p style=\"text-align: left\"><strong><a href=\"https:\/\/www3.unicentro.br\/petfisica\/galeria\/2019galeria\/#1569865555625-6f148a10-352d\"><span style=\"font-family: 'times new roman', times, serif;font-size: 12pt\">Galeria de Fotos<\/span><\/a><\/strong><\/p>\n<p>[\/vc_hoverbox][vc_hoverbox image=&#8221;8662&#8243; primary_title=&#8221;Expresso do amanh\u00e3&#8221; hover_title=&#8221;8\u00aa Sess\u00e3o Cine PET: Expresso do amanh\u00e3&#8221; shape=&#8221;round&#8221;]<\/p>\n<p style=\"text-align: justify\"><span style=\"font-family: times new roman,times,serif;font-size: 12pt\"><strong>Filme:<\/strong> Expresso do Amanh\u00e3 (2013)<\/span><\/p>\n<p style=\"text-align: justify\"><span style=\"font-family: times new roman,times,serif;font-size: 12pt\"><strong>N\u00famero de Participantes:<\/strong> 17 (Contando com o petiano moderador e debatedores)<\/span><\/p>\n<p style=\"text-align: justify\"><span style=\"font-family: times new roman,times,serif;font-size: 12pt\"><strong>Petiano Moderador:<\/strong> Mariana Carachinski<\/span><\/p>\n<p style=\"text-align: justify\"><span style=\"font-family: times new roman,times,serif;font-size: 12pt\"><strong>Petiano Debatedor:<\/strong> Lhonidas de Senna Junior<\/span><\/p>\n<p style=\"text-align: justify\"><span style=\"font-family: times new roman,times,serif;font-size: 12pt\"><strong>Petiano Debatedor:<\/strong> Felipe Leria Stefenon<\/span><\/p>\n<p style=\"text-align: justify\"><span style=\"font-family: times new roman,times,serif;font-size: 12pt\"><strong>Data em que foi realizada a sess\u00e3o:<\/strong> 09 de agosto de 2019, a partir das 13h00.<\/span><\/p>\n<p style=\"text-align: justify\"><span style=\"font-family: times new roman,times,serif;font-size: 12pt\"><strong>Local:<\/strong> Mini audit\u00f3rio de Geografia<\/span><\/p>\n<p style=\"text-align: justify\"><span style=\"font-family: times new roman,times,serif;font-size: 12pt\"><strong>Sinopse:<\/strong> Os \u00fanicos sobreviventes de uma fracassada tentativa de conter o aquecimento global s\u00e3o obrigados a viver em um trem separados em vag\u00f5es que determinam sua condi\u00e7\u00e3o social.<\/span><\/p>\n<p style=\"text-align: justify\"><span style=\"font-family: times new roman,times,serif;font-size: 12pt\">Na oitava sess\u00e3o do Cine PET, tivemos uma apresenta\u00e7\u00e3o do filme Expresso do Amanh\u00e3 e com ele, foram poss\u00edveis debater sobre diversos assuntos, como o aquecimento global, suas causas, e em principal, a consequ\u00eancia que foi vista no pr\u00f3prio filme. Outros temas de debate foi a luta de classes, presente em todo o filme, os avan\u00e7os tecnol\u00f3gicos existentes no trem; o trabalho infantil e em principal, a superlota\u00e7\u00e3o e seus problemas advindos, como a escassez de alimentos para a popula\u00e7\u00e3o e a falta de outros diversos benef\u00edcios, que se tornam limitados quando excedemos o n\u00famero de pessoas em um determinado espa\u00e7o. Esses foram os principais assuntos abordados durante o debate em fun\u00e7\u00e3o do filme, que nos fizeram refletir sobre os erros e acertos da pr\u00f3pria humanidade at\u00e9 ent\u00e3o, e quais deviam (ou dever\u00e3o) ser nossos pr\u00f3ximos passos daqui em diante.<\/span><\/p>\n<p style=\"text-align: left\"><strong><a href=\"https:\/\/www3.unicentro.br\/petfisica\/galeria\/2019galeria\/#1566923443474-54ffc459-14ed\"><span style=\"font-family: 'times new roman', times, serif;font-size: 12pt\">Galeria de Fotos<\/span><\/a><\/strong><\/p>\n<p>[\/vc_hoverbox][\/vc_column][\/vc_row][vc_row][vc_column][vc_hoverbox image=&#8221;8662&#8243; primary_title=&#8221;Nosedive&#8221; hover_title=&#8221;7\u00aa Sess\u00e3o Cine PET: Nosedive&#8221; shape=&#8221;round&#8221;]<\/p>\n<p style=\"text-align: justify\"><span style=\"font-family: times new roman,times,serif;font-size: 12pt\"><strong>Filme:\u00a0<\/strong>Nosedive (Black Mirror &#8211; S03E01) &#8211; 2016<\/span><\/p>\n<p style=\"text-align: justify\"><span style=\"font-family: times new roman,times,serif;font-size: 12pt\"><strong>N\u00famero de Participantes:\u00a0<\/strong>16 (Contando com o petiano moderador e debatedores)<\/span><\/p>\n<p style=\"text-align: justify\"><span style=\"font-family: times new roman,times,serif;font-size: 12pt\"><strong>Petiano Moderador:<\/strong> Sanderson Carlos Ribeiro<\/span><\/p>\n<p style=\"text-align: justify\"><span style=\"font-family: times new roman,times,serif;font-size: 12pt\"><strong>Petiano Debatedor:<\/strong> Fernanda Barbieri de Lara<\/span><\/p>\n<p style=\"text-align: justify\"><span style=\"font-family: times new roman,times,serif;font-size: 12pt\"><b>Petiano Debatedor:<\/b> Ricardo Gonzatto Rodrigues<\/span><\/p>\n<p style=\"text-align: justify\"><span style=\"font-family: times new roman,times,serif;font-size: 12pt\"><strong>Data em que foi realizada a sess\u00e3o:<\/strong> 28 de junho de 2019, a partir das 13h00<\/span><\/p>\n<p style=\"text-align: justify\"><span style=\"font-family: times new roman,times,serif;font-size: 12pt\"><strong>Local:<\/strong> Miniaudit\u00f3rio de Geografia<\/span><\/p>\n<p style=\"text-align: justify\"><span style=\"font-family: times new roman,times,serif;font-size: 12pt\"><strong>Sinopse:\u00a0<\/strong>Nosevide<strong><span style=\"text-align: justify;text-indent: 0px;letter-spacing: normal;font-style: normal;font-variant: normal;font-weight: 400;text-decoration: none;float: none;background-color: transparent\"> conta a hist\u00f3ria de Lacie (Bryce Dallas Howard), uma mulher que vive num mundo n\u00e3o muito distante da nossa realidade, em que o mais importante n\u00e3o \u00e9 a felicidade, mas sim o status, as amizades e os<\/span><\/strong> likes<span style=\"text-align: justify;text-indent: 0px;letter-spacing: normal;font-style: normal;font-variant: normal;font-weight: 400;text-decoration: none;float: none;background-color: transparent\">.<\/span><\/span><\/p>\n<p style=\"text-align: justify\"><span style=\"font-family: times new roman,times,serif;font-size: 12pt\">Na s\u00e9tima sess\u00e3o do Cine PET, tivemos uma apresenta\u00e7\u00e3o \u201cmuito Black Mirror\u201d, brincando com o fato da tecnologia estar cada vez mais avan\u00e7ando, possibilitando por exemplo intera\u00e7\u00f5es atrav\u00e9s de v\u00eddeos com outras pessoas e, no caso da apresenta\u00e7\u00e3o inicial, com n\u00f3s mesmos. O debate ap\u00f3s a sess\u00e3o proporcionou uma linha de pensamento envolvendo o fato de a realidade estar cada vez mais sendo dominada pela tecnologia e o quanto estamos se tornando dependentes dessa. Se auto aceitar, fazer suas pr\u00f3prias escolhas sem se preocupar com o que outras pessoas v\u00e3o achar, ser feliz. Estes foram alguns pontos chave abordados durante o levantamento de opini\u00f5es que envolveu perguntas filos\u00f3ficas sobre o que estamos fazendo com nossas vidas e se estamos fazendo as escolhas certas para finalmente entender que viver \u00e9 bem mais do que se imagina. Afinal de contas, viver \u00e9 algo que todos conseguem, mas apenas quem entende o verdadeiro significado da vida existe realmente.<\/span><\/p>\n<p style=\"text-align: left\"><strong><span style=\"font-family: 'times new roman', times, serif;font-size: 12pt\"><a href=\"https:\/\/www3.unicentro.br\/petfisica\/galeria\/2019galeria\/#1562003334796-9916ce89-f13a\">Galeria de Fotos<\/a><\/span><\/strong><\/p>\n<p>[\/vc_hoverbox][\/vc_column][\/vc_row][vc_row][vc_column][vc_hoverbox image=&#8221;8662&#8243; primary_title=&#8221;Fragmentado&#8221; hover_title=&#8221;6\u00aa Sess\u00e3o Cine PET: Fragmentado&#8221; shape=&#8221;round&#8221;]<\/p>\n<p style=\"text-align: justify\"><span style=\"font-family: 'times new roman', times, serif;font-size: 12pt\"><strong>Filme:<\/strong> Fragmentado (Split) &#8211; 2017<\/span><\/p>\n<p style=\"text-align: justify\"><span style=\"font-family: 'times new roman', times, serif;font-size: 12pt\"><strong>N\u00famero de Participantes:<\/strong> 19 (Contando com o petiano moderador e debatedores)<\/span><\/p>\n<p style=\"text-align: justify\"><span style=\"font-family: 'times new roman', times, serif;font-size: 12pt\"><strong>Petiano Moderador:<\/strong> Sanderson Carlos Ribeiro<\/span><\/p>\n<p style=\"text-align: justify\"><span style=\"font-family: 'times new roman', times, serif;font-size: 12pt\"><strong>Petiano Debatedor:<\/strong> Matheus Meoquior da Fonseca<\/span><\/p>\n<p style=\"text-align: justify\"><span style=\"font-family: 'times new roman', times, serif;font-size: 12pt\"><strong>Petiano Debatedor:<\/strong> Matheus Vieira Camargo Ramos<\/span><\/p>\n<p style=\"text-align: justify\"><span style=\"font-family: 'times new roman', times, serif;font-size: 12pt\"><strong>Data em que foi realizada a sess\u00e3o:<\/strong> 10 de maio de 2019, a partir das 13h00<\/span><\/p>\n<p style=\"text-align: justify\"><span style=\"font-family: 'times new roman', times, serif;font-size: 12pt\"><strong>Local:<\/strong> Miniaudit\u00f3rio de Geografia<\/span><\/p>\n<p style=\"text-align: justify\"><span style=\"font-family: 'times new roman', times, serif;font-size: 12pt\"><strong>Sinopse:<\/strong> Kevin (James McAvoy) possui 23 personalidades distintas e consegue altern\u00e1-las quimicamente em seu organismo apenas com a for\u00e7a do pensamento. Um dia, ele sequestra tr\u00eas adolescentes que encontra em um estacionamento. Vivendo em cativeiro, elas passam a conhecer as diferentes facetas de Kevin e precisam encontrar algum meio de escapar.<\/span><\/p>\n<p style=\"text-align: justify\"><span style=\"font-family: 'times new roman', times, serif;font-size: 12pt\">Na sexta sess\u00e3o do Cine PET, os participantes conseguiram discutir um assunto psicol\u00f3gico ao tratar do transtorno dissociativo de identidade. Apesar de n\u00e3o ter sido bem retratado no filme, o TDI \u00e9 um caso existente na humanidade, que demonstra muita aten\u00e7\u00e3o pelo fato de possuir tratamento, mas n\u00e3o ter cura. A pessoa com esse transtorno mostra duas ou mais personalidades que possuem caracter\u00edsticas distintas entre si. No debate os participantes desta sess\u00e3o puderam conversar mais a respeito do filme e deste transtorno, retratando suas opini\u00f5es de forma sucinta e abrangente.<\/span><\/p>\n<p style=\"text-align: justify\"><span style=\"font-family: 'times new roman', times, serif;font-size: 12pt\"><a href=\"https:\/\/www3.unicentro.br\/petfisica\/galeria\/2019galeria\/#1561643871554-3a8f3f3e-5b3a\"><strong>Galeria de Fotos<\/strong><\/a><\/span><\/p>\n<p>[\/vc_hoverbox][\/vc_column][\/vc_row]<\/p>\n<\/div>","protected":false},"excerpt":{"rendered":"<p>[vc_row][vc_column][vc_hoverbox image=&#8221;8662&#8243; primary_title=&#8221;O Vision\u00e1rio da Eletricidade&#8221; hover_title=&#8221;10\u00aa Sess\u00e3o Cine PET: O Vision\u00e1rio da Eletricidade&#8221; shape=&#8221;round&#8221;] S\u00e9rie: Cosmos: Uma Odisseia no Espa\u00e7o-Tempo, epis\u00f3dio 10, \u201cO Vision\u00e1rio da Eletricidade\u201d. N\u00famero de Participantes: 16 (Contando com o petiano moderador e debatedores) Petiano Moderador: Mariana Carachinski Petiano Debatedor: Matheus Meoquior da Fonseca Petiano Debatedor: Felipe Leria Stefenon Data em [&hellip;]<\/p>\n","protected":false},"author":135,"featured_media":0,"parent":244,"menu_order":1,"comment_status":"closed","ping_status":"closed","template":"","meta":{"_exactmetrics_skip_tracking":false,"_exactmetrics_sitenote_active":false,"_exactmetrics_sitenote_note":"","_exactmetrics_sitenote_category":0,"footnotes":"","_links_to":"","_links_to_target":""},"class_list":["post-1602","page","type-page","status-publish","hentry"],"_links":{"self":[{"href":"https:\/\/www3.unicentro.br\/petfisica\/wp-json\/wp\/v2\/pages\/1602","targetHints":{"allow":["GET"]}}],"collection":[{"href":"https:\/\/www3.unicentro.br\/petfisica\/wp-json\/wp\/v2\/pages"}],"about":[{"href":"https:\/\/www3.unicentro.br\/petfisica\/wp-json\/wp\/v2\/types\/page"}],"author":[{"embeddable":true,"href":"https:\/\/www3.unicentro.br\/petfisica\/wp-json\/wp\/v2\/users\/135"}],"replies":[{"embeddable":true,"href":"https:\/\/www3.unicentro.br\/petfisica\/wp-json\/wp\/v2\/comments?post=1602"}],"version-history":[{"count":1,"href":"https:\/\/www3.unicentro.br\/petfisica\/wp-json\/wp\/v2\/pages\/1602\/revisions"}],"predecessor-version":[{"id":14689,"href":"https:\/\/www3.unicentro.br\/petfisica\/wp-json\/wp\/v2\/pages\/1602\/revisions\/14689"}],"up":[{"embeddable":true,"href":"https:\/\/www3.unicentro.br\/petfisica\/wp-json\/wp\/v2\/pages\/244"}],"wp:attachment":[{"href":"https:\/\/www3.unicentro.br\/petfisica\/wp-json\/wp\/v2\/media?parent=1602"}],"curies":[{"name":"wp","href":"https:\/\/api.w.org\/{rel}","templated":true}]}}