{"id":159,"date":"2015-06-25T00:00:00","date_gmt":"2015-06-25T03:00:00","guid":{"rendered":"https:\/\/www3.unicentro.br\/petfisica\/fotos\/"},"modified":"2023-07-18T11:33:39","modified_gmt":"2023-07-18T14:33:39","slug":"fotos","status":"publish","type":"page","link":"https:\/\/www3.unicentro.br\/petfisica\/atividades\/extensao\/fotos\/","title":{"rendered":"Extens\u00e3o 2010 &#8211; 2013"},"content":{"rendered":"<p style=\"text-align: justify\"><strong><span style=\"font-family: 'times new roman', times, serif;font-size: 12pt\">2013<\/span><\/strong><\/p>\n<p style=\"text-align: justify\"><strong><span style=\"font-family: 'times new roman', times, serif;font-size: 12pt\">Intera\u00e7\u00e3o com as Escolas<\/span><\/strong><\/p>\n<p style=\"text-align: justify\"><span style=\"font-family: 'times new roman', times, serif;font-size: 12pt\">As atividades, abaixo relacionadas, se diversificaram entre visitas a col\u00e9gios, visitas orientadas dos estudantes \u00e0 universidade e participa\u00e7\u00e3o de feiras voltadas ao p\u00fablico das escolas.<\/span><\/p>\n<p style=\"text-align: justify\"><span style=\"font-family: 'times new roman', times, serif;font-size: 12pt\">1)\u00a0\u00a0\u00a0\u00a0\u00a0 Nome: Feira das Profiss\u00f5es \u2013 UNICENTRO \u2013 Campus CEDETEG &#8211; Guarapuava.<\/span><\/p>\n<p style=\"padding-left: 30px;text-align: justify\"><span style=\"font-family: 'times new roman', times, serif;font-size: 12pt\">Descri\u00e7\u00e3o: Apresenta\u00e7\u00e3o do curso de f\u00edsica para futuros candidatos ao vestibular da UNICENTRO. Realizada no campus CEDETEG no dia 11\/09\/2013<\/span><\/p>\n<p style=\"text-align: justify\"><span style=\"font-family: 'times new roman', times, serif;font-size: 12pt\">2)\u00a0\u00a0\u00a0\u00a0\u00a0 Nome: Feira de Ciencias: &#8220;Ensino de Ci\u00eancias: saberes e pr\u00e1ticas escolares&#8221;, no Col\u00e9gio Estadual Vereador Heitor Roche Kramer, em Guarapuava<\/span><\/p>\n<p style=\"padding-left: 30px;text-align: justify\"><span style=\"font-family: 'times new roman', times, serif;font-size: 12pt\">Descri\u00e7\u00e3o: Apresenta\u00e7\u00e3o de Experimentos para todo p\u00fablico da escola.<\/span><\/p>\n<p style=\"text-align: justify\"><span style=\"font-family: 'times new roman', times, serif;font-size: 12pt\">3)\u00a0\u00a0\u00a0\u00a0\u00a0 Nome: Visita Orientada \u00e0 UNICENTRO durante a Semana de Pesquisa e Extens\u00e3o<\/span><\/p>\n<p style=\"text-align: justify;padding-left: 30px\"><span style=\"font-family: 'times new roman', times, serif;font-size: 12pt\">Descri\u00e7\u00e3o: Divulga\u00e7\u00e3o das atividades do Departamento de F\u00edsica, envolvendo as atividades do PET e demais projetos. Demonstra\u00e7\u00e3o de experimentos.<\/span><\/p>\n<p style=\"text-align: justify\"><span style=\"font-family: 'times new roman', times, serif;font-size: 12pt\">4)\u00a0\u00a0\u00a0\u00a0\u00a0 Nome: Visita Orientada ao Departamento de F\u00edsica do Col\u00e9gio Estadual Proc\u00f3pio Ferreira Caldas de Pinh\u00e3o &#8211; PR.<\/span><\/p>\n<p style=\"text-align: justify;padding-left: 30px\"><span style=\"font-family: 'times new roman', times, serif;font-size: 12pt\">Descri\u00e7\u00e3o: Atividade solicitada pelos alunos do Col\u00e9gio de Pinh\u00e3o, cidade vizinha de Guarapuava, para conhecer os Curso de F\u00edsica e as atividades nele desenvolvidas. A visita foi organizada pela chefia do Departamento de F\u00edsica com o aux\u00edlio dos acad\u00eamicos do PET-F\u00edsica e do projeto PIBID.<\/span><\/p>\n<hr \/>\n<p><strong><span style=\"font-family: 'times new roman', times, serif;font-size: 12pt\">Oficina Mitos da F\u00edsica<\/span><\/strong><\/p>\n<p style=\"text-align: justify\"><span style=\"font-family: 'times new roman', times, serif;font-size: 12pt\">Realizada durante a III SIEPE &#8211; UNICENTRO, no dia 26\/09\/2013<\/span><\/p>\n<hr \/>\n<p><strong><span style=\"font-family: 'times new roman', times, serif;font-size: 12pt\">Oficina Nanoescala<\/span><\/strong><\/p>\n<p><span style=\"font-family: 'times new roman', times, serif;font-size: 12pt\">Realizada durante a XI Semana de Estudos de F\u00edsica (abril\/2013)<\/span><\/p>\n<p><span style=\"font-family: 'times new roman', times, serif;font-size: 12pt\"><a href=\"http:\/\/sites.unicentro.br\/wp\/petfisica\/files\/2011\/09\/DSC01388.jpg\"><img loading=\"lazy\" decoding=\"async\" class=\"aligncenter\" src=\"http:\/\/sites.unicentro.br\/wp\/petfisica\/files\/2011\/09\/DSC01388-168x300.jpg\" alt=\"DSC01388\" width=\"168\" height=\"300\" \/><\/a> <a href=\"http:\/\/sites.unicentro.br\/wp\/petfisica\/files\/2011\/09\/DSC01391.jpg\"><img loading=\"lazy\" decoding=\"async\" class=\"aligncenter\" src=\"http:\/\/sites.unicentro.br\/wp\/petfisica\/files\/2011\/09\/DSC01391-300x168.jpg\" alt=\"DSC01391\" width=\"300\" height=\"168\" \/><\/a><\/span><\/p>\n<hr \/>\n<p><span style=\"font-family: 'times new roman', times, serif;font-size: 12pt\"><strong>Visita ao Col\u00e9gio Col\u00e9gio Estadual Vereador Heitor Roche Kramer &#8211; Guarapuava &#8211; PR (junho\/2013)<\/strong><\/span><\/p>\n<p><span style=\"font-family: 'times new roman', times, serif;font-size: 12pt\">Para maiores detalhes do evento, clique <a title=\"clique aqui\" href=\"http:\/\/www2.unicentro.br\/noticias\/?wysija-page=1&amp;controller=email&amp;action=view&amp;email_id=203&amp;wysijap=subscriptions\" target=\"_blank\" rel=\"noopener\">aqui<\/a>.<\/span><\/p>\n<p><span style=\"font-family: 'times new roman', times, serif;font-size: 12pt\"><a href=\"http:\/\/sites.unicentro.br\/wp\/petfisica\/files\/2011\/09\/DSC01567.jpg\"><img loading=\"lazy\" decoding=\"async\" class=\"aligncenter\" src=\"http:\/\/sites.unicentro.br\/wp\/petfisica\/files\/2011\/09\/DSC01567-300x168.jpg\" alt=\"DSC01567\" width=\"300\" height=\"168\" \/><\/a> <a href=\"http:\/\/sites.unicentro.br\/wp\/petfisica\/files\/2011\/09\/DSC01570.jpg\"><img loading=\"lazy\" decoding=\"async\" class=\"aligncenter\" src=\"http:\/\/sites.unicentro.br\/wp\/petfisica\/files\/2011\/09\/DSC01570-300x168.jpg\" alt=\"DSC01570\" width=\"300\" height=\"168\" \/><\/a><a href=\"http:\/\/sites.unicentro.br\/wp\/petfisica\/files\/2011\/09\/foto.jpg\"><img loading=\"lazy\" decoding=\"async\" class=\"aligncenter\" src=\"http:\/\/sites.unicentro.br\/wp\/petfisica\/files\/2011\/09\/foto-300x224.jpg\" alt=\"foto\" width=\"300\" height=\"224\" \/><\/a><\/span><\/p>\n<hr \/>\n<p><strong><span style=\"font-family: 'times new roman', times, serif;font-size: 12pt\">2010<\/span><\/strong><\/p>\n<p style=\"text-align: justify\"><strong><span style=\"font-family: 'times new roman', times, serif;font-size: 12pt\">Visita ao Col\u00e9gio Cristo Rei &#8211; Feira de Ci\u00eancias<\/span><\/strong><\/p>\n<p style=\"text-align: justify\"><strong><span style=\"font-family: 'times new roman', times, serif;font-size: 12pt\">Visita ao Col\u00e9gio de Paz &#8211; Candoi &#8211; PR<\/span><\/strong><\/p>\n<p style=\"text-align: justify\"><strong><span style=\"font-family: 'times new roman', times, serif;font-size: 12pt\">Feira da Profiss\u00f5es &#8211; Irati &#8211; PR<\/span><\/strong><\/p>\n","protected":false},"excerpt":{"rendered":"<p>2013 Intera\u00e7\u00e3o com as Escolas As atividades, abaixo relacionadas, se diversificaram entre visitas a col\u00e9gios, visitas orientadas dos estudantes \u00e0 universidade e participa\u00e7\u00e3o de feiras voltadas ao p\u00fablico das escolas. 1)\u00a0\u00a0\u00a0\u00a0\u00a0 Nome: Feira das Profiss\u00f5es \u2013 UNICENTRO \u2013 Campus CEDETEG &#8211; Guarapuava. Descri\u00e7\u00e3o: Apresenta\u00e7\u00e3o do curso de f\u00edsica para futuros candidatos ao vestibular da UNICENTRO. [&hellip;]<\/p>\n","protected":false},"author":3,"featured_media":0,"parent":190,"menu_order":0,"comment_status":"closed","ping_status":"open","template":"","meta":{"_exactmetrics_skip_tracking":false,"_exactmetrics_sitenote_active":false,"_exactmetrics_sitenote_note":"","_exactmetrics_sitenote_category":0,"footnotes":"","_links_to":"","_links_to_target":""},"class_list":["post-159","page","type-page","status-publish","hentry"],"_links":{"self":[{"href":"https:\/\/www3.unicentro.br\/petfisica\/wp-json\/wp\/v2\/pages\/159","targetHints":{"allow":["GET"]}}],"collection":[{"href":"https:\/\/www3.unicentro.br\/petfisica\/wp-json\/wp\/v2\/pages"}],"about":[{"href":"https:\/\/www3.unicentro.br\/petfisica\/wp-json\/wp\/v2\/types\/page"}],"author":[{"embeddable":true,"href":"https:\/\/www3.unicentro.br\/petfisica\/wp-json\/wp\/v2\/users\/3"}],"replies":[{"embeddable":true,"href":"https:\/\/www3.unicentro.br\/petfisica\/wp-json\/wp\/v2\/comments?post=159"}],"version-history":[{"count":0,"href":"https:\/\/www3.unicentro.br\/petfisica\/wp-json\/wp\/v2\/pages\/159\/revisions"}],"up":[{"embeddable":true,"href":"https:\/\/www3.unicentro.br\/petfisica\/wp-json\/wp\/v2\/pages\/190"}],"wp:attachment":[{"href":"https:\/\/www3.unicentro.br\/petfisica\/wp-json\/wp\/v2\/media?parent=159"}],"curies":[{"name":"wp","href":"https:\/\/api.w.org\/{rel}","templated":true}]}}