{"id":15447,"date":"2025-04-16T10:21:24","date_gmt":"2025-04-16T13:21:24","guid":{"rendered":"https:\/\/www3.unicentro.br\/petfisica\/?page_id=15447"},"modified":"2025-08-25T22:13:57","modified_gmt":"2025-08-26T01:13:57","slug":"petcast-2025","status":"publish","type":"page","link":"https:\/\/www3.unicentro.br\/petfisica\/petcast-2025\/","title":{"rendered":"PETCast 2025"},"content":{"rendered":"<div class=\"wpb-content-wrapper\"><p>[vc_row][vc_column][vc_column_text]<\/p>\n<p><span style=\"font-size: 16px;font-family: 'times new roman', times, serif\">PETCast # 34 &#8211; De aluno a pesquisador da NASA.\u00a0<\/span><\/p>\n<p><iframe loading=\"lazy\" title=\"PETCast #34 - De aluno a pesquisador da NASA\" width=\"900\" height=\"506\" src=\"https:\/\/www.youtube.com\/embed\/SA1-LKJgKe0?feature=oembed\" frameborder=\"0\" allow=\"accelerometer; autoplay; clipboard-write; encrypted-media; gyroscope; picture-in-picture; web-share\" referrerpolicy=\"strict-origin-when-cross-origin\" allowfullscreen><\/iframe><\/p>\n<p>&nbsp;<\/p>\n<hr \/>\n<p><span style=\"font-size: 16px;font-family: 'times new roman', times, serif\">PETCast # 33 &#8211; Centen\u00e1rio da Mec\u00e2nica Qu\u00e2ntica.<\/span><\/p>\n<p><iframe loading=\"lazy\" title=\"PETCast #33 - Centen\u00e1rio da Mec\u00e2nica Qu\u00e2ntica\" width=\"900\" height=\"506\" src=\"https:\/\/www.youtube.com\/embed\/mdHDJkHVmWU?feature=oembed\" frameborder=\"0\" allow=\"accelerometer; autoplay; clipboard-write; encrypted-media; gyroscope; picture-in-picture; web-share\" referrerpolicy=\"strict-origin-when-cross-origin\" allowfullscreen><\/iframe><\/p>\n<hr \/>\n<p><span style=\"font-size: 16px;font-family: 'times new roman', times, serif\">PETCast # 32 &#8211; Mulheres que somam.<\/span><\/p>\n<p><iframe loading=\"lazy\" title=\"PETCast #32 - Mulheres que Somam\" width=\"900\" height=\"506\" src=\"https:\/\/www.youtube.com\/embed\/QPf_RfLOTIE?feature=oembed\" frameborder=\"0\" allow=\"accelerometer; autoplay; clipboard-write; encrypted-media; gyroscope; picture-in-picture; web-share\" referrerpolicy=\"strict-origin-when-cross-origin\" allowfullscreen><\/iframe><\/p>\n<\/div>","protected":false},"excerpt":{"rendered":"<p>[vc_row][vc_column][vc_column_text] PETCast # 34 &#8211; De aluno a pesquisador da NASA.\u00a0 &nbsp; PETCast # 33 &#8211; Centen\u00e1rio da Mec\u00e2nica Qu\u00e2ntica. PETCast # 32 &#8211; Mulheres que somam.<\/p>\n","protected":false},"author":550,"featured_media":0,"parent":0,"menu_order":0,"comment_status":"closed","ping_status":"closed","template":"","meta":{"_exactmetrics_skip_tracking":false,"_exactmetrics_sitenote_active":false,"_exactmetrics_sitenote_note":"","_exactmetrics_sitenote_category":0,"footnotes":"","_links_to":"","_links_to_target":""},"class_list":["post-15447","page","type-page","status-publish","hentry"],"_links":{"self":[{"href":"https:\/\/www3.unicentro.br\/petfisica\/wp-json\/wp\/v2\/pages\/15447","targetHints":{"allow":["GET"]}}],"collection":[{"href":"https:\/\/www3.unicentro.br\/petfisica\/wp-json\/wp\/v2\/pages"}],"about":[{"href":"https:\/\/www3.unicentro.br\/petfisica\/wp-json\/wp\/v2\/types\/page"}],"author":[{"embeddable":true,"href":"https:\/\/www3.unicentro.br\/petfisica\/wp-json\/wp\/v2\/users\/550"}],"replies":[{"embeddable":true,"href":"https:\/\/www3.unicentro.br\/petfisica\/wp-json\/wp\/v2\/comments?post=15447"}],"version-history":[{"count":2,"href":"https:\/\/www3.unicentro.br\/petfisica\/wp-json\/wp\/v2\/pages\/15447\/revisions"}],"predecessor-version":[{"id":16026,"href":"https:\/\/www3.unicentro.br\/petfisica\/wp-json\/wp\/v2\/pages\/15447\/revisions\/16026"}],"wp:attachment":[{"href":"https:\/\/www3.unicentro.br\/petfisica\/wp-json\/wp\/v2\/media?parent=15447"}],"curies":[{"name":"wp","href":"https:\/\/api.w.org\/{rel}","templated":true}]}}