{"id":15369,"date":"2025-03-27T18:17:06","date_gmt":"2025-03-27T21:17:06","guid":{"rendered":"https:\/\/www3.unicentro.br\/petfisica\/?page_id=15369"},"modified":"2025-10-22T22:00:26","modified_gmt":"2025-10-23T01:00:26","slug":"15369-2","status":"publish","type":"page","link":"https:\/\/www3.unicentro.br\/petfisica\/15369-2\/","title":{"rendered":"Ciclo de Semin\u00e1rios 2025"},"content":{"rendered":"<div class=\"wpb-content-wrapper\"><p><span style=\"font-size: 12pt;font-family: 'times new roman', times, serif\">[vc_row][vc_column][vc_custom_heading text=&#8221;XVII Ciclo de Semin\u00e1rios do DEFIS&#8221; font_container=&#8221;tag:h1|text_align:center|color:%230a0a0a&#8221; google_fonts=&#8221;font_family:Alegreya%20SC%3Aregular%2Citalic%2C700%2C700italic%2C900%2C900italic|font_style:700%20bold%20regular%3A700%3Anormal&#8221;][vc_custom_heading text=&#8221;Organiza\u00e7\u00e3o: GPET-F\u00edsica&#8221; font_container=&#8221;tag:h3|text_align:center|color:%23000000&#8243; google_fonts=&#8221;font_family:Alegreya%20SC%3Aregular%2Citalic%2C700%2C700italic%2C900%2C900italic|font_style:700%20bold%20italic%3A700%3Aitalic&#8221;][vc_column_text]<\/span><\/p>\n<p><span style=\"font-family: 'times new roman', times, serif;font-size: 16px\">Data: 22\/10\/2025.<\/span><\/p>\n<p><span style=\"font-family: 'times new roman', times, serif;font-size: 16px\">Local: Miniaudit\u00f3rio do Programa de P\u00f3s-Gradua\u00e7\u00e3o em Qu\u00edmica Aplicada \u2013 Prof. S\u00e9rgio Toshio Fujiwara.<\/span><\/p>\n<p><span style=\"font-family: 'times new roman', times, serif;font-size: 16px\">T\u00edtulo:<strong> Introdu\u00e7\u00e3o \u00e0 Mec\u00e2nica Qu\u00e2ntica.<\/strong><\/span><\/p>\n<p><span style=\"font-family: 'times new roman', times, serif;font-size: 16px\">Palestrante:\u00a0 Dr. Lucas Soster Moriggi.<\/span><\/p>\n<p><iframe loading=\"lazy\" title=\"XVII Ciclo de Semin\u00e1rios GPET-F\u00edsica #4 | &quot;Introdu\u00e7\u00e3o \u00e0 Mec\u00e2nica Qu\u00e2ntica&quot;\" width=\"900\" height=\"506\" src=\"https:\/\/www.youtube.com\/embed\/cLj3ItfDkhA?feature=oembed\" frameborder=\"0\" allow=\"accelerometer; autoplay; clipboard-write; encrypted-media; gyroscope; picture-in-picture; web-share\" referrerpolicy=\"strict-origin-when-cross-origin\" allowfullscreen><\/iframe><\/p>\n<hr \/>\n<p><span style=\"font-family: 'times new roman', times, serif;font-size: 12pt\">Data: 03\/07\/2025.<\/span><\/p>\n<p><span style=\"font-family: 'times new roman', times, serif;font-size: 12pt\">Local: Audit\u00f3rio Paulo Jorge Riehs &#8211; PPGBIEVOL.<\/span><\/p>\n<p><span style=\"font-family: 'times new roman', times, serif\">T\u00edtulo:<strong> Perspectivas em Materiais Fotovoltaicos Ferroel\u00e9tricos.<\/strong><\/span><\/p>\n<p><span style=\"font-family: 'times new roman', times, serif;font-size: 12pt\">Palestrante:\u00a0 Dr. Valdirlei Fernandes Freitas.<\/span><\/p>\n<p><iframe loading=\"lazy\" title=\"XVII Ciclo de Semin\u00e1rios GPET-F\u00edsica #3 | &quot;Perspectivas em Materiais\u00a0Fotovoltaicos&quot;\" width=\"900\" height=\"506\" src=\"https:\/\/www.youtube.com\/embed\/zz8m34fkaZY?feature=oembed\" frameborder=\"0\" allow=\"accelerometer; autoplay; clipboard-write; encrypted-media; gyroscope; picture-in-picture; web-share\" referrerpolicy=\"strict-origin-when-cross-origin\" allowfullscreen><\/iframe><\/p>\n<hr \/>\n<p><span style=\"font-family: 'times new roman', times, serif;font-size: 12pt\">Data: 15\/05\/2025<\/span><\/p>\n<p><span style=\"font-family: 'times new roman', times, serif;font-size: 12pt\">Local: Miniaudit\u00f3rio do Programa de P\u00f3s-gradua\u00e7\u00e3o em Geografia &#8211; Unicentro<\/span><\/p>\n<p><span style=\"font-family: 'times new roman', times, serif;font-size: 12pt\">T\u00edtulo: <strong>Al\u00e9m do Cl\u00e1ssico: Como a Qu\u00e2ntica est\u00e1 Redefinindo a Computa\u00e7\u00e3o.<\/strong><\/span><\/p>\n<p><span style=\"font-family: 'times new roman', times, serif;font-size: 12pt\">Palestrante: \u00a0Dr. Paulo Jos\u00e9 dos Reis.<\/span><\/p>\n<p><iframe loading=\"lazy\" title=\"XVII Ciclo de Semin\u00e1rios GPET-F\u00edsica #2 | &quot;Como a Qu\u00e2ntica est\u00e1 Redefinindo a Computa\u00e7\u00e3o&quot;\" width=\"900\" height=\"506\" src=\"https:\/\/www.youtube.com\/embed\/xhiTsv11_QA?feature=oembed\" frameborder=\"0\" allow=\"accelerometer; autoplay; clipboard-write; encrypted-media; gyroscope; picture-in-picture; web-share\" referrerpolicy=\"strict-origin-when-cross-origin\" allowfullscreen><\/iframe><\/p>\n<hr \/>\n<p><span style=\"font-family: 'times new roman', times, serif;font-size: 12pt\">Data: 27\/03\/2025<\/span><\/p>\n<p><span style=\"font-family: 'times new roman', times, serif;font-size: 12pt\">Local: Miniaudit\u00f3rio do Programa de P\u00f3s-gradua\u00e7\u00e3o em Geografia &#8211; Unicentro<\/span><\/p>\n<p><span style=\"font-family: 'times new roman', times, serif;font-size: 12pt\">T\u00edtulo: <strong>O que acontece quando um el\u00e9tron encontra uma mol\u00e9cula?\u00a0<\/strong><\/span><\/p>\n<p><span style=\"font-family: 'times new roman', times, serif;font-size: 12pt\">Palestrante: \u00a0Dra. Giseli Maria Moreira Baganha<\/span><\/p>\n<p><iframe loading=\"lazy\" title=\"XVII Ciclo de Semin\u00e1rios GPET-F\u00edsica #1 | &quot;O que acontece quando um el\u00e9tron encontra uma mol\u00e9cula?&quot;\" width=\"900\" height=\"506\" src=\"https:\/\/www.youtube.com\/embed\/DYTrTsJkTeI?feature=oembed\" frameborder=\"0\" allow=\"accelerometer; autoplay; clipboard-write; encrypted-media; gyroscope; picture-in-picture; web-share\" referrerpolicy=\"strict-origin-when-cross-origin\" allowfullscreen><\/iframe><\/p>\n<\/div>","protected":false},"excerpt":{"rendered":"<p>[vc_row][vc_column][vc_custom_heading text=&#8221;XVII Ciclo de Semin\u00e1rios do DEFIS&#8221; font_container=&#8221;tag:h1|text_align:center|color:%230a0a0a&#8221; google_fonts=&#8221;font_family:Alegreya%20SC%3Aregular%2Citalic%2C700%2C700italic%2C900%2C900italic|font_style:700%20bold%20regular%3A700%3Anormal&#8221;][vc_custom_heading text=&#8221;Organiza\u00e7\u00e3o: GPET-F\u00edsica&#8221; font_container=&#8221;tag:h3|text_align:center|color:%23000000&#8243; google_fonts=&#8221;font_family:Alegreya%20SC%3Aregular%2Citalic%2C700%2C700italic%2C900%2C900italic|font_style:700%20bold%20italic%3A700%3Aitalic&#8221;][vc_column_text] Data: 22\/10\/2025. Local: Miniaudit\u00f3rio do Programa de P\u00f3s-Gradua\u00e7\u00e3o em Qu\u00edmica Aplicada \u2013 Prof. S\u00e9rgio Toshio Fujiwara. T\u00edtulo: Introdu\u00e7\u00e3o \u00e0 Mec\u00e2nica Qu\u00e2ntica. Palestrante:\u00a0 Dr. Lucas Soster Moriggi. Data: 03\/07\/2025. Local: Audit\u00f3rio Paulo Jorge Riehs &#8211; PPGBIEVOL. T\u00edtulo: Perspectivas em Materiais Fotovoltaicos Ferroel\u00e9tricos. Palestrante:\u00a0 [&hellip;]<\/p>\n","protected":false},"author":550,"featured_media":0,"parent":0,"menu_order":0,"comment_status":"closed","ping_status":"closed","template":"","meta":{"_exactmetrics_skip_tracking":false,"_exactmetrics_sitenote_active":false,"_exactmetrics_sitenote_note":"","_exactmetrics_sitenote_category":0,"footnotes":"","_links_to":"","_links_to_target":""},"class_list":["post-15369","page","type-page","status-publish","hentry"],"_links":{"self":[{"href":"https:\/\/www3.unicentro.br\/petfisica\/wp-json\/wp\/v2\/pages\/15369","targetHints":{"allow":["GET"]}}],"collection":[{"href":"https:\/\/www3.unicentro.br\/petfisica\/wp-json\/wp\/v2\/pages"}],"about":[{"href":"https:\/\/www3.unicentro.br\/petfisica\/wp-json\/wp\/v2\/types\/page"}],"author":[{"embeddable":true,"href":"https:\/\/www3.unicentro.br\/petfisica\/wp-json\/wp\/v2\/users\/550"}],"replies":[{"embeddable":true,"href":"https:\/\/www3.unicentro.br\/petfisica\/wp-json\/wp\/v2\/comments?post=15369"}],"version-history":[{"count":2,"href":"https:\/\/www3.unicentro.br\/petfisica\/wp-json\/wp\/v2\/pages\/15369\/revisions"}],"predecessor-version":[{"id":16202,"href":"https:\/\/www3.unicentro.br\/petfisica\/wp-json\/wp\/v2\/pages\/15369\/revisions\/16202"}],"wp:attachment":[{"href":"https:\/\/www3.unicentro.br\/petfisica\/wp-json\/wp\/v2\/media?parent=15369"}],"curies":[{"name":"wp","href":"https:\/\/api.w.org\/{rel}","templated":true}]}}