{"id":15187,"date":"2025-02-03T18:43:15","date_gmt":"2025-02-03T21:43:15","guid":{"rendered":"https:\/\/www3.unicentro.br\/petfisica\/?page_id=15187"},"modified":"2026-02-19T22:33:58","modified_gmt":"2026-02-20T01:33:58","slug":"jornal-newstein","status":"publish","type":"page","link":"https:\/\/www3.unicentro.br\/petfisica\/jornal-newstein\/","title":{"rendered":"Jornal Newstein"},"content":{"rendered":"<div class=\"wpb-content-wrapper\"><p>[vc_row][vc_column][vc_tta_accordion style=&#8221;modern&#8221; color=&#8221;juicy-pink&#8221; spacing=&#8221;1&#8243; c_align=&#8221;center&#8221; c_icon=&#8221;triangle&#8221; active_section=&#8221;1&#8243;][vc_tta_section title=&#8221;<strong>Jornal <\/strong><i><strong>Newstein &#8211; Edi\u00e7\u00e3o 5<\/strong>\u00a0<\/i>&#8221; tab_id=&#8221;1671555233246-75da9730-d2b8&#8243;][vc_column_text]<\/p>\n<p style=\"text-align: center\"><strong><span style=\"font-family: 'times new roman', times, serif;font-size: 18px\">Jornal Newstein \u2013 Edi\u00e7\u00e3o 5 | Dezembro 2025<\/span><\/strong><\/p>\n<p style=\"text-align: justify\"><span style=\"font-family: 'times new roman', times, serif;font-size: 18px\">Nesta edi\u00e7\u00e3o, exploramos a F\u00edsica a partir do tema Natal, utilizando a ci\u00eancia para analisar, de forma criativa, os desafios envolvidos no natal e na miss\u00e3o do Papai Noel. A proposta \u00e9 mostrar como conceitos f\u00edsicos podem ser aplicados para interpretar situa\u00e7\u00f5es do imagin\u00e1rio popular, aproximando a F\u00edsica do cotidiano de maneira leve e acess\u00edvel. Algumas dos temas abordados s\u00e3o:<\/span><\/p>\n<p style=\"text-align: center\"><strong><em><span style=\"font-family: 'times new roman', times, serif;font-size: 18px\">\u00a0Tamanho do saco de brinquedos do Papai Noel \u2013 N\u00famero de renas necess\u00e1rias para puxar o treno do Papai Noel \u2013 Tempo que o Papei Noel leva para visitar todas as casas do mundo<\/span><\/em><\/strong><\/p>\n<p><span style=\"font-family: 'times new roman', times, serif;font-size: 18px\">Para obter material completo clique em <strong><em>Download:<\/em><\/strong><\/span><\/p>\n<p>[\/vc_column_text][vc_btn title=&#8221;Download&#8221; style=&#8221;3d&#8221; color=&#8221;juicy-pink&#8221; size=&#8221;sm&#8221; i_icon_fontawesome=&#8221;far fa-file-pdf&#8221; add_icon=&#8221;true&#8221; link=&#8221;url:https%3A%2F%2Fdrive.google.com%2Ffile%2Fd%2F1sc-v-3DHlPbkM6pu3knRRSGViBd3JCmS%2Fview%3Fusp%3Ddrive_link<br \/>\n||target:_blank&#8221;] [\/vc_tta_section][vc_tta_section title=&#8221;<strong>Jornal <\/strong><i><strong>Newstein &#8211; Edi\u00e7\u00e3o 4<\/strong><\/i>&#8221; tab_id=&#8221;1699451498687-c32adecf-340e&#8221;][vc_column_text]<\/p>\n<p style=\"text-align: center\"><strong><span style=\"font-family: 'times new roman', times, serif;font-size: 18px\">Jornal Newstein \u2013 Edi\u00e7\u00e3o 4 | Setembro 2025<\/span><\/strong><\/p>\n<p style=\"text-align: justify\"><span style=\"font-family: 'times new roman', times, serif;font-size: 18px\">Nesta edi\u00e7\u00e3o, exploramos as diversas \u00e1reas profissionais da F\u00edsica e suas contribui\u00e7\u00f5es para a sociedade moderna. Sob o tema <strong data-start=\"404\" data-end=\"458\">\u201cProfiss\u00f5es da F\u00edsica\u201d<\/strong>, apresentamos como o conhecimento f\u00edsico se aplica desde o estudo do universo at\u00e9 a preserva\u00e7\u00e3o ambiental e o avan\u00e7o da medicina. Algumas das profiss\u00f5es abordadas s\u00e3o:<\/span><\/p>\n<p style=\"text-align: center\"><strong><em><span style=\"font-family: 'times new roman', times, serif;font-size: 18px\">\u00a0Petrof\u00edsica\u00a0 \u2013 Econofisica\u00a0 \u2013 Astrofisica\u00a0 \u2013 Biof\u00edsica \u2013 F\u00edsica M\u00e9dica.<\/span><\/em><\/strong><\/p>\n<p><span style=\"font-family: 'times new roman', times, serif;font-size: 18px\">Para obter material completo clique em <strong><em>Download:<\/em><\/strong><\/span><\/p>\n<p>[\/vc_column_text][vc_btn title=&#8221;Download&#8221; style=&#8221;3d&#8221; color=&#8221;juicy-pink&#8221; size=&#8221;sm&#8221; i_icon_fontawesome=&#8221;far fa-file-pdf&#8221; add_icon=&#8221;true&#8221; link=&#8221;url:https%3A%2F%2Fdrive.google.com%2Fopen%3Fid%3D1RVzgKbTagK6taD6o8ZAsdG9qHaHvPqsK||target:_blank&#8221;] [\/vc_tta_section][vc_tta_section title=&#8221;<strong>Jornal <\/strong><i><strong>Newstein &#8211; Edi\u00e7\u00e3o 3<\/strong><\/i>&#8221; tab_id=&#8221;1699451497687-c32adecf-340e&#8221;][vc_column_text]<\/p>\n<p style=\"text-align: center\"><strong><span style=\"font-family: 'times new roman', times, serif;font-size: 18px\">Jornal Newstein \u2013 Edi\u00e7\u00e3o 3 | Junho 2025<\/span><\/strong><\/p>\n<p style=\"text-align: justify\"><span style=\"font-family: 'times new roman', times, serif;font-size: 18px\">Nesta edi\u00e7\u00e3o, reunimos uma sele\u00e7\u00e3o de not\u00edcias cient\u00edficas sobre meio ambiente, clima e inova\u00e7\u00f5es em tecnologias sustent\u00e1veis, em comemora\u00e7\u00e3o ao Dia Mundial do Meio Ambiente (5 de junho). Entre os destaques:<\/span><\/p>\n<p style=\"text-align: center\"><strong><em><span style=\"font-family: 'times new roman', times, serif;font-size: 18px\">CFCs e a Camada de Oz\u00f4nio \u2013 Energia solar e f\u00edsica qu\u00e2ntica &#8211; Micropl\u00e1sticos no ar e nas plantas &#8211; COP30 na Amaz\u00f4nia<\/span><\/em><\/strong><strong><em><span style=\"font-family: 'times new roman', times, serif;font-size: 18px\">.<\/span><\/em><\/strong><\/p>\n<p><span style=\"font-family: 'times new roman', times, serif;font-size: 18px\">Para obter material completo clique em <strong><em>Download:<\/em><\/strong><\/span><\/p>\n<p>[\/vc_column_text][vc_btn title=&#8221;Download&#8221; style=&#8221;3d&#8221; color=&#8221;juicy-pink&#8221; size=&#8221;sm&#8221; i_icon_fontawesome=&#8221;far fa-file-pdf&#8221; add_icon=&#8221;true&#8221; link=&#8221;url:https%3A%2F%2Fdrive.google.com%2Fopen%3Fid%3D1SWmb_eJlG3zGVjgdRcn8bclDCeQzq1S8|target:_blank&#8221;][\/vc_tta_section][vc_tta_section title=&#8221;<strong>Jornal <\/strong><i><strong>Newstein &#8211; Edi\u00e7\u00e3o 2<\/strong><\/i>&#8221; tab_id=&#8221;1699451496687-c32adecf-340e&#8221;][vc_column_text]<\/p>\n<p style=\"text-align: center\"><strong><span style=\"font-family: 'times new roman', times, serif;font-size: 18px\">Jornal Newstein \u2013 Edi\u00e7\u00e3o 2 | Mar\u00e7o 2025<\/span><\/strong><\/p>\n<p style=\"text-align: justify\"><span style=\"font-family: 'times new roman', times, serif;font-size: 18px\">Nesta edi\u00e7\u00e3o, reunimos uma sele\u00e7\u00e3o de not\u00edcias cient\u00edficas sobre computa\u00e7\u00e3o e tecnologias qu\u00e2nticas, em homenagem a 2025, declarado pela ONU como o Ano Internacional das Tecnologias Qu\u00e2nticas. Entre os destaques:<\/span><\/p>\n<p style=\"text-align: center\"><strong><em><span style=\"font-family: 'times new roman', times, serif;font-size: 18px\">\u00a0O ano internacional das Tecnologias qu\u00e2nticas \u2013 Google, computador e criptografia qu\u00e2ntica &#8211; Amazon e chip qu\u00e2ntico<\/span><\/em><\/strong><strong><em><span style=\"font-family: 'times new roman', times, serif;font-size: 18px\">\u00a0<\/span><\/em><\/strong><\/p>\n<p><span style=\"font-family: 'times new roman', times, serif;font-size: 18px\">Para obter material completo clique em <strong><em>Download:<\/em><\/strong><\/span><\/p>\n<p>[\/vc_column_text][vc_btn title=&#8221;Download&#8221; style=&#8221;3d&#8221; color=&#8221;juicy-pink&#8221; size=&#8221;sm&#8221; i_icon_fontawesome=&#8221;far fa-file-pdf&#8221; add_icon=&#8221;true&#8221; link=&#8221;url: https%3A%2F%2Fdrive.google.com%2Ffile%2Fd%2F1EPXqh3CRoV8cnYPy9FxVlAokLLBPEWyc%2Fview%3Fusp%3Ddrive_link|target:_blank&#8221;][\/vc_tta_section][vc_tta_section title=&#8221;<strong>Jornal <\/strong><i><strong>Newstein &#8211; Edi\u00e7\u00e3o 1<\/strong><\/i>&#8221; tab_id=&#8221;1699751498687-c32adecf-340e&#8221;][vc_column_text]<\/p>\n<p style=\"text-align: center\"><strong><span style=\"font-family: 'times new roman', times, serif;font-size: 18px\">Jornal Newstein \u2013 Edi\u00e7\u00e3o 1 | Dezembro 2024<\/span><\/strong><\/p>\n<p style=\"text-align: justify\"><span style=\"font-size: 18px\"><span style=\"font-family: 'times new roman', times, serif\">Nesta edi\u00e7\u00e3o, trazemos uma sele\u00e7\u00e3o de not\u00edcias cient\u00edficas relacionadas \u00e0 intelig\u00eancia artificial, mudan\u00e7as clim\u00e1ticas, nanotecnologia e astrof\u00edsica. <\/span><span style=\"font-family: 'times new roman', times, serif\">Entre os destaques:<\/span><\/span><\/p>\n<p style=\"text-align: center\"><em><span style=\"font-family: 'times new roman', times, serif;font-size: 18px\"><strong>Nobel de F\u00edsica 2024<\/strong> \u2013 <strong>O fim das geleiras na Venezuela &#8211; Fus\u00e3o de hidrog\u00eanio e oxig\u00eanio em escala molecular &#8211; Supercondutores \u00e0 temperatura ambiente &#8211; \u00a0Micropl\u00e1sticos e enzimas degradadoras<\/strong><\/span><\/em><\/p>\n<p><span style=\"font-family: 'times new roman', times, serif;font-size: 18px\">Para obter material completo clique em <strong><em>Download:<\/em><\/strong><\/span><\/p>\n<p>[\/vc_column_text][vc_btn title=&#8221;Download&#8221; style=&#8221;3d&#8221; color=&#8221;juicy-pink&#8221; size=&#8221;sm&#8221; i_icon_fontawesome=&#8221;far fa-file-pdf&#8221; add_icon=&#8221;true&#8221; link=&#8221;url:https%3A%2F%2Fdrive.google.com%2Ffile%2Fd%2F1nNeq3QVZkrh7g4lRUrVvDq1a2oAp43sx%2Fview%3Fusp%3Ddrive_link|target:%20_blank|&#8221;][\/vc_tta_section][\/vc_tta_accordion][\/vc_column][\/vc_row]<\/p>\n<\/div>","protected":false},"excerpt":{"rendered":"<p>[vc_row][vc_column][vc_tta_accordion style=&#8221;modern&#8221; color=&#8221;juicy-pink&#8221; spacing=&#8221;1&#8243; c_align=&#8221;center&#8221; c_icon=&#8221;triangle&#8221; active_section=&#8221;1&#8243;][vc_tta_section title=&#8221;Jornal Newstein &#8211; Edi\u00e7\u00e3o 5\u00a0&#8221; tab_id=&#8221;1671555233246-75da9730-d2b8&#8243;][vc_column_text] Jornal Newstein \u2013 Edi\u00e7\u00e3o 5 | Dezembro 2025 Nesta edi\u00e7\u00e3o, exploramos a F\u00edsica a partir do tema Natal, utilizando a ci\u00eancia para analisar, de forma criativa, os desafios envolvidos no natal e na miss\u00e3o do Papai Noel. A proposta \u00e9 mostrar como [&hellip;]<\/p>\n","protected":false},"author":550,"featured_media":0,"parent":0,"menu_order":0,"comment_status":"closed","ping_status":"closed","template":"","meta":{"_exactmetrics_skip_tracking":false,"_exactmetrics_sitenote_active":false,"_exactmetrics_sitenote_note":"","_exactmetrics_sitenote_category":0,"footnotes":"","_links_to":"","_links_to_target":""},"class_list":["post-15187","page","type-page","status-publish","hentry"],"_links":{"self":[{"href":"https:\/\/www3.unicentro.br\/petfisica\/wp-json\/wp\/v2\/pages\/15187","targetHints":{"allow":["GET"]}}],"collection":[{"href":"https:\/\/www3.unicentro.br\/petfisica\/wp-json\/wp\/v2\/pages"}],"about":[{"href":"https:\/\/www3.unicentro.br\/petfisica\/wp-json\/wp\/v2\/types\/page"}],"author":[{"embeddable":true,"href":"https:\/\/www3.unicentro.br\/petfisica\/wp-json\/wp\/v2\/users\/550"}],"replies":[{"embeddable":true,"href":"https:\/\/www3.unicentro.br\/petfisica\/wp-json\/wp\/v2\/comments?post=15187"}],"version-history":[{"count":2,"href":"https:\/\/www3.unicentro.br\/petfisica\/wp-json\/wp\/v2\/pages\/15187\/revisions"}],"predecessor-version":[{"id":16613,"href":"https:\/\/www3.unicentro.br\/petfisica\/wp-json\/wp\/v2\/pages\/15187\/revisions\/16613"}],"wp:attachment":[{"href":"https:\/\/www3.unicentro.br\/petfisica\/wp-json\/wp\/v2\/media?parent=15187"}],"curies":[{"name":"wp","href":"https:\/\/api.w.org\/{rel}","templated":true}]}}