{"id":15176,"date":"2025-01-31T23:08:37","date_gmt":"2025-02-01T02:08:37","guid":{"rendered":"https:\/\/www3.unicentro.br\/petfisica\/?page_id=15176"},"modified":"2025-10-27T21:58:13","modified_gmt":"2025-10-28T00:58:13","slug":"2024-2","status":"publish","type":"page","link":"https:\/\/www3.unicentro.br\/petfisica\/2024-2\/","title":{"rendered":"2025"},"content":{"rendered":"<div class=\"wpb-content-wrapper\"><p>[vc_row][vc_column][vc_hoverbox image=&#8221;8662&#8243; primary_title=&#8221;Black Mirror\u00a0 B\u00eate Noire&#8221; hover_title=&#8221;22\u00aa Sess\u00e3o Cine PET: Black Mirror &#8211; 7\u00aa Temporada: B\u00eate Noire&#8221; shape=&#8221;round&#8221;]<\/p>\n<p style=\"text-align: left\"><span style=\"font-family: times new roman,times,serif;font-size: 12pt\"><strong>N\u00famero de Participantes: <\/strong>8 (Contando com o petiano moderador).<\/span><\/p>\n<p style=\"text-align: left\"><span style=\"font-family: times new roman,times,serif;font-size: 12pt\"><strong>Petiano Moderador: <\/strong>Juan Rattes de Brito.<\/span><\/p>\n<p style=\"text-align: left\"><span style=\"font-family: times new roman,times,serif;font-size: 12pt\"><strong>Data em que foi realizada a sess\u00e3o:\u00a0<\/strong>24 de outubro, 13h30 \u00e0s 15h<\/span><\/p>\n<p style=\"text-align: left\"><span style=\"font-family: times new roman,times,serif;font-size: 12pt\"><strong>Local:<\/strong> sala 4 do DEFSIS.<\/span><\/p>\n<p style=\"text-align: justify\"><span style=\"font-size: 12pt;font-family: 'times new roman', times, serif\"><strong>Sinopse:<\/strong> Maria \u00e9 uma executiva de alto n\u00edvel em uma companhia de chocolate. Uma antiga conhecida aparece na sua empresa e a jovem sente um desconforto inexplic\u00e1vel, pois percebe algo que ningu\u00e9m mais consegue ver.<\/span><\/p>\n<p>[\/vc_hoverbox][\/vc_column][\/vc_row][vc_row][vc_column][vc_hoverbox image=&#8221;8662&#8243; primary_title=&#8221;O Show de Truman&#8221; hover_title=&#8221;21\u00aa Sess\u00e3o Cine PET: O Show de Truman&#8221; shape=&#8221;round&#8221;]<\/p>\n<p style=\"text-align: left\"><span style=\"font-family: times new roman,times,serif;font-size: 12pt\"><strong>N\u00famero de Participantes: <\/strong>8 (Contando com o petiano moderador).<\/span><\/p>\n<p style=\"text-align: left\"><span style=\"font-family: times new roman,times,serif;font-size: 12pt\"><strong>Petiano Moderador: <\/strong>Matheus Bonassoli de Souza.<\/span><\/p>\n<p style=\"text-align: left\"><span style=\"font-family: times new roman,times,serif;font-size: 12pt\"><strong>Data em que foi realizada a sess\u00e3o:\u00a0<\/strong>14 de outubro, 13h30 \u00e0s 15h<\/span><\/p>\n<p style=\"text-align: left\"><span style=\"font-family: times new roman,times,serif;font-size: 12pt\"><strong>Local:<\/strong> sala 4 do DEFSIS.<\/span><\/p>\n<p style=\"text-align: justify\"><span style=\"font-size: 12pt;font-family: 'times new roman', times, serif\"><strong>Sinopse:<\/strong> Truman Burbank (Jim Carrey) \u00e9 um pacato vendedor de seguros que leva um vida simples com sua esposa Meryl Burbank (Laura Linney). Por\u00e9m algumas coisas ao seu redor fazem com que ele passe a estranhar sua cidade, seus supostos amigos e at\u00e9 sua mulher. Ap\u00f3s conhecer a misteriosa Lauren (Natascha McElhone), ele fica intrigado e acaba descobrindo que toda sua vida foi monitorada por c\u00e2meras e transmitida em rede nacional.<\/span><\/p>\n<p style=\"text-align: justify\">[\/vc_hoverbox][\/vc_column][\/vc_row][vc_row][vc_column][vc_hoverbox image=&#8221;8662&#8243; primary_title=&#8221;O Paradoxo Cloverfield&#8221; hover_title=&#8221;20\u00aa Sess\u00e3o Cine PET: O Paradoxo Cloverfield&#8221; shape=&#8221;round&#8221;]<\/p>\n<p style=\"text-align: left\"><span style=\"font-family: times new roman,times,serif;font-size: 12pt\"><strong>N\u00famero de Participantes: <\/strong>8 (Contando com o petiano moderador).<\/span><\/p>\n<p style=\"text-align: left\"><span style=\"font-family: times new roman,times,serif;font-size: 12pt\"><strong>Petiano Moderador: <\/strong>Ana Julia Maximowski.<\/span><\/p>\n<p style=\"text-align: left\"><span style=\"font-family: times new roman,times,serif;font-size: 12pt\"><strong>Data em que foi realizada a sess\u00e3o:\u00a0<\/strong>12 de maio de 2025, 13h30 \u00e0s 15h.<\/span><\/p>\n<p style=\"text-align: left\"><span style=\"font-family: times new roman,times,serif;font-size: 12pt\"><strong>Local:<\/strong> sala 4 do DEFSIS.<\/span><\/p>\n<p style=\"text-align: left\"><span style=\"font-size: 12pt;font-family: 'times new roman', times, serif\"><strong>Sinopse:\u00a0<\/strong>A tripula\u00e7\u00e3o de uma esta\u00e7\u00e3o espacial testa um dispositivo que pode gerar energia ilimitada, mas que corre o risco de criar um terr\u00edvel paradoxo, deixando-os em uma sombria realidade alternativa.<\/span><\/p>\n<p>[\/vc_hoverbox][\/vc_column][\/vc_row][vc_row][vc_column][vc_hoverbox image=&#8221;8662&#8243; primary_title=&#8221;Divertida mente 2&#8243; hover_title=&#8221;19\u00aa Sess\u00e3o Cine PET: Divertida mente 2&#8243; shape=&#8221;round&#8221;]<\/p>\n<p><span style=\"font-family: times new roman,times,serif;font-size: 12pt\"><strong>N\u00famero de Participantes:<\/strong> 8 (Contando com o petiano moderador).<\/span><\/p>\n<p><span style=\"font-family: times new roman,times,serif;font-size: 12pt\"><strong>Petiano Moderador: <\/strong>Angelo Zanona Neto.<\/span><\/p>\n<p><span style=\"font-family: times new roman,times,serif;font-size: 12pt\"><strong>Data em que foi realizada a sess\u00e3o:<\/strong> 24 de abril de 2025, 13h30 \u00e0s 15h00.<\/span><\/p>\n<p><span style=\"font-family: times new roman,times,serif;font-size: 12pt\"><strong>Local:<\/strong> sala 4 do DEFSIS.<\/span><\/p>\n<p style=\"text-align: justify\"><span style=\"font-size: 12pt;font-family: 'times new roman', times, serif\"><strong>Sinopse: <\/strong>Com um salto temporal, Riley se encontra mais velha, passando pela t\u00e3o temida adolesc\u00eancia. Junto com o amadurecimento, a sala de controle tamb\u00e9m est\u00e1 passando por uma adapta\u00e7\u00e3o para dar lugar a algo totalmente inesperado: novas emo\u00e7\u00f5es. As j\u00e1 conhecidas, Alegria, Raiva, Medo, Nojinho e Tristeza n\u00e3o t\u00eam certeza de como se sentir quando novos inquilinos chegam ao local.<\/span><\/p>\n<p>[\/vc_hoverbox][\/vc_column][\/vc_row]<\/p>\n<p>&nbsp;<\/p>\n<\/div>","protected":false},"excerpt":{"rendered":"<p>[vc_row][vc_column][vc_hoverbox image=&#8221;8662&#8243; primary_title=&#8221;Black Mirror\u00a0 B\u00eate Noire&#8221; hover_title=&#8221;22\u00aa Sess\u00e3o Cine PET: Black Mirror &#8211; 7\u00aa Temporada: B\u00eate Noire&#8221; shape=&#8221;round&#8221;] N\u00famero de Participantes: 8 (Contando com o petiano moderador). Petiano Moderador: Juan Rattes de Brito. Data em que foi realizada a sess\u00e3o:\u00a024 de outubro, 13h30 \u00e0s 15h Local: sala 4 do DEFSIS. Sinopse: Maria \u00e9 uma executiva [&hellip;]<\/p>\n","protected":false},"author":550,"featured_media":0,"parent":0,"menu_order":0,"comment_status":"closed","ping_status":"closed","template":"","meta":{"_exactmetrics_skip_tracking":false,"_exactmetrics_sitenote_active":false,"_exactmetrics_sitenote_note":"","_exactmetrics_sitenote_category":0,"footnotes":"","_links_to":"","_links_to_target":""},"class_list":["post-15176","page","type-page","status-publish","hentry"],"_links":{"self":[{"href":"https:\/\/www3.unicentro.br\/petfisica\/wp-json\/wp\/v2\/pages\/15176","targetHints":{"allow":["GET"]}}],"collection":[{"href":"https:\/\/www3.unicentro.br\/petfisica\/wp-json\/wp\/v2\/pages"}],"about":[{"href":"https:\/\/www3.unicentro.br\/petfisica\/wp-json\/wp\/v2\/types\/page"}],"author":[{"embeddable":true,"href":"https:\/\/www3.unicentro.br\/petfisica\/wp-json\/wp\/v2\/users\/550"}],"replies":[{"embeddable":true,"href":"https:\/\/www3.unicentro.br\/petfisica\/wp-json\/wp\/v2\/comments?post=15176"}],"version-history":[{"count":3,"href":"https:\/\/www3.unicentro.br\/petfisica\/wp-json\/wp\/v2\/pages\/15176\/revisions"}],"predecessor-version":[{"id":16216,"href":"https:\/\/www3.unicentro.br\/petfisica\/wp-json\/wp\/v2\/pages\/15176\/revisions\/16216"}],"wp:attachment":[{"href":"https:\/\/www3.unicentro.br\/petfisica\/wp-json\/wp\/v2\/media?parent=15176"}],"curies":[{"name":"wp","href":"https:\/\/api.w.org\/{rel}","templated":true}]}}