{"id":15172,"date":"2025-01-31T23:03:59","date_gmt":"2025-02-01T02:03:59","guid":{"rendered":"https:\/\/www3.unicentro.br\/petfisica\/?page_id=15172"},"modified":"2026-01-05T21:42:53","modified_gmt":"2026-01-06T00:42:53","slug":"extensao-2025","status":"publish","type":"page","link":"https:\/\/www3.unicentro.br\/petfisica\/extensao-2025\/","title":{"rendered":"Extens\u00e3o 2025"},"content":{"rendered":"<p style=\"text-align: justify\"><a href=\"https:\/\/www3.unicentro.br\/petfisica\/galeria-2025\"><span style=\"text-decoration: underline\"><span style=\"font-family: 'times new roman', times, serif;font-size: 16px\"><b>InterPET (07\/11\/2025)<\/b><\/span><\/span><\/a><\/p>\n<p style=\"text-align: justify\"><span style=\"font-weight: 400;font-family: 'times new roman', times, serif;font-size: 16px\">No dia 7 de novembro, aconteceu o encontro InterPET dos Grupos PET da Unicentro, realizado no sal\u00e3o social da ACRE, o qual contou com 130 petianos. O evento teve in\u00edcio com uma apresenta\u00e7\u00e3o cultural, seguida por uma palestra sobre \u00e9tica e boas pr\u00e1ticas de petianos. Durante a palestra, foi realizada uma atividade que reuniu petianos de diferentes Grupos PET em equipes, promovendo a troca de experi\u00eancias e reflex\u00f5es sobre \u201co que significa ser petiano\u201d.\u00a0 Ademais, cada grupo apresentou, por meio de slides, as atividades desenvolvidas ao longo de 2025 para os demais participantes. Por fim, foram realizadas gincanas de integra\u00e7\u00e3o, como v\u00f4lei, \u201cComplete a m\u00fasica\u201d e \u201cQuem eu sou?\u201d, promovendo um ambiente de intera\u00e7\u00e3o e aprendizagem inestim\u00e1vel para todos os participantes.<\/span><\/p>\n<hr \/>\n<p><span style=\"font-family: 'times new roman', times, serif;font-size: 16px\"><b>Participa\u00e7\u00e3o em eventos cie<\/b><strong>nt\u00edficos: EAIC\u00a0 e EAEX (03\/11\/2025 \u2013 07\/11\/2025)<\/strong><\/span><\/p>\n<p style=\"text-align: justify\"><span style=\"font-family: 'times new roman', times, serif;font-size: 16px\">Os petianos participaram do XXXIIII Encontro Anual de Inicia\u00e7\u00e3o Cient\u00edfica (EAIC), promovido pela Universidade Estadual do Centro-Oeste (Unicentro) entre os dias 03 e 07 de novembro de 2025. Nesse evento, alguns petianos apresentaram os resultados de suas pesquisas de inicia\u00e7\u00e3o cient\u00edfica do per\u00edodo de 2024\/2025.\u00a0<\/span><\/p>\n<hr \/>\n<p style=\"text-align: justify\"><span style=\"text-decoration: underline\"><strong><span style=\"font-family: 'times new roman', times, serif\"><span style=\"font-size: 16px\"><a href=\"https:\/\/www3.unicentro.br\/petfisica\/galeria-2025\">Intera\u00e7\u00e3o com as Escolas &#8211; Expolobo (04\/10\/2025)<\/a><\/span><\/span><\/strong><\/span><\/p>\n<p style=\"text-align: justify\"><span style=\"font-family: 'times new roman', times, serif;font-size: 16px\">No dia 04 de outubro, dois petianos participaram da Expolobo, uma exposi\u00e7\u00e3o organizada pelo Col\u00e9gio Lobo, de Guarapuava. No evento, foram apresentados experimentos de eletrost\u00e1tica utilizando um gerador Van de Graaff, demonstrando conceitos f\u00edsicos de forma interativa para os alunos visitantes. A atividade despertou grande interesse e curiosidade entre os estudantes, que se mostraram bastante engajados com as demonstra\u00e7\u00f5es. O evento tamb\u00e9m foi uma oportunidade de divulga\u00e7\u00e3o das atividades realizadas pelo GPET-F\u00edsica.<\/span><\/p>\n<hr \/>\n<p><a href=\"https:\/\/www3.unicentro.br\/petfisica\/galeria-2025\"><span style=\"font-family: 'times new roman', times, serif;font-size: 16px\"><b>Paran\u00e1 faz Ci\u00eancia (29\/09 &#8211; 03\/10)<\/b><\/span><\/a><\/p>\n<p style=\"text-align: justify\"><span style=\"font-family: 'times new roman', times, serif;font-size: 16px\"><span style=\"font-weight: 400\">Durante o per\u00edodo de 29\/09 a 03\/10, os petianos do GPET &#8211; F\u00edsica participaram do Paran\u00e1 Faz Ci\u00eancia: evento de divulga\u00e7\u00e3o cient\u00edfica que engloba todas as universidades p\u00fablicas da regi\u00e3o paranaense, que incorporou a 5\u00aa edi\u00e7\u00e3o da semana estadual de ci\u00eancia, tecnologia e ensino superior e a 22\u00aa semana nacional de ci\u00eancia, tecnologia e inova\u00e7\u00e3o 2025. Durante o evento, os petianos trabalharam no <\/span><i><span style=\"font-weight: 400\">stand<\/span><\/i><span style=\"font-weight: 400\"> dos PET\u2019s da Unicentro, onde apresentaram jogos de conhecimento gerais ao p\u00fablico. A experi\u00eancia foi enriquecedora aos participantes, que entraram em contato com v\u00e1rias \u00e1reas do saber e pesquisas desenvolvidas pelas demais universidades do Paran\u00e1. <\/span><\/span><\/p>\n<hr \/>\n<p style=\"text-align: justify\"><span style=\"text-decoration: underline\"><span style=\"font-size: 16px\"><a href=\"https:\/\/www3.unicentro.br\/petfisica\/galeria-2025\"><span style=\"font-family: 'times new roman', times, serif\"><strong>Minicurso: Introdu\u00e7\u00e3o ao Python (10\/09\/2025)<\/strong><\/span><\/a><\/span><\/span><\/p>\n<p style=\"text-align: justify\"><span style=\"font-weight: 400;font-family: 'times new roman', times, serif;font-size: 16px\">No dia 10 de setembro de 2025, o GPET-F\u00edsica promoveu o minicurso \u201cIntrodu\u00e7\u00e3o ao Python\u201d. Durante a atividade, foram apresentados conceitos fundamentais da linguagem de programa\u00e7\u00e3o, como vari\u00e1veis, tipos de dados, operadores aritm\u00e9ticos, de compara\u00e7\u00e3o e l\u00f3gicos, al\u00e9m de estruturas condicionais. Paralelamente \u00e0 parte te\u00f3rica, os participantes resolveram exerc\u00edcios pr\u00e1ticos introdut\u00f3rios de programa\u00e7\u00e3o. O minicurso foi bastante produtivo, com boa participa\u00e7\u00e3o e interesse demonstrados pelos presentes.<br \/>\n<\/span><\/p>\n<hr \/>\n<p style=\"text-align: justify\"><span style=\"font-family: 'times new roman', times, serif;font-size: 16px\"><a href=\"https:\/\/www3.unicentro.br\/petfisica\/galeria-2025\/\"><span style=\"text-decoration: underline\"><strong>Agasalha PET &#8211; 2025<\/strong><\/span><\/a><\/span><\/p>\n<p style=\"text-align: justify\"><span style=\"font-weight: 400;font-family: 'times new roman', times, serif;font-size: 16px\">No dia 03\/09\/2025, o GPET-F\u00edsica doou 70 pe\u00e7as de roupas ao projeto Vidas por Vidas, em Guarapuava\/PR.\u00a0 As roupas foram arrecadadas desde o come\u00e7o do ano, contando com pe\u00e7as de ver\u00e3o e inverno, sendo estas, infantis, masculinas e femininas. O projeto Vidas por Vidas tem como objetivo ajudar e acolher pessoas em vulnerabilidade social, fornecendo roupas, alimenta\u00e7\u00e3o e abrigo, contando com in\u00fameros depoimentos de pessoas que receberam ajuda por meio desta iniciativa de caridade. O GPET-F\u00edsica agradece a todos os doadores que se solidarizaram e contribu\u00edram com as doa\u00e7\u00f5es, que por fim servir\u00e3o de recurso para os mais necessitados.<\/span><\/p>\n<hr \/>\n<p style=\"text-align: justify\"><span style=\"font-size: 16px\"><a href=\"https:\/\/www3.unicentro.br\/petfisica\/galeria-2025\/\"><span style=\"text-decoration: underline\"><span style=\"font-family: 'times new roman', times, serif\"><b>Minicurso: Introdu\u00e7\u00e3o \u00e0 Transformada de<\/b><\/span><\/span><span style=\"font-family: 'times new roman', times, serif\"><b> F<\/b><\/span><span style=\"font-family: 'times new roman', times, serif\"><b>ourier<\/b><\/span><span style=\"text-decoration: underline\"><span style=\"font-family: 'times new roman', times, serif\"><b> (07\/08\/2025)<\/b><\/span><\/span><\/a><\/span><\/p>\n<p style=\"text-align: justify\"><span style=\"font-weight: 400;font-family: 'times new roman', times, serif;font-size: 16px\">No dia 7 de agosto, o GPET-F\u00edsica promoveu o minicurso\u00a0 \u201cIntrodu\u00e7\u00e3o \u00e0 transformada de Fourier\u201d. Durante a atividade, os participantes aprenderam sobre os conceitos introdut\u00f3rios e as principais propriedades dessa ferramenta matem\u00e1tica. Al\u00e9m das explica\u00e7\u00f5es te\u00f3ricas, foram resolvidos exerc\u00edcios envolvendo a aplica\u00e7\u00e3o da transformada na resolu\u00e7\u00e3o de equa\u00e7\u00f5es diferenciais parciais (EDPs) e na demonstra\u00e7\u00e3o do princ\u00edpio da incerteza. Os participantes demonstraram grande interesse pelo conte\u00fado e participaram ativamente das discuss\u00f5es, promovendo um ambiente de aprendizado din\u00e2mico e colaborativo.<\/span><\/p>\n<hr \/>\n<p style=\"text-align: justify\"><a href=\"https:\/\/www3.unicentro.br\/petfisica\/galeria-2025\/\"><span style=\"text-decoration: underline\"><span style=\"font-family: 'times new roman', times, serif;font-size: 16px\"><b>Intera\u00e7\u00e3o com as Escolas: Walking Tuor (13\/06\/2025)<\/b><\/span><\/span><\/a><\/p>\n<p style=\"text-align: justify\"><span style=\"font-family: 'times new roman', times, serif;font-size: 16px\"><span style=\"font-weight: 400\">No dia 13 de junho de 2025, o Curso de F\u00edsica da Unicentro, em parceria com o GPET-F\u00edsica e o PIBID, participou da atividade <\/span><i><span style=\"font-weight: 400\">Walking Tour<\/span><\/i><span style=\"font-weight: 400\">, promovida no campus CEDETEG da Universidade estadual do centro-oeste (Unicentro). Durante o evento, diversas escolas da regi\u00e3o visitaram a universidade com o objetivo de conhecer os cursos oferecidos.<\/span><\/span><\/p>\n<p style=\"text-align: justify\"><span style=\"font-weight: 400;font-family: 'times new roman', times, serif;font-size: 16px\">Na recep\u00e7\u00e3o, o Curso de F\u00edsica apresentou uma s\u00e9rie de experimentos nas \u00e1reas de cinem\u00e1tica, \u00f3ptica e eletricidade, proporcionando aos estudantes do ensino b\u00e1sico uma demonstra\u00e7\u00e3o pr\u00e1tica dos conte\u00fados trabalhados na gradua\u00e7\u00e3o. A atividade foi enriquecedora tanto para os alunos visitantes, que puderam conhecer melhor o curso e seu funcionamento, quanto para os apresentadores, que tiveram a oportunidade de divulgar a f\u00edsica de forma acess\u00edvel e interativa.<\/span><\/p>\n<hr \/>\n<p><span style=\"text-decoration: underline\"><a href=\"https:\/\/www3.unicentro.br\/petfisica\/galeria-2025\/\"><span style=\"font-family: 'times new roman', times, serif;font-size: 16px\"><b>Minicurso: Introdu\u00e7\u00e3o \u00e0 constru\u00e7\u00e3o de gr\u00e1ficos (29\/05\/2025)<\/b><\/span><\/a><\/span><\/p>\n<p style=\"text-align: justify\"><span style=\"font-weight: 400;font-family: 'times new roman', times, serif;font-size: 16px\">No dia 29 de maio, o GPET-F\u00edsica ministrou um minicurso voltado \u00e0 introdu\u00e7\u00e3o da constru\u00e7\u00e3o de gr\u00e1ficos. Durante a atividade, os participantes puderam explorar, por meio de explica\u00e7\u00f5es e exerc\u00edcios pr\u00e1ticos, como inserir dados, plotar gr\u00e1ficos que melhor os represente e analisar as suas propriedades. Os participantes demonstraram grande interesse nas t\u00e9cnicas apresentadas e contribu\u00edram ativamente ao longo do minicurso, promovendo um ambiente de aprendizado colaborativo.<\/span><\/p>\n<hr \/>\n<p><span style=\"font-family: 'times new roman', times, serif;font-size: 16px\"><b><span style=\"text-decoration: underline\">Semin\u00e1rio: Mudan\u00e7as Clim\u00e1ticas e COP30 (22\/05\/2025<\/span>)<\/b><\/span><\/p>\n<p style=\"text-align: justify\"><span style=\"font-weight: 400;font-family: 'times new roman', times, serif;font-size: 16px\">No dia 22 de maio de 2025, alguns membros do GPET-F\u00edsica participaram do semin\u00e1rio sobre mudan\u00e7as clim\u00e1ticas e a COP30 \u2014 sigla para &#8220;Confer\u00eancia das Partes&#8221;, evento promovido pela ONU com o objetivo de discutir a\u00e7\u00f5es globais para o enfrentamento da crise clim\u00e1tica -. Durante o encontro promovido pela Usina de Itaipu, foram abordados temas relevantes como a import\u00e2ncia da transi\u00e7\u00e3o energ\u00e9tica, as mudan\u00e7as clim\u00e1ticas e o papel do Brasil na pr\u00f3xima confer\u00eancia, que ser\u00e1 realizada em Bel\u00e9m. A participa\u00e7\u00e3o no semin\u00e1rio foi de grande valia para os membros do grupo, pois proporcionou reflex\u00f5es importantes e atualizadas sobre os desafios ambientais contempor\u00e2neos.<\/span><\/p>\n<hr \/>\n<p style=\"text-align: justify\"><a href=\"https:\/\/www3.unicentro.br\/petfisica\/galeria-2025\/\"><span style=\"text-decoration: underline\"><span style=\"font-family: 'times new roman', times, serif;font-size: 16px\"><b>Dia da ci\u00eancia (25\/03\/2025)<\/b><\/span><\/span><\/a><\/p>\n<p style=\"text-align: justify\"><span style=\"font-weight: 400;font-family: 'times new roman', times, serif;font-size: 16px\">No dia 25 de mar\u00e7o de 2025, o Grupo PET-F\u00edsica realizou uma exposi\u00e7\u00e3o interativa no Centro de Conviv\u00eancia do Campus Cedeteg, apresentando experimentos de baixo custo sobre eletricidade, magnetismo e mec\u00e2nica. Entre as demonstra\u00e7\u00f5es, destacaram-se um motor el\u00e9trico, um gerador de Van de Graaff, um freio magn\u00e9tico e um experimento sobre a conserva\u00e7\u00e3o do momento angular. A atividade permitiu que estudantes e visitantes vivenciassem a investiga\u00e7\u00e3o cient\u00edfica na pr\u00e1tica, conectando conceitos f\u00edsicos a situa\u00e7\u00f5es do cotidiano de forma din\u00e2mica e acess\u00edvel, estimulando tanto a curiosidade quanto o aprendizado.<\/span><\/p>\n<hr \/>\n<p style=\"text-align: justify\"><span style=\"text-decoration: underline\"><span style=\"font-family: 'times new roman', times, serif;font-size: 16px\"><a href=\"https:\/\/www3.unicentro.br\/petfisica\/galeria-2025\/\"><b>Minicurso: Introdu\u00e7\u00e3o \u00e0s fun\u00e7\u00f5es da calculadora cient\u00edfica (20\/03\/2025)<\/b><\/a><\/span><\/span><\/p>\n<p style=\"text-align: justify\"><span style=\"font-weight: 400;font-family: 'times new roman', times, serif;font-size: 16px\">No dia 20 de mar\u00e7o de 2025, o GPET-F\u00edsica ministrou um minicurso que introduziu as fun\u00e7\u00f5es da calculadora cient\u00edfica. O evento contou com a participa\u00e7\u00e3o de alunos de diversos cursos, como Qu\u00edmica, F\u00edsica e Matem\u00e1tica Aplicada. Durante a atividade, foram apresentados diferentes m\u00e9todos e exerc\u00edcios para realizar opera\u00e7\u00f5es matem\u00e1ticas envolvendo porcentagem, radicia\u00e7\u00e3o, fun\u00e7\u00f5es trigonom\u00e9tricas, exponenciais, logar\u00edtmicas, entre outras. Os participantes demonstraram grande interesse nas t\u00e9cnicas abordadas, engajando-se ativamente no minicurso e promovendo um ambiente de aprendizado colaborativo.<\/span><\/p>\n<hr \/>\n<p><span style=\"text-decoration: underline\"><strong><a href=\"https:\/\/www3.unicentro.br\/petfisica\/galeria-2025\/\"><span style=\"font-family: 'times new roman', times, serif;font-size: 16px\">Recep\u00e7\u00e3o aos calouros (06\/03\/2025)<\/span><\/a><\/strong><\/span><\/p>\n<p style=\"text-align: justify\"><span style=\"font-weight: 400;font-family: 'times new roman', times, serif;font-size: 16px\">No dia 6 de mar\u00e7o de 2025, o GPET-F\u00edsica, em parceria com o Departamento de F\u00edsica da Unicentro (DEFIS), realizou a recep\u00e7\u00e3o dos calouros de F\u00edsica do ano letivo de 2025. Durante o evento, foram apresentados os professores, suas \u00e1reas de pesquisa, os programas oferecidos pela Universidade e algumas das atividades desenvolvidas pelo GPET-F\u00edsica. Ao final, os calouros participaram de um tour pela sala do GPET-F\u00edsica, proporcionando um primeiro contato com o grupo e suas atividades.<\/span><\/p>\n<hr \/>\n<p><span style=\"text-decoration: underline\"><strong><span style=\"font-family: 'times new roman', times, serif;font-size: 16px\">Escola de Ver\u00e3o IFUSP 2025<\/span><\/strong><\/span><\/p>\n<p style=\"text-align: justify\"><span style=\"font-family: 'times new roman', times, serif;font-size: 16px\">Alguns dos petianos participaram do evento Escola de Ver\u00e3o da USP 2025, promovido pela Universidade de S\u00e3o Paulo durante o m\u00eas de fevereiro. Nesse evento, os participantes tiveram a oportunidade de aprofundar seus conhecimentos em diversas \u00e1reas, por meio de minicursos, palestras e visitas did\u00e1ticas. Al\u00e9m disso, puderam interagir com estudantes e pesquisadores de diferentes institui\u00e7\u00f5es do pa\u00eds, trocando experi\u00eancias acad\u00eamicas e profissionais. A participa\u00e7\u00e3o na Escola de Ver\u00e3o contribuiu significativamente para a forma\u00e7\u00e3o acad\u00eamica dos petianos e para o fortalecimento das atividades desenvolvidas pelo GPET-F\u00edsica ao longo do ano de 2025.<\/span><\/p>\n","protected":false},"excerpt":{"rendered":"<p>InterPET (07\/11\/2025) No dia 7 de novembro, aconteceu o encontro InterPET dos Grupos PET da Unicentro, realizado no sal\u00e3o social da ACRE, o qual contou com 130 petianos. O evento teve in\u00edcio com uma apresenta\u00e7\u00e3o cultural, seguida por uma palestra sobre \u00e9tica e boas pr\u00e1ticas de petianos. Durante a palestra, foi realizada uma atividade que [&hellip;]<\/p>\n","protected":false},"author":550,"featured_media":0,"parent":0,"menu_order":0,"comment_status":"closed","ping_status":"closed","template":"","meta":{"_exactmetrics_skip_tracking":false,"_exactmetrics_sitenote_active":false,"_exactmetrics_sitenote_note":"","_exactmetrics_sitenote_category":0,"footnotes":"","_links_to":"","_links_to_target":""},"class_list":["post-15172","page","type-page","status-publish","hentry"],"_links":{"self":[{"href":"https:\/\/www3.unicentro.br\/petfisica\/wp-json\/wp\/v2\/pages\/15172","targetHints":{"allow":["GET"]}}],"collection":[{"href":"https:\/\/www3.unicentro.br\/petfisica\/wp-json\/wp\/v2\/pages"}],"about":[{"href":"https:\/\/www3.unicentro.br\/petfisica\/wp-json\/wp\/v2\/types\/page"}],"author":[{"embeddable":true,"href":"https:\/\/www3.unicentro.br\/petfisica\/wp-json\/wp\/v2\/users\/550"}],"replies":[{"embeddable":true,"href":"https:\/\/www3.unicentro.br\/petfisica\/wp-json\/wp\/v2\/comments?post=15172"}],"version-history":[{"count":3,"href":"https:\/\/www3.unicentro.br\/petfisica\/wp-json\/wp\/v2\/pages\/15172\/revisions"}],"predecessor-version":[{"id":16435,"href":"https:\/\/www3.unicentro.br\/petfisica\/wp-json\/wp\/v2\/pages\/15172\/revisions\/16435"}],"wp:attachment":[{"href":"https:\/\/www3.unicentro.br\/petfisica\/wp-json\/wp\/v2\/media?parent=15172"}],"curies":[{"name":"wp","href":"https:\/\/api.w.org\/{rel}","templated":true}]}}