{"id":14814,"date":"2024-10-27T21:45:12","date_gmt":"2024-10-28T00:45:12","guid":{"rendered":"https:\/\/www3.unicentro.br\/petfisica\/?page_id=14814"},"modified":"2025-09-02T17:55:56","modified_gmt":"2025-09-02T20:55:56","slug":"projetos-2024-2025","status":"publish","type":"page","link":"https:\/\/www3.unicentro.br\/petfisica\/projetos-2024-2025\/","title":{"rendered":"Projetos 2024 &#8211; 2025"},"content":{"rendered":"<div class=\"wpb-content-wrapper\"><p><span style=\"font-family: 'times new roman', times, serif;font-size: 12pt\">[vc_row][vc_column][vc_column_text]<\/span><\/p>\n<p style=\"text-align: center\"><span style=\"text-decoration: underline;font-family: 'times new roman', times, serif;font-size: 16px\"><strong>Evolu\u00e7\u00e3o estelar e buracos negros<\/strong><\/span><\/p>\n<p style=\"text-align: justify\"><span style=\"font-family: 'times new roman', times, serif;font-size: 16px\"><strong>Orientanda:<\/strong> Ana Julia Maximowski;<\/span><\/p>\n<p style=\"text-align: justify\"><span style=\"font-family: 'times new roman', times, serif;font-size: 16px\"><strong>Orientador:<\/strong> Prof. Dr. Ricardo Yoshimitsu Miyahara;<\/span><\/p>\n<p style=\"text-align: justify\"><strong><span style=\"font-family: 'times new roman', times, serif;font-size: 16px\">Resumo:<\/span><\/strong><\/p>\n<p style=\"text-align: justify\"><span style=\"font-family: 'times new roman', times, serif;font-size: 16px\">Esta pesquisa de inicia\u00e7\u00e3o cient\u00edfica investiga a estrutura e as especifica\u00e7\u00f5es do Sol, explorando suas camadas internas, como n\u00facleo, zona radiativa e convectiva, fotosfera, cromosfera e Corona, al\u00e9m de eventos como manchas solares, erup\u00e7\u00f5es e eje\u00e7\u00f5es da massa coronal. O objetivo \u00e9 estudar as caracter\u00edsticas do Sol para compreender processos f\u00edsicos que podem ser aplicados ao entendimento de buracos negros, estabelecendo paralelos entre a din\u00e2mica solar e os extremos astrof\u00edsicos. Utilizando revis\u00e3o bibliogr\u00e1fica (Astronomy Today de McMillan e Chaisson) a pesquisa visa contribuir para o avan\u00e7o do conhecimento sobre astrof\u00edsica estelar e objetos complexos.<\/span><\/p>\n<hr \/>\n<p style=\"text-align: center\"><span style=\"text-decoration: underline;font-size: 16px\"><strong><span style=\"font-family: 'times new roman', times, serif\">Medida de Be-7 em Amostras de Solo<\/span><\/strong><\/span><\/p>\n<p style=\"text-align: justify\"><span style=\"font-family: 'times new roman', times, serif;font-size: 16px\"><strong>Orientanda:<\/strong> Angelo Zanona Neto;<\/span><\/p>\n<p style=\"text-align: justify\"><span style=\"font-family: 'times new roman', times, serif;font-size: 16px\"><strong>Orientador:<\/strong> Prof. Dr. Rodrigo Oliveira Bastos;<\/span><\/p>\n<p style=\"text-align: justify\"><strong><span style=\"font-family: 'times new roman', times, serif;font-size: 16px\">Resumo:<\/span><\/strong><br \/>\n<span style=\"font-family: 'times new roman', times, serif;font-size: 16px\">O Be-7 \u00e9 um is\u00f3topo radioativo cosmog\u00eanico formado por espala\u00e7\u00e3o na atmosfera pelos raios c\u00f3smicos. Esse elemento possui aplica\u00e7\u00f5es em estudos atmosf\u00e9ricos e em estudos de solo: por exemplo, pode ser utilizado em an\u00e1lises de eros\u00e3o, por meio de medidas de sua concentra\u00e7\u00e3o realizadas em diferentes pontos de uma determinada regi\u00e3o. A detec\u00e7\u00e3o \u00e9 feita pela t\u00e9cnica de espectrometria de raios gama, e usualmente \u00e9 feita com detectores de alta resolu\u00e7\u00e3o (germ\u00e2nio hiper-puro), que acarretam custos operacionais elevados quando comparados com detectores de baixa resolu\u00e7\u00e3o. O trabalho tem como objetivo determinar a concentra\u00e7\u00e3o de Be-7 em solos de diferentes tipos, utilizando um detector de iodeto de s\u00f3dio ativado com t\u00e1lio.<\/span><\/p>\n<hr \/>\n<p style=\"text-align: center\"><span style=\"text-decoration: underline\"><span style=\"font-family: 'times new roman', times, serif;font-size: 16px\"><strong>Escape de Part\u00edculas no Interior de um Conjunto de Julia<\/strong><\/span><\/span><\/p>\n<p style=\"text-align: justify\"><span style=\"font-family: 'times new roman', times, serif;font-size: 16px\"><strong>Orientanda: <\/strong>Cassandra Trentin;<\/span><\/p>\n<p style=\"text-align: justify\"><span style=\"font-family: 'times new roman', times, serif;font-size: 16px\"><strong>Orientador:<\/strong> Prof. Dr. Eduardo Vicentini.<\/span><\/p>\n<p style=\"text-align: justify\"><span style=\"font-family: 'times new roman', times, serif;font-size: 16px\"><strong>Resumo:<\/strong><\/span><\/p>\n<p style=\"text-align: justify\"><span style=\"font-family: 'times new roman', times, serif;font-size: 16px\">Fractais, conforme definidos por Beno\u00eet Mandelbrot, s\u00e3o conjuntos de pontos no plano complexo que apresentam padr\u00f5es irregulares. Essas estruturas exibem um n\u00famero infinito de pequenas r\u00e9plicas de si mesmas em diferentes n\u00edveis de amplia\u00e7\u00e3o, caracter\u00edstica conhecida como autossimilaridade. Al\u00e9m de revolucionarem a matem\u00e1tica, essas descobertas impulsionaram avan\u00e7os significativos em diversas \u00e1reas da ci\u00eancia. Na f\u00edsica, por exemplo, \u00e9 poss\u00edvel estudar o movimento de part\u00edculas confinadas no interior de uma imagem fractal, cujos contornos funcionam como &#8220;paredes r\u00edgidas&#8221;. Nesse contexto, o estudo visa investigar, por meio de um conjunto de Julia, o movimento e o escape de part\u00edculas confinadas no interior desse fractal. A an\u00e1lise da taxa de escape dessas part\u00edculas proporciona uma compreens\u00e3o mais abrangente das propriedades din\u00e2micas do sistema, sendo \u00fatil para descrever fractais estat\u00edsticos presentes na natureza, como padr\u00f5es de crescimento de samambaias, forma\u00e7\u00e3o de corais marinhos e conex\u00f5es no c\u00e9rebro humano.<\/span><\/p>\n<hr \/>\n<p style=\"text-align: center\"><span style=\"text-decoration: underline;font-family: 'times new roman', times, serif;font-size: 16px\"><strong>A Utiliza\u00e7\u00e3o da Luz na Ci\u00eancia Forense: Levantamento Bibliogr\u00e1fico e An\u00e1lise<\/strong><\/span><\/p>\n<p><span style=\"font-family: 'times new roman', times, serif;font-size: 16px\"><strong>Orientanda:<\/strong>\u00a0Eloise R. Granville;<\/span><\/p>\n<p><span style=\"font-family: 'times new roman', times, serif;font-size: 16px\"><strong>Orientador: <\/strong>Prof. Dr. Paulo Jos\u00e9 dos Reis.<\/span><\/p>\n<p><span style=\"font-family: 'times new roman', times, serif;font-size: 16px\"><strong>Resumo:<\/strong><\/span><\/p>\n<p style=\"text-align: justify\"><span style=\"font-family: 'times new roman', times, serif;font-size: 16px\">A explora\u00e7\u00e3o de t\u00e9cnicas que utilizam a luz na ci\u00eancia forense visa aprimorar os m\u00e9todos de investiga\u00e7\u00e3o criminal, empregando abordagens como espectroscopia e luminesc\u00eancia para an\u00e1lise de evid\u00eancias. Estas t\u00e9cnicas oferecem alternativas inovadoras em compara\u00e7\u00e3o aos m\u00e9todos tradicionais, ampliando as possibilidades de aplica\u00e7\u00e3o da luz na elucida\u00e7\u00e3o de crimes. A pesquisa abrange a compara\u00e7\u00e3o das diferentes abordagens de uso da luz, a identifica\u00e7\u00e3o de tend\u00eancias e lacunas no conhecimento, al\u00e9m de uma an\u00e1lise detalhada dos principais m\u00e9todos utilizados na \u00e1rea. Com isso, busca-se contribuir para o entendimento do papel fundamental da F\u00edsica no campo forense, oferecendo insights sobre a aplica\u00e7\u00e3o da luz em investiga\u00e7\u00f5es.<\/span><\/p>\n<hr \/>\n<p style=\"text-align: center\"><span style=\"text-decoration: underline;font-family: 'times new roman', times, serif;font-size: 16px\"><strong>Difus\u00e3o Fractal e Movimento Difusivo<\/strong><\/span><\/p>\n<p style=\"text-align: justify\"><span style=\"font-family: 'times new roman', times, serif;font-size: 16px\"><strong>Orientando:<\/strong> Gabriel Vinicius Mufatto;<\/span><\/p>\n<p style=\"text-align: justify\"><span style=\"font-family: 'times new roman', times, serif;font-size: 16px\"><strong>Orientador:<\/strong> Prof. Dr. Eduardo Vicentini<\/span><\/p>\n<p style=\"text-align: justify\"><span style=\"font-family: 'times new roman', times, serif;font-size: 16px\"><strong>Resumo:<\/strong><\/span><\/p>\n<p style=\"text-align: justify\"><span style=\"font-family: 'times new roman', times, serif;font-size: 16px\">O estudo da difus\u00e3o em sistemas associados \u00e0 geometria fractal busca compreender fen\u00f4menos naturais que envolvem din\u00e2micas complexas e restri\u00e7\u00f5es geom\u00e9tricas. Este projeto prop\u00f5e o desenvolvimento de um modelo matem\u00e1tico e estat\u00edstico para descrever o comportamento de part\u00edculas em movimentos difusivos com padr\u00f5es fractais, como os baseados na poeira de Cantor. A pesquisa combina teoria anal\u00edtica e simula\u00e7\u00f5es computacionais para investigar a evolu\u00e7\u00e3o temporal do deslocamento m\u00e9dio dessas part\u00edculas, com o objetivo de explorar as condi\u00e7\u00f5es que geram difus\u00e3o normal, subdifus\u00e3o ou superdifus\u00e3o. Os resultados esperados podem ampliar o entendimento sobre<\/span><\/p>\n<hr \/>\n<p style=\"text-align: center\"><span style=\"text-decoration: underline;font-size: 16px\"><span style=\"font-family: 'times new roman', times, serif\"><strong>Investiga\u00e7\u00e3o da aplica\u00e7\u00e3o de modelos emp\u00edricos para estimativa da composi\u00e7\u00e3o mineral de geopr\u00f3polis por fluoresc\u00eancia de raios X<\/strong><\/span><\/span><\/p>\n<p style=\"text-align: justify\"><span style=\"font-family: 'times new roman', times, serif;font-size: 16px\"><strong>Orientando:<\/strong>\u00a0Jo\u00e3o Davi do Amaral Machado;<\/span><\/p>\n<p style=\"text-align: justify\"><span style=\"font-family: 'times new roman', times, serif;font-size: 16px\"><strong>Orientador:<\/strong>\u00a0Prof. Dr. Pedro Pablo Gonz\u00e1les Borrero.<\/span><\/p>\n<p style=\"text-align: justify\"><span style=\"font-family: 'times new roman', times, serif;font-size: 16px\"><strong>Resumo:<\/strong><\/span><\/p>\n<p style=\"text-align: justify\"><span style=\"font-family: 'times new roman', times, serif;font-size: 16px\">Por meio da t\u00e9cnica de fluoresc\u00eancia de raios X por dispers\u00e3o de energia (EDXRF) \u00e9 poss\u00edvel fazer a caracteriza\u00e7\u00e3o de amostras nutrac\u00eaticas. Na presente pesquisa utilizaremos a geopr\u00f3polis que se trata de um produto resinoso produzido por abelhas sem ferr\u00e3o pertencentes \u00e0 tribo Meliponini. A partir desse material ser\u00e1 feita a investiga\u00e7\u00e3o da aplica\u00e7\u00e3o de modelos emp\u00edricos para estimativa da composi\u00e7\u00e3o mineral e verificar a presen\u00e7a de metais na geopr\u00f3polis, em especial nos que possam ser t\u00f3xicos ao ser humano. Tal observa\u00e7\u00e3o tem como objetivo a realiza\u00e7\u00e3o de modelos no equipamento de EDXRF para esses elementos.<\/span><\/p>\n<hr \/>\n<p style=\"text-align: center\"><span style=\"text-decoration: underline\"><span style=\"font-family: 'times new roman', times, serif;font-size: 16px\"><strong>Decaimento de Bilhares com Part\u00edculas de Diferentes Massas<\/strong><\/span><\/span><\/p>\n<p><span style=\"font-size: 16px;font-family: 'times new roman', times, serif\"><strong>Orientando: <\/strong>Matheus Bonassoli de Souza;<\/span><\/p>\n<p><span style=\"font-size: 16px;font-family: 'times new roman', times, serif\"><strong>Orientador: <\/strong>Prof. Dr. Eduardo Vicentini.<\/span><\/p>\n<p style=\"text-align: justify\"><span style=\"font-family: 'times new roman', times, serif;font-size: 16px\"><strong>Resumo:<\/strong><\/span><\/p>\n<p style=\"text-align: justify\"><span style=\"font-family: 'times new roman', times, serif;font-size: 16px\">Este projeto de Inicia\u00e7\u00e3o Cient\u00edfica investiga a din\u00e2mica de decaimento de sistemas de bilhares ca\u00f3ticos, com foco na influ\u00eancia da massa das part\u00edculas e na temperatura do sistema. O modelo empregado \u00e9 um bilhar de Sinai, que incorpora um espalhador central como um elemento crucial para induzir o comportamento ca\u00f3tico das trajet\u00f3rias das part\u00edculas.<\/span><\/p>\n<p style=\"text-align: justify\"><span style=\"font-family: 'times new roman', times, serif;font-size: 16px\">O objetivo principal \u00e9 analisar como a varia\u00e7\u00e3o da massa das part\u00edculas afeta o tempo de decaimento. A temperatura, neste contexto, \u00e9 entendida como uma medida da energia cin\u00e9tica m\u00e9dia das part\u00edculas. Ao manipular a massa, buscamos observar as correla\u00e7\u00f5es resultantes na distribui\u00e7\u00e3o do tempo de decaimento.<\/span><\/p>\n<p style=\"text-align: justify\"><span style=\"font-family: 'times new roman', times, serif;font-size: 16px\">Este estudo contribui para a compreens\u00e3o da termodin\u00e2mica fora do equil\u00edbrio e da f\u00edsica estat\u00edstica de sistemas ca\u00f3ticos, fornecendo insights sobre como propriedades microsc\u00f3picas se manifestam em propriedades macrosc\u00f3picas em sistemas din\u00e2micos\u00a0complexos.<\/span><\/p>\n<hr \/>\n<p style=\"text-align: center\"><span style=\"text-decoration: underline;font-family: 'times new roman', times, serif;font-size: 16px\"><strong>Usando a polariza\u00e7\u00e3o da luz para o ensino dos fundamentos da mec\u00e2nica qu\u00e2ntica e princ\u00edpio da incerteza de Heisemberg<\/strong><\/span><\/p>\n<p><span style=\"font-size: 16px;font-family: 'times new roman', times, serif\"><strong>Orientando:<\/strong> S\u00e9rgio Nunes de Oliveira Netto;<\/span><\/p>\n<p><span style=\"font-size: 16px;font-family: 'times new roman', times, serif\"><strong>Orientador:<\/strong> Prof. Dr. Paulo Jos\u00e9 dos Reis.<\/span><\/p>\n<p style=\"text-align: justify\"><span style=\"font-family: 'times new roman', times, serif;font-size: 16px\"><strong>Resumo:<\/strong><\/span><\/p>\n<p style=\"text-align: justify\"><span style=\"font-family: 'times new roman', times, serif;font-size: 16px\">O ensino de F\u00edsica moderna em n\u00edveis introdut\u00f3rios, especialmente no que se refere \u00e0 mec\u00e2nica qu\u00e2ntica, apresenta grandes desafios devido \u00e0 natureza abstrata de seus conceitos. A car\u00eancia de materiais did\u00e1ticos acess\u00edveis e experimentais nessa \u00e1rea agrava as dificuldades de aprendizagem. Este projeto visa desenvolver uma sequ\u00eancia did\u00e1tica baseada nos estudos de polariza\u00e7\u00e3o de f\u00f3tons, utilizando a polariza\u00e7\u00e3o da luz como ferramenta para ensinar conceitos fundamentais de Mec\u00e2nica Qu\u00e2ntica. A abordagem abrange desde a hip\u00f3tese de Planck at\u00e9 o Princ\u00edpio da Incerteza de Heisenberg, facilitando a compreens\u00e3o desses t\u00f3picos complexos.<\/span><\/p>\n<hr \/>\n<p style=\"text-align: center\"><span style=\"text-decoration: underline;font-family: 'times new roman', times, serif;font-size: 16px\"><strong>Caracteriza\u00e7\u00e3o de solos por meio da espectroscopia fotoac\u00fastica.<\/strong><\/span><\/p>\n<p><span style=\"font-size: 16px;font-family: 'times new roman', times, serif\"><strong>Orientando:<\/strong> Vinicius Przygocki;<\/span><\/p>\n<p><span style=\"font-size: 16px;font-family: 'times new roman', times, serif\"><strong>Orientador:<\/strong> Prof. Dr. Pedro Pablo Gonz\u00e1les Borrero.<\/span><\/p>\n<p><span style=\"font-family: 'times new roman', times, serif;font-size: 16px\"><strong>Resumo:<\/strong><\/span><\/p>\n<p style=\"text-align: justify\"><span style=\"font-family: 'times new roman', times, serif;font-size: 16px\">Na execu\u00e7\u00e3o da presente proposta de projeto ser\u00e3o desenvolvidas metodologias para a utiliza\u00e7\u00e3o da espectroscopia fotoac\u00fastica na caracteriza\u00e7\u00e3o de diferentes tipos de amostras. Essa t\u00e9cnica fornece o espectro de absor\u00e7\u00e3o das amostras sob estudo. Como amostras teremos cogumelos produzidos sobre diferentes substratos; \u00f3xidos de ferros, solos e geopr\u00f3polis. Para estas \u00faltimas junto com as de cogumelos espera-se determinar componentes que sejam bioativos visando uma poss\u00edvel aplica\u00e7\u00e3o como alimentos nutrac\u00eauticos. No caso dos \u00f3xidos de ferro, a determina\u00e7\u00e3o de &#8220;<em>bandgap<\/em>&#8221; \u00e9 importante para avaliar sua aplica\u00e7\u00e3o como pigmentos.<\/span><\/p>\n<p>&nbsp;<\/p>\n<p>[\/vc_column_text][\/vc_column][\/vc_row]<\/p>\n<\/div>","protected":false},"excerpt":{"rendered":"<p>[vc_row][vc_column][vc_column_text] Evolu\u00e7\u00e3o estelar e buracos negros Orientanda: Ana Julia Maximowski; Orientador: Prof. Dr. Ricardo Yoshimitsu Miyahara; Resumo: Esta pesquisa de inicia\u00e7\u00e3o cient\u00edfica investiga a estrutura e as especifica\u00e7\u00f5es do Sol, explorando suas camadas internas, como n\u00facleo, zona radiativa e convectiva, fotosfera, cromosfera e Corona, al\u00e9m de eventos como manchas solares, erup\u00e7\u00f5es e eje\u00e7\u00f5es da massa [&hellip;]<\/p>\n","protected":false},"author":550,"featured_media":0,"parent":0,"menu_order":0,"comment_status":"closed","ping_status":"closed","template":"","meta":{"_exactmetrics_skip_tracking":false,"_exactmetrics_sitenote_active":false,"_exactmetrics_sitenote_note":"","_exactmetrics_sitenote_category":0,"footnotes":"","_links_to":"","_links_to_target":""},"class_list":["post-14814","page","type-page","status-publish","hentry"],"_links":{"self":[{"href":"https:\/\/www3.unicentro.br\/petfisica\/wp-json\/wp\/v2\/pages\/14814","targetHints":{"allow":["GET"]}}],"collection":[{"href":"https:\/\/www3.unicentro.br\/petfisica\/wp-json\/wp\/v2\/pages"}],"about":[{"href":"https:\/\/www3.unicentro.br\/petfisica\/wp-json\/wp\/v2\/types\/page"}],"author":[{"embeddable":true,"href":"https:\/\/www3.unicentro.br\/petfisica\/wp-json\/wp\/v2\/users\/550"}],"replies":[{"embeddable":true,"href":"https:\/\/www3.unicentro.br\/petfisica\/wp-json\/wp\/v2\/comments?post=14814"}],"version-history":[{"count":2,"href":"https:\/\/www3.unicentro.br\/petfisica\/wp-json\/wp\/v2\/pages\/14814\/revisions"}],"predecessor-version":[{"id":16049,"href":"https:\/\/www3.unicentro.br\/petfisica\/wp-json\/wp\/v2\/pages\/14814\/revisions\/16049"}],"wp:attachment":[{"href":"https:\/\/www3.unicentro.br\/petfisica\/wp-json\/wp\/v2\/media?parent=14814"}],"curies":[{"name":"wp","href":"https:\/\/api.w.org\/{rel}","templated":true}]}}