{"id":147,"date":"2016-05-10T00:00:00","date_gmt":"2016-05-10T03:00:00","guid":{"rendered":"https:\/\/www3.unicentro.br\/petfisica\/monitoria\/"},"modified":"2025-07-02T15:32:03","modified_gmt":"2025-07-02T18:32:03","slug":"monitoria","status":"publish","type":"page","link":"https:\/\/www3.unicentro.br\/petfisica\/atividades\/monitoria\/","title":{"rendered":"Monitoria"},"content":{"rendered":"<div class=\"wpb-content-wrapper\"><p>[vc_row][vc_column][vc_column_text]<\/p>\n<p style=\"text-align: center\"><span style=\"font-family: times new roman,times,serif;font-size: 12pt\">Visando melhorar a integra\u00e7\u00e3o entre os petianos e acad\u00eamicos e melhorar o rendimento dos alunos, o Grupo PET-F\u00edsica disponibiliza hor\u00e1rios para prestar atendimento, na forma de monitoria, para quem tiver interesse. <img decoding=\"async\" src=\"https:\/\/i.postimg.cc\/L64YVLqv\/Monitorias.png\" \/> <\/span><\/p>\n<p>[\/vc_column_text][\/vc_column][\/vc_row]<\/p>\n<\/div>","protected":false},"excerpt":{"rendered":"<p>[vc_row][vc_column][vc_column_text] Visando melhorar a integra\u00e7\u00e3o entre os petianos e acad\u00eamicos e melhorar o rendimento dos alunos, o Grupo PET-F\u00edsica disponibiliza hor\u00e1rios para prestar atendimento, na forma de monitoria, para quem tiver interesse. [\/vc_column_text][\/vc_column][\/vc_row]<\/p>\n","protected":false},"author":3,"featured_media":0,"parent":144,"menu_order":0,"comment_status":"closed","ping_status":"open","template":"","meta":{"_exactmetrics_skip_tracking":false,"_exactmetrics_sitenote_active":false,"_exactmetrics_sitenote_note":"","_exactmetrics_sitenote_category":0,"footnotes":"","_links_to":"","_links_to_target":""},"class_list":["post-147","page","type-page","status-publish","hentry"],"_links":{"self":[{"href":"https:\/\/www3.unicentro.br\/petfisica\/wp-json\/wp\/v2\/pages\/147","targetHints":{"allow":["GET"]}}],"collection":[{"href":"https:\/\/www3.unicentro.br\/petfisica\/wp-json\/wp\/v2\/pages"}],"about":[{"href":"https:\/\/www3.unicentro.br\/petfisica\/wp-json\/wp\/v2\/types\/page"}],"author":[{"embeddable":true,"href":"https:\/\/www3.unicentro.br\/petfisica\/wp-json\/wp\/v2\/users\/3"}],"replies":[{"embeddable":true,"href":"https:\/\/www3.unicentro.br\/petfisica\/wp-json\/wp\/v2\/comments?post=147"}],"version-history":[{"count":3,"href":"https:\/\/www3.unicentro.br\/petfisica\/wp-json\/wp\/v2\/pages\/147\/revisions"}],"predecessor-version":[{"id":15303,"href":"https:\/\/www3.unicentro.br\/petfisica\/wp-json\/wp\/v2\/pages\/147\/revisions\/15303"}],"up":[{"embeddable":true,"href":"https:\/\/www3.unicentro.br\/petfisica\/wp-json\/wp\/v2\/pages\/144"}],"wp:attachment":[{"href":"https:\/\/www3.unicentro.br\/petfisica\/wp-json\/wp\/v2\/media?parent=147"}],"curies":[{"name":"wp","href":"https:\/\/api.w.org\/{rel}","templated":true}]}}