{"id":14376,"date":"2024-07-26T22:31:14","date_gmt":"2024-07-27T01:31:14","guid":{"rendered":"https:\/\/www3.unicentro.br\/petfisica\/?page_id=14376"},"modified":"2024-11-27T11:18:29","modified_gmt":"2024-11-27T14:18:29","slug":"petcast-2024","status":"publish","type":"page","link":"https:\/\/www3.unicentro.br\/petfisica\/petcast-2024\/","title":{"rendered":"PETCast 2024"},"content":{"rendered":"<div class=\"wpb-content-wrapper\"><p>[vc_row][vc_column][vc_column_text]<\/p>\n<p><span style=\"font-size: 16px\">PETCast # 31 &#8211; Mudan\u00e7as Clim\u00e1ticas<\/span><\/p>\n<p><iframe loading=\"lazy\" title=\"PETCast #31 - Mudan\u00e7as Clim\u00e1ticas\" width=\"900\" height=\"506\" src=\"https:\/\/www.youtube.com\/embed\/q2HvAiPPasw?feature=oembed\" frameborder=\"0\" allow=\"accelerometer; autoplay; clipboard-write; encrypted-media; gyroscope; picture-in-picture; web-share\" referrerpolicy=\"strict-origin-when-cross-origin\" allowfullscreen><\/iframe><\/p>\n<p><span style=\"font-family: georgia, palatino, serif;font-size: 12pt\">PETCast #30 &#8211; \u00c9tica na Ci\u00eancia<\/span><\/p>\n<p><iframe loading=\"lazy\" title=\"PETCast #30 - \u00c9tica na Ci\u00eancia\" width=\"900\" height=\"506\" src=\"https:\/\/www.youtube.com\/embed\/HYLOyvAS3BM?feature=oembed\" frameborder=\"0\" allow=\"accelerometer; autoplay; clipboard-write; encrypted-media; gyroscope; picture-in-picture; web-share\" referrerpolicy=\"strict-origin-when-cross-origin\" allowfullscreen><\/iframe><\/p>\n<p><span style=\"font-family: georgia, palatino, serif;font-size: 12pt\">PETCast #29 &#8211; Sa\u00fade Mental na Universidade<\/span><\/p>\n<p><iframe loading=\"lazy\" title=\"PETCast #29 - Sa\u00fade Mental na Universidade\" width=\"900\" height=\"506\" src=\"https:\/\/www.youtube.com\/embed\/9lq4MiD9YcI?feature=oembed\" frameborder=\"0\" allow=\"accelerometer; autoplay; clipboard-write; encrypted-media; gyroscope; picture-in-picture; web-share\" referrerpolicy=\"strict-origin-when-cross-origin\" allowfullscreen><\/iframe><\/p>\n<\/div>","protected":false},"excerpt":{"rendered":"<p>[vc_row][vc_column][vc_column_text] PETCast # 31 &#8211; Mudan\u00e7as Clim\u00e1ticas PETCast #30 &#8211; \u00c9tica na Ci\u00eancia PETCast #29 &#8211; Sa\u00fade Mental na Universidade<\/p>\n","protected":false},"author":550,"featured_media":0,"parent":0,"menu_order":0,"comment_status":"closed","ping_status":"closed","template":"","meta":{"_exactmetrics_skip_tracking":false,"_exactmetrics_sitenote_active":false,"_exactmetrics_sitenote_note":"","_exactmetrics_sitenote_category":0,"footnotes":"","_links_to":"","_links_to_target":""},"class_list":["post-14376","page","type-page","status-publish","hentry"],"_links":{"self":[{"href":"https:\/\/www3.unicentro.br\/petfisica\/wp-json\/wp\/v2\/pages\/14376","targetHints":{"allow":["GET"]}}],"collection":[{"href":"https:\/\/www3.unicentro.br\/petfisica\/wp-json\/wp\/v2\/pages"}],"about":[{"href":"https:\/\/www3.unicentro.br\/petfisica\/wp-json\/wp\/v2\/types\/page"}],"author":[{"embeddable":true,"href":"https:\/\/www3.unicentro.br\/petfisica\/wp-json\/wp\/v2\/users\/550"}],"replies":[{"embeddable":true,"href":"https:\/\/www3.unicentro.br\/petfisica\/wp-json\/wp\/v2\/comments?post=14376"}],"version-history":[{"count":2,"href":"https:\/\/www3.unicentro.br\/petfisica\/wp-json\/wp\/v2\/pages\/14376\/revisions"}],"predecessor-version":[{"id":14980,"href":"https:\/\/www3.unicentro.br\/petfisica\/wp-json\/wp\/v2\/pages\/14376\/revisions\/14980"}],"wp:attachment":[{"href":"https:\/\/www3.unicentro.br\/petfisica\/wp-json\/wp\/v2\/media?parent=14376"}],"curies":[{"name":"wp","href":"https:\/\/api.w.org\/{rel}","templated":true}]}}