{"id":14355,"date":"2024-07-19T10:41:55","date_gmt":"2024-07-19T13:41:55","guid":{"rendered":"https:\/\/www3.unicentro.br\/petfisica\/?page_id=14355"},"modified":"2024-12-16T15:55:41","modified_gmt":"2024-12-16T18:55:41","slug":"2024-2","status":"publish","type":"page","link":"https:\/\/www3.unicentro.br\/petfisica\/atividades\/cinepet\/2024-2\/","title":{"rendered":"2024"},"content":{"rendered":"<div class=\"wpb-content-wrapper\"><p>[vc_row][vc_column][vc_hoverbox image=&#8221;8662&#8243; primary_title=&#8221;Fratura&#8221; hover_title=&#8221;18\u00aa Sess\u00e3o Cine PET: Fragmentado&#8221; shape=&#8221;round&#8221;]<\/p>\n<p style=\"text-align: justify\"><span style=\"font-family: 'times new roman', times, serif;font-size: 12pt\"><strong>Filme:<\/strong> Fragmentado (Split) &#8211; 2017<\/span><\/p>\n<p style=\"text-align: justify\"><span style=\"font-family: 'times new roman', times, serif;font-size: 12pt\"><strong>N\u00famero de Participantes:<\/strong> 6 (Contando com o petiano moderador e debatedores).<\/span><\/p>\n<p style=\"text-align: justify\"><span style=\"font-family: 'times new roman', times, serif;font-size: 12pt\"><strong>Petiano Moderador:<\/strong> Ana Julia Maximowski.<\/span><\/p>\n<p style=\"text-align: justify\"><span style=\"font-family: 'times new roman', times, serif;font-size: 12pt\"><strong>Data em que foi realizada a sess\u00e3o:<\/strong> 10 de outubro de 2024, a partir das 13h00.<\/span><\/p>\n<p style=\"text-align: justify\"><span style=\"font-family: 'times new roman', times, serif;font-size: 12pt\"><strong>Local:<\/strong> Sala 4 do Departamento de F\u00edsica da Unicentro.<\/span><\/p>\n<p style=\"text-align: justify\"><span style=\"font-family: 'times new roman', times, serif;font-size: 12pt\"><strong>Sinopse:<\/strong> Depois que sua esposa e filha desaparecem do pronto-socorro, um homem fica convencido de que o hospital est\u00e1 escondendo alguma coisa.<\/span><\/p>\n<p style=\"text-align: justify\"><span style=\"font-weight: 400;font-family: 'times new roman', times, serif;font-size: 16px\">Com o objetivo de garantir um ambiente divertido e de intera\u00e7\u00e3o acad\u00eamica, no dia 10 de Outubro, o GPET-F\u00edsica organizou uma sess\u00e3o para assistir ao filme \u201cFratura\u201d.O thriller, lan\u00e7ado em 2019 pela Netflix, enfatiza a import\u00e2ncia da sa\u00fade mental ap\u00f3s um evento traum\u00e1tico, combinando suspense e mist\u00e9rio para envolver quem assiste e faz\u00ea-lo refletir. Ao final da exibi\u00e7\u00e3o, os participantes compartilharam seus pontos de vista sobre a longa-metragem.<\/span><\/p>\n<p>[\/vc_hoverbox][\/vc_column][\/vc_row][vc_row][vc_column][vc_hoverbox image=&#8221;8662&#8243; primary_title=&#8221;Coletivo Terror&#8221; hover_title=&#8221;17\u00aa Sess\u00e3o Cine PET: Coletivo Terror&#8221; shape=&#8221;round&#8221;]<\/p>\n<p style=\"text-align: left\"><span style=\"font-family: times new roman,times,serif;font-size: 12pt\"><strong>N\u00famero de Participantes:<\/strong> 9 (Contando com o petiano moderador).<\/span><\/p>\n<p style=\"text-align: left\"><span style=\"font-family: times new roman,times,serif;font-size: 12pt\"><strong>Petiano Moderador: <\/strong>Eloise Ribeiro Granville.<\/span><\/p>\n<p style=\"text-align: left\"><span style=\"font-family: times new roman,times,serif;font-size: 12pt\"><strong>Data em que foi realizada a sess\u00e3o:<\/strong> 12 de setembro de 2024, a partir das 13h30.<\/span><\/p>\n<p style=\"text-align: left\"><span style=\"font-family: times new roman,times,serif;font-size: 12pt\"><strong>Local:<\/strong> sala 7 do LIDEC.<\/span><\/p>\n<p style=\"text-align: left\"><span style=\"font-size: 12pt;font-family: 'times new roman', times, serif\"><strong>Sinopses:<\/strong><\/span><\/p>\n<p style=\"text-align: left\"><span style=\"font-size: 12pt;font-family: 'times new roman', times, serif\"><strong>Um grande sacrif\u00edcio:<\/strong>\u00a0A jovem Molly tenta se adaptar \u00e1 nova vida no campo at\u00e9 descobrir por que seus vizinhos s\u00e3o t\u00e3o apegados aos bichos de estima\u00e7\u00e3o.\u00a0<\/span><\/p>\n<p style=\"text-align: justify\"><span style=\"font-family: 'times new roman', times, serif;font-size: 12pt\"><strong>Tr\u00eas irm\u00e3os loucos:<\/strong> Ap\u00f3s passar tr\u00eas anos em um hospital psiqui\u00e1trico, Erik viaja de carro com os irm\u00e3os. Mas os problemas surgem quando eles d\u00e3o carona a uma desconhecida.\u00a0<\/span><\/p>\n<p style=\"text-align: justify\"><span style=\"font-family: 'times new roman', times, serif;font-size: 16px\"><span style=\"font-weight: 400\">Com o objetivo de promover um ambiente descontra\u00eddo e de intera\u00e7\u00e3o acad\u00eamica, no dia 12 de setembro, o GPET-F\u00edsica organizou uma sess\u00e3o para assistir aos epis\u00f3dios Um Grande Sacrif\u00edcio e Tr\u00eas Irm\u00e3os Loucos, da s\u00e9rie antol\u00f3gica norueguesa <\/span><i><span style=\"font-weight: 400\">Bloodride<\/span><\/i><span style=\"font-weight: 400\">. Lan\u00e7ada pela Netflix em 2020, a s\u00e9rie combina suspense, mist\u00e9rio e elementos sobrenaturais em cada um de seus epis\u00f3dios. Ao final de cada exibi\u00e7\u00e3o, os participantes engajaram-se em discuss\u00f5es filos\u00f3ficas e sociais, abordando temas como \u00edndole, ambi\u00e7\u00e3o e transtornos mentais.<\/span><\/span><\/p>\n<p>[\/vc_hoverbox][vc_hoverbox image=&#8221;8662&#8243; primary_title=&#8221;Elementos&#8221; hover_title=&#8221;16\u00aa Sess\u00e3o CinePET: Elementos&#8221; shape=&#8221;round&#8221;]<\/p>\n<p style=\"text-align: left\"><span style=\"font-family: times new roman,times,serif;font-size: 12pt\"><strong>N\u00famero de Participantes:<\/strong> 8 (Contando com o petiano moderador).<\/span><\/p>\n<p style=\"text-align: left\"><span style=\"font-family: times new roman,times,serif;font-size: 12pt\"><strong>Petiano Moderador: <\/strong>Cassandra Trentin.<\/span><\/p>\n<p style=\"text-align: left\"><span style=\"font-family: times new roman,times,serif;font-size: 12pt\"><strong>Data em que foi realizada a sess\u00e3o:<\/strong> 23 de agosto de 2024, a partir das 13h30.<\/span><\/p>\n<p style=\"text-align: left\"><span style=\"font-family: times new roman,times,serif;font-size: 12pt\"><strong>Local:<\/strong> sala 7 do LIDEC.<\/span><\/p>\n<p style=\"text-align: left\"><span style=\"font-size: 12pt;font-family: 'times new roman', times, serif\"><strong>Sinopse: <\/strong>Elementos \u00e9 um filme de anima\u00e7\u00e3o que se passa em uma sociedade extraordin\u00e1ria chamada Cidade Elemento, na qual os quatro elementos da natureza &#8211; ar, terra, fogo e ar &#8211; vivem em completa harmonia. Na hist\u00f3ria, somos apresentados \u00e0 Fa\u00edsca (fogo, dublada por Leah Lewis), uma mulher espirituosa na faixa dos vinte anos, com um grande senso de humor e apaixonada pela fam\u00edlia, mas que tem um temperamento um pouco quente; Gota (\u00e1gua, dublado por Mamoudou Athie) \u00e9 um jovem emp\u00e1tico, observador e extrovertido, que n\u00e3o tem medo de demonstrar suas emo\u00e7\u00f5es &#8211; na verdade, \u00e9 at\u00e9 um pouco dif\u00edcil control\u00e1-las; Turr\u00e3o (terra, dublado por Mason Wertheimer) \u00e9 um garoto muito inteligente da terra que mora na Vila do Fogo, e est\u00e1 sempre perto de Fa\u00edsca; e N\u00e9voa (ar, dublada por Wendi McLendon-Covey), que tem uma personalidade fofa e rosa, est\u00e1 sempre atenta \u00e0s tend\u00eancias da moda e \u00e9 f\u00e3 dos Windbreakers, um time de Air Ball.<\/span><\/p>\n<p><span style=\"font-weight: 400;font-family: 'times new roman', times, serif;font-size: 12pt\">Com o intuito de proporcionar um ambiente de descontra\u00e7\u00e3o e intera\u00e7\u00e3o acad\u00eamica, no dia 23 de agosto, o GPET-F\u00edsica, junto com alguns acad\u00eamicos do curso de F\u00edsica, assistiu ao filme \u201cElementos\u201d \u2014 uma obra infantil produzida pela Pixar em 2023. Ao t\u00e9rmino da exibi\u00e7\u00e3o, os participantes iniciaram uma discuss\u00e3o filos\u00f3fica e social\u00a0 sobre temas como exclus\u00e3o social, imigra\u00e7\u00e3o, import\u00e2ncia da aceita\u00e7\u00e3o, medo de decepcionar os pais, entre outras tem\u00e1ticas.<\/span><\/p>\n<p>[\/vc_hoverbox][\/vc_column] [vc_row][vc_column][vc_hoverbox image=&#8221;8662&#8243; primary_title=&#8221;Divertida Mente&#8221; hover_title=&#8221;15\u00aa Sess\u00e3o Cine PET: Divertida Mente&#8221; shape=&#8221;round&#8221;]<\/p>\n<p style=\"text-align: left\"><span style=\"font-family: times new roman,times,serif;font-size: 12pt\"><strong>N\u00famero de Participantes:<\/strong> 9 (Contando com o petiano moderador).<\/span><\/p>\n<p style=\"text-align: left\"><span style=\"font-family: times new roman,times,serif;font-size: 12pt\"><strong>Petiano Moderador: <\/strong>Vinicius Przygocki.<\/span><\/p>\n<p style=\"text-align: left\"><span style=\"font-family: times new roman,times,serif;font-size: 12pt\"><strong>Data em que foi realizada a sess\u00e3o:<\/strong> 18 de julho de 2024, a partir das 13h30.<\/span><\/p>\n<p style=\"text-align: left\"><span style=\"font-family: times new roman,times,serif;font-size: 12pt\"><strong>Local:<\/strong> sala 7 do LIDEC.<\/span><\/p>\n<p style=\"text-align: left\"><span style=\"font-size: 12pt;font-family: 'times new roman', times, serif\"><strong>Sinopse: <\/strong>Riley \u00e9 uma garota divertida de 11 anos de idade, que deve enfrentar mudan\u00e7as importantes em sua vida quando seus pais decidem deixar a sua cidade natal, no estado de Minnesota, para viver em San Francisco. Dentro do c\u00e9rebro de Riley, convivem v\u00e1rias emo\u00e7\u00f5es diferentes, como a Alegria, o Medo, a Raiva, o Nojinho e a Tristeza. A l\u00edder deles \u00e9 Alegria, que se esfor\u00e7a bastante para fazer com que a vida de Riley seja sempre feliz. Entretanto, uma confus\u00e3o na sala de controle faz com que ela e Tristeza sejam expelidas para fora do local. Agora, elas precisam percorrer as v\u00e1rias ilhas existentes nos pensamentos de Riley para que possam retornar \u00e0 sala de controle \u2013 e, enquanto isto n\u00e3o acontece, a vida da garota muda radicalmente.<\/span><\/p>\n<p><span style=\"font-weight: 400;font-family: 'times new roman', times, serif;font-size: 12pt\">Com o objetivo de trazer reflex\u00f5es sobre a import\u00e2ncia de nossas emo\u00e7\u00f5es e sa\u00fade mental, o GPET-F\u00edsica junto com alguns acad\u00eamicos da Unicentro assistiram, no dia 18 de Julho, o filme Divertida Mente. Ao t\u00e9rmino do filme, houve alguns debates entre os participantes que abordaram temas como: a import\u00e2ncia das emo\u00e7\u00f5es, livre-arb\u00edtrio, amadurecimento, dentre outros assuntos relacionados \u00e0 tem\u00e1tica do filme.<\/span><\/p>\n<section id=\"synopsis-details\" class=\"section ovw ovw-synopsis\"><\/section>\n<p>[\/vc_hoverbox][\/vc_column][\/vc_row]<\/p>\n<p>&nbsp;<\/p>\n<\/div>","protected":false},"excerpt":{"rendered":"<p>[vc_row][vc_column][vc_hoverbox image=&#8221;8662&#8243; primary_title=&#8221;Fratura&#8221; hover_title=&#8221;18\u00aa Sess\u00e3o Cine PET: Fragmentado&#8221; shape=&#8221;round&#8221;] Filme: Fragmentado (Split) &#8211; 2017 N\u00famero de Participantes: 6 (Contando com o petiano moderador e debatedores). Petiano Moderador: Ana Julia Maximowski. Data em que foi realizada a sess\u00e3o: 10 de outubro de 2024, a partir das 13h00. Local: Sala 4 do Departamento de F\u00edsica da Unicentro. [&hellip;]<\/p>\n","protected":false},"author":550,"featured_media":0,"parent":244,"menu_order":0,"comment_status":"closed","ping_status":"closed","template":"","meta":{"_exactmetrics_skip_tracking":false,"_exactmetrics_sitenote_active":false,"_exactmetrics_sitenote_note":"","_exactmetrics_sitenote_category":0,"footnotes":"","_links_to":"","_links_to_target":""},"class_list":["post-14355","page","type-page","status-publish","hentry"],"_links":{"self":[{"href":"https:\/\/www3.unicentro.br\/petfisica\/wp-json\/wp\/v2\/pages\/14355","targetHints":{"allow":["GET"]}}],"collection":[{"href":"https:\/\/www3.unicentro.br\/petfisica\/wp-json\/wp\/v2\/pages"}],"about":[{"href":"https:\/\/www3.unicentro.br\/petfisica\/wp-json\/wp\/v2\/types\/page"}],"author":[{"embeddable":true,"href":"https:\/\/www3.unicentro.br\/petfisica\/wp-json\/wp\/v2\/users\/550"}],"replies":[{"embeddable":true,"href":"https:\/\/www3.unicentro.br\/petfisica\/wp-json\/wp\/v2\/comments?post=14355"}],"version-history":[{"count":2,"href":"https:\/\/www3.unicentro.br\/petfisica\/wp-json\/wp\/v2\/pages\/14355\/revisions"}],"predecessor-version":[{"id":15042,"href":"https:\/\/www3.unicentro.br\/petfisica\/wp-json\/wp\/v2\/pages\/14355\/revisions\/15042"}],"up":[{"embeddable":true,"href":"https:\/\/www3.unicentro.br\/petfisica\/wp-json\/wp\/v2\/pages\/244"}],"wp:attachment":[{"href":"https:\/\/www3.unicentro.br\/petfisica\/wp-json\/wp\/v2\/media?parent=14355"}],"curies":[{"name":"wp","href":"https:\/\/api.w.org\/{rel}","templated":true}]}}