{"id":14309,"date":"2024-07-06T18:36:44","date_gmt":"2024-07-06T21:36:44","guid":{"rendered":"https:\/\/www3.unicentro.br\/petfisica\/?page_id=14309"},"modified":"2024-11-18T16:44:17","modified_gmt":"2024-11-18T19:44:17","slug":"em-2024","status":"publish","type":"page","link":"https:\/\/www3.unicentro.br\/petfisica\/producao\/em-2024\/","title":{"rendered":"Resumos publicados em eventos em 2024"},"content":{"rendered":"<div class=\"wpb-content-wrapper\"><p>[vc_row][vc_column][vc_column_text]<\/p>\n<ol>\n<li style=\"text-align: justify\"><span style=\"font-family: 'times new roman', times, serif;font-size: 12pt\">GOMES, A.; BASTOS, R. <strong>Demonstra\u00e7\u00f5es para o Ensino da F\u00edsica Relacionada ao Rad\u00f4nio e Filhos<\/strong>. XV Semana de Estudos de F\u00edsica, Guarapuava. Anais da Semana de Estudos de F\u00edsica, 2024 (Apresenta\u00e7\u00e3o de banner).<\/span><\/li>\n<li style=\"text-align: justify\"><span style=\"font-family: 'times new roman', times, serif;font-size: 12pt\">GRANVILLE, E. R.; REIS, P. J. <strong>A Utiliza\u00e7\u00e3o da F\u00edsica na Ci\u00eancia Forense. <\/strong>XV Semana de Estudos de F\u00edsica, Guarapuava. Anais da Semana de Estudos de F\u00edsica, 2024 (Apresenta\u00e7\u00e3o de banner).<\/span><\/li>\n<li style=\"text-align: justify\"><span style=\"font-family: 'times new roman', times, serif;font-size: 12pt\">MUFATTO, G. V.; VICENTINI, E. <strong>Difus\u00e3o Fractal e Movimento Difusivo<\/strong>. XV Semana de Estudos de F\u00edsica, Guarapuava. Anais da Semana de Estudos de F\u00edsica, 2024 (Apresenta\u00e7\u00e3o de banner).<\/span><\/li>\n<li style=\"text-align: justify\"><span style=\"font-family: 'times new roman', times, serif;font-size: 12pt\">TRENTIN, C.; VICENTINI, E.\u00a0<strong>Taxa de Escape em Sistemas Fractais. <\/strong>XV Semana de Estudos de F\u00edsica, Guarapuava. Anais da Semana de Estudos de F\u00edsica, 2024 (Apresenta\u00e7\u00e3o de banner).<\/span><\/li>\n<li style=\"text-align: justify\"><span style=\"font-family: 'times new roman', times, serif;font-size: 12pt\">ZANONA NETO, A.; BORSOI, B. W.; NERI, V. S.; IKEOKA, R. A. <strong>Be-7 em sedimento depositado em via pavimentada do campus Cedeteg<\/strong>. XV Semana de Estudos de F\u00edsica, Guarapuava. Anais da Semana de Estudos de F\u00edsica, 2024 (Apresenta\u00e7\u00e3o de banner).<\/span><\/li>\n<li style=\"text-align: justify\"><span style=\"font-family: 'times new roman', times, serif;font-size: 12pt\">ZANONA NETO, A.; BORSOI, B. W.; NERI, V. S.; IKEOKA, R. A. <\/span><span style=\"font-family: 'times new roman', times, serif\"><strong>Medida de Be-7 em amostras de solo. <\/strong><span style=\"font-family: 'times new roman', times, serif;font-size: 12pt\">Em XXXIII Encontro Anual de Inicia\u00e7\u00e3o Cient\u00edfica (EAIC) 2024, Guarapuava \u2013 PR.<\/span><\/span><\/li>\n<li style=\"text-align: justify\"><span style=\"font-family: 'times new roman', times, serif;font-size: 12pt\">TRENTIN, C.; VICENTINI, E.\u00a0<strong>Taxa de Escape em Sistemas Fractais. <\/strong>Em XXXIII Encontro Anual de Inicia\u00e7\u00e3o Cient\u00edfica (EAIC) 2024, Guarapuava \u2013 PR.<\/span><\/li>\n<li style=\"text-align: justify\"><span style=\"font-family: 'times new roman', times, serif;font-size: 12pt\">MUFATTO, G. V.; VICENTINI. E. <strong>Difus\u00e3o Fractal e Movimento Difusivo<\/strong>. Em XXXIII Encontro Anual de Inicia\u00e7\u00e3o Cient\u00edfica (EAIC) 2024, Guarapuava \u2013 PR.<\/span><\/li>\n<li style=\"text-align: justify\"><span style=\"font-family: 'times new roman', times, serif;font-size: 12pt\">GRANVILLE, E. R.; TRENTIN, C.; MUFATTO, G. V.; BORRERO, P. P. G.; <strong>A\u00e7\u00f5es de Extens\u00e3o do GPET-F\u00edsica: Construindo Pontes entre Ci\u00eancia e Sociedade<\/strong>. Em VII Encontro Anual de Extens\u00e3o da UNICENTRO (EAEX), Guarapuava &#8211; PR<\/span><\/li>\n<\/ol>\n<p><span style=\"font-family: 'times new roman', times, serif\">[\/vc_column_text][\/vc_column][\/vc_row]<\/span><\/p>\n<\/div>","protected":false},"excerpt":{"rendered":"<p>[vc_row][vc_column][vc_column_text] GOMES, A.; BASTOS, R. Demonstra\u00e7\u00f5es para o Ensino da F\u00edsica Relacionada ao Rad\u00f4nio e Filhos. XV Semana de Estudos de F\u00edsica, Guarapuava. Anais da Semana de Estudos de F\u00edsica, 2024 (Apresenta\u00e7\u00e3o de banner). GRANVILLE, E. R.; REIS, P. J. A Utiliza\u00e7\u00e3o da F\u00edsica na Ci\u00eancia Forense. XV Semana de Estudos de F\u00edsica, Guarapuava. Anais [&hellip;]<\/p>\n","protected":false},"author":550,"featured_media":0,"parent":155,"menu_order":0,"comment_status":"closed","ping_status":"closed","template":"","meta":{"_exactmetrics_skip_tracking":false,"_exactmetrics_sitenote_active":false,"_exactmetrics_sitenote_note":"","_exactmetrics_sitenote_category":0,"footnotes":"","_links_to":"","_links_to_target":""},"class_list":["post-14309","page","type-page","status-publish","hentry"],"_links":{"self":[{"href":"https:\/\/www3.unicentro.br\/petfisica\/wp-json\/wp\/v2\/pages\/14309","targetHints":{"allow":["GET"]}}],"collection":[{"href":"https:\/\/www3.unicentro.br\/petfisica\/wp-json\/wp\/v2\/pages"}],"about":[{"href":"https:\/\/www3.unicentro.br\/petfisica\/wp-json\/wp\/v2\/types\/page"}],"author":[{"embeddable":true,"href":"https:\/\/www3.unicentro.br\/petfisica\/wp-json\/wp\/v2\/users\/550"}],"replies":[{"embeddable":true,"href":"https:\/\/www3.unicentro.br\/petfisica\/wp-json\/wp\/v2\/comments?post=14309"}],"version-history":[{"count":2,"href":"https:\/\/www3.unicentro.br\/petfisica\/wp-json\/wp\/v2\/pages\/14309\/revisions"}],"predecessor-version":[{"id":14898,"href":"https:\/\/www3.unicentro.br\/petfisica\/wp-json\/wp\/v2\/pages\/14309\/revisions\/14898"}],"up":[{"embeddable":true,"href":"https:\/\/www3.unicentro.br\/petfisica\/wp-json\/wp\/v2\/pages\/155"}],"wp:attachment":[{"href":"https:\/\/www3.unicentro.br\/petfisica\/wp-json\/wp\/v2\/media?parent=14309"}],"curies":[{"name":"wp","href":"https:\/\/api.w.org\/{rel}","templated":true}]}}