{"id":14299,"date":"2024-07-06T15:47:29","date_gmt":"2024-07-06T18:47:29","guid":{"rendered":"https:\/\/www3.unicentro.br\/petfisica\/?page_id=14299"},"modified":"2024-11-15T14:05:08","modified_gmt":"2024-11-15T17:05:08","slug":"ciclo-de-seminarios-2024","status":"publish","type":"page","link":"https:\/\/www3.unicentro.br\/petfisica\/atividades\/ciclo-de-seminarios-do-defis\/ciclo-de-seminarios-2024\/","title":{"rendered":"Ciclo de Semin\u00e1rios 2024"},"content":{"rendered":"<div class=\"wpb-content-wrapper\"><p><span style=\"font-size: 12pt;font-family: 'times new roman', times, serif\">[vc_row][vc_column][vc_custom_heading text=&#8221;XVI Ciclo de Semin\u00e1rios do DEFIS&#8221; font_container=&#8221;tag:h1|text_align:center|color:%230a0a0a&#8221; google_fonts=&#8221;font_family:Alegreya%20SC%3Aregular%2Citalic%2C700%2C700italic%2C900%2C900italic|font_style:700%20bold%20regular%3A700%3Anormal&#8221;][vc_custom_heading text=&#8221;Organiza\u00e7\u00e3o: GPET-F\u00edsica&#8221; font_container=&#8221;tag:h3|text_align:center|color:%23000000&#8243; google_fonts=&#8221;font_family:Alegreya%20SC%3Aregular%2Citalic%2C700%2C700italic%2C900%2C900italic|font_style:700%20bold%20italic%3A700%3Aitalic&#8221;][vc_column_text]<\/span><\/p>\n<p><span style=\"font-family: 'times new roman', times, serif;font-size: 12pt\">Data: 08\/11\/2024<\/span><\/p>\n<p><span style=\"font-family: 'times new roman', times, serif;font-size: 12pt\">Local: Audit\u00f3rio do PPGQA.<\/span><\/p>\n<p><span style=\"font-family: 'times new roman', times, serif;font-size: 12pt\">T\u00edtulo: <strong>Ondas Gravitacionais<\/strong>.<\/span><\/p>\n<p><span style=\"font-family: 'times new roman', times, serif;font-size: 12pt\">Palestrante: Dr.Yuri Aparecido Opata.<\/span><\/p>\n<p><iframe loading=\"lazy\" title=\"XVI Ciclo de Semin\u00e1rios GPET-F\u00edsica #4 | &quot;Ondas Gravitacionais&quot;\" width=\"900\" height=\"506\" src=\"https:\/\/www.youtube.com\/embed\/Rqv-RFBaFtI?feature=oembed\" frameborder=\"0\" allow=\"accelerometer; autoplay; clipboard-write; encrypted-media; gyroscope; picture-in-picture; web-share\" referrerpolicy=\"strict-origin-when-cross-origin\" allowfullscreen><\/iframe><\/p>\n<hr \/>\n<p><span style=\"font-family: 'times new roman', times, serif;font-size: 12pt\">Data: 19\/09\/2024<\/span><\/p>\n<p><span style=\"font-family: 'times new roman', times, serif;font-size: 12pt\">Local: Audit\u00f3rio do PPGQA.<\/span><\/p>\n<p><span style=\"font-family: 'times new roman', times, serif;font-size: 12pt\">T\u00edtulo: <strong>Experimenta\u00e7\u00e3o no Ensino de Ci\u00eancias Nucleares com Instrumentos Baixo Custo<\/strong>.<\/span><\/p>\n<p><span style=\"font-family: 'times new roman', times, serif;font-size: 12pt\">Palestrante: Dr. Rodrigo Oliveira Bastos.<\/span><\/p>\n<p><iframe loading=\"lazy\" title=\"XVI Ciclo de Semin\u00e1rios GPET-F\u00edsica #3 | &quot;Experimenta\u00e7\u00e3o no Ensino de Ci\u00eancias Nucleares&quot;\" width=\"900\" height=\"506\" src=\"https:\/\/www.youtube.com\/embed\/H_bSpP8BH88?feature=oembed\" frameborder=\"0\" allow=\"accelerometer; autoplay; clipboard-write; encrypted-media; gyroscope; picture-in-picture; web-share\" referrerpolicy=\"strict-origin-when-cross-origin\" allowfullscreen><\/iframe><\/p>\n<hr \/>\n<p><span style=\"font-family: 'times new roman', times, serif;font-size: 12pt\">Data: 29\/08\/2024<\/span><\/p>\n<p><span style=\"font-family: 'times new roman', times, serif;font-size: 12pt\">Local: Audit\u00f3rio do PPGQA.<\/span><\/p>\n<p><span style=\"font-family: 'times new roman', times, serif;font-size: 12pt\">T\u00edtulo: <strong>Decaimento e Difus\u00e3o em Sistemas Complexos<\/strong>.<\/span><\/p>\n<p><span style=\"font-family: 'times new roman', times, serif;font-size: 12pt\">Palestrante: Dr. Eduardo Vicentini.<\/span><\/p>\n<p>&nbsp;<\/p>\n<p><iframe loading=\"lazy\" title=\"XVI Ciclo de Semin\u00e1rios GPET-F\u00edsica #2 | &quot;Decaimento e Difus\u00e3o em Sistemas Complexos&quot;\" width=\"900\" height=\"506\" src=\"https:\/\/www.youtube.com\/embed\/v8paWViTKBk?start=838&#038;feature=oembed\" frameborder=\"0\" allow=\"accelerometer; autoplay; clipboard-write; encrypted-media; gyroscope; picture-in-picture; web-share\" referrerpolicy=\"strict-origin-when-cross-origin\" allowfullscreen><\/iframe><\/p>\n<hr \/>\n<p><span style=\"font-family: 'times new roman', times, serif;font-size: 12pt\">Data: 04\/07\/2024<\/span><\/p>\n<p><span style=\"font-family: 'times new roman', times, serif;font-size: 12pt\">Local: Audit\u00f3rio do PPGEN.<\/span><\/p>\n<p><span style=\"font-family: 'times new roman', times, serif;font-size: 12pt\">T\u00edtulo: <strong>Um breve Apanhado sobre Supercondutividade<\/strong>.<\/span><\/p>\n<p><span style=\"font-family: 'times new roman', times, serif;font-size: 12pt\">Palestrante: Dr.Yuri Aparecido Opata.<\/span><\/p>\n<p><iframe loading=\"lazy\" title=\"XVI Ciclo de Semin\u00e1rios GPET-F\u00edsica #1 | &quot;Um Breve Apanhado sobre Supercondutividade&quot;\" width=\"900\" height=\"506\" src=\"https:\/\/www.youtube.com\/embed\/cHeoSyvvL6Y?feature=oembed\" frameborder=\"0\" allow=\"accelerometer; autoplay; clipboard-write; encrypted-media; gyroscope; picture-in-picture; web-share\" referrerpolicy=\"strict-origin-when-cross-origin\" allowfullscreen><\/iframe><\/p>\n<\/div>","protected":false},"excerpt":{"rendered":"<p>[vc_row][vc_column][vc_custom_heading text=&#8221;XVI Ciclo de Semin\u00e1rios do DEFIS&#8221; font_container=&#8221;tag:h1|text_align:center|color:%230a0a0a&#8221; google_fonts=&#8221;font_family:Alegreya%20SC%3Aregular%2Citalic%2C700%2C700italic%2C900%2C900italic|font_style:700%20bold%20regular%3A700%3Anormal&#8221;][vc_custom_heading text=&#8221;Organiza\u00e7\u00e3o: GPET-F\u00edsica&#8221; font_container=&#8221;tag:h3|text_align:center|color:%23000000&#8243; google_fonts=&#8221;font_family:Alegreya%20SC%3Aregular%2Citalic%2C700%2C700italic%2C900%2C900italic|font_style:700%20bold%20italic%3A700%3Aitalic&#8221;][vc_column_text] Data: 08\/11\/2024 Local: Audit\u00f3rio do PPGQA. T\u00edtulo: Ondas Gravitacionais. Palestrante: Dr.Yuri Aparecido Opata. Data: 19\/09\/2024 Local: Audit\u00f3rio do PPGQA. T\u00edtulo: Experimenta\u00e7\u00e3o no Ensino de Ci\u00eancias Nucleares com Instrumentos Baixo Custo. Palestrante: Dr. Rodrigo Oliveira Bastos. Data: 29\/08\/2024 Local: Audit\u00f3rio do PPGQA. T\u00edtulo: [&hellip;]<\/p>\n","protected":false},"author":550,"featured_media":0,"parent":151,"menu_order":0,"comment_status":"closed","ping_status":"closed","template":"","meta":{"_exactmetrics_skip_tracking":false,"_exactmetrics_sitenote_active":false,"_exactmetrics_sitenote_note":"","_exactmetrics_sitenote_category":0,"footnotes":"","_links_to":"","_links_to_target":""},"class_list":["post-14299","page","type-page","status-publish","hentry"],"_links":{"self":[{"href":"https:\/\/www3.unicentro.br\/petfisica\/wp-json\/wp\/v2\/pages\/14299","targetHints":{"allow":["GET"]}}],"collection":[{"href":"https:\/\/www3.unicentro.br\/petfisica\/wp-json\/wp\/v2\/pages"}],"about":[{"href":"https:\/\/www3.unicentro.br\/petfisica\/wp-json\/wp\/v2\/types\/page"}],"author":[{"embeddable":true,"href":"https:\/\/www3.unicentro.br\/petfisica\/wp-json\/wp\/v2\/users\/550"}],"replies":[{"embeddable":true,"href":"https:\/\/www3.unicentro.br\/petfisica\/wp-json\/wp\/v2\/comments?post=14299"}],"version-history":[{"count":2,"href":"https:\/\/www3.unicentro.br\/petfisica\/wp-json\/wp\/v2\/pages\/14299\/revisions"}],"predecessor-version":[{"id":14352,"href":"https:\/\/www3.unicentro.br\/petfisica\/wp-json\/wp\/v2\/pages\/14299\/revisions\/14352"}],"up":[{"embeddable":true,"href":"https:\/\/www3.unicentro.br\/petfisica\/wp-json\/wp\/v2\/pages\/151"}],"wp:attachment":[{"href":"https:\/\/www3.unicentro.br\/petfisica\/wp-json\/wp\/v2\/media?parent=14299"}],"curies":[{"name":"wp","href":"https:\/\/api.w.org\/{rel}","templated":true}]}}