{"id":142,"date":"2019-08-14T15:34:00","date_gmt":"2019-08-14T18:34:00","guid":{"rendered":"https:\/\/www3.unicentro.br\/petfisica\/pagina-exemplo\/"},"modified":"2022-06-05T01:45:19","modified_gmt":"2022-06-05T04:45:19","slug":"apresentacao","status":"publish","type":"page","link":"https:\/\/www3.unicentro.br\/petfisica\/quem-somos\/apresentacao\/","title":{"rendered":"Apresenta\u00e7\u00e3o"},"content":{"rendered":"<div class=\"wpb-content-wrapper\"><p>[vc_row][vc_column][vc_column_text]<\/p>\n<p style=\"text-align: justify\"><span style=\"font-family: 'times new roman', times, serif;font-size: 12pt\">\u00a0 \u00a0PET \u00e9 a sigla para <em>Programa de Educa\u00e7\u00e3o Tutorial<\/em>. Este \u00e9 vinculado \u00e0 Secretaria de Educa\u00e7\u00e3o Superior do Minist\u00e9rio da Educa\u00e7\u00e3o e destina-se aos acad\u00eamicos matriculados no curso vinculados ao Grupo PET em quest\u00e3o.<\/span><\/p>\n<p style=\"text-align: justify\"><span style=\"font-family: 'times new roman', times, serif;font-size: 12pt\">\u00a0 \u00a0O principal objetivo do PET \u00e9 promover a forma\u00e7\u00e3o acad\u00eamica ampla e de qualidade dos alunos envolvidos direta ou indiretamente com o programa. Isso \u00e9 realizado por meio de atividades que abrangem os tr\u00eas pilares de uma Universidade: <em>Ensino, Pesquisa e Extens\u00e3o<\/em>.<\/span><\/p>\n<p style=\"text-align: justify\"><span style=\"font-family: 'times new roman', times, serif;font-size: 12pt\">\u00a0 \u00a0Os Grupos s\u00e3o compostos por um quadro de alunos bolsistas e volunt\u00e1rios e um professor tutor. No entanto, outros alunos e professores do curso podem participar e contribuir com as atividades do Grupo.<\/span><\/p>\n<p style=\"text-align: justify\"><span style=\"font-family: 'times new roman', times, serif;font-size: 12pt\">\u00a0 \u00a0O Grupo PET-F\u00edsica, implantado em 2009, possui 12 vagas para alunos bolsistas e 6 para volunt\u00e1rios e contribui com atividades que visam ampliar a experi\u00eancia de todos os acad\u00eamicos do curso de Licenciatura em F\u00edsica dentro da universidade, auxiliar os acad\u00eamicos de outros cursos com as disciplinas em comum, levar a ci\u00eancia para a comunidade de maneira simples e acess\u00edvel e muito mais.<\/span><\/p>\n<p style=\"text-align: justify\"><span style=\"font-family: 'times new roman', times, serif;font-size: 12pt\">\u00a0 \u00a0Conhe\u00e7a mais sobre nossas a\u00e7\u00f5es explorando nosso site. O Grupo PET-F\u00edsica est\u00e1 de portas abertas para voc\u00ea, seja para ajuda acad\u00eamica ou para fazer parte dessa fam\u00edlia! \ud83d\ude09<\/span><\/p>\n<p>[\/vc_column_text][\/vc_column][\/vc_row][vc_row][vc_column][\/vc_column][\/vc_row]<\/p>\n<\/div>","protected":false},"excerpt":{"rendered":"<p>[vc_row][vc_column][vc_column_text] \u00a0 \u00a0PET \u00e9 a sigla para Programa de Educa\u00e7\u00e3o Tutorial. Este \u00e9 vinculado \u00e0 Secretaria de Educa\u00e7\u00e3o Superior do Minist\u00e9rio da Educa\u00e7\u00e3o e destina-se aos acad\u00eamicos matriculados no curso vinculados ao Grupo PET em quest\u00e3o. \u00a0 \u00a0O principal objetivo do PET \u00e9 promover a forma\u00e7\u00e3o acad\u00eamica ampla e de qualidade dos alunos envolvidos direta [&hellip;]<\/p>\n","protected":false},"author":3,"featured_media":0,"parent":2122,"menu_order":0,"comment_status":"closed","ping_status":"closed","template":"","meta":{"_exactmetrics_skip_tracking":false,"_exactmetrics_sitenote_active":false,"_exactmetrics_sitenote_note":"","_exactmetrics_sitenote_category":0,"footnotes":"","_links_to":"","_links_to_target":""},"class_list":["post-142","page","type-page","status-publish","hentry"],"_links":{"self":[{"href":"https:\/\/www3.unicentro.br\/petfisica\/wp-json\/wp\/v2\/pages\/142","targetHints":{"allow":["GET"]}}],"collection":[{"href":"https:\/\/www3.unicentro.br\/petfisica\/wp-json\/wp\/v2\/pages"}],"about":[{"href":"https:\/\/www3.unicentro.br\/petfisica\/wp-json\/wp\/v2\/types\/page"}],"author":[{"embeddable":true,"href":"https:\/\/www3.unicentro.br\/petfisica\/wp-json\/wp\/v2\/users\/3"}],"replies":[{"embeddable":true,"href":"https:\/\/www3.unicentro.br\/petfisica\/wp-json\/wp\/v2\/comments?post=142"}],"version-history":[{"count":0,"href":"https:\/\/www3.unicentro.br\/petfisica\/wp-json\/wp\/v2\/pages\/142\/revisions"}],"up":[{"embeddable":true,"href":"https:\/\/www3.unicentro.br\/petfisica\/wp-json\/wp\/v2\/pages\/2122"}],"wp:attachment":[{"href":"https:\/\/www3.unicentro.br\/petfisica\/wp-json\/wp\/v2\/media?parent=142"}],"curies":[{"name":"wp","href":"https:\/\/api.w.org\/{rel}","templated":true}]}}