{"id":10697,"date":"2023-11-30T11:48:13","date_gmt":"2023-11-30T14:48:13","guid":{"rendered":"https:\/\/www3.unicentro.br\/petfisica\/?page_id=10697"},"modified":"2024-07-06T18:42:56","modified_gmt":"2024-07-06T21:42:56","slug":"em-2023","status":"publish","type":"page","link":"https:\/\/www3.unicentro.br\/petfisica\/producao\/em-2023\/","title":{"rendered":"Resumos publicados em eventos em 2023"},"content":{"rendered":"<div class=\"wpb-content-wrapper\"><p><span style=\"font-family: 'times new roman', times, serif;font-size: 12pt\">[vc_row][vc_column][vc_column_text]<\/span><\/p>\n<ol>\n<li><span style=\"font-family: 'times new roman', times, serif;font-size: 12pt\">GOMES, A. F. BASTOS, R. O. <strong>DEMONSTRA\u00c7\u00d5ES PARA O ENSINO DA F\u00cdSICA RELACIONADA AO RAD\u00d4NIO<\/strong><\/span><br \/>\n<span style=\"font-family: 'times new roman', times, serif;font-size: 12pt\"><strong>E FILHOS<\/strong>. Em XXXII Encontro Anual de Inicia\u00e7\u00e3o Cient\u00edfica (EAIC) 2023, Guarapuava \u2013 PR.<\/span><\/li>\n<li><span style=\"font-family: 'times new roman', times, serif;font-size: 12pt\">GUIMAR\u00c3ES, C. G. B.; DOS REIS, P. J. <strong>O USO DO SOFTWARE QKIT PARA O ENSINO DO TELETRANSPORTE DE ESTADOS QU\u00c2NTICOS<\/strong>. Em XXXII Encontro Anual de Inicia\u00e7\u00e3o Cient\u00edfica (EAIC) 2023, Guarapuava \u2013 PR.<\/span><\/li>\n<li><span style=\"font-family: 'times new roman', times, serif;font-size: 12pt\">MUFATTO, G. V.; VICENTINI. E. <strong>DIFUS\u00c3O FRACTAL<\/strong>. Em XXXII Encontro Anual de Inicia\u00e7\u00e3o Cient\u00edfica (EAIC) 2023, Guarapuava \u2013 PR.<\/span><\/li>\n<li><span style=\"font-family: 'times new roman', times, serif;font-size: 12pt\">TRENTIN. C.; BORRERO. P. P. G. <strong>ESTUDO DE M\u00c9IS POR MEIO DE T\u00c9CNICAS ESPECTROSC\u00d3PICAS DE ABSOR\u00c7\u00c3O<\/strong>. Em XXXII Encontro Anual de Inicia\u00e7\u00e3o Cient\u00edfica (EAIC) 2023, Guarapuava \u2013 PR.<\/span><\/li>\n<\/ol>\n<p><span style=\"font-family: 'times new roman', times, serif;font-size: 12pt\">[\/vc_column_text][\/vc_column][\/vc_row]<\/span><\/p>\n<\/div>","protected":false},"excerpt":{"rendered":"<p>[vc_row][vc_column][vc_column_text] GOMES, A. F. BASTOS, R. O. DEMONSTRA\u00c7\u00d5ES PARA O ENSINO DA F\u00cdSICA RELACIONADA AO RAD\u00d4NIO E FILHOS. Em XXXII Encontro Anual de Inicia\u00e7\u00e3o Cient\u00edfica (EAIC) 2023, Guarapuava \u2013 PR. GUIMAR\u00c3ES, C. G. B.; DOS REIS, P. J. O USO DO SOFTWARE QKIT PARA O ENSINO DO TELETRANSPORTE DE ESTADOS QU\u00c2NTICOS. Em XXXII Encontro Anual [&hellip;]<\/p>\n","protected":false},"author":503,"featured_media":0,"parent":155,"menu_order":0,"comment_status":"closed","ping_status":"closed","template":"","meta":{"_exactmetrics_skip_tracking":false,"_exactmetrics_sitenote_active":false,"_exactmetrics_sitenote_note":"","_exactmetrics_sitenote_category":0,"footnotes":"","_links_to":"","_links_to_target":""},"class_list":["post-10697","page","type-page","status-publish","hentry"],"_links":{"self":[{"href":"https:\/\/www3.unicentro.br\/petfisica\/wp-json\/wp\/v2\/pages\/10697","targetHints":{"allow":["GET"]}}],"collection":[{"href":"https:\/\/www3.unicentro.br\/petfisica\/wp-json\/wp\/v2\/pages"}],"about":[{"href":"https:\/\/www3.unicentro.br\/petfisica\/wp-json\/wp\/v2\/types\/page"}],"author":[{"embeddable":true,"href":"https:\/\/www3.unicentro.br\/petfisica\/wp-json\/wp\/v2\/users\/503"}],"replies":[{"embeddable":true,"href":"https:\/\/www3.unicentro.br\/petfisica\/wp-json\/wp\/v2\/comments?post=10697"}],"version-history":[{"count":2,"href":"https:\/\/www3.unicentro.br\/petfisica\/wp-json\/wp\/v2\/pages\/10697\/revisions"}],"predecessor-version":[{"id":14317,"href":"https:\/\/www3.unicentro.br\/petfisica\/wp-json\/wp\/v2\/pages\/10697\/revisions\/14317"}],"up":[{"embeddable":true,"href":"https:\/\/www3.unicentro.br\/petfisica\/wp-json\/wp\/v2\/pages\/155"}],"wp:attachment":[{"href":"https:\/\/www3.unicentro.br\/petfisica\/wp-json\/wp\/v2\/media?parent=10697"}],"curies":[{"name":"wp","href":"https:\/\/api.w.org\/{rel}","templated":true}]}}