{"id":10232,"date":"2023-08-01T11:26:09","date_gmt":"2023-08-01T14:26:09","guid":{"rendered":"https:\/\/www3.unicentro.br\/petfisica\/?page_id=10232"},"modified":"2024-11-06T15:44:15","modified_gmt":"2024-11-06T18:44:15","slug":"projetos-2023-2024","status":"publish","type":"page","link":"https:\/\/www3.unicentro.br\/petfisica\/projetos-2023-2024\/","title":{"rendered":"Projetos 2023 &#8211; 2024"},"content":{"rendered":"<div class=\"wpb-content-wrapper\"><p><span style=\"font-family: 'times new roman', times, serif;font-size: 12pt\">[vc_row][vc_column][vc_column_text]<\/span><\/p>\n<p style=\"text-align: center\"><span style=\"text-decoration: underline;font-family: 'times new roman', times, serif;font-size: 12pt\"><strong>Medida de Rad\u00f4nio e Filhos com Eletrosc\u00f3pio: Uma Proposta de Sequ\u00eancia\u00a0Did\u00e1tica<\/strong><\/span><\/p>\n<p><span style=\"font-family: 'times new roman', times, serif;font-size: 12pt\"><strong>Orientanda:<\/strong> Ana Flavia Gomes;<\/span><\/p>\n<p><span style=\"font-family: 'times new roman', times, serif;font-size: 12pt\"><strong>Orientador:<\/strong> Prof. Dr. Rodrigo Oliveira Bastos;<\/span><\/p>\n<p><strong><span style=\"font-family: 'times new roman', times, serif;font-size: 16px\">Resumo:<\/span><\/strong><\/p>\n<p style=\"text-align: justify\"><span style=\"font-family: 'times new roman', times, serif;font-size: 16px\"><span style=\"font-family: 'times new roman', times, serif;font-size: 12pt\">As aulas de F\u00edsica Moderna ainda s\u00e3o um desafio para professores na educa\u00e7\u00e3o b\u00e1sica, a falta de materiais experimentais atrativos nessa \u00e1rea culmina em pouca pr\u00e1tica desenvolvida pelos docentes com seus alunos. Baseando no trabalho de (GOMES, 2022) e (STEFFENS, 2022), ser\u00e1 realizado e aplicado uma sequ\u00eancia did\u00e1tica sobre medida de rad\u00f4nio e filhos com eletrosc\u00f3pio, como uma proposta para o ensino de radioatividade. O m\u00e9todo aplicado nessa sequ\u00eancia \u00e9 o dos 5E\u2019s, engajar, explorar, explicar, elaborar e examinar. O objetivo do trabalho \u00e9 validar e encontrar poss\u00edveis falhas na aplica\u00e7\u00e3o dessa nova sequ\u00eancia did\u00e1tica. Essas atividades ser\u00e3o aplicadas em uma turma no departamento de F\u00edsica &#8211; Licenciatura da UNICENTRO, como uma proposta para abordar esse tema em sala de aula e tamb\u00e9m em uma turma de Ensino M\u00e9dio.<\/span><\/span><\/p>\n<hr \/>\n<p style=\"text-align: center\"><span style=\"text-decoration: underline\"><strong><span style=\"font-family: 'times new roman', times, serif;font-size: 16px\">Medida de Be-7 em Amostras de Solo do Campus Cedeteg<\/span><\/strong><\/span><\/p>\n<p><span style=\"font-family: 'times new roman', times, serif;font-size: 12pt\"><strong>Orientanda:<\/strong> <span style=\"font-family: 'times new roman', times, serif;font-size: 16px\">Angelo Zanona Neto<\/span>;<\/span><\/p>\n<p><span style=\"font-family: 'times new roman', times, serif;font-size: 12pt\"><strong>Orientador:<\/strong> <span style=\"font-family: 'times new roman', times, serif;font-size: 16px\">Prof. Dr. Rodrigo Oliveira Bastos<\/span>;<\/span><\/p>\n<p style=\"text-align: justify\"><strong><span style=\"font-family: 'times new roman', times, serif;font-size: 16px\">Resumo:<\/span><\/strong><br \/>\n<span style=\"font-family: 'times new roman', times, serif;font-size: 16px\">O Be-7 \u00e9 um is\u00f3topo radioativo cosmog\u00eanico formado por espala\u00e7\u00e3o na atmosfera pelos raios c\u00f3smicos. Esse elemento possui aplica\u00e7\u00f5es em estudos atmosf\u00e9ricos e em estudos de solo: por exemplo, pode ser utilizado em an\u00e1lises de eros\u00e3o, por meio de medidas de sua concentra\u00e7\u00e3o realizadas em diferentes pontos de uma determinada regi\u00e3o. A detec\u00e7\u00e3o \u00e9 feita pela t\u00e9cnica de espectrometria de raios gama, e usualmente \u00e9 feita com detectores de alta resolu\u00e7\u00e3o (germ\u00e2nio hiper-puro), que acarretam custos operacionais elevados quando comparados com detectores de baixa resolu\u00e7\u00e3o. O trabalho tem como objetivo estabelecer uma t\u00e9cnica de medidas de concentra\u00e7\u00e3o de Be-7 em solos utilizando um detector de baixa resolu\u00e7\u00e3o (iodeto de s\u00f3dio ativado com t\u00e1lio), e utilizar a t\u00e9cnica para analisar concentra\u00e7\u00f5es do elemento em diferentes pontos do campus Cedeteg da Universidade Estadual do Centro-Oeste (Unicentro).<\/span><\/p>\n<hr \/>\n<p style=\"text-align: center\"><span style=\"text-decoration: underline;font-size: 12pt;font-family: 'times new roman', times, serif\"><strong>Taxa de Escape em Sistemas Fractais<\/strong><\/span><\/p>\n<p><span style=\"font-size: 12pt;font-family: 'times new roman', times, serif\"><strong>Orientanda:<\/strong> Cassandra Trentin;<\/span><\/p>\n<p><span style=\"font-size: 12pt;font-family: 'times new roman', times, serif\"><strong>Orientador:<\/strong> Prof. Dr. Eduardo Vicentini;<\/span><\/p>\n<p><span style=\"font-size: 12pt;font-family: 'times new roman', times, serif\"><strong>Resumo:<\/strong><\/span><\/p>\n<p style=\"text-align: justify\"><span style=\"font-size: 12pt;font-family: 'times new roman', times, serif\">Fractais s\u00e3o estruturas que exibem uma caracter\u00edstica fundamental chamada autosimilaridade (como galhos de \u00e1rvores), o que significa que partes menores da estrutura se assemelham ao todo em diferentes escalas. A taxa de escape \u00e9 uma medida da probabilidade de um ponto ou part\u00edcula escapar de uma regi\u00e3o espec\u00edfica do fractal e entrar em uma regi\u00e3o externa. Sistemas fractais com diferentes taxas de escape podem exibir comportamentos diversos, como a sensibilidade \u00e0s condi\u00e7\u00f5es iniciais, o que \u00e9 uma caracter\u00edstica central do caos determin\u00edstico. Diante dessa perspectiva, o prop\u00f3sito \u00e9 estudar a din\u00e2mica de movimento de part\u00edculas em um sistema bidimensional com paredes definidas por um dos fractais de J\u00falia e o processo de escape do sistema. Bem como desenvolver c\u00f3digos computacionais para a simula\u00e7\u00e3o para determinar a taxa de escape do sistema.<\/span><\/p>\n<hr \/>\n<p style=\"text-align: center\"><span style=\"text-decoration: underline;font-family: 'times new roman', times, serif;font-size: 12pt\"><strong>Estudo de Mec\u00e2nica Qu\u00e2ntica via f\u00f3tons polarizados: uma sequ\u00eancia did\u00e1tica para o ensino de Teletransporte Qu\u00e2ntico<\/strong><\/span><\/p>\n<p><span style=\"font-size: 12pt;font-family: 'times new roman', times, serif\"><strong>Orientando:<\/strong> Cristhian Gean Batista Guimar\u00e3es;<\/span><\/p>\n<p><span style=\"font-size: 12pt;font-family: 'times new roman', times, serif\"><strong>Orientador:<\/strong> Prof. Dr. Paulo Jos\u00e9 dos Reis;<\/span><\/p>\n<p><span style=\"font-family: 'times new roman', times, serif;font-size: 12pt\"><strong>Resumo:<\/strong><\/span><\/p>\n<p style=\"text-align: justify\"><span style=\"font-size: 12pt;font-family: 'times new roman', times, serif\">A informa\u00e7\u00e3o qu\u00e2ntica \u00e9 processada e transmitida utilizando-se as leis da Mec\u00e2nica Qu\u00e2ntica (MQ), a qual descreve o comportamento de sistemas em escalas at\u00f4micas e moleculares. O teletransporte qu\u00e2ntico \u00e9 um processo no qual a informa\u00e7\u00e3o qu\u00e2ntica de um sistema \u00e9 transmitida para outro sistema sem que eles estejam fisicamente conectados. Este fen\u00f4meno \u00e9 um dos exemplos mais impressionantes das propriedades n\u00e3o locais da MQ, e tem potenciais aplica\u00e7\u00f5es em criptografia qu\u00e2ntica e computa\u00e7\u00e3o qu\u00e2ntica. Este trabalho visar\u00e1 a elabora\u00e7\u00e3o de uma sequ\u00eancia did\u00e1tica para o ensino de informa\u00e7\u00e3o qu\u00e2ntica e teletransporte qu\u00e2ntico, onde os princ\u00edpios da MQ ser\u00e3o abordados atrav\u00e9s de f\u00f3tons polarizados.<\/span><\/p>\n<hr \/>\n<p style=\"text-align: center\"><span style=\"text-decoration: underline;font-family: 'times new roman', times, serif;font-size: 12pt\"><strong>Utiliza\u00e7\u00e3o da cronoamperometria para a produ\u00e7\u00e3o de eletrodos FTO\/Pt aplicados em c\u00e9lulas solares. <\/strong><\/span><\/p>\n<p><span style=\"font-family: 'times new roman', times, serif;font-size: 12pt\"><strong>Orientanda:<\/strong> Eloise R. Granville;<\/span><\/p>\n<p><span style=\"font-family: 'times new roman', times, serif;font-size: 12pt\"><strong>Orientador:<\/strong> Prof. Dr. Everson do P. Banczek;<\/span><\/p>\n<p><span style=\"font-family: 'times new roman', times, serif;font-size: 12pt\"><strong>Resumo:<\/strong><\/span><\/p>\n<p style=\"text-align: justify\"><span style=\"font-family: 'times new roman', times, serif;font-size: 12pt\">O avan\u00e7o das c\u00e9lulas fotovoltaicas sensibilizadas com o corante N719 visa aprimorar a efici\u00eancia das c\u00e9lulas solares, utilizando esse composto sensibilizador para absorver a luz solar e gerar corrente el\u00e9trica. Estas c\u00e9lulas representam uma abordagem inovadora em compara\u00e7\u00e3o com os materiais convencionais, como o sil\u00edcio, proporcionando uma alternativa na convers\u00e3o de energia solar. A pesquisa abrange a otimiza\u00e7\u00e3o da impregna\u00e7\u00e3o do corante N719, a explora\u00e7\u00e3o de novos materiais e t\u00e9cnicas de desenvolvimento para aprimorar a constru\u00e7\u00e3o da c\u00e9lula fotovoltaica. Al\u00e9m disso, inclui a investiga\u00e7\u00e3o da efici\u00eancia em diferentes tempos de eletrodeposi\u00e7\u00e3o de platina utilizando cronoamperometria, visando aumentar a efici\u00eancia da convers\u00e3o fotovoltaica e a otimiza\u00e7\u00e3o no processo de montagem da c\u00e9lula. Medidas eletroqu\u00edmicas ser\u00e3o empregadas para determinar as condi\u00e7\u00f5es ideais de eletrodeposi\u00e7\u00e3o de platina que resultem em maior efici\u00eancia para as c\u00e9lulas.<\/span><\/p>\n<p>&nbsp;<\/p>\n<hr \/>\n<p style=\"text-align: center\"><span style=\"text-decoration: underline;font-family: 'times new roman', times, serif;font-size: 12pt\"><strong>Din\u00e2mica de Bilhares Cl\u00e1ssicos<\/strong><\/span><\/p>\n<p><span style=\"font-size: 12pt;font-family: 'times new roman', times, serif\"><strong>Orientando:<\/strong> Gabriel Vinicius Mufatto;<\/span><\/p>\n<p><span style=\"font-size: 12pt;font-family: 'times new roman', times, serif\"><strong>Orientador:<\/strong> Prof. Dr. Eduardo Vicentini;<\/span><\/p>\n<p><span style=\"font-family: 'times new roman', times, serif;font-size: 12pt\"><strong>Resumo:<\/strong><\/span><\/p>\n<p style=\"text-align: justify\"><span style=\"font-family: 'times new roman', times, serif;font-size: 12pt\">Bilhares s\u00e3o sistemas que apresentam uma grande variedade de propriedades din\u00e2micas e podem ser usados como modelo de sistema f\u00edsicos. Dessa forma, o presente projeto visa desenvolver c\u00f3digos computacionais para bilhares e investigar suas propriedades din\u00e2micas e f\u00edsicas, correlacionando as caracter\u00edsticas geom\u00e9tricas de um sistema com suas propriedades din\u00e2micas, como a difus\u00e3o e relaxamento.<\/span><\/p>\n<hr \/>\n<p style=\"text-align: center\"><span style=\"text-decoration: underline;font-size: 12pt;font-family: 'times new roman', times, serif\"><strong>G\u00e1s de Lorentz Peri\u00f3dico Oscilante<\/strong><\/span><\/p>\n<p><span style=\"font-size: 12pt;font-family: 'times new roman', times, serif\"><strong>Orientando:<\/strong> Gian Carlos Bedreski do Prado;<\/span><\/p>\n<p><span style=\"font-size: 12pt;font-family: 'times new roman', times, serif\"><strong>Orientador:<\/strong> Prof. Dr. Eduardo Vicentini;<\/span><\/p>\n<p><span style=\"font-family: 'times new roman', times, serif;font-size: 12pt\"><strong>Resumo:<\/strong><\/span><\/p>\n<p style=\"text-align: justify\"><span style=\"font-size: 12pt;font-family: 'times new roman', times, serif\">Os bilhares s\u00e3o modelos de sistemas f\u00edsicos utilizados para o estudo de mecanismos microsc\u00f3picos que influenciam grandezas macrosc\u00f3picas. Eles apresentam diversas propriedades din\u00e2micas que dependem da sua geometria. O bilhar de Sinai consiste em um quadrado com um disco espalhador em seu centro, representa uma c\u00e9lula unit\u00e1ria de um sistema conhecido como g\u00e1s de Lorentz peri\u00f3dico, criado para representar o movimento de um g\u00e1s de el\u00e9trons em um condutor. Pretende-se neste trabalho analisar as propriedades din\u00e2micas e termodin\u00e2micas de um g\u00e1s de Lorentz com espalhadores oscilantes, desenvolver c\u00f3digos computacionais para realizar simula\u00e7\u00f5es e determinar grandezas do sistema como coeficiente de difus\u00e3o e capacidade calor\u00edfica.<\/span><\/p>\n<p>&nbsp;<\/p>\n<\/div>","protected":false},"excerpt":{"rendered":"<p>[vc_row][vc_column][vc_column_text] Medida de Rad\u00f4nio e Filhos com Eletrosc\u00f3pio: Uma Proposta de Sequ\u00eancia\u00a0Did\u00e1tica Orientanda: Ana Flavia Gomes; Orientador: Prof. Dr. Rodrigo Oliveira Bastos; Resumo: As aulas de F\u00edsica Moderna ainda s\u00e3o um desafio para professores na educa\u00e7\u00e3o b\u00e1sica, a falta de materiais experimentais atrativos nessa \u00e1rea culmina em pouca pr\u00e1tica desenvolvida pelos docentes com seus alunos. [&hellip;]<\/p>\n","protected":false},"author":503,"featured_media":0,"parent":0,"menu_order":0,"comment_status":"closed","ping_status":"closed","template":"","meta":{"_exactmetrics_skip_tracking":false,"_exactmetrics_sitenote_active":false,"_exactmetrics_sitenote_note":"","_exactmetrics_sitenote_category":0,"footnotes":"","_links_to":"","_links_to_target":""},"class_list":["post-10232","page","type-page","status-publish","hentry"],"_links":{"self":[{"href":"https:\/\/www3.unicentro.br\/petfisica\/wp-json\/wp\/v2\/pages\/10232","targetHints":{"allow":["GET"]}}],"collection":[{"href":"https:\/\/www3.unicentro.br\/petfisica\/wp-json\/wp\/v2\/pages"}],"about":[{"href":"https:\/\/www3.unicentro.br\/petfisica\/wp-json\/wp\/v2\/types\/page"}],"author":[{"embeddable":true,"href":"https:\/\/www3.unicentro.br\/petfisica\/wp-json\/wp\/v2\/users\/503"}],"replies":[{"embeddable":true,"href":"https:\/\/www3.unicentro.br\/petfisica\/wp-json\/wp\/v2\/comments?post=10232"}],"version-history":[{"count":3,"href":"https:\/\/www3.unicentro.br\/petfisica\/wp-json\/wp\/v2\/pages\/10232\/revisions"}],"predecessor-version":[{"id":14818,"href":"https:\/\/www3.unicentro.br\/petfisica\/wp-json\/wp\/v2\/pages\/10232\/revisions\/14818"}],"wp:attachment":[{"href":"https:\/\/www3.unicentro.br\/petfisica\/wp-json\/wp\/v2\/media?parent=10232"}],"curies":[{"name":"wp","href":"https:\/\/api.w.org\/{rel}","templated":true}]}}