{"id":10180,"date":"2023-07-17T11:05:10","date_gmt":"2023-07-17T14:05:10","guid":{"rendered":"https:\/\/www3.unicentro.br\/petfisica\/?page_id=10180"},"modified":"2023-12-04T22:32:43","modified_gmt":"2023-12-05T01:32:43","slug":"ciclo-de-seminarios-2023","status":"publish","type":"page","link":"https:\/\/www3.unicentro.br\/petfisica\/atividades\/ciclo-de-seminarios-do-defis\/ciclo-de-seminarios-2023\/","title":{"rendered":"Ciclo de Semin\u00e1rios 2023"},"content":{"rendered":"<div class=\"wpb-content-wrapper\"><p><span style=\"font-size: 12pt;font-family: 'times new roman', times, serif\">[vc_row][vc_column][vc_custom_heading text=&#8221;XV Ciclo de Semin\u00e1rios do DEFIS&#8221; font_container=&#8221;tag:h1|text_align:center|color:%230a0a0a&#8221; google_fonts=&#8221;font_family:Alegreya%20SC%3Aregular%2Citalic%2C700%2C700italic%2C900%2C900italic|font_style:700%20bold%20regular%3A700%3Anormal&#8221;][vc_custom_heading text=&#8221;Organiza\u00e7\u00e3o: GPET-F\u00edsica&#8221; font_container=&#8221;tag:h3|text_align:center|color:%23000000&#8243; google_fonts=&#8221;font_family:Alegreya%20SC%3Aregular%2Citalic%2C700%2C700italic%2C900%2C900italic|font_style:700%20bold%20italic%3A700%3Aitalic&#8221;][vc_column_text]<\/span><\/p>\n<p><span style=\"font-family: 'times new roman', times, serif;font-size: 12pt\">Data: 30\/10\/2023<\/span><\/p>\n<p><span style=\"font-family: 'times new roman', times, serif;font-size: 12pt\">Local: Audit\u00f3rio do PPGEN.<\/span><\/p>\n<p><span style=\"font-family: 'times new roman', times, serif;font-size: 12pt\">T\u00edtulo: <strong>Colis\u00f5es el\u00e9tron-mol\u00e9cula: motiva\u00e7\u00f5es e fen\u00f4menos<\/strong>.<\/span><\/p>\n<p><span style=\"font-family: 'times new roman', times, serif;font-size: 12pt\">Palestrante: Dra. Giseli Maria Moreira.<\/span><\/p>\n<p><iframe loading=\"lazy\" title=\"XV Ciclo de Semin\u00e1rios GPET-F\u00edsica #4 &quot;Colis\u00f5es el\u00e9tron-mol\u00e9cula: motiva\u00e7\u00f5es e fen\u00f4menos&quot;\" width=\"900\" height=\"506\" src=\"https:\/\/www.youtube.com\/embed\/snwOl4g3Hoc?feature=oembed\" frameborder=\"0\" allow=\"accelerometer; autoplay; clipboard-write; encrypted-media; gyroscope; picture-in-picture; web-share\" allowfullscreen><\/iframe><\/p>\n<hr \/>\n<p><span style=\"font-family: 'times new roman', times, serif;font-size: 12pt\">Data: 21\/09\/2023<\/span><\/p>\n<p><span style=\"font-family: 'times new roman', times, serif;font-size: 12pt\">Local: Audit\u00f3rio do PPGEN<\/span><\/p>\n<p><span style=\"font-family: 'times new roman', times, serif;font-size: 12pt\">T\u00edtulo: <strong>Aplica\u00e7\u00f5es de t\u00e9cnicas anal\u00edticas at\u00f4micas, moleculares e nucleares no estudo do patrim\u00f4nio cultural<\/strong>.<\/span><\/p>\n<p><span style=\"font-family: 'times new roman', times, serif;font-size: 12pt\">Palestrante: Dr. Renato Akio Ikeoka.<\/span><\/p>\n<hr \/>\n<p><span style=\"font-family: 'times new roman', times, serif;font-size: 12pt\">Data: 17\/08\/2023<\/span><\/p>\n<p><span style=\"font-family: 'times new roman', times, serif;font-size: 12pt\">Local: Audit\u00f3rio do PPGEN.<\/span><\/p>\n<p><span style=\"font-family: 'times new roman', times, serif;font-size: 12pt\">T\u00edtulo: <strong>Aplica\u00e7\u00e3o da quimiometria para estimar a capacidade redutora e o teor de flavonoides no mel de abelhas sem ferr\u00e3o<\/strong>.<\/span><\/p>\n<p><span style=\"font-family: 'times new roman', times, serif;font-size: 12pt\">Palestrante: Ma. Maydelen Del Carmem.<\/span><\/p>\n<p><iframe loading=\"lazy\" title=\"XV Ciclo de Semin\u00e1rios GPET-F\u00edsica #2 &quot;Aplica\u00e7\u00e3o da quimiometria para estimar a capacidade redu...&quot;\" width=\"900\" height=\"506\" src=\"https:\/\/www.youtube.com\/embed\/SQvykgE-nMw?feature=oembed\" frameborder=\"0\" allow=\"accelerometer; autoplay; clipboard-write; encrypted-media; gyroscope; picture-in-picture; web-share\" allowfullscreen><\/iframe><\/p>\n<hr \/>\n<p><span style=\"font-family: 'times new roman', times, serif;font-size: 12pt\">Data: 14\/07\/2023<\/span><\/p>\n<p><span style=\"font-family: 'times new roman', times, serif;font-size: 12pt\">Local: Audit\u00f3rio do PPGEN.<\/span><\/p>\n<p><span style=\"font-family: 'times new roman', times, serif;font-size: 12pt\">T\u00edtulo:\u00a0<strong>S\u00edntese e Caracteriza\u00e7\u00e3o de \u00d3xidos de Ferro.<\/strong><\/span><\/p>\n<p><span style=\"font-family: 'times new roman', times, serif;font-size: 12pt\">Palestrante: Lic. Felipe Leria Stefenon.<\/span><\/p>\n<p>&nbsp;<\/p>\n<p><iframe loading=\"lazy\" title=\"XV Ciclo de Semin\u00e1rios GPET-F\u00edsica #1 &quot;S\u00edntese e Caracteriza\u00e7\u00e3o de \u00d3xidos de Ferro&quot;\" width=\"900\" height=\"506\" src=\"https:\/\/www.youtube.com\/embed\/CK8JGFWnxxI?feature=oembed\" frameborder=\"0\" allow=\"accelerometer; autoplay; clipboard-write; encrypted-media; gyroscope; picture-in-picture; web-share\" allowfullscreen><\/iframe><\/p>\n<p><span style=\"font-size: 12pt;font-family: 'times new roman', times, serif\">[\/vc_column_text][vc_separator][\/vc_column][\/vc_row]<\/span><\/p>\n<\/div>","protected":false},"excerpt":{"rendered":"<p>[vc_row][vc_column][vc_custom_heading text=&#8221;XV Ciclo de Semin\u00e1rios do DEFIS&#8221; font_container=&#8221;tag:h1|text_align:center|color:%230a0a0a&#8221; google_fonts=&#8221;font_family:Alegreya%20SC%3Aregular%2Citalic%2C700%2C700italic%2C900%2C900italic|font_style:700%20bold%20regular%3A700%3Anormal&#8221;][vc_custom_heading text=&#8221;Organiza\u00e7\u00e3o: GPET-F\u00edsica&#8221; font_container=&#8221;tag:h3|text_align:center|color:%23000000&#8243; google_fonts=&#8221;font_family:Alegreya%20SC%3Aregular%2Citalic%2C700%2C700italic%2C900%2C900italic|font_style:700%20bold%20italic%3A700%3Aitalic&#8221;][vc_column_text] Data: 30\/10\/2023 Local: Audit\u00f3rio do PPGEN. T\u00edtulo: Colis\u00f5es el\u00e9tron-mol\u00e9cula: motiva\u00e7\u00f5es e fen\u00f4menos. Palestrante: Dra. Giseli Maria Moreira. Data: 21\/09\/2023 Local: Audit\u00f3rio do PPGEN T\u00edtulo: Aplica\u00e7\u00f5es de t\u00e9cnicas anal\u00edticas at\u00f4micas, moleculares e nucleares no estudo do patrim\u00f4nio cultural. Palestrante: Dr. Renato Akio Ikeoka. [&hellip;]<\/p>\n","protected":false},"author":503,"featured_media":0,"parent":151,"menu_order":0,"comment_status":"closed","ping_status":"closed","template":"","meta":{"_exactmetrics_skip_tracking":false,"_exactmetrics_sitenote_active":false,"_exactmetrics_sitenote_note":"","_exactmetrics_sitenote_category":0,"footnotes":"","_links_to":"","_links_to_target":""},"class_list":["post-10180","page","type-page","status-publish","hentry"],"_links":{"self":[{"href":"https:\/\/www3.unicentro.br\/petfisica\/wp-json\/wp\/v2\/pages\/10180","targetHints":{"allow":["GET"]}}],"collection":[{"href":"https:\/\/www3.unicentro.br\/petfisica\/wp-json\/wp\/v2\/pages"}],"about":[{"href":"https:\/\/www3.unicentro.br\/petfisica\/wp-json\/wp\/v2\/types\/page"}],"author":[{"embeddable":true,"href":"https:\/\/www3.unicentro.br\/petfisica\/wp-json\/wp\/v2\/users\/503"}],"replies":[{"embeddable":true,"href":"https:\/\/www3.unicentro.br\/petfisica\/wp-json\/wp\/v2\/comments?post=10180"}],"version-history":[{"count":3,"href":"https:\/\/www3.unicentro.br\/petfisica\/wp-json\/wp\/v2\/pages\/10180\/revisions"}],"predecessor-version":[{"id":14300,"href":"https:\/\/www3.unicentro.br\/petfisica\/wp-json\/wp\/v2\/pages\/10180\/revisions\/14300"}],"up":[{"embeddable":true,"href":"https:\/\/www3.unicentro.br\/petfisica\/wp-json\/wp\/v2\/pages\/151"}],"wp:attachment":[{"href":"https:\/\/www3.unicentro.br\/petfisica\/wp-json\/wp\/v2\/media?parent=10180"}],"curies":[{"name":"wp","href":"https:\/\/api.w.org\/{rel}","templated":true}]}}