{"id":10130,"date":"2023-06-29T15:30:32","date_gmt":"2023-06-29T18:30:32","guid":{"rendered":"https:\/\/www3.unicentro.br\/petfisica\/?page_id=10130"},"modified":"2023-09-06T15:26:33","modified_gmt":"2023-09-06T18:26:33","slug":"petcast-2023","status":"publish","type":"page","link":"https:\/\/www3.unicentro.br\/petfisica\/petcast-2023\/","title":{"rendered":"PETCast 2023"},"content":{"rendered":"<hr \/>\n<p><span style=\"font-family: georgia, palatino, serif;font-size: 12pt\">PETCast #28 &#8211; Energias Renov\u00e1veis e Biocombust\u00edveis<\/span><\/p>\n<p><iframe loading=\"lazy\" title=\"PETCast #28 Energias Renov\u00e1veis e Biocombust\u00edveis\" width=\"900\" height=\"506\" src=\"https:\/\/www.youtube.com\/embed\/fA5PWrqJIfU?feature=oembed\" frameborder=\"0\" allow=\"accelerometer; autoplay; clipboard-write; encrypted-media; gyroscope; picture-in-picture; web-share\" allowfullscreen><\/iframe><\/p>\n<hr \/>\n<p><span style=\"font-family: georgia, palatino, serif;font-size: 12pt\">PETCast #27 &#8211; Intelig\u00eancia Artificial na Educa\u00e7\u00e3o<\/span><\/p>\n<p><iframe loading=\"lazy\" title=\"PETCast #27 - Intelig\u00eancia Artificial na Educa\u00e7\u00e3o\" width=\"900\" height=\"506\" src=\"https:\/\/www.youtube.com\/embed\/fuwKwJBCKO0?feature=oembed\" frameborder=\"0\" allow=\"accelerometer; autoplay; clipboard-write; encrypted-media; gyroscope; picture-in-picture; web-share\" allowfullscreen><\/iframe><\/p>\n<hr \/>\n<p>&nbsp;<\/p>\n","protected":false},"excerpt":{"rendered":"<p>PETCast #28 &#8211; Energias Renov\u00e1veis e Biocombust\u00edveis PETCast #27 &#8211; Intelig\u00eancia Artificial na Educa\u00e7\u00e3o &nbsp;<\/p>\n","protected":false},"author":503,"featured_media":0,"parent":0,"menu_order":0,"comment_status":"closed","ping_status":"closed","template":"","meta":{"_exactmetrics_skip_tracking":false,"_exactmetrics_sitenote_active":false,"_exactmetrics_sitenote_note":"","_exactmetrics_sitenote_category":0,"footnotes":"","_links_to":"","_links_to_target":""},"class_list":["post-10130","page","type-page","status-publish","hentry"],"_links":{"self":[{"href":"https:\/\/www3.unicentro.br\/petfisica\/wp-json\/wp\/v2\/pages\/10130","targetHints":{"allow":["GET"]}}],"collection":[{"href":"https:\/\/www3.unicentro.br\/petfisica\/wp-json\/wp\/v2\/pages"}],"about":[{"href":"https:\/\/www3.unicentro.br\/petfisica\/wp-json\/wp\/v2\/types\/page"}],"author":[{"embeddable":true,"href":"https:\/\/www3.unicentro.br\/petfisica\/wp-json\/wp\/v2\/users\/503"}],"replies":[{"embeddable":true,"href":"https:\/\/www3.unicentro.br\/petfisica\/wp-json\/wp\/v2\/comments?post=10130"}],"version-history":[{"count":2,"href":"https:\/\/www3.unicentro.br\/petfisica\/wp-json\/wp\/v2\/pages\/10130\/revisions"}],"predecessor-version":[{"id":10348,"href":"https:\/\/www3.unicentro.br\/petfisica\/wp-json\/wp\/v2\/pages\/10130\/revisions\/10348"}],"wp:attachment":[{"href":"https:\/\/www3.unicentro.br\/petfisica\/wp-json\/wp\/v2\/media?parent=10130"}],"curies":[{"name":"wp","href":"https:\/\/api.w.org\/{rel}","templated":true}]}}