{"id":49,"date":"2018-09-12T15:28:57","date_gmt":"2018-09-12T18:28:57","guid":{"rendered":"https:\/\/www3.unicentro.br\/petfilosofia\/?page_id=49"},"modified":"2019-03-19T12:06:07","modified_gmt":"2019-03-19T15:06:07","slug":"editais","status":"publish","type":"page","link":"https:\/\/www3.unicentro.br\/petfilosofia\/editais\/","title":{"rendered":"Editais"},"content":{"rendered":"<p><a href=\"https:\/\/www3.unicentro.br\/petfilosofia\/wp-content\/uploads\/sites\/51\/2019\/03\/edital_para_sele\u00e7\u00e3o_pet-filosofia.pdf\">edital_para_sele\u00e7\u00e3o_pet-filosofia<\/a><\/p>\n<hr \/>\n<p><a href=\"https:\/\/www3.unicentro.br\/petfilosofia\/wp-content\/uploads\/sites\/51\/2019\/03\/Convoca\u00e7\u00e3o_para_entrevista_dos_candidatos_PET-filosofia_20191.pdf\">Convoca\u00e7\u00e3o_para_entrevista_dos_candidatos_PET-filosofia_2019(1)<\/a><\/p>\n","protected":false},"excerpt":{"rendered":"<p>edital_para_sele\u00e7\u00e3o_pet-filosofia Convoca\u00e7\u00e3o_para_entrevista_dos_candidatos_PET-filosofia_2019(1)<\/p>\n","protected":false},"author":3,"featured_media":0,"parent":0,"menu_order":0,"comment_status":"closed","ping_status":"closed","template":"","meta":{"_exactmetrics_skip_tracking":false,"_exactmetrics_sitenote_active":false,"_exactmetrics_sitenote_note":"","_exactmetrics_sitenote_category":0,"footnotes":"","_links_to":"","_links_to_target":""},"class_list":["post-49","page","type-page","status-publish","hentry"],"_links":{"self":[{"href":"https:\/\/www3.unicentro.br\/petfilosofia\/wp-json\/wp\/v2\/pages\/49","targetHints":{"allow":["GET"]}}],"collection":[{"href":"https:\/\/www3.unicentro.br\/petfilosofia\/wp-json\/wp\/v2\/pages"}],"about":[{"href":"https:\/\/www3.unicentro.br\/petfilosofia\/wp-json\/wp\/v2\/types\/page"}],"author":[{"embeddable":true,"href":"https:\/\/www3.unicentro.br\/petfilosofia\/wp-json\/wp\/v2\/users\/3"}],"replies":[{"embeddable":true,"href":"https:\/\/www3.unicentro.br\/petfilosofia\/wp-json\/wp\/v2\/comments?post=49"}],"version-history":[{"count":0,"href":"https:\/\/www3.unicentro.br\/petfilosofia\/wp-json\/wp\/v2\/pages\/49\/revisions"}],"wp:attachment":[{"href":"https:\/\/www3.unicentro.br\/petfilosofia\/wp-json\/wp\/v2\/media?parent=49"}],"curies":[{"name":"wp","href":"https:\/\/api.w.org\/{rel}","templated":true}]}}