{"id":47,"date":"2018-09-12T15:27:43","date_gmt":"2018-09-12T18:27:43","guid":{"rendered":"https:\/\/www3.unicentro.br\/petfilosofia\/?page_id=47"},"modified":"2019-02-18T10:57:12","modified_gmt":"2019-02-18T13:57:12","slug":"publicacoes","status":"publish","type":"page","link":"https:\/\/www3.unicentro.br\/petfilosofia\/publicacoes\/","title":{"rendered":"Publica\u00e7\u00f5es"},"content":{"rendered":"<p style=\"text-align: justify\"><span style=\"font-size: 14pt;font-family: 'times new roman', times, serif;color: #000000\">O Grupo PET-Filosofia da UNICENTRO busca manter em sua ess\u00eancia um \u00edntima rela\u00e7\u00e3o com a pesquisa, sendo que todos os seus membros devem desenvolver pesquisa cient\u00edfica objetivando a divulga\u00e7\u00e3o e discuss\u00e3o de seus resultados.<\/span><\/p>\n<p>&nbsp;<\/p>\n<table style=\"height: 68px;background-color: #ed5858\" width=\"839\">\n<tbody>\n<tr>\n<td>\n<p style=\"text-align: center\"><span style=\"color: #000000\"><strong><span style=\"font-family: 'times new roman', times, serif;font-size: 14pt\">CONFIRA NOSSOS TRABALHOS:<\/span><\/strong><\/span><\/p>\n<\/td>\n<\/tr>\n<\/tbody>\n<\/table>\n<table style=\"height: 360px\" width=\"838\">\n<tbody>\n<tr>\n<td><span style=\"font-family: 'times new roman', times, serif;font-size: 14pt;color: #000000\">Investiga\u00e7\u00f5es Petianas &#8211; Temas de Filosofia Contempor\u00e2nea.<\/span><\/p>\n<p><strong><span style=\"font-size: 14pt;color: #ffff00\"><em><span style=\"font-family: 'times new roman', times, serif\">link:<\/span><\/em><\/span><\/strong><\/p>\n<p><span style=\"font-family: 'times new roman', times, serif;font-size: 14pt;color: #000000\"><a style=\"color: #000000\" href=\"https:\/\/issuu.com\/apolodorovirtual\/docs\/investiga__es_petianas_-_temas_em_f\">https:\/\/issuu.com\/apolodorovirtual\/docs\/investiga__es_petianas_-_temas_em_f<\/a><\/span><\/td>\n<\/tr>\n<tr>\n<td><\/td>\n<\/tr>\n<tr>\n<td>\n<p style=\"text-align: justify\"><span style=\"font-family: 'times new roman', times, serif;font-size: 14pt;color: #000000\">Cadernos de Resumos do Col\u00f3quio Internacional. Intencionalidade Ontem e Hoje &#8211; <strong>Cem anos de Franz Brentano XVI Semana de Filosofia e VII Semana PET- Filosofia.<\/strong><\/span><\/p>\n<p style=\"text-align: justify\"><strong><span style=\"font-size: 14pt;color: #ffff00\"><em><span style=\"font-family: 'times new roman', times, serif\"> link:<\/span><\/em><\/span><\/strong><\/p>\n<p style=\"text-align: justify\"><span style=\"font-family: 'times new roman', times, serif;font-size: 14pt;color: #000000\"><a style=\"color: #000000\" href=\"https:\/\/issuu.com\/apolodorovirtual\/docs\/caderno_20de_20resumos_20do_20col_c\">https:\/\/issuu.com\/apolodorovirtual\/docs\/caderno_20de_20resumos_20do_20col_c<\/a><\/span><\/p>\n<\/td>\n<\/tr>\n<\/tbody>\n<\/table>\n<p>&nbsp;<\/p>\n<p style=\"text-align: justify\">\n","protected":false},"excerpt":{"rendered":"<p>O Grupo PET-Filosofia da UNICENTRO busca manter em sua ess\u00eancia um \u00edntima rela\u00e7\u00e3o com a pesquisa, sendo que todos os seus membros devem desenvolver pesquisa cient\u00edfica objetivando a divulga\u00e7\u00e3o e discuss\u00e3o de seus resultados. &nbsp; CONFIRA NOSSOS TRABALHOS: Investiga\u00e7\u00f5es Petianas &#8211; Temas de Filosofia Contempor\u00e2nea. link: https:\/\/issuu.com\/apolodorovirtual\/docs\/investiga__es_petianas_-_temas_em_f Cadernos de Resumos do Col\u00f3quio Internacional. Intencionalidade Ontem [&hellip;]<\/p>\n","protected":false},"author":3,"featured_media":0,"parent":0,"menu_order":0,"comment_status":"closed","ping_status":"closed","template":"","meta":{"_exactmetrics_skip_tracking":false,"_exactmetrics_sitenote_active":false,"_exactmetrics_sitenote_note":"","_exactmetrics_sitenote_category":0,"footnotes":"","_links_to":"","_links_to_target":""},"class_list":["post-47","page","type-page","status-publish","hentry"],"_links":{"self":[{"href":"https:\/\/www3.unicentro.br\/petfilosofia\/wp-json\/wp\/v2\/pages\/47","targetHints":{"allow":["GET"]}}],"collection":[{"href":"https:\/\/www3.unicentro.br\/petfilosofia\/wp-json\/wp\/v2\/pages"}],"about":[{"href":"https:\/\/www3.unicentro.br\/petfilosofia\/wp-json\/wp\/v2\/types\/page"}],"author":[{"embeddable":true,"href":"https:\/\/www3.unicentro.br\/petfilosofia\/wp-json\/wp\/v2\/users\/3"}],"replies":[{"embeddable":true,"href":"https:\/\/www3.unicentro.br\/petfilosofia\/wp-json\/wp\/v2\/comments?post=47"}],"version-history":[{"count":0,"href":"https:\/\/www3.unicentro.br\/petfilosofia\/wp-json\/wp\/v2\/pages\/47\/revisions"}],"wp:attachment":[{"href":"https:\/\/www3.unicentro.br\/petfilosofia\/wp-json\/wp\/v2\/media?parent=47"}],"curies":[{"name":"wp","href":"https:\/\/api.w.org\/{rel}","templated":true}]}}