{"id":41,"date":"2018-09-12T15:27:03","date_gmt":"2018-09-12T18:27:03","guid":{"rendered":"https:\/\/www3.unicentro.br\/petfilosofia\/?page_id=41"},"modified":"2018-11-25T20:10:25","modified_gmt":"2018-11-25T22:10:25","slug":"tutor","status":"publish","type":"page","link":"https:\/\/www3.unicentro.br\/petfilosofia\/pet\/tutor\/","title":{"rendered":"Tutor"},"content":{"rendered":"<p style=\"text-align: center\">\u00a0\u00a0<span style=\"font-size: 16pt;font-family: 'times new roman', times, serif\">Prof. Dr Gilmar Evandro Szczepanik \/ <span style=\"font-size: 12pt\">Lattes:\u00a0<a href=\"http:\/\/lattes.cnpq.br\/5346829839040018\">http:\/\/lattes.cnpq.br\/5346829839040018<\/a><\/span><\/span><\/p>\n<p style=\"text-align: center\"><span style=\"font-family: 'times new roman', times, serif\">Email:\u00a0<a href=\"cienciamaluca@yahoo.com\">cienciamaluca@yahoo.com<\/a><\/span><\/p>\n<p><img loading=\"lazy\" decoding=\"async\" class=\"wp-image-107 aligncenter\" src=\"https:\/\/www3.unicentro.br\/petfilosofia\/wp-content\/uploads\/sites\/51\/2018\/11\/44452930_10212895866097860_5583944508321562624_n-300x225.jpg\" alt=\"\" width=\"225\" height=\"169\" srcset=\"https:\/\/www3.unicentro.br\/petfilosofia\/wp-content\/uploads\/sites\/51\/2018\/11\/44452930_10212895866097860_5583944508321562624_n-300x225.jpg 300w, https:\/\/www3.unicentro.br\/petfilosofia\/wp-content\/uploads\/sites\/51\/2018\/11\/44452930_10212895866097860_5583944508321562624_n-768x576.jpg 768w, https:\/\/www3.unicentro.br\/petfilosofia\/wp-content\/uploads\/sites\/51\/2018\/11\/44452930_10212895866097860_5583944508321562624_n-400x300.jpg 400w, https:\/\/www3.unicentro.br\/petfilosofia\/wp-content\/uploads\/sites\/51\/2018\/11\/44452930_10212895866097860_5583944508321562624_n-800x600.jpg 800w, https:\/\/www3.unicentro.br\/petfilosofia\/wp-content\/uploads\/sites\/51\/2018\/11\/44452930_10212895866097860_5583944508321562624_n-255x191.jpg 255w, https:\/\/www3.unicentro.br\/petfilosofia\/wp-content\/uploads\/sites\/51\/2018\/11\/44452930_10212895866097860_5583944508321562624_n.jpg 876w\" sizes=\"auto, (max-width: 225px) 100vw, 225px\" \/><\/p>\n<p>&nbsp;<\/p>\n<p style=\"text-align: center\"><span style=\"font-family: 'times new roman', times, serif;font-size: 14pt\">Professor adjunto no departamento de Filosofia da Unicentro\/PR. Doutor em Filosofia junto ao programa de P\u00f3s Gradua\u00e7\u00e3o da Universidade Federal de Santa Catarina. Realizou parte da pesquisa atrav\u00e9s do doutorado sandu\u00edche atrav\u00e9s da bolsa CAPES na Universidade de Sevilha (Espanha). Possui mestrado em Filosofia pela Universidade Federal de Santa Catarina (2005) e gradua\u00e7\u00e3o em Filosofia pela Universidade de Passo Fundo (2002). Tem experi\u00eancia em Ensino Superior. Desenvolve pesquisas em filosofia da ci\u00eancia, principalmente sobre metodologia, progresso e racionalidade. Seu foco principal s\u00e3o quest\u00f5es relacionadas \u00e0 filosofia da tecnologia, explorando, por exemplo, as rela\u00e7\u00f5es entre ci\u00eancia e tecnologia, a fun\u00e7\u00e3o do design tecnol\u00f3gico, a racionalidade o progresso tecnol\u00f3gico. \u00c9 tutor PET\/Filosofia na Universidade Estadual do Centro-Oeste (Unicentro) Paran\u00e1.\u00a0<\/span><\/p>\n","protected":false},"excerpt":{"rendered":"<p>\u00a0\u00a0Prof. Dr Gilmar Evandro Szczepanik \/ Lattes:\u00a0http:\/\/lattes.cnpq.br\/5346829839040018 Email:\u00a0cienciamaluca@yahoo.com &nbsp; Professor adjunto no departamento de Filosofia da Unicentro\/PR. Doutor em Filosofia junto ao programa de P\u00f3s Gradua\u00e7\u00e3o da Universidade Federal de Santa Catarina. Realizou parte da pesquisa atrav\u00e9s do doutorado sandu\u00edche atrav\u00e9s da bolsa CAPES na Universidade de Sevilha (Espanha). Possui mestrado em Filosofia pela Universidade [&hellip;]<\/p>\n","protected":false},"author":3,"featured_media":0,"parent":29,"menu_order":0,"comment_status":"closed","ping_status":"closed","template":"","meta":{"_exactmetrics_skip_tracking":false,"_exactmetrics_sitenote_active":false,"_exactmetrics_sitenote_note":"","_exactmetrics_sitenote_category":0,"footnotes":"","_links_to":"","_links_to_target":""},"class_list":["post-41","page","type-page","status-publish","hentry"],"_links":{"self":[{"href":"https:\/\/www3.unicentro.br\/petfilosofia\/wp-json\/wp\/v2\/pages\/41","targetHints":{"allow":["GET"]}}],"collection":[{"href":"https:\/\/www3.unicentro.br\/petfilosofia\/wp-json\/wp\/v2\/pages"}],"about":[{"href":"https:\/\/www3.unicentro.br\/petfilosofia\/wp-json\/wp\/v2\/types\/page"}],"author":[{"embeddable":true,"href":"https:\/\/www3.unicentro.br\/petfilosofia\/wp-json\/wp\/v2\/users\/3"}],"replies":[{"embeddable":true,"href":"https:\/\/www3.unicentro.br\/petfilosofia\/wp-json\/wp\/v2\/comments?post=41"}],"version-history":[{"count":0,"href":"https:\/\/www3.unicentro.br\/petfilosofia\/wp-json\/wp\/v2\/pages\/41\/revisions"}],"up":[{"embeddable":true,"href":"https:\/\/www3.unicentro.br\/petfilosofia\/wp-json\/wp\/v2\/pages\/29"}],"wp:attachment":[{"href":"https:\/\/www3.unicentro.br\/petfilosofia\/wp-json\/wp\/v2\/media?parent=41"}],"curies":[{"name":"wp","href":"https:\/\/api.w.org\/{rel}","templated":true}]}}