{"id":373,"date":"2019-01-08T12:21:23","date_gmt":"2019-01-08T14:21:23","guid":{"rendered":"https:\/\/www3.unicentro.br\/petfilosofia\/?page_id=373"},"modified":"2019-01-08T12:21:23","modified_gmt":"2019-01-08T14:21:23","slug":"monitorias-grupo-pet-filosofia","status":"publish","type":"page","link":"https:\/\/www3.unicentro.br\/petfilosofia\/monitorias-grupo-pet-filosofia\/","title":{"rendered":"Monitorias Grupo PET-Filosofia"},"content":{"rendered":"<p style=\"text-align: center\"><span style=\"font-size: 14pt;font-family: 'times new roman', times, serif;color: #000000\">As monitorias do PET-Filosofia objetivam oferecer apoio aos alunos de gradua\u00e7\u00e3o do curso de Filosofia nas disciplinas em que eles possam vir a ter dificuldades. Deste modo, cada membro do PET-Filosofia fica respons\u00e1vel de oferecer monitoria nas disciplinas \u00e0s quais eles tenham se sa\u00eddo bem anteriormente. Com efeito, o PET-Filosofia considera as monitorias uma \u00f3tima maneira de oferecer um contato maior dos petianos com os alunos da gradua\u00e7\u00e3o (em especial os ingressos), promovendo troca de experi\u00eancias e colabora\u00e7\u00f5es entre os acad\u00eamicos.<\/span><\/p>\n<p style=\"text-align: center\"><span style=\"font-size: 14pt;font-family: 'times new roman', times, serif;color: #000000\">O contato com os membros do PET-Filosofia pode ser feiro atrav\u00e9s do Email:\u00a0<a style=\"color: #000000\" href=\"petfilosofia@msn.com\">petfilosofia@msn.com<\/a><\/span><\/p>\n<p style=\"text-align: center\"><span style=\"font-size: 14pt;font-family: 'times new roman', times, serif;color: #000000\">Segue a tabela das monitorias de 2019:<\/span><\/p>\n<table style=\"height: 81px\" width=\"781\">\n<tbody>\n<tr>\n<td style=\"text-align: center\">\n<h3><span style=\"font-size: 14pt;font-family: 'times new roman', times, serif;color: #800080\">Disciplina<\/span><\/h3>\n<\/td>\n<td>\n<h3 style=\"text-align: center\"><span style=\"font-size: 14pt;font-family: 'times new roman', times, serif;color: #800080\">Ano da Disp.\u00a0<\/span><\/h3>\n<\/td>\n<td style=\"text-align: center\">\n<h3><span style=\"font-size: 14pt;font-family: 'times new roman', times, serif;color: #800080\">Monitor\/S\u00e9rie<\/span><\/h3>\n<\/td>\n<\/tr>\n<tr>\n<td style=\"text-align: center\"><span style=\"font-size: 14pt;font-family: 'times new roman', times, serif;color: #000000\">Hist\u00f3ria da Filosofia I<\/span><\/td>\n<td style=\"text-align: center\"><span style=\"font-size: 14pt;font-family: 'times new roman', times, serif;color: #000000\">1\u00ba<\/span><\/td>\n<td style=\"text-align: center\"><span style=\"font-size: 14pt;font-family: 'times new roman', times, serif;color: #000000\">Bruno (3\u00ba Ano)<\/span><\/td>\n<\/tr>\n<tr>\n<td style=\"text-align: center\"><span style=\"font-size: 14pt;font-family: 'times new roman', times, serif;color: #000000\">L\u00f3gica<\/span><\/td>\n<td style=\"text-align: center\"><span style=\"font-size: 14pt;font-family: 'times new roman', times, serif;color: #000000\">1\u00ba<\/span><\/td>\n<td style=\"text-align: center\"><span style=\"font-size: 14pt;font-family: 'times new roman', times, serif;color: #000000\">Gabriel (3\u00ba Ano)<\/span><\/td>\n<\/tr>\n<tr>\n<td style=\"text-align: center\"><span style=\"font-size: 14pt;font-family: 'times new roman', times, serif;color: #000000\">Filosofia e Direitos Humanos<\/span><\/td>\n<td style=\"text-align: center\"><span style=\"font-size: 14pt;font-family: 'times new roman', times, serif;color: #000000\">1\u00ba<\/span><\/td>\n<td style=\"text-align: center\"><span style=\"font-size: 14pt;font-family: 'times new roman', times, serif;color: #000000\">Leonardo (2 \u00baAno)<\/span><\/td>\n<\/tr>\n<tr>\n<td style=\"text-align: center\"><span style=\"font-size: 14pt;font-family: 'times new roman', times, serif;color: #000000\">Antropologia Filos\u00f3fica\u00a0<\/span><\/td>\n<td style=\"text-align: center\"><span style=\"font-size: 14pt;font-family: 'times new roman', times, serif;color: #000000\">1\u00ba<\/span><\/td>\n<td style=\"text-align: center\"><span style=\"font-size: 14pt;font-family: 'times new roman', times, serif;color: #000000\">Diego (3\u00ba Ano); Everton (3\u00ba Ano)<\/span><\/td>\n<\/tr>\n<tr>\n<td style=\"text-align: center\"><span style=\"font-size: 14pt;font-family: 'times new roman', times, serif;color: #000000\">Metodologia de Pesquisa<\/span><\/td>\n<td style=\"text-align: center\"><span style=\"font-size: 14pt;font-family: 'times new roman', times, serif;color: #000000\">1\u00ba<\/span><\/td>\n<td style=\"text-align: center\"><span style=\"font-size: 14pt;font-family: 'times new roman', times, serif;color: #000000\">Bruno (3\u00ba Ano)<\/span><\/td>\n<\/tr>\n<tr>\n<td style=\"text-align: center\"><span style=\"font-size: 14pt;font-family: 'times new roman', times, serif;color: #000000\">Filosofia da Ci\u00eancia<\/span><\/td>\n<td style=\"text-align: center\"><span style=\"font-size: 14pt;font-family: 'times new roman', times, serif;color: #000000\">2\u00ba<\/span><\/td>\n<td style=\"text-align: center\"><span style=\"font-size: 14pt;font-family: 'times new roman', times, serif;color: #000000\">Jos\u00e9 (4\u00ba Ano)<\/span><\/td>\n<\/tr>\n<tr>\n<td style=\"text-align: center\"><span style=\"font-size: 14pt;font-family: 'times new roman', times, serif;color: #000000\">Hist\u00f3ria da Filosofia II<\/span><\/td>\n<td style=\"text-align: center\"><span style=\"font-size: 14pt;font-family: 'times new roman', times, serif;color: #000000\">2\u00ba<\/span><\/td>\n<td style=\"text-align: center\"><span style=\"font-size: 14pt;font-family: 'times new roman', times, serif;color: #000000\">Everton (3\u00ba Ano)<\/span><\/td>\n<\/tr>\n<tr>\n<td style=\"text-align: center\"><span style=\"font-size: 14pt;font-family: 'times new roman', times, serif;color: #000000\">Epistemologia<\/span><\/td>\n<td style=\"text-align: center\"><span style=\"font-size: 14pt;font-family: 'times new roman', times, serif;color: #000000\">2\u00ba<\/span><\/td>\n<td style=\"text-align: center\"><span style=\"font-size: 14pt;font-family: 'times new roman', times, serif;color: #000000\">Jos\u00e9 (4\u00ba Ano)<\/span><\/td>\n<\/tr>\n<tr>\n<td style=\"text-align: center\"><span style=\"font-size: 14pt;font-family: 'times new roman', times, serif;color: #000000\">Filosofia da Educa\u00e7\u00e3o<\/span><\/td>\n<td style=\"text-align: center\"><span style=\"font-size: 14pt;font-family: 'times new roman', times, serif;color: #000000\">2\u00ba<\/span><\/td>\n<td style=\"text-align: center\"><span style=\"font-size: 14pt;font-family: 'times new roman', times, serif;color: #000000\">Silvestre\u00a0(3\u00ba Ano)<\/span><\/td>\n<\/tr>\n<tr>\n<td style=\"text-align: center\"><span style=\"font-size: 14pt;font-family: 'times new roman', times, serif;color: #000000\">\u00c9tica\u00a0(2\u00ba Ano)<\/span><\/td>\n<td style=\"text-align: center\"><span style=\"font-size: 14pt;font-family: 'times new roman', times, serif;color: #000000\">2\u00ba<\/span><\/td>\n<td style=\"text-align: center\"><span style=\"font-size: 14pt;font-family: 'times new roman', times, serif;color: #000000\">Diego (3\u00ba Ano)<\/span><\/td>\n<\/tr>\n<tr>\n<td style=\"text-align: center\"><span style=\"font-size: 14pt;font-family: 'times new roman', times, serif;color: #000000\">Metaf\u00edsica\u00a0<\/span><\/td>\n<td style=\"text-align: center\"><span style=\"font-size: 14pt;font-family: 'times new roman', times, serif;color: #000000\">3\u00ba<\/span><\/td>\n<td style=\"text-align: center\"><span style=\"font-size: 14pt;font-family: 'times new roman', times, serif;color: #000000\">Luciano\u00a0(4\u00ba Ano)<\/span><\/td>\n<\/tr>\n<tr>\n<td style=\"text-align: center\"><span style=\"font-size: 14pt;font-family: 'times new roman', times, serif;color: #000000\">Hist\u00f3ria da Filosofia III<\/span><\/td>\n<td style=\"text-align: center\"><span style=\"font-size: 14pt;font-family: 'times new roman', times, serif;color: #000000\">3\u00ba<\/span><\/td>\n<td style=\"text-align: center\"><span style=\"font-size: 14pt;font-family: 'times new roman', times, serif;color: #000000\">Luciano\u00a0(4\u00ba Ano)<\/span><\/td>\n<\/tr>\n<tr>\n<td style=\"text-align: center\"><span style=\"font-size: 14pt;font-family: 'times new roman', times, serif;color: #000000\">Filosofia Pol\u00edtica\u00a0<\/span><\/td>\n<td style=\"text-align: center\"><span style=\"font-size: 14pt;font-family: 'times new roman', times, serif;color: #000000\">3\u00ba<\/span><\/td>\n<td style=\"text-align: center\"><span style=\"font-size: 14pt;font-family: 'times new roman', times, serif;color: #000000\">\u00a0Silvestre\u00a0(3\u00ba Ano)<\/span><\/td>\n<\/tr>\n<tr>\n<td style=\"text-align: center\"><span style=\"font-size: 14pt;font-family: 'times new roman', times, serif;color: #000000\">Filosofia da Linguagem<\/span><\/td>\n<td style=\"text-align: center\"><span style=\"font-size: 14pt;font-family: 'times new roman', times, serif;color: #000000\">3\u00ba<\/span><\/td>\n<td style=\"text-align: center\"><span style=\"font-size: 14pt;font-family: 'times new roman', times, serif;color: #000000\">Jos\u00e9 (4\u00ba Ano)<\/span><\/td>\n<\/tr>\n<\/tbody>\n<\/table>\n","protected":false},"excerpt":{"rendered":"<p>As monitorias do PET-Filosofia objetivam oferecer apoio aos alunos de gradua\u00e7\u00e3o do curso de Filosofia nas disciplinas em que eles possam vir a ter dificuldades. Deste modo, cada membro do PET-Filosofia fica respons\u00e1vel de oferecer monitoria nas disciplinas \u00e0s quais eles tenham se sa\u00eddo bem anteriormente. Com efeito, o PET-Filosofia considera as monitorias uma \u00f3tima [&hellip;]<\/p>\n","protected":false},"author":131,"featured_media":0,"parent":0,"menu_order":0,"comment_status":"closed","ping_status":"closed","template":"","meta":{"_exactmetrics_skip_tracking":false,"_exactmetrics_sitenote_active":false,"_exactmetrics_sitenote_note":"","_exactmetrics_sitenote_category":0,"footnotes":"","_links_to":"","_links_to_target":""},"class_list":["post-373","page","type-page","status-publish","hentry"],"_links":{"self":[{"href":"https:\/\/www3.unicentro.br\/petfilosofia\/wp-json\/wp\/v2\/pages\/373","targetHints":{"allow":["GET"]}}],"collection":[{"href":"https:\/\/www3.unicentro.br\/petfilosofia\/wp-json\/wp\/v2\/pages"}],"about":[{"href":"https:\/\/www3.unicentro.br\/petfilosofia\/wp-json\/wp\/v2\/types\/page"}],"author":[{"embeddable":true,"href":"https:\/\/www3.unicentro.br\/petfilosofia\/wp-json\/wp\/v2\/users\/131"}],"replies":[{"embeddable":true,"href":"https:\/\/www3.unicentro.br\/petfilosofia\/wp-json\/wp\/v2\/comments?post=373"}],"version-history":[{"count":0,"href":"https:\/\/www3.unicentro.br\/petfilosofia\/wp-json\/wp\/v2\/pages\/373\/revisions"}],"wp:attachment":[{"href":"https:\/\/www3.unicentro.br\/petfilosofia\/wp-json\/wp\/v2\/media?parent=373"}],"curies":[{"name":"wp","href":"https:\/\/api.w.org\/{rel}","templated":true}]}}