{"id":369,"date":"2019-01-08T11:44:31","date_gmt":"2019-01-08T13:44:31","guid":{"rendered":"https:\/\/www3.unicentro.br\/petfilosofia\/?page_id=369"},"modified":"2019-01-08T11:46:33","modified_gmt":"2019-01-08T13:46:33","slug":"plantoes-grupo-pet-filosofia","status":"publish","type":"page","link":"https:\/\/www3.unicentro.br\/petfilosofia\/plantoes-grupo-pet-filosofia\/","title":{"rendered":"Plant\u00f5es Grupo PET-Filosofia"},"content":{"rendered":"<h3 style=\"text-align: center\"><span style=\"color: #000000;font-family: 'times new roman', times, serif;font-size: 14pt\">Os Plant\u00f5es do grupo PET-Filosofia objetivam oferecer apoio aos estudantes do curso de gradua\u00e7\u00e3o em Filosofia tanto em rela\u00e7\u00e3o aos conte\u00fados das disciplinas como em rela\u00e7\u00e3o \u00e0 informa\u00e7\u00f5es em geral sobre o curso. Neste sentido, os membros do PET-Filosofia est\u00e3o dispon\u00edveis todos os dias da semana das 14:00 h \u00e0s 17:00 h conforme a tabela abaixo:<\/span><\/h3>\n<table class=\" alignleft\" style=\"height: 269px;border-color: #25eb13;background-color: #faf7f7\" width=\"785\">\n<tbody>\n<tr>\n<td style=\"text-align: justify\"><span style=\"color: #000000;font-family: 'times new roman', times, serif;font-size: 14pt\">Segunda-feira<\/span><\/td>\n<td style=\"text-align: justify\"><span style=\"color: #000000;font-family: 'times new roman', times, serif;font-size: 14pt\">Silvestre (3\u00ba Ano); Jos\u00e9\u00a0(4\u00ba Ano)<\/span><\/td>\n<\/tr>\n<tr style=\"text-align: justify\">\n<td><span style=\"color: #000000;font-family: 'times new roman', times, serif;font-size: 14pt\">Ter\u00e7a-Feira<\/span><\/td>\n<td><span style=\"color: #000000;font-family: 'times new roman', times, serif;font-size: 14pt\">Leonardo (2\u00ba Ano)<\/span><\/td>\n<\/tr>\n<tr style=\"text-align: justify\">\n<td><span style=\"color: #000000;font-family: 'times new roman', times, serif;font-size: 14pt\">Quarta-Feira<\/span><\/td>\n<td><span style=\"color: #000000;font-family: 'times new roman', times, serif;font-size: 14pt\">Bruno\u00a0(3\u00ba Ano)<\/span><\/td>\n<\/tr>\n<tr style=\"text-align: justify\">\n<td><span style=\"color: #000000;font-family: 'times new roman', times, serif;font-size: 14pt\">Quinta-Feira<\/span><\/td>\n<td><span style=\"color: #000000;font-family: 'times new roman', times, serif;font-size: 14pt\">Luciano (4\u00ba Ano); Everton\u00a0(3\u00ba Ano)<\/span><\/td>\n<\/tr>\n<tr style=\"text-align: justify\">\n<td><span style=\"color: #000000;font-family: 'times new roman', times, serif;font-size: 14pt\">Sexta-Feira<\/span><\/td>\n<td><span style=\"color: #000000;font-family: 'times new roman', times, serif;font-size: 14pt\">Diego\u00a0(3\u00ba Ano); Gabriel\u00a0(3\u00ba Ano)<\/span><\/td>\n<\/tr>\n<\/tbody>\n<\/table>\n","protected":false},"excerpt":{"rendered":"<p>Os Plant\u00f5es do grupo PET-Filosofia objetivam oferecer apoio aos estudantes do curso de gradua\u00e7\u00e3o em Filosofia tanto em rela\u00e7\u00e3o aos conte\u00fados das disciplinas como em rela\u00e7\u00e3o \u00e0 informa\u00e7\u00f5es em geral sobre o curso. Neste sentido, os membros do PET-Filosofia est\u00e3o dispon\u00edveis todos os dias da semana das 14:00 h \u00e0s 17:00 h conforme a tabela [&hellip;]<\/p>\n","protected":false},"author":131,"featured_media":0,"parent":0,"menu_order":0,"comment_status":"closed","ping_status":"closed","template":"","meta":{"_exactmetrics_skip_tracking":false,"_exactmetrics_sitenote_active":false,"_exactmetrics_sitenote_note":"","_exactmetrics_sitenote_category":0,"footnotes":"","_links_to":"","_links_to_target":""},"class_list":["post-369","page","type-page","status-publish","hentry"],"_links":{"self":[{"href":"https:\/\/www3.unicentro.br\/petfilosofia\/wp-json\/wp\/v2\/pages\/369","targetHints":{"allow":["GET"]}}],"collection":[{"href":"https:\/\/www3.unicentro.br\/petfilosofia\/wp-json\/wp\/v2\/pages"}],"about":[{"href":"https:\/\/www3.unicentro.br\/petfilosofia\/wp-json\/wp\/v2\/types\/page"}],"author":[{"embeddable":true,"href":"https:\/\/www3.unicentro.br\/petfilosofia\/wp-json\/wp\/v2\/users\/131"}],"replies":[{"embeddable":true,"href":"https:\/\/www3.unicentro.br\/petfilosofia\/wp-json\/wp\/v2\/comments?post=369"}],"version-history":[{"count":0,"href":"https:\/\/www3.unicentro.br\/petfilosofia\/wp-json\/wp\/v2\/pages\/369\/revisions"}],"wp:attachment":[{"href":"https:\/\/www3.unicentro.br\/petfilosofia\/wp-json\/wp\/v2\/media?parent=369"}],"curies":[{"name":"wp","href":"https:\/\/api.w.org\/{rel}","templated":true}]}}