{"id":35,"date":"2018-09-12T15:26:20","date_gmt":"2018-09-12T18:26:20","guid":{"rendered":"https:\/\/www3.unicentro.br\/petfilosofia\/?page_id=35"},"modified":"2018-11-19T20:14:16","modified_gmt":"2018-11-19T22:14:16","slug":"pet-filosofia-unicentro","status":"publish","type":"page","link":"https:\/\/www3.unicentro.br\/petfilosofia\/pet\/pet-filosofia-unicentro\/","title":{"rendered":"PET Filosofia Unicentro"},"content":{"rendered":"<p style=\"text-align: center\"><span style=\"font-family: 'times new roman', times, serif;font-size: 14pt\">O Projeto PET\/FILOSOFIA \u00e9 uma proposta do Departamento de Filosofia da Universidade Estadual do Centro-Oeste e tem como objetivo fazer um intenso trabalho de articula\u00e7\u00e3o entre ensino, pesquisa e extens\u00e3o, visando melhorar a qualidade na forma\u00e7\u00e3o de professores de filosofia que atuar\u00e3o no ensino M\u00e9dio. Pretende-se, com sua implementa\u00e7\u00e3o, dar maior qualidade ao curso de Filosofia da UNICENTRO como um todo, atrav\u00e9s de a\u00e7\u00f5es que diminuam a evas\u00e3o, sedimentem o di\u00e1logo docente-discente e promovam uma rela\u00e7\u00e3o de troca de saberes entre os acad\u00eamicos e estes com os profissionais que j\u00e1 trabalham com filosofia no Ensino M\u00e9dio. Al\u00e9m disso, o projeto pretende fomentar a cidadania, mostrando a import\u00e2ncia da filosofia e do pensamento cr\u00edtico para a sociedade. Todas as atividades do projeto ser\u00e3o voltadas para a constru\u00e7\u00e3o da excel\u00eancia acad\u00eamica pautada pelo compromisso com o estudo e pesquisa filos\u00f3fica, analisando como este conhecimento pode se refletir na sociedade.<\/span><\/p>\n","protected":false},"excerpt":{"rendered":"<p>O Projeto PET\/FILOSOFIA \u00e9 uma proposta do Departamento de Filosofia da Universidade Estadual do Centro-Oeste e tem como objetivo fazer um intenso trabalho de articula\u00e7\u00e3o entre ensino, pesquisa e extens\u00e3o, visando melhorar a qualidade na forma\u00e7\u00e3o de professores de filosofia que atuar\u00e3o no ensino M\u00e9dio. Pretende-se, com sua implementa\u00e7\u00e3o, dar maior qualidade ao curso de [&hellip;]<\/p>\n","protected":false},"author":3,"featured_media":0,"parent":29,"menu_order":0,"comment_status":"closed","ping_status":"closed","template":"","meta":{"_exactmetrics_skip_tracking":false,"_exactmetrics_sitenote_active":false,"_exactmetrics_sitenote_note":"","_exactmetrics_sitenote_category":0,"footnotes":"","_links_to":"","_links_to_target":""},"class_list":["post-35","page","type-page","status-publish","hentry"],"_links":{"self":[{"href":"https:\/\/www3.unicentro.br\/petfilosofia\/wp-json\/wp\/v2\/pages\/35","targetHints":{"allow":["GET"]}}],"collection":[{"href":"https:\/\/www3.unicentro.br\/petfilosofia\/wp-json\/wp\/v2\/pages"}],"about":[{"href":"https:\/\/www3.unicentro.br\/petfilosofia\/wp-json\/wp\/v2\/types\/page"}],"author":[{"embeddable":true,"href":"https:\/\/www3.unicentro.br\/petfilosofia\/wp-json\/wp\/v2\/users\/3"}],"replies":[{"embeddable":true,"href":"https:\/\/www3.unicentro.br\/petfilosofia\/wp-json\/wp\/v2\/comments?post=35"}],"version-history":[{"count":0,"href":"https:\/\/www3.unicentro.br\/petfilosofia\/wp-json\/wp\/v2\/pages\/35\/revisions"}],"up":[{"embeddable":true,"href":"https:\/\/www3.unicentro.br\/petfilosofia\/wp-json\/wp\/v2\/pages\/29"}],"wp:attachment":[{"href":"https:\/\/www3.unicentro.br\/petfilosofia\/wp-json\/wp\/v2\/media?parent=35"}],"curies":[{"name":"wp","href":"https:\/\/api.w.org\/{rel}","templated":true}]}}